{"id":10396,"date":"2020-11-17T18:11:46","date_gmt":"2020-11-18T00:11:46","guid":{"rendered":"https:\/\/utculiacan.edu.mx\/?page_id=10396"},"modified":"2020-11-17T18:11:49","modified_gmt":"2020-11-18T00:11:49","slug":"politicas-y-derechos-para-los-aspirantes","status":"publish","type":"page","link":"https:\/\/utculiacan.edu.mx\/en\/politicas-y-derechos-para-los-aspirantes\/","title":{"rendered":"Pol\u00edticas y Derechos para los Aspirantes"},"content":{"rendered":"[et_pb_section fb_built=&#8221;1&#8243; admin_label=&#8221;section&#8221; _builder_version=&#8221;3.22&#8243;][et_pb_row admin_label=&#8221;row&#8221; _builder_version=&#8221;3.25&#8243; background_size=&#8221;initial&#8221; background_position=&#8221;top_left&#8221; background_repeat=&#8221;repeat&#8221;][et_pb_column type=&#8221;4_4&#8243; _builder_version=&#8221;3.25&#8243; custom_padding=&#8221;|||&#8221; custom_padding__hover=&#8221;|||&#8221;][et_pb_text admin_label=&#8221;Text&#8221; _builder_version=&#8221;3.27.4&#8243; background_size=&#8221;initial&#8221; background_position=&#8221;top_left&#8221; background_repeat=&#8221;repeat&#8221;]\n<h3><strong><span style=\"font-size: xx-large; color: #00ceac;\">POL\u00cdTICAS Y DERECHOS PARA LOS ASPIRANTES <\/span><br \/><\/strong><\/h3>\n<p><strong><\/strong><\/p>\n<p>\u00a0<strong>TODOS LOS CANDIDATOS SON ACREEDORES A LOS SIGUIENTES DERECHOS<br \/><\/strong><\/p>\n<p><span style=\"font-size: x-large;\"><strong><\/strong><\/span><\/p>\n<p><span style=\"color: rgba(47, 0, 94, 0.57); font-size: x-large;\"><strong>IGUALDAD DE OPORTUNIDADES:<\/strong><\/span> No se descalificar\u00e1 a ning\u00fan candidato basado en alguna de las siguientes cualidades: nivel socio-econ\u00f3mico, g\u00e9nero, religi\u00f3n, orientaci\u00f3n sexual, raza, condici\u00f3n f\u00edsica o ninguna otra que atente contra los derechos de cualquier ser humano.<strong><br \/><\/strong><\/p>\n<p><strong><\/strong><\/p>\n<p><span style=\"color: rgba(47, 0, 94, 0.57); font-size: x-large;\"><strong>EVALUACI\u00d3N JUSTA: <\/strong><\/span>A todos los candidatos se les evaluar\u00e1 por igual y no existir\u00e1 preferencia alguna. Las mec\u00e1nicas de evaluaci\u00f3n actuales incluyen un examen psicom\u00e9trico, para cuestiones interpersonales, y un examen CENEVAL, para cuestiones acad\u00e9micas.<\/p>\n<p><strong><\/strong><\/p>\n<p><strong><\/strong><\/p>\n<p style=\"font-weight: 400;\">\n[\/et_pb_text][\/et_pb_column][\/et_pb_row][\/et_pb_section]\n","protected":false},"excerpt":{"rendered":"<p>POL\u00cdTICAS Y DERECHOS PARA LOS ASPIRANTES \u00a0TODOS LOS CANDIDATOS SON ACREEDORES A LOS SIGUIENTES DERECHOS IGUALDAD DE OPORTUNIDADES: No se descalificar\u00e1 a ning\u00fan candidato basado en alguna de las siguientes cualidades: nivel socio-econ\u00f3mico, g\u00e9nero, religi\u00f3n, orientaci\u00f3n sexual, raza, condici\u00f3n f\u00edsica o ninguna otra que atente contra los derechos de cualquier ser humano. EVALUACI\u00d3N JUSTA: A [&hellip;]<\/p>\n","protected":false},"author":29,"featured_media":0,"parent":0,"menu_order":0,"comment_status":"closed","ping_status":"closed","template":"","meta":{"_et_pb_use_builder":"on","_et_pb_old_content":"","_et_gb_content_width":"","_monsterinsights_skip_tracking":false,"_monsterinsights_sitenote_active":false,"_monsterinsights_sitenote_note":"","_monsterinsights_sitenote_category":0,"_uf_show_specific_survey":0,"_uf_disable_surveys":false,"footnotes":""},"class_list":["post-10396","page","type-page","status-publish","hentry"],"aioseo_notices":[],"_links":{"self":[{"href":"https:\/\/utculiacan.edu.mx\/en\/wp-json\/wp\/v2\/pages\/10396","targetHints":{"allow":["GET"]}}],"collection":[{"href":"https:\/\/utculiacan.edu.mx\/en\/wp-json\/wp\/v2\/pages"}],"about":[{"href":"https:\/\/utculiacan.edu.mx\/en\/wp-json\/wp\/v2\/types\/page"}],"author":[{"embeddable":true,"href":"https:\/\/utculiacan.edu.mx\/en\/wp-json\/wp\/v2\/users\/29"}],"replies":[{"embeddable":true,"href":"https:\/\/utculiacan.edu.mx\/en\/wp-json\/wp\/v2\/comments?post=10396"}],"version-history":[{"count":2,"href":"https:\/\/utculiacan.edu.mx\/en\/wp-json\/wp\/v2\/pages\/10396\/revisions"}],"predecessor-version":[{"id":10399,"href":"https:\/\/utculiacan.edu.mx\/en\/wp-json\/wp\/v2\/pages\/10396\/revisions\/10399"}],"wp:attachment":[{"href":"https:\/\/utculiacan.edu.mx\/en\/wp-json\/wp\/v2\/media?parent=10396"}],"curies":[{"name":"wp","href":"https:\/\/api.w.org\/{rel}","templated":true}]}}