{"id":1207,"date":"2018-10-26T12:21:57","date_gmt":"2018-10-26T18:21:57","guid":{"rendered":"http:\/\/utculiacan.edu.mx\/?page_id=1207"},"modified":"2021-06-21T15:46:47","modified_gmt":"2021-06-21T21:46:47","slug":"reglamentos","status":"publish","type":"page","link":"https:\/\/utculiacan.edu.mx\/en\/reglamentos\/","title":{"rendered":"Reglamentos"},"content":{"rendered":"<p><a href=\"http:\/\/utculiacan.edu.mx\/wp-content\/uploads\/2018\/10\/1-REGLAMENTO-INTERIOR-APROBADO-POR-EL-CONSEJO-DIRECTIVO.pdf\">Reglamento interior. <strong>PDF<\/strong><\/a><\/p>\n<p><a href=\"http:\/\/utculiacan.edu.mx\/wp-content\/uploads\/2018\/10\/2-REGLAMENTO-ACAD\u00c9MICO-PARA-ESTUDIANTES-APROBADO-POR-EL-CONSEJO-DIRECTIVO.pdf\">Reglamento acad\u00e9mico para estudiantes.&nbsp;<strong>PDF<\/strong><\/a><\/p>\n<p><a href=\"http:\/\/utculiacan.edu.mx\/wp-content\/uploads\/2018\/10\/3-REGLAMENTO-INTERIOR-DE-TRABAJO-APROBADO-POR-EL-CONSEJO-DIRECTIVO.pdf\">Reglamento interior de trabajo.&nbsp;<strong>PDF<\/strong><\/a><\/p>\n<p><a href=\"http:\/\/utculiacan.edu.mx\/wp-content\/uploads\/2018\/10\/4-REGLAMENTO-DE-INGRESO-PROMOCION-Y-PERMANENCIA-DEL-PERSONAL-ACADEMICO-APROBADO-POR-EL-CONSEJO-DIRECTIVO.pdf\">Reglamento de ingreso, promoci\u00f3n y permanencia del personal acad\u00e9mico. PDF<\/a><\/p>\n<p><a href=\"http:\/\/utculiacan.edu.mx\/wp-content\/uploads\/2018\/10\/5-REGLAMENTO-DE-CAMPA\u00d1A-DE-DIFUSION-Y-CAPTACION-DE-ESTUDIANTES-APROBADO-POR-EL-CONSEJO-DIRECTIVO.pdf\">Reglamento de campa\u00f1a de difusi\u00f3n y captaci\u00f3n de estudiantes.&nbsp;<strong>PDF<\/strong><\/a><\/p>\n<p><a href=\"http:\/\/utculiacan.edu.mx\/wp-content\/uploads\/2018\/10\/6-REGLAMENTO-DEL-CONSEJO-DE-VINCULACI\u00d3N-Y-PERTINENCIA-APROBADO-POR-EL-CONSEJO-DIRECTIVO.pdf\">Reglamento del consejo de vinculaci\u00f3n y pertinencia. <strong>PDF<\/strong><\/a><\/p>\n<p><a href=\"http:\/\/utculiacan.edu.mx\/wp-content\/uploads\/2018\/10\/7-REGLAMENTO-DEL-COMITE-ADQUISICIONES-ARRENDAMIENTOS-Y-SERVICIOS-APROBADO-POR-EL-CONSEJO-DIRECTIVO.pdf\">Reglamento del comite adquisiciones, arrendamientos y servicios. <strong>PDF<\/strong><\/a><\/p>\n<p><a href=\"http:\/\/utculiacan.edu.mx\/wp-content\/uploads\/2018\/10\/8-REGLAMENTO-DE-INGRESOS-PROPIOS-APROBADO-POR-EL-CONSEJO-DIRECTIVO.pdf\">Reglamento de ingresos propios. <strong>PDF<\/strong><\/a><\/p>\n<p><a href=\"http:\/\/utculiacan.edu.mx\/wp-content\/uploads\/2018\/10\/9-REGLAMENTO-DEL-PATRONATO-APROBADO-POR-EL-CONSEJO-DIRECTIVO.pdf\">Reglamento del patronato. <strong>PDF<\/strong><\/a><\/p>\n<p><a href=\"http:\/\/utculiacan.edu.mx\/wp-content\/uploads\/2018\/10\/10-REGLAMENTO-DEL-CONSEJO-ACADEMICO-APROBADO-POR-EL-CONSEJO-DIRECTIVO.pdf\">Reglamento del consejo acad\u00e9mico. <strong>PDF<\/strong><\/a><\/p>","protected":false},"excerpt":{"rendered":"<p>Reglamento interior. PDF Reglamento acad\u00e9mico para estudiantes.&nbsp;PDF Reglamento interior de trabajo.&nbsp;PDF Reglamento de ingreso, promoci\u00f3n y permanencia del personal acad\u00e9mico. PDF Reglamento de campa\u00f1a de difusi\u00f3n y captaci\u00f3n de estudiantes.&nbsp;PDF Reglamento del consejo de vinculaci\u00f3n y pertinencia. PDF Reglamento del comite adquisiciones, arrendamientos y servicios. PDF Reglamento de ingresos propios. PDF Reglamento del patronato. PDF [&hellip;]<\/p>\n","protected":false},"author":29,"featured_media":12463,"parent":0,"menu_order":0,"comment_status":"closed","ping_status":"closed","template":"","meta":{"_et_pb_use_builder":"","_et_pb_old_content":"","_et_gb_content_width":"","_monsterinsights_skip_tracking":false,"_monsterinsights_sitenote_active":false,"_monsterinsights_sitenote_note":"","_monsterinsights_sitenote_category":0,"_uf_show_specific_survey":0,"_uf_disable_surveys":false,"footnotes":""},"class_list":["post-1207","page","type-page","status-publish","has-post-thumbnail","hentry"],"aioseo_notices":[],"_links":{"self":[{"href":"https:\/\/utculiacan.edu.mx\/en\/wp-json\/wp\/v2\/pages\/1207","targetHints":{"allow":["GET"]}}],"collection":[{"href":"https:\/\/utculiacan.edu.mx\/en\/wp-json\/wp\/v2\/pages"}],"about":[{"href":"https:\/\/utculiacan.edu.mx\/en\/wp-json\/wp\/v2\/types\/page"}],"author":[{"embeddable":true,"href":"https:\/\/utculiacan.edu.mx\/en\/wp-json\/wp\/v2\/users\/29"}],"replies":[{"embeddable":true,"href":"https:\/\/utculiacan.edu.mx\/en\/wp-json\/wp\/v2\/comments?post=1207"}],"version-history":[{"count":8,"href":"https:\/\/utculiacan.edu.mx\/en\/wp-json\/wp\/v2\/pages\/1207\/revisions"}],"predecessor-version":[{"id":12465,"href":"https:\/\/utculiacan.edu.mx\/en\/wp-json\/wp\/v2\/pages\/1207\/revisions\/12465"}],"wp:featuredmedia":[{"embeddable":true,"href":"https:\/\/utculiacan.edu.mx\/en\/wp-json\/wp\/v2\/media\/12463"}],"wp:attachment":[{"href":"https:\/\/utculiacan.edu.mx\/en\/wp-json\/wp\/v2\/media?parent=1207"}],"curies":[{"name":"wp","href":"https:\/\/api.w.org\/{rel}","templated":true}]}}