{"id":13101,"date":"2021-09-21T18:16:57","date_gmt":"2021-09-22T01:16:57","guid":{"rendered":"https:\/\/utculiacan.edu.mx\/staging\/?page_id=13101"},"modified":"2023-08-10T23:52:19","modified_gmt":"2023-08-11T06:52:19","slug":"tsu-en-desarrollo-de-negocios-area-mercadotecnia-pe","status":"publish","type":"page","link":"https:\/\/utculiacan.edu.mx\/en\/tsu-en-desarrollo-de-negocios-area-mercadotecnia-pe\/","title":{"rendered":"TSU en Desarrollo de Negocios \u00c1rea Mercadotecnia"},"content":{"rendered":"[et_pb_section fb_built=&#8221;1&#8243; admin_label=&#8221;section&#8221; _builder_version=&#8221;4.16&#8243; global_colors_info=&#8221;{}&#8221; theme_builder_area=&#8221;post_content&#8221;][et_pb_row _builder_version=&#8221;4.20.0&#8243; _module_preset=&#8221;default&#8221; theme_builder_area=&#8221;post_content&#8221;][et_pb_column _builder_version=&#8221;4.20.0&#8243; _module_preset=&#8221;default&#8221; type=&#8221;4_4&#8243; theme_builder_area=&#8221;post_content&#8221;][et_pb_text _builder_version=&#8221;4.20.0&#8243; _module_preset=&#8221;default&#8221; theme_builder_area=&#8221;post_content&#8221; hover_enabled=&#8221;0&#8243; sticky_enabled=&#8221;0&#8243;]\n<h2>Plan de estudios<\/h2>\n<h4>\u00c1rea Mercadotecnia<\/h4>\n[\/et_pb_text][\/et_pb_column][\/et_pb_row][et_pb_row admin_label=&#8221;row&#8221; _builder_version=&#8221;4.16&#8243; background_size=&#8221;initial&#8221; background_position=&#8221;top_left&#8221; background_repeat=&#8221;repeat&#8221; global_colors_info=&#8221;{}&#8221; column_structure=&#8221;1_2,1_2&#8243; theme_builder_area=&#8221;post_content&#8221;][et_pb_column type=&#8221;1_2&#8243; _builder_version=&#8221;4.16&#8243; custom_padding=&#8221;|||&#8221; global_colors_info=&#8221;{}&#8221; custom_padding__hover=&#8221;|||&#8221; theme_builder_area=&#8221;post_content&#8221;][et_pb_text admin_label=&#8221;Text&#8221; _builder_version=&#8221;4.20.0&#8243; background_size=&#8221;initial&#8221; background_position=&#8221;top_left&#8221; background_repeat=&#8221;repeat&#8221; hover_enabled=&#8221;0&#8243; global_colors_info=&#8221;{}&#8221; theme_builder_area=&#8221;post_content&#8221; sticky_enabled=&#8221;0&#8243;]\n<h4>CUATRIMESTRE DE INMERSI\u00d3N<\/h4>\n<p><strong>-Introducci\u00f3n a la Lengua Inglesa<\/strong><\/p>\n<ul style=\"list-style-type: square;\">\n<li>Grammar<\/li>\n<li>Reading<\/li>\n<li>Listening<\/li>\n<li>Speaking<\/li>\n<li>Writing<\/li>\n<li>Vocabulary<\/li>\n<\/ul>\n[\/et_pb_text][\/et_pb_column][et_pb_column type=&#8221;1_2&#8243; _builder_version=&#8221;4.16&#8243; custom_padding=&#8221;|||&#8221; global_colors_info=&#8221;{}&#8221; custom_padding__hover=&#8221;|||&#8221; theme_builder_area=&#8221;post_content&#8221;][et_pb_text _builder_version=&#8221;4.20.0&#8243; _module_preset=&#8221;default&#8221; theme_builder_area=&#8221;post_content&#8221; hover_enabled=&#8221;0&#8243; sticky_enabled=&#8221;0&#8243;]\n<h4>PRIMER CUATRIMESTRE<\/h4>\n<ul style=\"list-style-type: square;\">\n<li>Matem\u00e1ticas<\/li>\n<li>Administraci\u00f3n<\/li>\n<li>Inform\u00e1tica I<\/li>\n<li>Econom\u00eda<\/li>\n<li>Mercadotecnia<\/li>\n<li>Ingl\u00e9s I<\/li>\n<li>Expresi\u00f3n Oral y Escrita I<\/li>\n<li>Formaci\u00f3n Sociocultural I<\/li>\n<\/ul>\n<ul style=\"list-style-type: square;\"><\/ul>\n[\/et_pb_text][\/et_pb_column][\/et_pb_row][et_pb_row _builder_version=&#8221;4.20.0&#8243; _module_preset=&#8221;default&#8221; theme_builder_area=&#8221;post_content&#8221; column_structure=&#8221;1_2,1_2&#8243;][et_pb_column _builder_version=&#8221;4.20.0&#8243; _module_preset=&#8221;default&#8221; type=&#8221;1_2&#8243; theme_builder_area=&#8221;post_content&#8221;][et_pb_text _builder_version=&#8221;4.20.0&#8243; _module_preset=&#8221;default&#8221; theme_builder_area=&#8221;post_content&#8221; hover_enabled=&#8221;0&#8243; sticky_enabled=&#8221;0&#8243;]\n<h4>SEGUNDO CUATRIMESTRE<\/h4>\n<ul style=\"list-style-type: square;\">\n<li>Estad\u00edstica<\/li>\n<li>Contabilidad<\/li>\n<li>Inform\u00e1tica II<\/li>\n<li>Planeaci\u00f3n Estrat\u00e9gica<\/li>\n<li>Sistema de Investigaci\u00f3n de Mercados<\/li>\n<li>Ventas<\/li>\n<li>Ingl\u00e9s II<\/li>\n<li>Formaci\u00f3n Sociocultural II<\/li>\n<\/ul>\n<ul style=\"list-style-type: square;\"><\/ul>\n[\/et_pb_text][\/et_pb_column][et_pb_column _builder_version=&#8221;4.20.0&#8243; _module_preset=&#8221;default&#8221; type=&#8221;1_2&#8243; theme_builder_area=&#8221;post_content&#8221;][et_pb_text _builder_version=&#8221;4.20.0&#8243; _module_preset=&#8221;default&#8221; theme_builder_area=&#8221;post_content&#8221; hover_enabled=&#8221;0&#8243; sticky_enabled=&#8221;0&#8243;]\n<h4>TERCER CUATRIMESTRE<\/h4>\n<ul style=\"list-style-type: square;\">\n<li>Calidad<\/li>\n<li>Gesti\u00f3n de Proyectos<\/li>\n<li>Legislaci\u00f3n Comercial<\/li>\n<li>Sistema de Investigaci\u00f3n de Mercados II<\/li>\n<li>Integradora I<\/li>\n<li>Estrategias de Producto<\/li>\n<li>Ingl\u00e9s III<\/li>\n<li>Formaci\u00f3n Sociocultural III<\/li>\n<\/ul>\n<ul style=\"list-style-type: square;\"><\/ul>\n[\/et_pb_text][\/et_pb_column][\/et_pb_row][et_pb_row _builder_version=&#8221;4.20.0&#8243; _module_preset=&#8221;default&#8221; theme_builder_area=&#8221;post_content&#8221; column_structure=&#8221;1_2,1_2&#8243;][et_pb_column _builder_version=&#8221;4.20.0&#8243; _module_preset=&#8221;default&#8221; type=&#8221;1_2&#8243; theme_builder_area=&#8221;post_content&#8221;][et_pb_text _builder_version=&#8221;4.20.0&#8243; _module_preset=&#8221;default&#8221; theme_builder_area=&#8221;post_content&#8221; hover_enabled=&#8221;0&#8243; sticky_enabled=&#8221;0&#8243;]\n<h4>CUARTO CUATRIMESTRE<\/h4>\n<ul style=\"list-style-type: square;\">\n<li>Dise\u00f1o Gr\u00e1fico<\/li>\n<li>Log\u00edstica y Distribuci\u00f3n<\/li>\n<li>Comportamiento del Consumidor<\/li>\n<li>Estrategias de Precio<\/li>\n<li>Mezcla Promocional<\/li>\n<li>Metodolog\u00eda de la Investigaci\u00f3n<\/li>\n<li>Ingles IV<\/li>\n<li>Formaci\u00f3n Sociocultural IV<\/li>\n<\/ul>\n<ul style=\"list-style-type: square;\"><\/ul>\n[\/et_pb_text][\/et_pb_column][et_pb_column _builder_version=&#8221;4.20.0&#8243; _module_preset=&#8221;default&#8221; type=&#8221;1_2&#8243; theme_builder_area=&#8221;post_content&#8221;][et_pb_text _builder_version=&#8221;4.20.0&#8243; _module_preset=&#8221;default&#8221; theme_builder_area=&#8221;post_content&#8221; hover_enabled=&#8221;0&#8243; sticky_enabled=&#8221;0&#8243;]\n<h4>QUINTO CUATRIMESTRE<\/h4>\n<ul style=\"list-style-type: square;\">\n<li>Mercadotecnia Internacional<\/li>\n<li>Mezcla Promocional II<\/li>\n<li>Mercadotecnia Digital<\/li>\n<li>Mercadotecnia Estrat\u00e9gica<\/li>\n<li>Integradora II<\/li>\n<li>Ingl\u00e9s V<\/li>\n<li>Expresi\u00f3n Oral y Escrita II<\/li>\n<\/ul>\n[\/et_pb_text][\/et_pb_column][\/et_pb_row][et_pb_row _builder_version=&#8221;4.20.0&#8243; _module_preset=&#8221;default&#8221; theme_builder_area=&#8221;post_content&#8221;][et_pb_column _builder_version=&#8221;4.20.0&#8243; _module_preset=&#8221;default&#8221; type=&#8221;4_4&#8243; theme_builder_area=&#8221;post_content&#8221;][et_pb_text _builder_version=&#8221;4.20.0&#8243; _module_preset=&#8221;default&#8221; theme_builder_area=&#8221;post_content&#8221; hover_enabled=&#8221;0&#8243; sticky_enabled=&#8221;0&#8243;]\n<h4>SEXTO CUATRIMESTRE<\/h4>\n<ul style=\"list-style-type: square;\">\n<li>Estad\u00eda Profesional<\/li>\n<\/ul>\n<h4><\/h4>\n[\/et_pb_text][\/et_pb_column][\/et_pb_row][\/et_pb_section]\n","protected":false},"excerpt":{"rendered":"<p>Plan de estudios \u00c1rea MercadotecniaCUATRIMESTRE DE INMERSI\u00d3N -Introducci\u00f3n a la Lengua Inglesa Grammar Reading Listening Speaking Writing Vocabulary PRIMER CUATRIMESTRE Matem\u00e1ticas Administraci\u00f3n Inform\u00e1tica I Econom\u00eda Mercadotecnia Ingl\u00e9s I Expresi\u00f3n Oral y Escrita I Formaci\u00f3n Sociocultural I SEGUNDO CUATRIMESTRE Estad\u00edstica Contabilidad Inform\u00e1tica II Planeaci\u00f3n Estrat\u00e9gica Sistema de Investigaci\u00f3n de Mercados Ventas Ingl\u00e9s II Formaci\u00f3n Sociocultural II [&hellip;]<\/p>\n","protected":false},"author":29,"featured_media":12653,"parent":0,"menu_order":0,"comment_status":"closed","ping_status":"closed","template":"","meta":{"_et_pb_use_builder":"on","_et_pb_old_content":"<h2>Plan de estudios<\/h2>\t\t\n\t\t\t<h4>\u00c1rea Mercadotecnia<\/h4>\t\t\n\t\t\t<h4>CUATRIMESTRE DE INMERSI\u00d3N<\/h4>\t\t\n\t\t<p><strong>-Introducci\u00f3n a la Lengua Inglesa<\/strong><\/p>\n<ul style=\"list-style-type: square;\">\n<li>Grammar<\/li>\n<li>Reading<\/li>\n<li>Listening<\/li>\n<li>Speaking<\/li>\n<li>Writing<\/li>\n<li>Vocabulary<\/li>\n<\/ul>\n<p>\u00a0<\/p>\t\t\n\t\t\t<h4>PRIMER CUATRIMESTRE<\/h4>\t\t\n\t\t<ul style=\"list-style-type: square;\"><li>Matem\u00e1ticas<\/li><li>Administraci\u00f3n <\/li><li>Inform\u00e1tica I<\/li><li>Econom\u00eda<\/li><li>Mercadotecnia<\/li><li>Ingl\u00e9s I<\/li><li>Expresi\u00f3n Oral y Escrita I<\/li><li>Formaci\u00f3n Sociocultural I<\/li><\/ul>\t\t\n\t\t\t<h4>SEGUNDO CUATRIMESTRE<\/h4>\t\t\n\t\t<ul style=\"list-style-type: square;\"><li>Estad\u00edstica<\/li><li>Contabilidad<\/li><li>Inform\u00e1tica II<\/li><li>Planeaci\u00f3n Estrat\u00e9gica<\/li><li>Sistema de Investigaci\u00f3n de Mercados<\/li><li>Ventas<\/li><li>Ingl\u00e9s II<\/li><li>Formaci\u00f3n Sociocultural II<\/li><\/ul>\t\t\n\t\t\t<h4>TERCER CUATRIMESTRE<\/h4>\t\t\n\t\t<ul style=\"list-style-type: square;\"><li>Calidad<\/li><li>Gesti\u00f3n de Proyectos<\/li><li>Legislaci\u00f3n Comercial<\/li><li>Sistema de Investigaci\u00f3n de Mercados II<\/li><li>Integradora I<\/li><li>Estrategias de Producto<\/li><li>Ingl\u00e9s III<\/li><li>Formaci\u00f3n Sociocultural III<\/li><\/ul>\t\t\n\t\t\t<h4>CUARTO CUATRIMESTRE<\/h4>\t\t\n\t\t<ul style=\"list-style-type: square;\"><li>Dise\u00f1o Gr\u00e1fico<\/li><li>Log\u00edstica y Distribuci\u00f3n<\/li><li>Comportamiento del Consumidor<\/li><li>Estrategias de Precio<\/li><li>Mezcla Promocional<\/li><li>Metodolog\u00eda de la Investigaci\u00f3n<\/li><li>Ingles IV<\/li><li>Formaci\u00f3n Sociocultural IV<\/li><\/ul>\t\t\n\t\t\t<h4>SEXTO CUATRIMESTRE<\/h4>\t\t\n\t\t<ul style=\"list-style-type: square;\"><li>Estad\u00eda Profesional<\/li><\/ul>\t\t\n\t\t\t<h4>QUINTO CUATRIMESTRE<\/h4>\t\t\n\t\t<ul style=\"list-style-type: square;\"><li>Mercadotecnia Internacional<\/li><li>Mezcla Promocional II<\/li><li>Mercadotecnia Digital<\/li><li>Mercadotecnia Estrat\u00e9gica<\/li><li>Integradora II<\/li><li>Ingl\u00e9s V<\/li><li>Expresi\u00f3n Oral y Escrita II<\/li><\/ul>","_et_gb_content_width":"","_monsterinsights_skip_tracking":false,"_monsterinsights_sitenote_active":false,"_monsterinsights_sitenote_note":"","_monsterinsights_sitenote_category":0,"_uf_show_specific_survey":0,"_uf_disable_surveys":false,"footnotes":""},"class_list":["post-13101","page","type-page","status-publish","has-post-thumbnail","hentry"],"aioseo_notices":[],"_links":{"self":[{"href":"https:\/\/utculiacan.edu.mx\/en\/wp-json\/wp\/v2\/pages\/13101","targetHints":{"allow":["GET"]}}],"collection":[{"href":"https:\/\/utculiacan.edu.mx\/en\/wp-json\/wp\/v2\/pages"}],"about":[{"href":"https:\/\/utculiacan.edu.mx\/en\/wp-json\/wp\/v2\/types\/page"}],"author":[{"embeddable":true,"href":"https:\/\/utculiacan.edu.mx\/en\/wp-json\/wp\/v2\/users\/29"}],"replies":[{"embeddable":true,"href":"https:\/\/utculiacan.edu.mx\/en\/wp-json\/wp\/v2\/comments?post=13101"}],"version-history":[{"count":6,"href":"https:\/\/utculiacan.edu.mx\/en\/wp-json\/wp\/v2\/pages\/13101\/revisions"}],"predecessor-version":[{"id":16346,"href":"https:\/\/utculiacan.edu.mx\/en\/wp-json\/wp\/v2\/pages\/13101\/revisions\/16346"}],"wp:featuredmedia":[{"embeddable":true,"href":"https:\/\/utculiacan.edu.mx\/en\/wp-json\/wp\/v2\/media\/12653"}],"wp:attachment":[{"href":"https:\/\/utculiacan.edu.mx\/en\/wp-json\/wp\/v2\/media?parent=13101"}],"curies":[{"name":"wp","href":"https:\/\/api.w.org\/{rel}","templated":true}]}}