{"id":13103,"date":"2021-09-21T18:17:30","date_gmt":"2021-09-22T00:17:30","guid":{"rendered":"https:\/\/utculiacan.edu.mx\/staging\/?page_id=13103"},"modified":"2023-07-28T15:52:44","modified_gmt":"2023-07-28T22:52:44","slug":"tsu-en-sistemas-automotrices-pe","status":"publish","type":"page","link":"https:\/\/utculiacan.edu.mx\/en\/tsu-en-sistemas-automotrices-pe\/","title":{"rendered":"TSU en Sistemas Automotrices"},"content":{"rendered":"[et_pb_section fb_built=&#8221;1&#8243; admin_label=&#8221;section&#8221; _builder_version=&#8221;4.16&#8243; global_colors_info=&#8221;{}&#8221;][et_pb_row _builder_version=&#8221;4.20.0&#8243; _module_preset=&#8221;default&#8221; global_colors_info=&#8221;{}&#8221;][et_pb_column type=&#8221;4_4&#8243; _builder_version=&#8221;4.20.0&#8243; _module_preset=&#8221;default&#8221; global_colors_info=&#8221;{}&#8221;][et_pb_text _builder_version=&#8221;4.20.0&#8243; _module_preset=&#8221;default&#8221; global_colors_info=&#8221;{}&#8221;]\n<h2>Plan de estudios<\/h2>\n[\/et_pb_text][\/et_pb_column][\/et_pb_row][et_pb_row column_structure=&#8221;1_2,1_2&#8243; admin_label=&#8221;row&#8221; _builder_version=&#8221;4.16&#8243; background_size=&#8221;initial&#8221; background_position=&#8221;top_left&#8221; background_repeat=&#8221;repeat&#8221; global_colors_info=&#8221;{}&#8221;][et_pb_column type=&#8221;1_2&#8243; _builder_version=&#8221;4.16&#8243; custom_padding=&#8221;|||&#8221; global_colors_info=&#8221;{}&#8221; custom_padding__hover=&#8221;|||&#8221;][et_pb_text admin_label=&#8221;Text&#8221; _builder_version=&#8221;4.20.0&#8243; background_size=&#8221;initial&#8221; background_position=&#8221;top_left&#8221; background_repeat=&#8221;repeat&#8221; global_colors_info=&#8221;{}&#8221;]\n<h4>CUATRIMESTRE DE INMERSI\u00d3N<\/h4>\n<p><strong>-Introducci\u00f3n a la Lengua Inglesa<\/strong><\/p>\n<ul style=\"list-style-type: square;\">\n<li>Grammar<\/li>\n<li>Reading<\/li>\n<li>Listening<\/li>\n<li>Speaking<\/li>\n<li>Writing<\/li>\n<li>Vocabulary<\/li>\n<\/ul>\n[\/et_pb_text][\/et_pb_column][et_pb_column type=&#8221;1_2&#8243; _builder_version=&#8221;4.16&#8243; custom_padding=&#8221;|||&#8221; global_colors_info=&#8221;{}&#8221; custom_padding__hover=&#8221;|||&#8221;][et_pb_text _builder_version=&#8221;4.20.0&#8243; _module_preset=&#8221;default&#8221; global_colors_info=&#8221;{}&#8221;]\n<h4>PRIMER CUATRIMESTRE<\/h4>\n<ul style=\"list-style-type: square;\">\n<li>Matem\u00e1ticas<\/li>\n<li>Qu\u00edmica<\/li>\n<li>Antecedentes de la Industria Automotriz<\/li>\n<li>Metrolog\u00eda<\/li>\n<li>Seguridad e Higiene Industrial<\/li>\n<li>Ingl\u00e9s I<\/li>\n<li>Expresi\u00f3n Oral y Escrita I<\/li>\n<li>Formaci\u00f3n Sociocultural I<\/li>\n<\/ul>\n[\/et_pb_text][\/et_pb_column][\/et_pb_row][et_pb_row column_structure=&#8221;1_2,1_2&#8243; _builder_version=&#8221;4.20.0&#8243; _module_preset=&#8221;default&#8221; global_colors_info=&#8221;{}&#8221;][et_pb_column type=&#8221;1_2&#8243; _builder_version=&#8221;4.20.0&#8243; _module_preset=&#8221;default&#8221; global_colors_info=&#8221;{}&#8221;][et_pb_text _builder_version=&#8221;4.20.0&#8243; _module_preset=&#8221;default&#8221; global_colors_info=&#8221;{}&#8221;]\n<h4>SEGUNDO CUATRIMESTRE<\/h4>\n<ul style=\"list-style-type: square;\">\n<li>Introducci\u00f3n al C\u00e1lculo<\/li>\n<li>F\u00edsica<\/li>\n<li>Electricidad y Magnetismo<\/li>\n<li>Sistema Motriz<\/li>\n<li>Dibujo T\u00e9cnico Industrial<\/li>\n<li>Electr\u00f3nica Anal\u00f3gica y Digital<\/li>\n<li>Inform\u00e1tica<\/li>\n<li>Ingles II<\/li>\n<li>Formaci\u00f3n Sociocultural II<\/li>\n<\/ul>\n[\/et_pb_text][\/et_pb_column][et_pb_column type=&#8221;1_2&#8243; _builder_version=&#8221;4.20.0&#8243; _module_preset=&#8221;default&#8221; global_colors_info=&#8221;{}&#8221;][et_pb_text _builder_version=&#8221;4.20.0&#8243; _module_preset=&#8221;default&#8221; global_colors_info=&#8221;{}&#8221;]\n<h4>TERCER CUATRIMESTRE<\/h4>\n<ul style=\"list-style-type: square;\">\n<li>C\u00e1lculo Diferencial<\/li>\n<li>Probabilidad y Estad\u00edstica<\/li>\n<li>Estructura y Propiedades de los Materiales<\/li>\n<li>Proceso de Estampado y Hojaleter\u00eda Automotriz<\/li>\n<li>Administraci\u00f3n de Proyectos<\/li>\n<li>Calidad<\/li>\n<li>Ingl\u00e9s II<\/li>\n<li>Formaci\u00f3n Sociocultural III<\/li>\n<\/ul>\n[\/et_pb_text][\/et_pb_column][\/et_pb_row][et_pb_row column_structure=&#8221;1_2,1_2&#8243; _builder_version=&#8221;4.20.0&#8243; _module_preset=&#8221;default&#8221; global_colors_info=&#8221;{}&#8221;][et_pb_column type=&#8221;1_2&#8243; _builder_version=&#8221;4.20.0&#8243; _module_preset=&#8221;default&#8221; global_colors_info=&#8221;{}&#8221;][et_pb_text _builder_version=&#8221;4.20.0&#8243; _module_preset=&#8221;default&#8221; global_colors_info=&#8221;{}&#8221;]\n<h4>CUARTO CUATRIMESTRE<\/h4>\n<ul style=\"list-style-type: square;\">\n<li>C\u00e1lculo Integral<\/li>\n<li>Termodin\u00e1mica<\/li>\n<li>Manufactura Esbelta<\/li>\n<li>Sistemas El\u00e9ctricos y Electr\u00f3nicos Automotriz<\/li>\n<li>Motores de Combusti\u00f3n Interna<\/li>\n<li>Integradora I<\/li>\n<li>Ingles IV<\/li>\n<li>Formaci\u00f3n Sociocultural IV<\/li>\n<\/ul>\n[\/et_pb_text][\/et_pb_column][et_pb_column type=&#8221;1_2&#8243; _builder_version=&#8221;4.20.0&#8243; _module_preset=&#8221;default&#8221; global_colors_info=&#8221;{}&#8221;][et_pb_text _builder_version=&#8221;4.20.0&#8243; _module_preset=&#8221;default&#8221; global_colors_info=&#8221;{}&#8221;]\n<h4>QUINTO CUATRIMESTRE<\/h4>\n<ul style=\"list-style-type: square;\">\n<li>Dise\u00f1o Asistido por Computadora<\/li>\n<li>Procesos de Pintura Automotriz<\/li>\n<li>Procesos de Montaje Automotriz<\/li>\n<li>Pruebas Din\u00e1micas a Veh\u00edculos Automotrices<\/li>\n<li>Integradora II<\/li>\n<li>Ingl\u00e9s V<\/li>\n<li>Expresi\u00f3n Oral y Escrita II<\/li>\n<\/ul>\n[\/et_pb_text][\/et_pb_column][\/et_pb_row][et_pb_row _builder_version=&#8221;4.20.0&#8243; _module_preset=&#8221;default&#8221; global_colors_info=&#8221;{}&#8221;][et_pb_column type=&#8221;4_4&#8243; _builder_version=&#8221;4.20.0&#8243; _module_preset=&#8221;default&#8221; global_colors_info=&#8221;{}&#8221;][et_pb_text _builder_version=&#8221;4.20.0&#8243; _module_preset=&#8221;default&#8221; global_colors_info=&#8221;{}&#8221;]\n<h4>SEXTO CUATRIMESTRE<\/h4>\n<ul style=\"list-style-type: square;\">\n<li>Estad\u00eda Profesional<\/li>\n<\/ul>\n<h4><\/h4>\n[\/et_pb_text][\/et_pb_column][\/et_pb_row][et_pb_row column_structure=&#8221;1_2,1_2&#8243; _builder_version=&#8221;4.20.0&#8243; _module_preset=&#8221;default&#8221; global_colors_info=&#8221;{}&#8221;][et_pb_column type=&#8221;1_2&#8243; _builder_version=&#8221;4.20.0&#8243; _module_preset=&#8221;default&#8221; global_colors_info=&#8221;{}&#8221;][et_pb_button button_text=&#8221;Descargar Distribuci\u00f3n Cuatrimestral&#8221; _builder_version=&#8221;4.20.0&#8243; _module_preset=&#8221;default&#8221; custom_button=&#8221;on&#8221; button_text_size=&#8221;1rem&#8221; button_text_color=&#8221;#169e80&#8243; button_border_width=&#8221;5px&#8221; button_border_radius=&#8221;8px&#8221; button_icon=&#8221;&#xe092;||divi||400&#8243; global_colors_info=&#8221;{}&#8221;][\/et_pb_button][\/et_pb_column][et_pb_column type=&#8221;1_2&#8243; _builder_version=&#8221;4.20.0&#8243; _module_preset=&#8221;default&#8221; global_colors_info=&#8221;{}&#8221;][et_pb_button button_text=&#8221;Descargar Plan de Estudios&#8221; _builder_version=&#8221;4.20.0&#8243; _module_preset=&#8221;default&#8221; custom_button=&#8221;on&#8221; button_text_size=&#8221;1rem&#8221; button_bg_color=&#8221;#169e80&#8243; button_border_radius=&#8221;12px&#8221; button_icon=&#8221;&#xe092;||divi||400&#8243; global_colors_info=&#8221;{}&#8221;][\/et_pb_button][\/et_pb_column][\/et_pb_row][\/et_pb_section]\n","protected":false},"excerpt":{"rendered":"<p>Plan de estudiosCUATRIMESTRE DE INMERSI\u00d3N -Introducci\u00f3n a la Lengua Inglesa Grammar Reading Listening Speaking Writing Vocabulary PRIMER CUATRIMESTRE Matem\u00e1ticas Qu\u00edmica Antecedentes de la Industria Automotriz Metrolog\u00eda Seguridad e Higiene Industrial Ingl\u00e9s I Expresi\u00f3n Oral y Escrita I Formaci\u00f3n Sociocultural I SEGUNDO CUATRIMESTRE Introducci\u00f3n al C\u00e1lculo F\u00edsica Electricidad y Magnetismo Sistema Motriz Dibujo T\u00e9cnico Industrial Electr\u00f3nica [&hellip;]<\/p>\n","protected":false},"author":29,"featured_media":12655,"parent":0,"menu_order":0,"comment_status":"closed","ping_status":"closed","template":"","meta":{"_et_pb_use_builder":"on","_et_pb_old_content":"<h2>Plan de estudios<\/h2>\t\t\r\n\t\t\t<h4>CUATRIMESTRE DE INMERSI\u00d3N<\/h4>\t\t\r\n\t\t<p><strong>-Introducci\u00f3n a la Lengua Inglesa<\/strong><\/p>\r\n<ul style=\"list-style-type: square;\">\r\n<li>Grammar<\/li>\r\n<li>Reading<\/li>\r\n<li>Listening<\/li>\r\n<li>Speaking<\/li>\r\n<li>Writing<\/li>\r\n<li>Vocabulary<\/li>\r\n<\/ul>\r\n<p>\u00a0<\/p>\t\t\r\n\t\t\t<h4>PRIMER CUATRIMESTRE<\/h4>\t\t\r\n\t\t<ul style=\"list-style-type: square;\">\r\n<li>Matem\u00e1ticas<\/li>\r\n<li>Qu\u00edmica<\/li>\r\n<li>Antecedentes de la Industria Automotriz<\/li>\r\n<li>Metrolog\u00eda<\/li>\r\n<li>Seguridad e Higiene Industrial<\/li>\r\n<li>Ingl\u00e9s I<\/li>\r\n<li>Expresi\u00f3n Oral y Escrita I<\/li>\r\n<li>Formaci\u00f3n Sociocultural I<\/li>\r\n<\/ul>\t\t\r\n\t\t\t<h4>SEGUNDO CUATRIMESTRE<\/h4>\t\t\r\n\t\t<ul style=\"list-style-type: square;\">\r\n<li>Introducci\u00f3n al C\u00e1lculo<\/li>\r\n<li>F\u00edsica<\/li>\r\n<li>Electricidad y Magnetismo<\/li>\r\n<li>Sistema Motriz<\/li>\r\n<li>Dibujo T\u00e9cnico Industrial<\/li>\r\n<li>Electr\u00f3nica Anal\u00f3gica y Digital<\/li>\r\n<li>Inform\u00e1tica<\/li>\r\n<li>Ingles II<\/li>\r\n<li>Formaci\u00f3n Sociocultural II<\/li>\r\n<\/ul>\t\t\r\n\t\t\t<h4>TERCER CUATRIMESTRE<\/h4>\t\t\r\n\t\t<ul style=\"list-style-type: square;\">\r\n<li>C\u00e1lculo Diferencial<\/li>\r\n<li>Probabilidad y Estad\u00edstica<\/li>\r\n<li>Estructura y Propiedades de los Materiales<\/li>\r\n<li>Proceso de Estampado y Hojaleter\u00eda Automotriz<\/li>\r\n<li>Administraci\u00f3n de Proyectos<\/li>\r\n<li>Calidad<\/li>\r\n<li>Ingl\u00e9s II<\/li>\r\n<li>Formaci\u00f3n Sociocultural III<\/li>\r\n<\/ul>\t\t\r\n\t\t\t<h4>CUARTO CUATRIMESTRE<\/h4>\t\t\r\n\t\t<ul style=\"list-style-type: square;\">\r\n<li>C\u00e1lculo Integral<\/li>\r\n<li>Termodin\u00e1mica<\/li>\r\n<li>Manufactura Esbelta<\/li>\r\n<li>Sistemas El\u00e9ctricos y Electr\u00f3nicos Automotriz<\/li>\r\n<li>Motores de Combusti\u00f3n Interna<\/li>\r\n<li>Integradora I<\/li>\r\n<li>Ingles IV<\/li>\r\n<li>Formaci\u00f3n Sociocultural IV<\/li>\r\n<\/ul>\t\t\r\n\t\t\t<h4>CUARTO CUATRIMESTRE<\/h4>\t\t\r\n\t\t<ul style=\"list-style-type: square;\">\r\n<li>Estad\u00eda Profesional<\/li>\r\n<\/ul>\t\t\r\n\t\t\t<h4>QUINTO CUATRIMESTRE<\/h4>\t\t\r\n\t\t<ul style=\"list-style-type: square;\">\r\n<li>Dise\u00f1o Asistido por Computadora<\/li>\r\n<li>Procesos de Pintura Automotriz<\/li>\r\n<li>Procesos de Montaje Automotriz<\/li>\r\n<li>Pruebas Din\u00e1micas a Veh\u00edculos Automotrices<\/li>\r\n<li>Integradora II<\/li>\r\n<li>Ingl\u00e9s V<\/li>\r\n<li>Expresi\u00f3n Oral y Escrita II<\/li>\r\n<\/ul>\t\t\r\n\t\t\t<a href=\"https:\/\/utculiacan.edu.mx\/?jet_download=0\" >Descargar Distribuci\u00f3n Cuatrimestral<small><\/small><\/a>\r\n\t\t\t<a href=\"https:\/\/utculiacan.edu.mx\/?jet_download=0\" >Descarga Plan de Estudios<small><\/small><\/a>","_et_gb_content_width":"","_monsterinsights_skip_tracking":false,"_monsterinsights_sitenote_active":false,"_monsterinsights_sitenote_note":"","_monsterinsights_sitenote_category":0,"_uf_show_specific_survey":0,"_uf_disable_surveys":false,"footnotes":""},"class_list":["post-13103","page","type-page","status-publish","has-post-thumbnail","hentry"],"aioseo_notices":[],"_links":{"self":[{"href":"https:\/\/utculiacan.edu.mx\/en\/wp-json\/wp\/v2\/pages\/13103","targetHints":{"allow":["GET"]}}],"collection":[{"href":"https:\/\/utculiacan.edu.mx\/en\/wp-json\/wp\/v2\/pages"}],"about":[{"href":"https:\/\/utculiacan.edu.mx\/en\/wp-json\/wp\/v2\/types\/page"}],"author":[{"embeddable":true,"href":"https:\/\/utculiacan.edu.mx\/en\/wp-json\/wp\/v2\/users\/29"}],"replies":[{"embeddable":true,"href":"https:\/\/utculiacan.edu.mx\/en\/wp-json\/wp\/v2\/comments?post=13103"}],"version-history":[{"count":11,"href":"https:\/\/utculiacan.edu.mx\/en\/wp-json\/wp\/v2\/pages\/13103\/revisions"}],"predecessor-version":[{"id":17581,"href":"https:\/\/utculiacan.edu.mx\/en\/wp-json\/wp\/v2\/pages\/13103\/revisions\/17581"}],"wp:featuredmedia":[{"embeddable":true,"href":"https:\/\/utculiacan.edu.mx\/en\/wp-json\/wp\/v2\/media\/12655"}],"wp:attachment":[{"href":"https:\/\/utculiacan.edu.mx\/en\/wp-json\/wp\/v2\/media?parent=13103"}],"curies":[{"name":"wp","href":"https:\/\/api.w.org\/{rel}","templated":true}]}}