{"id":13105,"date":"2021-09-21T18:18:02","date_gmt":"2021-09-22T00:18:02","guid":{"rendered":"https:\/\/utculiacan.edu.mx\/staging\/?page_id=13105"},"modified":"2023-09-14T11:19:52","modified_gmt":"2023-09-14T18:19:52","slug":"ing-en-agricultura-sustentable-y-protegida-pe","status":"publish","type":"page","link":"https:\/\/utculiacan.edu.mx\/en\/ing-en-agricultura-sustentable-y-protegida-pe\/","title":{"rendered":"ING. en Agricultura Sustentable y Protegida"},"content":{"rendered":"[et_pb_section fb_built=&#8221;1&#8243; admin_label=&#8221;section&#8221; _builder_version=&#8221;4.16&#8243; global_colors_info=&#8221;{}&#8221;][et_pb_row _builder_version=&#8221;4.20.0&#8243; _module_preset=&#8221;default&#8221; global_colors_info=&#8221;{}&#8221;][et_pb_column type=&#8221;4_4&#8243; _builder_version=&#8221;4.20.0&#8243; _module_preset=&#8221;default&#8221; global_colors_info=&#8221;{}&#8221;][et_pb_text _builder_version=&#8221;4.20.0&#8243; _module_preset=&#8221;default&#8221; global_colors_info=&#8221;{}&#8221;]\n<h2>Plan de estudios<\/h2>\n[\/et_pb_text][\/et_pb_column][\/et_pb_row][et_pb_row column_structure=&#8221;1_2,1_2&#8243; admin_label=&#8221;row&#8221; _builder_version=&#8221;4.16&#8243; background_size=&#8221;initial&#8221; background_position=&#8221;top_left&#8221; background_repeat=&#8221;repeat&#8221; global_colors_info=&#8221;{}&#8221;][et_pb_column type=&#8221;1_2&#8243; _builder_version=&#8221;4.16&#8243; custom_padding=&#8221;|||&#8221; global_colors_info=&#8221;{}&#8221; custom_padding__hover=&#8221;|||&#8221;][et_pb_text admin_label=&#8221;Text&#8221; _builder_version=&#8221;4.20.0&#8243; background_size=&#8221;initial&#8221; background_position=&#8221;top_left&#8221; background_repeat=&#8221;repeat&#8221; global_colors_info=&#8221;{}&#8221;]\n<h4>S\u00c9PTIMO CUATRIMESTRE<\/h4>\n<ul>\n<li>Matem\u00e1ticas para Ingenier\u00eda I<\/li>\n<li>Termodin\u00e1mica<\/li>\n<li>Fitogen\u00e9tica<\/li>\n<li>Sustentabilidad Agr\u00edcola<\/li>\n<li>Comercializaci\u00f3n Agr\u00edcola<\/li>\n<li>Ingl\u00e9s VI<\/li>\n<li>Administraci\u00f3n del Tiempo<\/li>\n<\/ul>\n<ul style=\"list-style-type: square;\"><\/ul>\n[\/et_pb_text][\/et_pb_column][et_pb_column type=&#8221;1_2&#8243; _builder_version=&#8221;4.16&#8243; custom_padding=&#8221;|||&#8221; global_colors_info=&#8221;{}&#8221; custom_padding__hover=&#8221;|||&#8221;][et_pb_text _builder_version=&#8221;4.20.0&#8243; _module_preset=&#8221;default&#8221; global_colors_info=&#8221;{}&#8221;]\n<h4>OCTAVO CUATRIMESTRE<\/h4>\n<ul style=\"list-style-type: square;\">\n<li>Matem\u00e1ticas para Ingenier\u00eda II<\/li>\n<li>Nutrici\u00f3n Vegetal<\/li>\n<li>Manejo Integrado de Plagas<\/li>\n<li>Dise\u00f1o Organizacional y Desempe\u00f1o<\/li>\n<li>Ingl\u00e9s VII<\/li>\n<li>Planeaci\u00f3n y Organizaci\u00f3n del Trabajo<\/li>\n<\/ul>\n<ul style=\"list-style-type: square;\"><\/ul>\n[\/et_pb_text][\/et_pb_column][\/et_pb_row][et_pb_row column_structure=&#8221;1_2,1_2&#8243; _builder_version=&#8221;4.20.0&#8243; _module_preset=&#8221;default&#8221; global_colors_info=&#8221;{}&#8221;][et_pb_column type=&#8221;1_2&#8243; _builder_version=&#8221;4.20.0&#8243; _module_preset=&#8221;default&#8221; global_colors_info=&#8221;{}&#8221;][et_pb_text _builder_version=&#8221;4.20.0&#8243; _module_preset=&#8221;default&#8221; global_colors_info=&#8221;{}&#8221;]\n<h4>NOVENO CUATRIMESTRE<\/h4>\n<ul>\n<li>Estructura de Sistemas Protegidos<\/li>\n<li>Dise\u00f1o de Sistemas Agr\u00edcolas I<\/li>\n<li>Manejo Integrado de Enfermedades<\/li>\n<li>Administraci\u00f3n Estrat\u00e9gica<\/li>\n<li>Finanzas Agr\u00edcolas<\/li>\n<li>Ingl\u00e9s VIII<\/li>\n<li>Direcci\u00f3n de Equipos de Alto Rendimiento<\/li>\n<\/ul>\n<ul style=\"list-style-type: square;\"><\/ul>\n[\/et_pb_text][\/et_pb_column][et_pb_column type=&#8221;1_2&#8243; _builder_version=&#8221;4.20.0&#8243; _module_preset=&#8221;default&#8221; global_colors_info=&#8221;{}&#8221;][et_pb_text _builder_version=&#8221;4.20.0&#8243; _module_preset=&#8221;default&#8221; global_colors_info=&#8221;{}&#8221;]\n<h4>D\u00c9CIMO CUATRIMESTRE<\/h4>\n<ul style=\"list-style-type: square;\">\n<li>Dise\u00f1os Experimentales<\/li>\n<li>Automatizaci\u00f3n Agr\u00edcola<\/li>\n<li>Dise\u00f1o de Sistemas Agr\u00edcolas II<\/li>\n<li>Manejo Postcosecha<\/li>\n<li>Integradora<\/li>\n<li>Ingl\u00e9s IX<\/li>\n<li>Negociaci\u00f3n Empresarial<\/li>\n<\/ul>\n[\/et_pb_text][\/et_pb_column][\/et_pb_row][et_pb_row _builder_version=&#8221;4.20.0&#8243; _module_preset=&#8221;default&#8221; global_colors_info=&#8221;{}&#8221;][et_pb_column type=&#8221;4_4&#8243; _builder_version=&#8221;4.20.0&#8243; _module_preset=&#8221;default&#8221; global_colors_info=&#8221;{}&#8221;][et_pb_text _builder_version=&#8221;4.20.0&#8243; _module_preset=&#8221;default&#8221; global_colors_info=&#8221;{}&#8221;]\n<h4>ONCEAVO CUATRIMESTRE<\/h4>\n<ul>\n<li>Estad\u00eda Profesional<\/li>\n<\/ul>\n<h4><\/h4>\n[\/et_pb_text][\/et_pb_column][\/et_pb_row][\/et_pb_section]\n","protected":false},"excerpt":{"rendered":"<p>Plan de estudiosS\u00c9PTIMO CUATRIMESTRE Matem\u00e1ticas para Ingenier\u00eda I Termodin\u00e1mica Fitogen\u00e9tica Sustentabilidad Agr\u00edcola Comercializaci\u00f3n Agr\u00edcola Ingl\u00e9s VI Administraci\u00f3n del Tiempo OCTAVO CUATRIMESTRE Matem\u00e1ticas para Ingenier\u00eda II Nutrici\u00f3n Vegetal Manejo Integrado de Plagas Dise\u00f1o Organizacional y Desempe\u00f1o Ingl\u00e9s VII Planeaci\u00f3n y Organizaci\u00f3n del Trabajo NOVENO CUATRIMESTRE Estructura de Sistemas Protegidos Dise\u00f1o de Sistemas Agr\u00edcolas I Manejo Integrado [&hellip;]<\/p>\n","protected":false},"author":29,"featured_media":12707,"parent":0,"menu_order":0,"comment_status":"closed","ping_status":"closed","template":"","meta":{"_et_pb_use_builder":"on","_et_pb_old_content":"<h2>Plan de estudios<\/h2>\t\t\r\n\t\t\t<h4>S\u00c9PTIMO CUATRIMESTRE<\/h4>\t\t\r\n\t\t<ul><li>Matem\u00e1ticas para Ingenier\u00eda I<\/li><li>Termodin\u00e1mica<\/li><li>Fitogen\u00e9tica<\/li><li>Sustentabilidad Agr\u00edcola<\/li><li>Comercializaci\u00f3n Agr\u00edcola<\/li><li>Ingl\u00e9s VI<\/li><li>Administraci\u00f3n del Tiempo<\/li><\/ul>\t\t\r\n\t\t\t<h4>OCTAVO CUATRIMESTRE<\/h4>\t\t\r\n\t\t<ul style=\"list-style-type: square;\"><li>Matem\u00e1ticas para Ingenier\u00eda II<\/li><li>Nutrici\u00f3n Vegetal<\/li><li>Manejo Integrado de Plagas<\/li><li>Dise\u00f1o Organizacional y Desempe\u00f1o<\/li><li>Ingl\u00e9s VII<\/li><li>Planeaci\u00f3n y Organizaci\u00f3n del Trabajo<\/li><\/ul>\t\t\r\n\t\t\t<h4>NOVENO CUATRIMESTRE<\/h4>\t\t\r\n\t\t<ul><li>Estructura de Sistemas Protegidos<\/li><li>Dise\u00f1o de Sistemas Agr\u00edcolas I<\/li><li>Manejo Integrado de Enfermedades<\/li><li>Administraci\u00f3n Estrat\u00e9gica<\/li><li>Finanzas Agr\u00edcolas<\/li><li>Ingl\u00e9s VIII<\/li><li>Direcci\u00f3n de Equipos de Alto Rendimiento<\/li><\/ul>\t\t\r\n\t\t\t<h4>ONCEAVO CUATRIMESTRE<\/h4>\t\t\r\n\t\t<ul><li>Estad\u00eda Profesional<\/li><\/ul>\t\t\r\n\t\t\t<h4>D\u00c9CIMO CUATRIMESTRE<\/h4>\t\t\r\n\t\t<ul style=\"list-style-type: square;\"><li>Dise\u00f1os Experimentales<\/li><li>Automatizaci\u00f3n Agr\u00edcola<\/li><li>Dise\u00f1o de Sistemas Agr\u00edcolas II<\/li><li>Manejo Postcosecha<\/li><li>Integradora <\/li><li>Ingl\u00e9s IX<\/li><li>Negociaci\u00f3n Empresarial<\/li><\/ul>","_et_gb_content_width":"","_monsterinsights_skip_tracking":false,"_monsterinsights_sitenote_active":false,"_monsterinsights_sitenote_note":"","_monsterinsights_sitenote_category":0,"_uf_show_specific_survey":0,"_uf_disable_surveys":false,"footnotes":""},"class_list":["post-13105","page","type-page","status-publish","has-post-thumbnail","hentry"],"aioseo_notices":[],"_links":{"self":[{"href":"https:\/\/utculiacan.edu.mx\/en\/wp-json\/wp\/v2\/pages\/13105","targetHints":{"allow":["GET"]}}],"collection":[{"href":"https:\/\/utculiacan.edu.mx\/en\/wp-json\/wp\/v2\/pages"}],"about":[{"href":"https:\/\/utculiacan.edu.mx\/en\/wp-json\/wp\/v2\/types\/page"}],"author":[{"embeddable":true,"href":"https:\/\/utculiacan.edu.mx\/en\/wp-json\/wp\/v2\/users\/29"}],"replies":[{"embeddable":true,"href":"https:\/\/utculiacan.edu.mx\/en\/wp-json\/wp\/v2\/comments?post=13105"}],"version-history":[{"count":7,"href":"https:\/\/utculiacan.edu.mx\/en\/wp-json\/wp\/v2\/pages\/13105\/revisions"}],"predecessor-version":[{"id":17702,"href":"https:\/\/utculiacan.edu.mx\/en\/wp-json\/wp\/v2\/pages\/13105\/revisions\/17702"}],"wp:featuredmedia":[{"embeddable":true,"href":"https:\/\/utculiacan.edu.mx\/en\/wp-json\/wp\/v2\/media\/12707"}],"wp:attachment":[{"href":"https:\/\/utculiacan.edu.mx\/en\/wp-json\/wp\/v2\/media?parent=13105"}],"curies":[{"name":"wp","href":"https:\/\/api.w.org\/{rel}","templated":true}]}}