{"id":13107,"date":"2021-09-21T18:18:35","date_gmt":"2021-09-22T00:18:35","guid":{"rendered":"https:\/\/utculiacan.edu.mx\/staging\/?page_id=13107"},"modified":"2023-09-14T12:39:01","modified_gmt":"2023-09-14T19:39:01","slug":"ing-en-tecnologia-ambiental-pe","status":"publish","type":"page","link":"https:\/\/utculiacan.edu.mx\/en\/ing-en-tecnologia-ambiental-pe\/","title":{"rendered":"ING. en Tecnolog\u00eda Ambiental"},"content":{"rendered":"[et_pb_section fb_built=&#8221;1&#8243; admin_label=&#8221;section&#8221; _builder_version=&#8221;4.16&#8243; global_colors_info=&#8221;{}&#8221;][et_pb_row _builder_version=&#8221;4.20.0&#8243; _module_preset=&#8221;default&#8221; global_colors_info=&#8221;{}&#8221;][et_pb_column type=&#8221;4_4&#8243; _builder_version=&#8221;4.20.0&#8243; _module_preset=&#8221;default&#8221; global_colors_info=&#8221;{}&#8221;][et_pb_text _builder_version=&#8221;4.20.0&#8243; _module_preset=&#8221;default&#8221; global_colors_info=&#8221;{}&#8221;]\n<h2>Plan de estudios<\/h2>\n[\/et_pb_text][\/et_pb_column][\/et_pb_row][et_pb_row column_structure=&#8221;1_2,1_2&#8243; admin_label=&#8221;row&#8221; _builder_version=&#8221;4.16&#8243; background_size=&#8221;initial&#8221; background_position=&#8221;top_left&#8221; background_repeat=&#8221;repeat&#8221; global_colors_info=&#8221;{}&#8221;][et_pb_column type=&#8221;1_2&#8243; _builder_version=&#8221;4.16&#8243; custom_padding=&#8221;|||&#8221; global_colors_info=&#8221;{}&#8221; custom_padding__hover=&#8221;|||&#8221;][et_pb_text admin_label=&#8221;Text&#8221; _builder_version=&#8221;4.20.0&#8243; background_size=&#8221;initial&#8221; background_position=&#8221;top_left&#8221; background_repeat=&#8221;repeat&#8221; global_colors_info=&#8221;{}&#8221;]\n<h4>S\u00c9PTIMO CUATRIMESTRE<\/h4>\n<ul style=\"list-style-type: square;\">\n<li>Matem\u00e1ticas para Ingenier\u00eda I<\/li>\n<li>Qu\u00edmica Ambiental I<\/li>\n<li>Evaluaci\u00f3n de Riesgo<\/li>\n<li>Ingl\u00e9s VI<\/li>\n<li>Planeaci\u00f3n y Organizaci\u00f3n del Trabajo<\/li>\n<li>Administraci\u00f3n del Tiempo<\/li>\n<\/ul>\n<ul style=\"list-style-type: square;\"><\/ul>\n[\/et_pb_text][\/et_pb_column][et_pb_column type=&#8221;1_2&#8243; _builder_version=&#8221;4.16&#8243; custom_padding=&#8221;|||&#8221; global_colors_info=&#8221;{}&#8221; custom_padding__hover=&#8221;|||&#8221;][et_pb_text _builder_version=&#8221;4.20.0&#8243; _module_preset=&#8221;default&#8221; global_colors_info=&#8221;{}&#8221;]\n<h4>OCTAVO CUATRIMESTRE<\/h4>\n<ul style=\"list-style-type: square;\">\n<li>Matem\u00e1ticas para Ingenier\u00eda II<\/li>\n<li>Qu\u00edmica Ambiental II<\/li>\n<li>Producci\u00f3n Sustentable<\/li>\n<li>Evaluaci\u00f3n de Impacto Ambiental<\/li>\n<li>Dise\u00f1o de Experimentos<\/li>\n<li>Ingl\u00e9s VII<\/li>\n<\/ul>\n<ul style=\"list-style-type: square;\"><\/ul>\n[\/et_pb_text][\/et_pb_column][\/et_pb_row][et_pb_row column_structure=&#8221;1_2,1_2&#8243; _builder_version=&#8221;4.20.0&#8243; _module_preset=&#8221;default&#8221; global_colors_info=&#8221;{}&#8221;][et_pb_column type=&#8221;1_2&#8243; _builder_version=&#8221;4.20.0&#8243; _module_preset=&#8221;default&#8221; global_colors_info=&#8221;{}&#8221;][et_pb_text _builder_version=&#8221;4.20.0&#8243; _module_preset=&#8221;default&#8221; global_colors_info=&#8221;{}&#8221;]\n<h4>NOVENO CUATRIMESTRE<\/h4>\n<ul style=\"list-style-type: square;\">\n<li>Operaciones Unitarias I<\/li>\n<li>Biotecnolog\u00eda Ambiental<\/li>\n<li>Ingenier\u00eda Econ\u00f3mica<\/li>\n<li>Optativa I<\/li>\n<li>Ingl\u00e9s VIII<\/li>\n<li>Direcci\u00f3n de Equipos de Alto Rendimiento<\/li>\n<\/ul>\n<ul style=\"list-style-type: square;\"><\/ul>\n[\/et_pb_text][\/et_pb_column][et_pb_column type=&#8221;1_2&#8243; _builder_version=&#8221;4.20.0&#8243; _module_preset=&#8221;default&#8221; global_colors_info=&#8221;{}&#8221;][et_pb_text _builder_version=&#8221;4.20.0&#8243; _module_preset=&#8221;default&#8221; global_colors_info=&#8221;{}&#8221;]\n<h4>D\u00c9CIMO CUATRIMESTRE<\/h4>\n<ul style=\"list-style-type: square;\">\n<li>Operaciones Unitarias II<\/li>\n<li>Tecnolog\u00edas Ambientales<\/li>\n<li>Integradora III<\/li>\n<li>Optativa II<\/li>\n<li>Ingl\u00e9s IX<\/li>\n<li>Negociaci\u00f3n Empresarial<\/li>\n<\/ul>\n[\/et_pb_text][\/et_pb_column][\/et_pb_row][et_pb_row _builder_version=&#8221;4.20.0&#8243; _module_preset=&#8221;default&#8221; global_colors_info=&#8221;{}&#8221;][et_pb_column type=&#8221;4_4&#8243; _builder_version=&#8221;4.20.0&#8243; _module_preset=&#8221;default&#8221; global_colors_info=&#8221;{}&#8221;][et_pb_text _builder_version=&#8221;4.20.0&#8243; _module_preset=&#8221;default&#8221; global_colors_info=&#8221;{}&#8221;]\n<h4>ONCEAVO CUATRIMESTRE<\/h4>\n<ul style=\"list-style-type: square;\">\n<li>Estad\u00eda Profesional<\/li>\n<\/ul>\n<h4><\/h4>\n[\/et_pb_text][\/et_pb_column][\/et_pb_row][\/et_pb_section]\n","protected":false},"excerpt":{"rendered":"<p>Plan de estudiosS\u00c9PTIMO CUATRIMESTRE Matem\u00e1ticas para Ingenier\u00eda I Qu\u00edmica Ambiental I Evaluaci\u00f3n de Riesgo Ingl\u00e9s VI Planeaci\u00f3n y Organizaci\u00f3n del Trabajo Administraci\u00f3n del Tiempo OCTAVO CUATRIMESTRE Matem\u00e1ticas para Ingenier\u00eda II Qu\u00edmica Ambiental II Producci\u00f3n Sustentable Evaluaci\u00f3n de Impacto Ambiental Dise\u00f1o de Experimentos Ingl\u00e9s VII NOVENO CUATRIMESTRE Operaciones Unitarias I Biotecnolog\u00eda Ambiental Ingenier\u00eda Econ\u00f3mica Optativa I [&hellip;]<\/p>\n","protected":false},"author":29,"featured_media":12712,"parent":0,"menu_order":0,"comment_status":"closed","ping_status":"closed","template":"","meta":{"_et_pb_use_builder":"on","_et_pb_old_content":"<h2>Plan de estudios<\/h2>\t\t\r\n\t\t\t<h4>S\u00c9PTIMO CUATRIMESTRE<\/h4>\t\t\r\n\t\t<ul style=\"list-style-type: square;\"><li>Matem\u00e1ticas para Ingenier\u00eda I<\/li><li>Qu\u00edmica Ambiental I<\/li><li>Evaluaci\u00f3n de Riesgo<\/li><li>Ingl\u00e9s VI<\/li><li>Planeaci\u00f3n y Organizaci\u00f3n del Trabajo<\/li><li>Administraci\u00f3n del Tiempo<\/li><\/ul>\t\t\r\n\t\t\t<h4>OCTAVO CUATRIMESTRE<\/h4>\t\t\r\n\t\t<ul style=\"list-style-type: square;\"><li>Matem\u00e1ticas para Ingenier\u00eda II<\/li><li>Qu\u00edmica Ambiental II<\/li><li>Producci\u00f3n Sustentable<\/li><li>Evaluaci\u00f3n de Impacto Ambiental<\/li><li>Dise\u00f1o de Experimentos<\/li><li>Ingl\u00e9s VII<\/li><\/ul>\t\t\r\n\t\t\t<h4>NOVENO CUATRIMESTRE<\/h4>\t\t\r\n\t\t<ul style=\"list-style-type: square;\"><li>Operaciones Unitarias I<\/li><li>Biotecnolog\u00eda Ambiental<\/li><li>Ingenier\u00eda Econ\u00f3mica<\/li><li>Optativa I<\/li><li>Ingl\u00e9s VIII<\/li><li>Direcci\u00f3n de Equipos de Alto Rendimiento<\/li><\/ul>\t\t\r\n\t\t\t<h4>ONCEAVO CUATRIMESTRE<\/h4>\t\t\r\n\t\t<ul style=\"list-style-type: square;\"><li>Estad\u00eda Profesional<\/li><\/ul>\t\t\r\n\t\t\t<h4>D\u00c9CIMO CUATRIMESTRE<\/h4>\t\t\r\n\t\t<ul style=\"list-style-type: square;\"><li>Operaciones Unitarias II<\/li><li>Tecnolog\u00edas Ambientales<\/li><li>Integradora III<\/li><li>Optativa II<\/li><li>Ingl\u00e9s IX<\/li><li>Negociaci\u00f3n Empresarial<\/li><\/ul>","_et_gb_content_width":"","_monsterinsights_skip_tracking":false,"_monsterinsights_sitenote_active":false,"_monsterinsights_sitenote_note":"","_monsterinsights_sitenote_category":0,"_uf_show_specific_survey":0,"_uf_disable_surveys":false,"footnotes":""},"class_list":["post-13107","page","type-page","status-publish","has-post-thumbnail","hentry"],"aioseo_notices":[],"_links":{"self":[{"href":"https:\/\/utculiacan.edu.mx\/en\/wp-json\/wp\/v2\/pages\/13107","targetHints":{"allow":["GET"]}}],"collection":[{"href":"https:\/\/utculiacan.edu.mx\/en\/wp-json\/wp\/v2\/pages"}],"about":[{"href":"https:\/\/utculiacan.edu.mx\/en\/wp-json\/wp\/v2\/types\/page"}],"author":[{"embeddable":true,"href":"https:\/\/utculiacan.edu.mx\/en\/wp-json\/wp\/v2\/users\/29"}],"replies":[{"embeddable":true,"href":"https:\/\/utculiacan.edu.mx\/en\/wp-json\/wp\/v2\/comments?post=13107"}],"version-history":[{"count":8,"href":"https:\/\/utculiacan.edu.mx\/en\/wp-json\/wp\/v2\/pages\/13107\/revisions"}],"predecessor-version":[{"id":17724,"href":"https:\/\/utculiacan.edu.mx\/en\/wp-json\/wp\/v2\/pages\/13107\/revisions\/17724"}],"wp:featuredmedia":[{"embeddable":true,"href":"https:\/\/utculiacan.edu.mx\/en\/wp-json\/wp\/v2\/media\/12712"}],"wp:attachment":[{"href":"https:\/\/utculiacan.edu.mx\/en\/wp-json\/wp\/v2\/media?parent=13107"}],"curies":[{"name":"wp","href":"https:\/\/api.w.org\/{rel}","templated":true}]}}