{"id":13109,"date":"2021-09-21T18:19:00","date_gmt":"2021-09-22T00:19:00","guid":{"rendered":"https:\/\/utculiacan.edu.mx\/staging\/?page_id=13109"},"modified":"2023-09-15T09:04:43","modified_gmt":"2023-09-15T16:04:43","slug":"ing-en-energias-renovables-pe","status":"publish","type":"page","link":"https:\/\/utculiacan.edu.mx\/en\/ing-en-energias-renovables-pe\/","title":{"rendered":"ING. en Energ\u00edas Renovables"},"content":{"rendered":"[et_pb_section fb_built=&#8221;1&#8243; admin_label=&#8221;section&#8221; _builder_version=&#8221;4.16&#8243; global_colors_info=&#8221;{}&#8221;][et_pb_row _builder_version=&#8221;4.20.0&#8243; _module_preset=&#8221;default&#8221; global_colors_info=&#8221;{}&#8221;][et_pb_column type=&#8221;4_4&#8243; _builder_version=&#8221;4.20.0&#8243; _module_preset=&#8221;default&#8221; global_colors_info=&#8221;{}&#8221;][et_pb_text _builder_version=&#8221;4.20.0&#8243; _module_preset=&#8221;default&#8221; global_colors_info=&#8221;{}&#8221;]\n<h2>Plan de estudios<\/h2>\n[\/et_pb_text][\/et_pb_column][\/et_pb_row][et_pb_row column_structure=&#8221;1_2,1_2&#8243; admin_label=&#8221;row&#8221; _builder_version=&#8221;4.16&#8243; background_size=&#8221;initial&#8221; background_position=&#8221;top_left&#8221; background_repeat=&#8221;repeat&#8221; global_colors_info=&#8221;{}&#8221;][et_pb_column type=&#8221;1_2&#8243; _builder_version=&#8221;4.16&#8243; custom_padding=&#8221;|||&#8221; global_colors_info=&#8221;{}&#8221; custom_padding__hover=&#8221;|||&#8221;][et_pb_text admin_label=&#8221;Text&#8221; _builder_version=&#8221;4.20.0&#8243; background_size=&#8221;initial&#8221; background_position=&#8221;top_left&#8221; background_repeat=&#8221;repeat&#8221; global_colors_info=&#8221;{}&#8221;]\n<h4>SEPTIMO CUATRIMESTRE<\/h4>\n<ul style=\"list-style-type: square;\">\n<li>Matem\u00e1ticas para la Ingenier\u00eda I<\/li>\n<li>F\u00edsica para Ingenier\u00eda<\/li>\n<li>Ingenier\u00eda de Proyectos en Energ\u00edas Renovables<\/li>\n<li>Direcci\u00f3n de Proyectos de Sistemas en Energ\u00edas Renovables I<\/li>\n<li>An\u00e1lisis y Adquisici\u00f3n de Datos<\/li>\n<li>Ingl\u00e9s VI<\/li>\n<li>Administraci\u00f3n del Tiempo<\/li>\n<\/ul>\n<ul style=\"list-style-type: square;\"><\/ul>\n[\/et_pb_text][\/et_pb_column][et_pb_column type=&#8221;1_2&#8243; _builder_version=&#8221;4.16&#8243; custom_padding=&#8221;|||&#8221; global_colors_info=&#8221;{}&#8221; custom_padding__hover=&#8221;|||&#8221;][et_pb_text _builder_version=&#8221;4.20.0&#8243; _module_preset=&#8221;default&#8221; global_colors_info=&#8221;{}&#8221;]\n<h4>OCTAVO CUATRIMESTRE<\/h4>\n<ul style=\"list-style-type: square;\">\n<li>Matem\u00e1ticas para la Ingenier\u00eda II<\/li>\n<li>Dise\u00f1o de Sistemas<\/li>\n<li>Direcci\u00f3n de Proyectos de Sistemas en Energ\u00edas Renovables II<\/li>\n<li>Optativa I<\/li>\n<li>Ingl\u00e9s VII<\/li>\n<li>Planeaci\u00f3n y Organizaci\u00f3n del Trabajo<\/li>\n<\/ul>\n<ul style=\"list-style-type: square;\"><\/ul>\n[\/et_pb_text][\/et_pb_column][\/et_pb_row][et_pb_row column_structure=&#8221;1_2,1_2&#8243; _builder_version=&#8221;4.20.0&#8243; _module_preset=&#8221;default&#8221; global_colors_info=&#8221;{}&#8221;][et_pb_column type=&#8221;1_2&#8243; _builder_version=&#8221;4.20.0&#8243; _module_preset=&#8221;default&#8221; global_colors_info=&#8221;{}&#8221;][et_pb_text _builder_version=&#8221;4.20.0&#8243; _module_preset=&#8221;default&#8221; global_colors_info=&#8221;{}&#8221;]\n<h4>NOVENO CUATRIMESTRE<\/h4>\n<ul style=\"list-style-type: square;\">\n<li>Caracterizaci\u00f3n de los Recursos Energ\u00e9ticos<\/li>\n<li>Modelado de Sistemas en Energ\u00edas Renovables<\/li>\n<li>Econom\u00eda Energ\u00e9tica<\/li>\n<li>Dise\u00f1o de Proyectos de Sistemas en Turboenerg\u00eda<\/li>\n<li>Ingl\u00e9s VIII<\/li>\n<li>Direcci\u00f3n de Equipos de Alto Rendimiento<\/li>\n<\/ul>\n<ul style=\"list-style-type: square;\"><\/ul>\n[\/et_pb_text][\/et_pb_column][et_pb_column type=&#8221;1_2&#8243; _builder_version=&#8221;4.20.0&#8243; _module_preset=&#8221;default&#8221; global_colors_info=&#8221;{}&#8221;][et_pb_text _builder_version=&#8221;4.20.0&#8243; _module_preset=&#8221;default&#8221; global_colors_info=&#8221;{}&#8221;]\n<h4>D\u00c9CIMO CUATRIMESTRE<\/h4>\n<ul style=\"list-style-type: square;\">\n<li>Dise\u00f1o de Proyectos de Sistemas en Bioenerg\u00eda<\/li>\n<li>Estrateg\u00edas de Eficiencia Energ\u00e9tica<\/li>\n<li>Legislaci\u00f3n y Financiamiento Ambiental<\/li>\n<li>Integradora<\/li>\n<li>Optativa II<\/li>\n<li>Ingl\u00e9s IX<\/li>\n<li>Negociaci\u00f3n Empresarial<\/li>\n<\/ul>\n[\/et_pb_text][\/et_pb_column][\/et_pb_row][et_pb_row _builder_version=&#8221;4.20.0&#8243; _module_preset=&#8221;default&#8221; global_colors_info=&#8221;{}&#8221;][et_pb_column type=&#8221;4_4&#8243; _builder_version=&#8221;4.20.0&#8243; _module_preset=&#8221;default&#8221; global_colors_info=&#8221;{}&#8221;][et_pb_text _builder_version=&#8221;4.20.0&#8243; _module_preset=&#8221;default&#8221; global_colors_info=&#8221;{}&#8221;]\n<h4>ONCEAVO CUATRIMESTRE<\/h4>\n<ul style=\"list-style-type: square;\">\n<li>Estad\u00eda Profesional<\/li>\n<\/ul>\n<h4><\/h4>\n[\/et_pb_text][\/et_pb_column][\/et_pb_row][\/et_pb_section]\n","protected":false},"excerpt":{"rendered":"<p>Plan de estudiosSEPTIMO CUATRIMESTRE Matem\u00e1ticas para la Ingenier\u00eda I F\u00edsica para Ingenier\u00eda Ingenier\u00eda de Proyectos en Energ\u00edas Renovables Direcci\u00f3n de Proyectos de Sistemas en Energ\u00edas Renovables I An\u00e1lisis y Adquisici\u00f3n de Datos Ingl\u00e9s VI Administraci\u00f3n del Tiempo OCTAVO CUATRIMESTRE Matem\u00e1ticas para la Ingenier\u00eda II Dise\u00f1o de Sistemas Direcci\u00f3n de Proyectos de Sistemas en Energ\u00edas Renovables [&hellip;]<\/p>\n","protected":false},"author":29,"featured_media":12716,"parent":0,"menu_order":0,"comment_status":"closed","ping_status":"closed","template":"","meta":{"_et_pb_use_builder":"on","_et_pb_old_content":"<h2>Plan de estudios<\/h2>\t\t\r\n\t\t\t<h4>SEPTIMO CUATRIMESTRE<\/h4>\t\t\r\n\t\t<ul style=\"list-style-type: square;\"><li>Matem\u00e1ticas para la Ingenier\u00eda I<\/li><li>F\u00edsica para Ingenier\u00eda<\/li><li>Ingenier\u00eda de Proyectos en Energ\u00edas Renovables<\/li><li>Direcci\u00f3n de Proyectos de Sistemas en Energ\u00edas Renovables I<\/li><li>An\u00e1lisis y Adquisici\u00f3n de Datos<\/li><li>Ingl\u00e9s VI<\/li><li>Administraci\u00f3n del Tiempo<\/li><\/ul>\t\t\r\n\t\t\t<h4>OCTAVO CUATRIMESTRE<\/h4>\t\t\r\n\t\t<ul style=\"list-style-type: square;\"><li>Matem\u00e1ticas para la Ingenier\u00eda II<\/li><li>Dise\u00f1o de Sistemas<\/li><li>Direcci\u00f3n de Proyectos de Sistemas en Energ\u00edas Renovables II<\/li><li>Optativa I<\/li><li>Ingl\u00e9s VII<\/li><li>Planeaci\u00f3n y Organizaci\u00f3n del Trabajo<\/li><\/ul>\t\t\r\n\t\t\t<h4>NOVENO CUATRIMESTRE<\/h4>\t\t\r\n\t\t<ul style=\"list-style-type: square;\"><li>Caracterizaci\u00f3n de los Recursos Energ\u00e9ticos<\/li><li>Modelado de Sistemas en Energ\u00edas Renovables<\/li><li>Econom\u00eda Energ\u00e9tica<\/li><li>Dise\u00f1o de Proyectos de Sistemas en Turboenerg\u00eda<\/li><li>Ingl\u00e9s VIII<\/li><li>Direcci\u00f3n de Equipos de Alto Rendimiento<\/li><\/ul>\t\t\r\n\t\t\t<h4>ONCEAVO CUATRIMESTRE<\/h4>\t\t\r\n\t\t<ul style=\"list-style-type: square;\"><li>Estad\u00eda Profesional<\/li><\/ul>\t\t\r\n\t\t\t<h4>D\u00c9CIMO CUATRIMESTRE<\/h4>\t\t\r\n\t\t<ul style=\"list-style-type: square;\"><li>Dise\u00f1o de Proyectos de Sistemas en Bioenerg\u00eda<\/li><li>Estrateg\u00edas de Eficiencia Energ\u00e9tica<\/li><li>Legislaci\u00f3n y Financiamiento Ambiental<\/li><li>Integradora<\/li><li>Optativa II<\/li><li>Ingl\u00e9s IX<\/li><li>Negociaci\u00f3n Empresarial<\/li><\/ul>","_et_gb_content_width":"","_monsterinsights_skip_tracking":false,"_monsterinsights_sitenote_active":false,"_monsterinsights_sitenote_note":"","_monsterinsights_sitenote_category":0,"_uf_show_specific_survey":0,"_uf_disable_surveys":false,"footnotes":""},"class_list":["post-13109","page","type-page","status-publish","has-post-thumbnail","hentry"],"aioseo_notices":[],"_links":{"self":[{"href":"https:\/\/utculiacan.edu.mx\/en\/wp-json\/wp\/v2\/pages\/13109","targetHints":{"allow":["GET"]}}],"collection":[{"href":"https:\/\/utculiacan.edu.mx\/en\/wp-json\/wp\/v2\/pages"}],"about":[{"href":"https:\/\/utculiacan.edu.mx\/en\/wp-json\/wp\/v2\/types\/page"}],"author":[{"embeddable":true,"href":"https:\/\/utculiacan.edu.mx\/en\/wp-json\/wp\/v2\/users\/29"}],"replies":[{"embeddable":true,"href":"https:\/\/utculiacan.edu.mx\/en\/wp-json\/wp\/v2\/comments?post=13109"}],"version-history":[{"count":7,"href":"https:\/\/utculiacan.edu.mx\/en\/wp-json\/wp\/v2\/pages\/13109\/revisions"}],"predecessor-version":[{"id":17758,"href":"https:\/\/utculiacan.edu.mx\/en\/wp-json\/wp\/v2\/pages\/13109\/revisions\/17758"}],"wp:featuredmedia":[{"embeddable":true,"href":"https:\/\/utculiacan.edu.mx\/en\/wp-json\/wp\/v2\/media\/12716"}],"wp:attachment":[{"href":"https:\/\/utculiacan.edu.mx\/en\/wp-json\/wp\/v2\/media?parent=13109"}],"curies":[{"name":"wp","href":"https:\/\/api.w.org\/{rel}","templated":true}]}}