{"id":13113,"date":"2021-09-21T18:22:44","date_gmt":"2021-09-22T01:22:44","guid":{"rendered":"https:\/\/utculiacan.edu.mx\/staging\/?page_id=13113"},"modified":"2023-09-13T13:49:43","modified_gmt":"2023-09-13T20:49:43","slug":"ing-en-redes-inteligentes-y-ciberseguridad-pe","status":"publish","type":"page","link":"https:\/\/utculiacan.edu.mx\/en\/ing-en-redes-inteligentes-y-ciberseguridad-pe\/","title":{"rendered":"ING. en Redes Inteligentes y Ciberseguridad"},"content":{"rendered":"[et_pb_section fb_built=&#8221;1&#8243; admin_label=&#8221;section&#8221; _builder_version=&#8221;4.16&#8243; global_colors_info=&#8221;{}&#8221; theme_builder_area=&#8221;post_content&#8221;][et_pb_row _builder_version=&#8221;4.20.0&#8243; _module_preset=&#8221;default&#8221; theme_builder_area=&#8221;post_content&#8221;][et_pb_column _builder_version=&#8221;4.20.0&#8243; _module_preset=&#8221;default&#8221; type=&#8221;4_4&#8243; theme_builder_area=&#8221;post_content&#8221;][et_pb_text _builder_version=&#8221;4.20.0&#8243; _module_preset=&#8221;default&#8221; theme_builder_area=&#8221;post_content&#8221; hover_enabled=&#8221;0&#8243; sticky_enabled=&#8221;0&#8243;]\n<h2>Plan de estudios<\/h2>\n[\/et_pb_text][\/et_pb_column][\/et_pb_row][et_pb_row admin_label=&#8221;row&#8221; _builder_version=&#8221;4.16&#8243; background_size=&#8221;initial&#8221; background_position=&#8221;top_left&#8221; background_repeat=&#8221;repeat&#8221; global_colors_info=&#8221;{}&#8221; column_structure=&#8221;1_2,1_2&#8243; theme_builder_area=&#8221;post_content&#8221;][et_pb_column type=&#8221;1_2&#8243; _builder_version=&#8221;4.16&#8243; custom_padding=&#8221;|||&#8221; global_colors_info=&#8221;{}&#8221; custom_padding__hover=&#8221;|||&#8221; theme_builder_area=&#8221;post_content&#8221;][et_pb_text admin_label=&#8221;Text&#8221; _builder_version=&#8221;4.20.0&#8243; background_size=&#8221;initial&#8221; background_position=&#8221;top_left&#8221; background_repeat=&#8221;repeat&#8221; hover_enabled=&#8221;0&#8243; global_colors_info=&#8221;{}&#8221; theme_builder_area=&#8221;post_content&#8221; sticky_enabled=&#8221;0&#8243;]\n<h4>S\u00c9PTIMO CUATRIMESTRE<\/h4>\n<ul style=\"list-style-type: square;\">\n<li>C\u00e1lculo Integral<\/li>\n<li>Administraci\u00f3n Avanzada de Infraestructura Virtualizada<\/li>\n<li>Tecnolog\u00edas para Manejo Masivo de Datos<\/li>\n<li>Infraestructura de Centros de Datos<\/li>\n<li>Ingl\u00e9s VI<\/li>\n<li>Administraci\u00f3n del Tiempo<\/li>\n<\/ul>\n<ul style=\"list-style-type: square;\"><\/ul>\n[\/et_pb_text][\/et_pb_column][et_pb_column type=&#8221;1_2&#8243; _builder_version=&#8221;4.16&#8243; custom_padding=&#8221;|||&#8221; global_colors_info=&#8221;{}&#8221; custom_padding__hover=&#8221;|||&#8221; theme_builder_area=&#8221;post_content&#8221;][et_pb_text _builder_version=&#8221;4.20.0&#8243; _module_preset=&#8221;default&#8221; theme_builder_area=&#8221;post_content&#8221; hover_enabled=&#8221;0&#8243; sticky_enabled=&#8221;0&#8243;]\n<h4>OCTAVO CUATRIMESTRE<\/h4>\n<ul style=\"list-style-type: square;\">\n<li>Gesti\u00f3n de la Seguridad Inform\u00e1tica<\/li>\n<li>C\u00f3mputo en la Nube<\/li>\n<li>Direcci\u00f3n de Proyectos I<\/li>\n<li>Optativa I<\/li>\n<li>Ingl\u00e9s VII<\/li>\n<li>Planeaci\u00f3n y Organizaci\u00f3n del Trabajo<\/li>\n<\/ul>\n<ul style=\"list-style-type: square;\"><\/ul>\n[\/et_pb_text][\/et_pb_column][\/et_pb_row][et_pb_row _builder_version=&#8221;4.20.0&#8243; _module_preset=&#8221;default&#8221; theme_builder_area=&#8221;post_content&#8221; column_structure=&#8221;1_2,1_2&#8243;][et_pb_column _builder_version=&#8221;4.20.0&#8243; _module_preset=&#8221;default&#8221; type=&#8221;1_2&#8243; theme_builder_area=&#8221;post_content&#8221;][et_pb_text _builder_version=&#8221;4.20.0&#8243; _module_preset=&#8221;default&#8221; theme_builder_area=&#8221;post_content&#8221; hover_enabled=&#8221;0&#8243; sticky_enabled=&#8221;0&#8243;]\n<h4>NOVENO CUATRIMESTRE<\/h4>\n<ul style=\"list-style-type: square;\">\n<li>Hacking \u00c9tico<\/li>\n<li>Automatizaci\u00f3n de Infraestructura Digital I<\/li>\n<li>Direcci\u00f3n de Proyectos II<\/li>\n<li>Sistemas de C\u00e1lidad para T.I.<\/li>\n<li>Optativa II<\/li>\n<li>Ingl\u00e9s VII<\/li>\n<li>Direcci\u00f3n de Equipos de Alto Rendimiento<\/li>\n<\/ul>\n<ul style=\"list-style-type: square;\"><\/ul>\n[\/et_pb_text][\/et_pb_column][et_pb_column _builder_version=&#8221;4.20.0&#8243; _module_preset=&#8221;default&#8221; type=&#8221;1_2&#8243; theme_builder_area=&#8221;post_content&#8221;][et_pb_text _builder_version=&#8221;4.20.0&#8243; _module_preset=&#8221;default&#8221; theme_builder_area=&#8221;post_content&#8221; hover_enabled=&#8221;0&#8243; sticky_enabled=&#8221;0&#8243;]\n<h4>D\u00c9CIMO CUATRIMESTRE<\/h4>\n<ul style=\"list-style-type: square;\">\n<li>Inform\u00e1tica Forense<\/li>\n<li>Automatizaci\u00f3n de Infraestructura Digital II<\/li>\n<li>Administraci\u00f3n de Redes Empresariales<\/li>\n<li>Integradora I<\/li>\n<li>Ingl\u00e9s IX<\/li>\n<li>Negociaci\u00f3n Empresarial<\/li>\n<\/ul>\n[\/et_pb_text][\/et_pb_column][\/et_pb_row][et_pb_row _builder_version=&#8221;4.20.0&#8243; _module_preset=&#8221;default&#8221; theme_builder_area=&#8221;post_content&#8221;][et_pb_column _builder_version=&#8221;4.20.0&#8243; _module_preset=&#8221;default&#8221; type=&#8221;4_4&#8243; theme_builder_area=&#8221;post_content&#8221;][et_pb_text _builder_version=&#8221;4.20.0&#8243; _module_preset=&#8221;default&#8221; theme_builder_area=&#8221;post_content&#8221; hover_enabled=&#8221;0&#8243; sticky_enabled=&#8221;0&#8243;]\n<h4>ONCEAVO CUATRIMESTRE<\/h4>\n<ul style=\"list-style-type: square;\">\n<li>Estad\u00eda Profesional<\/li>\n<\/ul>\n<h4><\/h4>\n[\/et_pb_text][\/et_pb_column][\/et_pb_row][\/et_pb_section]\n","protected":false},"excerpt":{"rendered":"<p>Plan de estudiosS\u00c9PTIMO CUATRIMESTRE C\u00e1lculo Integral Administraci\u00f3n Avanzada de Infraestructura Virtualizada Tecnolog\u00edas para Manejo Masivo de Datos Infraestructura de Centros de Datos Ingl\u00e9s VI Administraci\u00f3n del Tiempo OCTAVO CUATRIMESTRE Gesti\u00f3n de la Seguridad Inform\u00e1tica C\u00f3mputo en la Nube Direcci\u00f3n de Proyectos I Optativa I Ingl\u00e9s VII Planeaci\u00f3n y Organizaci\u00f3n del Trabajo NOVENO CUATRIMESTRE Hacking \u00c9tico [&hellip;]<\/p>\n","protected":false},"author":29,"featured_media":12717,"parent":0,"menu_order":0,"comment_status":"closed","ping_status":"closed","template":"","meta":{"_et_pb_use_builder":"on","_et_pb_old_content":"<h2>Plan de estudios<\/h2>\t\t\n\t\t\t<h4>S\u00c9PTIMO CUATRIMESTRE<\/h4>\t\t\n\t\t<ul style=\"list-style-type: square;\"><li>C\u00e1lculo Integral<\/li><li>Administraci\u00f3n Avanzada de Infraestructura Virtualizada<\/li><li>Tecnolog\u00edas para Manejo Masivo de Datos<\/li><li>Infraestructura de Centros de Datos<\/li><li>Ingl\u00e9s VI<\/li><li>Administraci\u00f3n del Tiempo<\/li><\/ul>\t\t\n\t\t\t<h4>OCTAVO CUATRIMESTRE<\/h4>\t\t\n\t\t<ul style=\"list-style-type: square;\"><li>Gesti\u00f3n de la Seguridad Inform\u00e1tica<\/li><li>C\u00f3mputo en la Nube<\/li><li>Direcci\u00f3n de Proyectos I<\/li><li>Optativa I<\/li><li>Ingl\u00e9s VII<\/li><li>Planeaci\u00f3n y Organizaci\u00f3n del Trabajo<\/li><\/ul>\t\t\n\t\t\t<h4>NOVENO CUATRIMESTRE<\/h4>\t\t\n\t\t<ul style=\"list-style-type: square;\"><li>Hacking \u00c9tico<\/li><li>Automatizaci\u00f3n de Infraestructura Digital I<\/li><li>Direcci\u00f3n de Proyectos II<\/li><li>Sistemas de C\u00e1lidad para T.I.<\/li><li>Optativa II<\/li><li>Ingl\u00e9s VII<\/li><li>Direcci\u00f3n de Equipos de Alto Rendimiento<\/li><\/ul>\t\t\n\t\t\t<h4>ONCEAVO CUATRIMESTRE<\/h4>\t\t\n\t\t<ul style=\"list-style-type: square;\"><li>Estad\u00eda Profesional<\/li><\/ul>\t\t\n\t\t\t<h4>D\u00c9CIMO CUATRIMESTRE<\/h4>\t\t\n\t\t<ul style=\"list-style-type: square;\"><li>Inform\u00e1tica Forense<\/li><li>Automatizaci\u00f3n de Infraestructura Digital II<\/li><li>Administraci\u00f3n de Redes Empresariales<\/li><li>Integradora I<\/li><li>Ingl\u00e9s IX<\/li><li>Negociaci\u00f3n Empresarial<\/li><\/ul>","_et_gb_content_width":"","_monsterinsights_skip_tracking":false,"_monsterinsights_sitenote_active":false,"_monsterinsights_sitenote_note":"","_monsterinsights_sitenote_category":0,"_uf_show_specific_survey":0,"_uf_disable_surveys":false,"footnotes":""},"class_list":["post-13113","page","type-page","status-publish","has-post-thumbnail","hentry"],"aioseo_notices":[],"_links":{"self":[{"href":"https:\/\/utculiacan.edu.mx\/en\/wp-json\/wp\/v2\/pages\/13113","targetHints":{"allow":["GET"]}}],"collection":[{"href":"https:\/\/utculiacan.edu.mx\/en\/wp-json\/wp\/v2\/pages"}],"about":[{"href":"https:\/\/utculiacan.edu.mx\/en\/wp-json\/wp\/v2\/types\/page"}],"author":[{"embeddable":true,"href":"https:\/\/utculiacan.edu.mx\/en\/wp-json\/wp\/v2\/users\/29"}],"replies":[{"embeddable":true,"href":"https:\/\/utculiacan.edu.mx\/en\/wp-json\/wp\/v2\/comments?post=13113"}],"version-history":[{"count":6,"href":"https:\/\/utculiacan.edu.mx\/en\/wp-json\/wp\/v2\/pages\/13113\/revisions"}],"predecessor-version":[{"id":16360,"href":"https:\/\/utculiacan.edu.mx\/en\/wp-json\/wp\/v2\/pages\/13113\/revisions\/16360"}],"wp:featuredmedia":[{"embeddable":true,"href":"https:\/\/utculiacan.edu.mx\/en\/wp-json\/wp\/v2\/media\/12717"}],"wp:attachment":[{"href":"https:\/\/utculiacan.edu.mx\/en\/wp-json\/wp\/v2\/media?parent=13113"}],"curies":[{"name":"wp","href":"https:\/\/api.w.org\/{rel}","templated":true}]}}