{"id":13241,"date":"2021-09-24T10:55:54","date_gmt":"2021-09-24T16:55:54","guid":{"rendered":"https:\/\/utculiacan.edu.mx\/staging\/?page_id=13241"},"modified":"2023-05-22T08:33:17","modified_gmt":"2023-05-22T14:33:17","slug":"contacto","status":"publish","type":"page","link":"https:\/\/utculiacan.edu.mx\/en\/contacto\/","title":{"rendered":"Contacto"},"content":{"rendered":"[et_pb_section fb_built=&#8221;1&#8243; _builder_version=&#8221;4.20.0&#8243; _module_preset=&#8221;default&#8221; global_colors_info=&#8221;{}&#8221; theme_builder_area=&#8221;post_content&#8221;][et_pb_row column_structure=&#8221;1_2,1_2&#8243; _builder_version=&#8221;4.20.0&#8243; _module_preset=&#8221;default&#8221; global_colors_info=&#8221;{}&#8221; theme_builder_area=&#8221;post_content&#8221;][et_pb_column type=&#8221;1_2&#8243; _builder_version=&#8221;4.20.0&#8243; _module_preset=&#8221;default&#8221; global_colors_info=&#8221;{}&#8221; theme_builder_area=&#8221;post_content&#8221;][et_pb_code _builder_version=&#8221;4.20.0&#8243; _module_preset=&#8221;default&#8221; global_colors_info=&#8221;{}&#8221; theme_builder_area=&#8221;post_content&#8221;]<iframe src=\"https:\/\/www.google.com\/maps\/embed?pb=!1m14!1m8!1m3!1d57925.59672431578!2d-107.357759!3d24.8519!3m2!1i1024!2i768!4f13.1!3m3!1m2!1s0x86bcd9a629b98fab%3A0xdf92f84db7d33245!2sUniversidad%20Tecnol%C3%B3gica%20de%20Culiac%C3%A1n!5e0!3m2!1ses-419!2sus!4v1678586794970!5m2!1ses-419!2sus\" width=\"600\" height=\"450\" style=\"border:0;\" allowfullscreen=\"\" loading=\"lazy\" referrerpolicy=\"no-referrer-when-downgrade\"><\/iframe>[\/et_pb_code][\/et_pb_column][et_pb_column type=&#8221;1_2&#8243; _builder_version=&#8221;4.20.0&#8243; _module_preset=&#8221;default&#8221; global_colors_info=&#8221;{}&#8221; theme_builder_area=&#8221;post_content&#8221;][wpforms_selector form_id=&#8221;11217&#8243; _builder_version=&#8221;4.20.0&#8243; _module_preset=&#8221;default&#8221; global_colors_info=&#8221;{}&#8221; theme_builder_area=&#8221;post_content&#8221;][\/wpforms_selector][\/et_pb_column][\/et_pb_row][et_pb_row _builder_version=&#8221;4.20.0&#8243; _module_preset=&#8221;default&#8221; global_colors_info=&#8221;{}&#8221; theme_builder_area=&#8221;post_content&#8221;][et_pb_column type=&#8221;4_4&#8243; _builder_version=&#8221;4.20.0&#8243; _module_preset=&#8221;default&#8221; global_colors_info=&#8221;{}&#8221; theme_builder_area=&#8221;post_content&#8221;][et_pb_text _builder_version=&#8221;4.20.0&#8243; _module_preset=&#8221;default&#8221; global_colors_info=&#8221;{}&#8221; theme_builder_area=&#8221;post_content&#8221;]\n<p style=\"text-align: center;\">Carretera Culiac\u00e1n-Imala Km. 2, Fraccionamiento Los \u00c1ngeles<br \/>Culiac\u00e1n, Sinaloa, M\u00e9xico.<br \/><strong style=\"font-style: inherit;\">Tel\u00e9fono<\/strong> <a style=\"font-style: inherit; font-weight: inherit; background-color: #ffffff;\" href=\"tel:526671041599\">+52 (667) 2192679<\/a><br \/><strong style=\"font-style: inherit;\">Email<\/strong> <a style=\"font-style: inherit; font-weight: inherit; background-color: #ffffff;\" href=\"mailto:info@utculiacan.edu.mx\">serviciosescolares@utculiacan.edu.mx<\/a><\/p>\n[\/et_pb_text][\/et_pb_column][\/et_pb_row][\/et_pb_section]\n","protected":false},"excerpt":{"rendered":"<p><div class=\"et_pb_module wpforms_selector wpforms_selector_0\">\n\t\t\t\t\n\t\t\t\t\n\t\t\t\t\n\t\t\t\t\n\t\t\t\t\n\t\t\t\t\n\t\t\t\t<div class=\"et_pb_module_inner\">\n\t\t\t\t\t<div class=\"wpforms-container \" id=\"wpforms-11217\"><form id=\"wpforms-form-11217\" class=\"wpforms-validate wpforms-form wpforms-ajax-form\" data-formid=\"11217\" method=\"post\" enctype=\"multipart\/form-data\" action=\"\/en\/wp-json\/wp\/v2\/pages\/13241\" data-token=\"a7ccfaa0f80385513b9c4d254b517509\"><noscript class=\"wpforms-error-noscript\">Please enable JavaScript in your browser to complete this form.<\/noscript><div class=\"wpforms-field-container\"><div id=\"wpforms-11217-field_0-container\" class=\"wpforms-field wpforms-field-name\" data-field-id=\"0\"><label class=\"wpforms-field-label wpforms-label-hide\" for=\"wpforms-11217-field_0\">Nombre <span class=\"wpforms-required-label\">*<\/span><\/label><input type=\"text\" id=\"wpforms-11217-field_0\" class=\"wpforms-field-large wpforms-field-required\" name=\"wpforms[fields][0]\" placeholder=\"Nombre\" required><\/div><div id=\"wpforms-11217-field_1-container\" class=\"wpforms-field wpforms-field-email\" data-field-id=\"1\"><label class=\"wpforms-field-label wpforms-label-hide\" for=\"wpforms-11217-field_1\">Correo <span class=\"wpforms-required-label\">*<\/span><\/label><input type=\"email\" id=\"wpforms-11217-field_1\" class=\"wpforms-field-large wpforms-field-required\" name=\"wpforms[fields][1]\" placeholder=\"Correo\" required><\/div><div id=\"wpforms-11217-field_6-container\" class=\"wpforms-field wpforms-field-phone\" data-field-id=\"6\"><label class=\"wpforms-field-label wpforms-label-hide\" for=\"wpforms-11217-field_6\">N\u00famero de Tel\u00e9fono <\/label><input type=\"tel\" id=\"wpforms-11217-field_6\" class=\"wpforms-field-medium wpforms-smart-phone-field\" data-rule-smart-phone-field=\"true\" name=\"wpforms[fields][6]\" placeholder=\"Ceular\" ><\/div><div id=\"wpforms-11217-field_5-container\" class=\"wpforms-field wpforms-field-radio\" data-field-id=\"5\"><label class=\"wpforms-field-label\" for=\"wpforms-11217-field_5\">\u00bfA que departamento deseas comunicarte?<\/label><ul id=\"wpforms-11217-field_5\"><li class=\"choice-1 depth-1\"><input type=\"radio\" id=\"wpforms-11217-field_5_1\" name=\"wpforms[fields][5]\" value=\"Direcci\u00f3n\"  ><label class=\"wpforms-field-label-inline\" for=\"wpforms-11217-field_5_1\">Direcci\u00f3n<\/label><\/li><li class=\"choice-2 depth-1\"><input type=\"radio\" id=\"wpforms-11217-field_5_2\" name=\"wpforms[fields][5]\" value=\"Vinculaci\u00f3n\"  ><label class=\"wpforms-field-label-inline\" for=\"wpforms-11217-field_5_2\">Vinculaci\u00f3n<\/label><\/li><li class=\"choice-3 depth-1\"><input type=\"radio\" id=\"wpforms-11217-field_5_3\" name=\"wpforms[fields][5]\" value=\"Carreras\"  ><label class=\"wpforms-field-label-inline\" for=\"wpforms-11217-field_5_3\">Carreras<\/label><\/li><\/ul><\/div><div id=\"wpforms-11217-field_2-container\" class=\"wpforms-field wpforms-field-textarea\" data-field-id=\"2\"><label class=\"wpforms-field-label wpforms-label-hide\" for=\"wpforms-11217-field_2\">Tu Mensaje <span class=\"wpforms-required-label\">*<\/span><\/label><textarea id=\"wpforms-11217-field_2\" class=\"wpforms-field-medium wpforms-field-required\" name=\"wpforms[fields][2]\" placeholder=\"Tu Mensaje\" required><\/textarea><\/div><\/div><div class=\"wpforms-field wpforms-field-hp\"><label for=\"wpforms-11217-field-hp\" class=\"wpforms-field-label\">Message<\/label><input type=\"text\" name=\"wpforms[hp]\" id=\"wpforms-11217-field-hp\" class=\"wpforms-field-medium\"><\/div><input type=\"hidden\" name=\"wpforms[recaptcha]\" value=\"\"><div class=\"wpforms-submit-container\"><input type=\"hidden\" name=\"wpforms[id]\" value=\"11217\"><input type=\"hidden\" name=\"wpforms[author]\" value=\"29\"><button type=\"submit\" name=\"wpforms[submit]\" id=\"wpforms-submit-11217\" class=\"wpforms-submit\" data-alt-text=\"Enviando...\" data-submit-text=\"ENVIAR MENSAJE\" aria-live=\"assertive\" value=\"wpforms-submit\">ENVIAR MENSAJE<\/button><img decoding=\"async\" src=\"https:\/\/utculiacan.edu.mx\/wp-content\/plugins\/wpforms\/assets\/images\/submit-spin.svg\" class=\"wpforms-submit-spinner\" style=\"display: none;\" width=\"26\" height=\"26\" alt=\"Loading\"><\/div><\/form><\/div>  <!-- .wpforms-container -->\n\t\t\t\t<\/div>\n\t\t\t<\/div>Carretera Culiac\u00e1n-Imala Km. 2, Fraccionamiento Los \u00c1ngelesCuliac\u00e1n, Sinaloa, M\u00e9xico.Tel\u00e9fono +52 (667) 2192679Email serviciosescolares@utculiacan.edu.mx<\/p>\n","protected":false},"author":29,"featured_media":13242,"parent":0,"menu_order":0,"comment_status":"closed","ping_status":"closed","template":"","meta":{"_et_pb_use_builder":"on","_et_pb_old_content":"<iframe frameborder=\"0\" scrolling=\"no\" marginheight=\"0\" marginwidth=\"0\"\n\t\t\t\t\tsrc=\"https:\/\/maps.google.com\/maps?q=Culiac%C3%A1n-Imala%2C%20Km%202%2C%20Los%20angeles%2C%2080014%20Culiac%C3%A1n%20Rosales%2C%20Sin.&#038;t=m&#038;z=13&#038;output=embed&#038;iwloc=near\"\n\t\t\t\t\ttitle=\"Culiac\u00e1n-Imala, Km 2, Los angeles, 80014 Culiac\u00e1n Rosales, Sin.\"\n\t\t\t\t\taria-label=\"Culiac\u00e1n-Imala, Km 2, Los angeles, 80014 Culiac\u00e1n Rosales, Sin.\"\n\t\t\t><\/iframe>\n                                                    <h3>\n                                Env\u00edanos un mensaje                            <\/h3>\n                                <form id=\"wpforms-form-11217\" data-formid=\"11217\" method=\"post\" enctype=\"multipart\/form-data\" action=\"\/staging\/wp-admin\/admin-ajax.php\" data-token=\"7da6e9a2d7bfdfd87838af0b296f3946\"><noscript>Por favor, activa JavaScript en tu navegador para completar este formulario.<\/noscript><label for=\"wpforms-11217-field_0\">Nombre *<\/label><input type=\"text\" id=\"wpforms-11217-field_0\" name=\"wpforms[fields][0]\" placeholder=\"Nombre\" required><label for=\"wpforms-11217-field_1\">Correo *<\/label><input type=\"email\" id=\"wpforms-11217-field_1\" name=\"wpforms[fields][1]\" placeholder=\"Correo\" required><label for=\"wpforms-11217-field_6\">N\u00famero de Tel\u00e9fono <\/label><input type=\"tel\" id=\"wpforms-11217-field_6\" data-rule-smart-phone-field=\"true\" name=\"wpforms[fields][6]\" placeholder=\"Ceular\" ><label for=\"wpforms-11217-field_5\">\u00bfA que departamento deseas comunicarte?<\/label><ul id=\"wpforms-11217-field_5\"><li><input type=\"radio\" id=\"wpforms-11217-field_5_1\" name=\"wpforms[fields][5]\" value=\"Direcci\u00f3n\"  ><label for=\"wpforms-11217-field_5_1\">Direcci\u00f3n<\/label><\/li><li><input type=\"radio\" id=\"wpforms-11217-field_5_2\" name=\"wpforms[fields][5]\" value=\"Vinculaci\u00f3n\"  ><label for=\"wpforms-11217-field_5_2\">Vinculaci\u00f3n<\/label><\/li><li><input type=\"radio\" id=\"wpforms-11217-field_5_3\" name=\"wpforms[fields][5]\" value=\"Carreras\"  ><label for=\"wpforms-11217-field_5_3\">Carreras<\/label><\/li><\/ul><label for=\"wpforms-11217-field_2\">Tu Mensaje *<\/label><textarea id=\"wpforms-11217-field_2\" name=\"wpforms[fields][2]\" placeholder=\"Tu Mensaje\" required><\/textarea><label for=\"wpforms-11217-field-hp\">Email<\/label><input type=\"text\" name=\"wpforms[hp]\" id=\"wpforms-11217-field-hp\"><input type=\"text\" name=\"g-recaptcha-hidden\" style=\"position:absolute!important;clip:rect(0,0,0,0)!important;height:1px!important;width:1px!important;border:0!important;overflow:hidden!important;padding:0!important;margin:0!important;\" required><input type=\"hidden\" name=\"wpforms[id]\" value=\"11217\"><input type=\"hidden\" name=\"wpforms[author]\" value=\"15\"><button type=\"submit\" name=\"wpforms[submit]\" id=\"wpforms-submit-11217\" value=\"wpforms-submit\" aria-live=\"assertive\" data-alt-text=\"Enviando...\" data-submit-text=\"ENVIAR MENSAJE\">ENVIAR MENSAJE<\/button><img src=\"https:\/\/utculiacan.edu.mx\/wp-content\/plugins\/wpforms\/assets\/images\/submit-spin.svg\" style=\"display: none;\" width=\"26\" height=\"26\" alt=\"\"><\/form>  <!-- .wpforms-container -->            \n\t\t<p style=\"text-align: center;\">Carretera Culiac\u00e1n-Imala Km. 2, Fraccionamiento Los \u00c1ngeles<br \/>Culiac\u00e1n, Sinaloa, M\u00e9xico.<br \/><strong style=\"font-style: inherit;\">Tel\u00e9fono<\/strong> <a style=\"font-style: inherit; font-weight: inherit; background-color: #ffffff;\" href=\"tel:526671041599\">+52 (667) 104 1599<\/a><br \/><strong style=\"font-style: inherit;\">Email<\/strong> <a style=\"font-style: inherit; font-weight: inherit; background-color: #ffffff;\" href=\"mailto:info@utculiacan.edu.mx\">info@utculiacan.edu.mx<\/a><\/p>","_et_gb_content_width":"","_monsterinsights_skip_tracking":false,"_monsterinsights_sitenote_active":false,"_monsterinsights_sitenote_note":"","_monsterinsights_sitenote_category":0,"_uf_show_specific_survey":0,"_uf_disable_surveys":false,"footnotes":""},"class_list":["post-13241","page","type-page","status-publish","has-post-thumbnail","hentry"],"aioseo_notices":[],"_links":{"self":[{"href":"https:\/\/utculiacan.edu.mx\/en\/wp-json\/wp\/v2\/pages\/13241","targetHints":{"allow":["GET"]}}],"collection":[{"href":"https:\/\/utculiacan.edu.mx\/en\/wp-json\/wp\/v2\/pages"}],"about":[{"href":"https:\/\/utculiacan.edu.mx\/en\/wp-json\/wp\/v2\/types\/page"}],"author":[{"embeddable":true,"href":"https:\/\/utculiacan.edu.mx\/en\/wp-json\/wp\/v2\/users\/29"}],"replies":[{"embeddable":true,"href":"https:\/\/utculiacan.edu.mx\/en\/wp-json\/wp\/v2\/comments?post=13241"}],"version-history":[{"count":40,"href":"https:\/\/utculiacan.edu.mx\/en\/wp-json\/wp\/v2\/pages\/13241\/revisions"}],"predecessor-version":[{"id":16926,"href":"https:\/\/utculiacan.edu.mx\/en\/wp-json\/wp\/v2\/pages\/13241\/revisions\/16926"}],"wp:featuredmedia":[{"embeddable":true,"href":"https:\/\/utculiacan.edu.mx\/en\/wp-json\/wp\/v2\/media\/13242"}],"wp:attachment":[{"href":"https:\/\/utculiacan.edu.mx\/en\/wp-json\/wp\/v2\/media?parent=13241"}],"curies":[{"name":"wp","href":"https:\/\/api.w.org\/{rel}","templated":true}]}}