{"id":13759,"date":"2021-06-22T11:37:28","date_gmt":"2021-06-22T17:37:28","guid":{"rendered":"https:\/\/utculiacan.edu.mx\/contraloria-social\/"},"modified":"2021-06-22T11:37:28","modified_gmt":"2021-06-22T17:37:28","slug":"contraloria-social","status":"publish","type":"page","link":"https:\/\/utculiacan.edu.mx\/en\/contraloria-social\/","title":{"rendered":"Contralor\u00eda Social"},"content":{"rendered":"[et_pb_section fb_built=&#8221;1&#8243; _builder_version=&#8221;4.7.3&#8243; background_enable_image=&#8221;off&#8221; background_size=&#8221;contain&#8221; background_blend=&#8221;darken&#8221; custom_padding=&#8221;50px|||||&#8221;][et_pb_row _builder_version=&#8221;3.25.2&#8243;][et_pb_column type=&#8221;4_4&#8243; _builder_version=&#8221;3.25.2&#8243;][et_pb_blurb title=&#8221;\u00bfQu\u00e9 es la Contralor\u00eda Social?&#8221; image=&#8221;https:\/\/utculiacan.edu.mx\/wp-content\/uploads\/2020\/11\/CS_2020.jpg&#8221; content_max_width=&#8221;965px&#8221; _builder_version=&#8221;4.7.3&#8243; _module_preset=&#8221;default&#8221; header_text_color=&#8221;#000000&#8243; header_font_size=&#8221;30px&#8221; body_text_align=&#8221;justify&#8221; body_text_color=&#8221;#999999&#8243; body_font_size=&#8221;20px&#8221; min_height=&#8221;542px&#8221;]\n<p><span>Es la participaci\u00f3n de la sociedad en la evaluaci\u00f3n y vigilancia de manera organizada o independiente, con el prop\u00f3sito de contribuir a que los recursos p\u00fablicos se manejen con transparencia, eficacia, legalidad y honradez, as\u00ed como exigir la rendici\u00f3n de cuentas a sus gobernantes.<\/span><\/p>\n[\/et_pb_blurb][et_pb_toggle title=&#8221;PRODEP 2020&#8243; admin_label=&#8221;MISI\u00d3N&#8221; _builder_version=&#8221;4.9.0&#8243; animation_style=&#8221;fade&#8221; inline_fonts=&#8221;Alatsi&#8221;]\n<p><a href=\"https:\/\/utculiacan.edu.mx\/prodep-2020\/\">Visita la p\u00e1gina de PRODEP 2020<\/a><\/p>\n[\/et_pb_toggle][et_pb_toggle title=&#8221;PFCE 2020&#8243; admin_label=&#8221;VISI\u00d3N &#8221; _builder_version=&#8221;4.9.0&#8243; animation_style=&#8221;fade&#8221;]\n<p><a href=\"https:\/\/utculiacan.edu.mx\/pfce-2020\/\">Visita la p\u00e1gina de PFCE 2020<\/a><\/p>\n[\/et_pb_toggle][et_pb_toggle title=&#8221;PROFEXCE 2020&#8243; admin_label=&#8221;PERFIL DE INGRESO &#8221; _builder_version=&#8221;4.9.0&#8243; animation_style=&#8221;fade&#8221;]\n<p><a href=\"https:\/\/utculiacan.edu.mx\/profexce-2020\/\">Visita la p\u00e1gina de PROFEXCE 2020<\/a><\/p>\n[\/et_pb_toggle][\/et_pb_column][\/et_pb_row][\/et_pb_section]\n","protected":false},"excerpt":{"rendered":"<p>Es la participaci\u00f3n de la sociedad en la evaluaci\u00f3n y vigilancia de manera organizada o independiente, con el prop\u00f3sito de contribuir a que los recursos p\u00fablicos se manejen con transparencia, eficacia, legalidad y honradez, as\u00ed como exigir la rendici\u00f3n de cuentas a sus gobernantes.Visita la p\u00e1gina de PRODEP 2020Visita la p\u00e1gina de PFCE 2020Visita la [&hellip;]<\/p>\n","protected":false},"author":29,"featured_media":0,"parent":0,"menu_order":0,"comment_status":"closed","ping_status":"closed","template":"","meta":{"_et_pb_use_builder":"on","_et_pb_old_content":"","_et_gb_content_width":"","_monsterinsights_skip_tracking":false,"_monsterinsights_sitenote_active":false,"_monsterinsights_sitenote_note":"","_monsterinsights_sitenote_category":0,"_uf_show_specific_survey":0,"_uf_disable_surveys":false,"footnotes":""},"class_list":["post-13759","page","type-page","status-publish","hentry"],"aioseo_notices":[],"_links":{"self":[{"href":"https:\/\/utculiacan.edu.mx\/en\/wp-json\/wp\/v2\/pages\/13759","targetHints":{"allow":["GET"]}}],"collection":[{"href":"https:\/\/utculiacan.edu.mx\/en\/wp-json\/wp\/v2\/pages"}],"about":[{"href":"https:\/\/utculiacan.edu.mx\/en\/wp-json\/wp\/v2\/types\/page"}],"author":[{"embeddable":true,"href":"https:\/\/utculiacan.edu.mx\/en\/wp-json\/wp\/v2\/users\/29"}],"replies":[{"embeddable":true,"href":"https:\/\/utculiacan.edu.mx\/en\/wp-json\/wp\/v2\/comments?post=13759"}],"version-history":[{"count":0,"href":"https:\/\/utculiacan.edu.mx\/en\/wp-json\/wp\/v2\/pages\/13759\/revisions"}],"wp:attachment":[{"href":"https:\/\/utculiacan.edu.mx\/en\/wp-json\/wp\/v2\/media?parent=13759"}],"curies":[{"name":"wp","href":"https:\/\/api.w.org\/{rel}","templated":true}]}}