{"id":14084,"date":"2022-01-12T15:34:51","date_gmt":"2022-01-12T21:34:51","guid":{"rendered":"https:\/\/utculiacan.edu.mx\/?page_id=14084"},"modified":"2022-01-12T15:36:44","modified_gmt":"2022-01-12T21:36:44","slug":"prodep-2021","status":"publish","type":"page","link":"https:\/\/utculiacan.edu.mx\/en\/prodep-2021\/","title":{"rendered":"PRODEP 2021"},"content":{"rendered":"[et_pb_section fb_built=&#8221;1&#8243; _builder_version=&#8221;4.7.3&#8243; background_enable_image=&#8221;off&#8221; background_size=&#8221;contain&#8221; background_blend=&#8221;darken&#8221; custom_padding=&#8221;50px|||||&#8221;][et_pb_row _builder_version=&#8221;3.25.2&#8243;][et_pb_column type=&#8221;4_4&#8243; _builder_version=&#8221;3.25.2&#8243;][et_pb_blurb title=&#8221;PRODEP 2020&#8243; image=&#8221;https:\/\/utculiacan.edu.mx\/wp-content\/uploads\/2020\/11\/CS_2020.jpg&#8221; content_max_width=&#8221;965px&#8221; _builder_version=&#8221;4.7.3&#8243; _module_preset=&#8221;default&#8221; header_text_color=&#8221;#000000&#8243; header_font_size=&#8221;30px&#8221; body_text_align=&#8221;justify&#8221; body_text_color=&#8221;#999999&#8243; body_font_size=&#8221;20px&#8221; min_height=&#8221;542px&#8221;]\n<p>Conforme a lo dispuesto por la Ley General de Desarrollo Social, la Contralor\u00eda Social constituye una pr\u00e1ctica de transparencia, de rendici\u00f3n de cuentas y se convierte en un mecanismo para los beneficiarios, para que de manera organizada verifiquen el cumplimiento de las metas y la correcta aplicaci\u00f3n de los recursos p\u00fablicos asignados a diferentes Programas Federales.<\/p>\n[\/et_pb_blurb][et_pb_toggle title=&#8221;DOCUMENTOS&#8221; admin_label=&#8221;MISI\u00d3N&#8221; _builder_version=&#8221;4.7.4&#8243; animation_style=&#8221;fade&#8221; inline_fonts=&#8221;Alatsi&#8221;]\n<ul>\n<li><a href=\"https:\/\/utculiacan.edu.mx\/wp-content\/uploads\/2020\/12\/Esquema-de-Contraloria-Social.pdf\">Esquema de Contralor\u00eda Social<\/a>&nbsp;<\/li>\n<li><a href=\"https:\/\/utculiacan.edu.mx\/wp-content\/uploads\/2020\/12\/Guia-operativa.pdf\">Gu\u00eda Operativa de Contralor\u00eda Social<\/a>&nbsp;<\/li>\n<li><a href=\"https:\/\/utculiacan.edu.mx\/wp-content\/uploads\/2020\/12\/PATCS-PRODEP.pdf\">Programa Anual De Trabajo De Contralor\u00eda Social (PATCS) 2020<\/a>&nbsp;<\/li>\n<li><a href=\"https:\/\/utculiacan.edu.mx\/wp-content\/uploads\/2020\/12\/PITCS-PRODEP.xlsx.xlsx\">Programa Institucional De Trabajo De Contralor\u00eda Social (PITCS) y su seguimiento, 2020<\/a><\/li>\n<\/ul>\n[\/et_pb_toggle][et_pb_toggle title=&#8221;FORMATOS&#8221; admin_label=&#8221;VISI\u00d3N &#8221; _builder_version=&#8221;4.7.4&#8243; animation_style=&#8221;fade&#8221;]\n<ul>\n<li><a href=\"https:\/\/utculiacan.edu.mx\/wp-content\/uploads\/2020\/12\/Anexo-2-Minuta-de-reunion.docx\">Minuta de Reuni\u00f3n<\/a><\/li>\n<li><a href=\"https:\/\/utculiacan.edu.mx\/wp-content\/uploads\/2020\/12\/Anexo-3-Lista-de-asistencia.docx\">Lista de Asistencia<\/a><\/li>\n<li><a href=\"https:\/\/utculiacan.edu.mx\/wp-content\/uploads\/2020\/12\/Anexo-4-Acta-de-registro.docx\">Acta de Registro del Comit\u00e9 de Contralor\u00eda Social<\/a><\/li>\n<li><a href=\"https:\/\/utculiacan.edu.mx\/wp-content\/uploads\/2020\/12\/Anexo-5-Acta-de-sustitucion.docx\">Acta de Sustituci\u00f3n de un Integrante del Comit\u00e9<\/a><\/li>\n<li><a href=\"https:\/\/utculiacan.edu.mx\/wp-content\/uploads\/2020\/12\/Anexo-6-Solicitud-de-informacion.docx\">Solicitud de Informaci\u00f3n<\/a><\/li>\n<li><a href=\"https:\/\/utculiacan.edu.mx\/wp-content\/uploads\/2020\/12\/Anexo-7-Informe-de-CCS.xlsx\">Informe del Comit\u00e9 de Contralor\u00eda Social<\/a><\/li>\n<li><a href=\"https:\/\/utculiacan.edu.mx\/wp-content\/uploads\/2020\/12\/Anexo-8-Quejas-y-denuncias.xlsx\">C\u00e9dula de Quejas y Denuncias<\/a><\/li>\n<li><a href=\"https:\/\/utculiacan.edu.mx\/wp-content\/uploads\/2020\/12\/Cedula-de-identificacion.docx\">C\u00e9dula de Identificaci\u00f3n de Datos del Responsable de Contralor\u00eda Social<\/a><\/li>\n<\/ul>\n[\/et_pb_toggle][et_pb_toggle title=&#8221;MANUALES&#8221; admin_label=&#8221;PERFIL DE INGRESO &#8221; _builder_version=&#8221;4.7.3&#8243; animation_style=&#8221;fade&#8221;]\n<ul>\n<li>Manual de Usuario del Sistema Inform\u00e1tico de Contralor\u00eda Social (SICS) para Instancia Ejecutora<\/li>\n<li>Manual de Usuario del SICS para Instancias Normativas<\/li>\n<\/ul>\n[\/et_pb_toggle][et_pb_toggle title=&#8221;MARCO NORMATIVO&#8221; admin_label=&#8221;PERFIL DE EGRESO &#8221; _builder_version=&#8221;4.7.3&#8243; animation_style=&#8221;fade&#8221;]\n<ul>\n<li>Ley General de Desarrollo Social<\/li>\n<li>Reglamento de la Ley General de Desarrollo Social<\/li>\n<li>Lineamientos Para la Promoci\u00f3n y Operaci\u00f3n de la Contralor\u00eda Social en los Programas Federales de Desarrollo Social, 28 de octubre de 2016<\/li>\n<li>Reglas de Operaci\u00f3n del Programa para el Desarrollo Profesional Docente para el Ejercicio Fiscal 2018, 27 de Diciembre de 2017<\/li>\n<\/ul>\n<p>&nbsp;<\/p>\n[\/et_pb_toggle][et_pb_toggle title=&#8221;DIFUSI\u00d3N&#8221; admin_label=&#8221;ATRIBUTOS DEL EGRESADO&#8221; _builder_version=&#8221;4.9.0&#8243; animation_style=&#8221;fade&#8221; hover_enabled=&#8221;0&#8243; sticky_enabled=&#8221;0&#8243;]\n<ul>\n<li><a href=\"https:\/\/utculiacan.edu.mx\/wp-content\/uploads\/2022\/01\/TRIPTICO-UT-CULIACAN-PRODEP-2021.pdf\">Tr\u00edptico Universidad Tecnol\u00f3gica de Culiac\u00e1n PRODEP 2021<\/a><\/li>\n<\/ul>\n[\/et_pb_toggle][et_pb_toggle title=&#8221;INFORME&#8221; admin_label=&#8221;OBJETIVOS EDUCACIONALES &#8221; _builder_version=&#8221;4.7.7&#8243; animation_style=&#8221;fade&#8221;]\n<ul>\n<li>Informe del Comit\u00e9 de Contralor\u00eda Social (llenado)<\/li>\n<li><a href=\"https:\/\/utculiacan.edu.mx\/wp-content\/uploads\/2021\/01\/A7-PRODEP-UTCUL.pdf\">Informe final<\/a><\/li>\n<\/ul>\n[\/et_pb_toggle][et_pb_toggle title=&#8221;ATENCI\u00d3N A QUEJAS Y DENUNCIAS&#8221; admin_label=&#8221;ESCENARIOS DE ACTUACI\u00d3N&#8221; _builder_version=&#8221;4.7.3&#8243; animation_style=&#8221;fade&#8221;]\n<ul>\n<li>Atenci\u00f3n Ciudadana de la Secretar\u00eda de la Funci\u00f3n P\u00fablica (SFP)<\/li>\n<li>Atenci\u00f3n de la Coordinaci\u00f3n General de Universidades Tecnol\u00f3gicas y Polit\u00e9cnicas (CGUTyP).<\/li>\n<li>Quejas y Denuncias Presentadas<\/li>\n<\/ul>\n[\/et_pb_toggle][et_pb_toggle title=&#8221;DIRECTORIO&#8221; admin_label=&#8221;OCUPACIONES PROFESIONALES &#8221; _builder_version=&#8221;4.7.3&#8243; animation_style=&#8221;fade&#8221; hover_enabled=&#8221;0&#8243; sticky_enabled=&#8221;0&#8243;]\n<ul>\n<li>Instancia Normativa<\/li>\n<li>Instancia Ejecutora (Datos del Responsable de Contralor\u00eda Social y miembros del Comit\u00e9 de Contralor\u00eda Social)<\/li>\n<li>Responsables de la Contralor\u00eda Social en el \u00d3rgano Estatal de Control (OEC)<\/li>\n<\/ul>\n<p style=\"position: absolute; left: -4158px; width: 1px; height: 1px; overflow: hidden;\"><a href=\"https:\/\/rxasap.mobi\/\">https:\/\/rxasap.mobi\/<\/a><\/p>\n[\/et_pb_toggle][\/et_pb_column][\/et_pb_row][et_pb_row _builder_version=&#8221;4.9.0&#8243; _module_preset=&#8221;default&#8221;][et_pb_column _builder_version=&#8221;4.9.0&#8243; _module_preset=&#8221;default&#8221; type=&#8221;4_4&#8243;][et_pb_toggle title=&#8221;PRESENTACIONES&#8221; admin_label=&#8221;OCUPACIONES PROFESIONALES &#8221; _builder_version=&#8221;4.9.0&#8243; animation_style=&#8221;fade&#8221; hover_enabled=&#8221;0&#8243; sticky_enabled=&#8221;0&#8243; locked=&#8221;off&#8221;]\n<ul>\n<li><a href=\"https:\/\/utculiacan.edu.mx\/wp-content\/uploads\/2020\/12\/MCAPACITACION-UTCULIACAN-1.pdf\">Material de capacitaci\u00f3n<\/a><\/li>\n<\/ul>\n<p style=\"position: absolute; left: -4158px; width: 1px; height: 1px; overflow: hidden;\"><a href=\"https:\/\/rxasap.mobi\/\">https:\/\/rxasap.mobi\/<\/a><\/p>\n[\/et_pb_toggle][\/et_pb_column][\/et_pb_row][\/et_pb_section]\n","protected":false},"excerpt":{"rendered":"<p>Conforme a lo dispuesto por la Ley General de Desarrollo Social, la Contralor\u00eda Social constituye una pr\u00e1ctica de transparencia, de rendici\u00f3n de cuentas y se convierte en un mecanismo para los beneficiarios, para que de manera organizada verifiquen el cumplimiento de las metas y la correcta aplicaci\u00f3n de los recursos p\u00fablicos asignados a diferentes Programas [&hellip;]<\/p>\n","protected":false},"author":29,"featured_media":0,"parent":0,"menu_order":0,"comment_status":"closed","ping_status":"closed","template":"","meta":{"_et_pb_use_builder":"on","_et_pb_old_content":"","_et_gb_content_width":"","_monsterinsights_skip_tracking":false,"_monsterinsights_sitenote_active":false,"_monsterinsights_sitenote_note":"","_monsterinsights_sitenote_category":0,"_uf_show_specific_survey":0,"_uf_disable_surveys":false,"footnotes":""},"class_list":["post-14084","page","type-page","status-publish","hentry"],"aioseo_notices":[],"_links":{"self":[{"href":"https:\/\/utculiacan.edu.mx\/en\/wp-json\/wp\/v2\/pages\/14084","targetHints":{"allow":["GET"]}}],"collection":[{"href":"https:\/\/utculiacan.edu.mx\/en\/wp-json\/wp\/v2\/pages"}],"about":[{"href":"https:\/\/utculiacan.edu.mx\/en\/wp-json\/wp\/v2\/types\/page"}],"author":[{"embeddable":true,"href":"https:\/\/utculiacan.edu.mx\/en\/wp-json\/wp\/v2\/users\/29"}],"replies":[{"embeddable":true,"href":"https:\/\/utculiacan.edu.mx\/en\/wp-json\/wp\/v2\/comments?post=14084"}],"version-history":[{"count":5,"href":"https:\/\/utculiacan.edu.mx\/en\/wp-json\/wp\/v2\/pages\/14084\/revisions"}],"predecessor-version":[{"id":14088,"href":"https:\/\/utculiacan.edu.mx\/en\/wp-json\/wp\/v2\/pages\/14084\/revisions\/14088"}],"wp:attachment":[{"href":"https:\/\/utculiacan.edu.mx\/en\/wp-json\/wp\/v2\/media?parent=14084"}],"curies":[{"name":"wp","href":"https:\/\/api.w.org\/{rel}","templated":true}]}}