{"id":141,"date":"2018-10-16T13:30:43","date_gmt":"2018-10-16T19:30:43","guid":{"rendered":"http:\/\/utculiacan.edu.mx\/?page_id=141"},"modified":"2021-06-21T01:22:26","modified_gmt":"2021-06-21T07:22:26","slug":"mision-vision-y-valores","status":"publish","type":"page","link":"https:\/\/utculiacan.edu.mx\/en\/mision-vision-y-valores\/","title":{"rendered":"Misi\u00f3n, Visi\u00f3n Y Valores"},"content":{"rendered":"<h3><strong>Misi\u00f3n<\/strong><\/h3>\n<p>Formar T\u00e9cnicos Superiores Universitarios, Ingenieros y Licenciados competentes que contribuyan al desarrollo sustentable, econ\u00f3mico y social de la regi\u00f3n, del estado y del pa\u00eds impartiendo educaci\u00f3n superior de calidad con capital humano de excelencia a trav\u00e9s de una vinculaci\u00f3n permanente con los sectores productivo y social.<\/p>\n<h3><strong>Visi\u00f3n<\/strong><\/h3>\n<p>Una instituci\u00f3n de Educaci\u00f3n Superior que cumple con las expectativas de la sociedad, reconocida nacional e internacionalmente por su eficiencia, pertinencia y equidad; con valores universales que contribuyen al desarrollo sustentable de la comunidad mediante la vinculaci\u00f3n con el sector productivo y social, que forma profesionales comprometidos con el estado y el pa\u00eds.<\/p>\n<h3><strong>Valores<\/strong><\/h3>\n<p style=\"font-weight: 400;\"><strong>Equidad:<\/strong>\u00a0La Universidad Tecnol\u00f3gica de Culiac\u00e1n promueve derecho a las diferencias de g\u00e9nero, etnia, y cultura.<\/p>\n<p style=\"font-weight: 400;\"><strong>Responsabilidad:<\/strong>\u00a0Cumpliendo eficazmente con los objetivos de cada una de nuestras \u00e1reas y siempre dando resultados positivos en las tareas encomendadas.<\/p>\n<p style=\"font-weight: 400;\"><strong>Integraci\u00f3n:<\/strong>\u00a0Mantener lazos permanentes con los \u00e1mbito local, regional, nacional e internacional por medio de la promoci\u00f3n eficaz e intercambios acad\u00e9micos pertinentes.<\/p>\n<p style=\"font-weight: 400;\"><strong>Calidad:<\/strong>\u00a0Establecer una cultura de calidad enfocada hacia los est\u00e1ndares y la mejora continua, conforme al sistema de gesti\u00f3n de calidad.<\/p>","protected":false},"excerpt":{"rendered":"<p>Misi\u00f3n Formar T\u00e9cnicos Superiores Universitarios, Ingenieros y Licenciados competentes que contribuyan al desarrollo sustentable, econ\u00f3mico y social de la regi\u00f3n, del estado y del pa\u00eds impartiendo educaci\u00f3n superior de calidad con capital humano de excelencia a trav\u00e9s de una vinculaci\u00f3n permanente con los sectores productivo y social. Visi\u00f3n Una instituci\u00f3n de Educaci\u00f3n Superior que cumple [&hellip;]<\/p>\n","protected":false},"author":29,"featured_media":12457,"parent":0,"menu_order":0,"comment_status":"closed","ping_status":"closed","template":"","meta":{"_et_pb_use_builder":"on","_et_pb_old_content":"<h3><strong>Misi\u00f3n<\/strong><\/h3>\r\nFormar T\u00e9cnicos Superiores Universitarios, Ingenieros y Licenciados competentes que contribuyan al desarrollo sustentable, econ\u00f3mico y social de la regi\u00f3n, del estado y del pa\u00eds impartiendo educaci\u00f3n superior de calidad con capital humano de excelencia a trav\u00e9s de una vinculaci\u00f3n permanente con los sectores productivo y social.\r\n\r\n&nbsp;\r\n<h3><strong>Visi\u00f3n<\/strong><\/h3>\r\nUna instituci\u00f3n de Educaci\u00f3n Superior que cumple con las expectativas de la sociedad, reconocida nacional e internacionalmente por su eficiencia, pertinencia y equidad; con valores universales que contribuyen al desarrollo sustentable de la comunidad mediante la vinculaci\u00f3n con el sector productivo y social, que forma profesionales comprometidos con el estado y el pa\u00eds.\r\n\r\n&nbsp;\r\n<h3><strong>Valores<\/strong><\/h3>\r\n<p style=\"font-weight: 400;\"><strong>Equidad:<\/strong>\u00a0La Universidad Tecnol\u00f3gica de Culiac\u00e1n promueve derecho a las diferencias de g\u00e9nero, etnia, y cultura.<\/p>\r\n<p style=\"font-weight: 400;\"><strong>Responsabilidad:<\/strong>\u00a0Cumpliendo eficazmente con los objetivos de cada una de nuestras \u00e1reas y siempre dando resultados positivos en las tareas encomendadas.<\/p>\r\n<p style=\"font-weight: 400;\"><strong>Integraci\u00f3n:<\/strong>\u00a0Mantener lazos permanentes con los \u00e1mbito local, regional, nacional e internacional por medio de la promoci\u00f3n eficaz e intercambios acad\u00e9micos pertinentes.<\/p>\r\n<p style=\"font-weight: 400;\"><strong>Calidad:<\/strong>\u00a0Establecer una cultura de calidad enfocada hacia los est\u00e1ndares y la mejora continua, conforme al sistema de gesti\u00f3n de calidad.<\/p>","_et_gb_content_width":"","_monsterinsights_skip_tracking":false,"_monsterinsights_sitenote_active":false,"_monsterinsights_sitenote_note":"","_monsterinsights_sitenote_category":0,"_uf_show_specific_survey":0,"_uf_disable_surveys":false,"footnotes":""},"class_list":["post-141","page","type-page","status-publish","has-post-thumbnail","hentry"],"aioseo_notices":[],"_links":{"self":[{"href":"https:\/\/utculiacan.edu.mx\/en\/wp-json\/wp\/v2\/pages\/141","targetHints":{"allow":["GET"]}}],"collection":[{"href":"https:\/\/utculiacan.edu.mx\/en\/wp-json\/wp\/v2\/pages"}],"about":[{"href":"https:\/\/utculiacan.edu.mx\/en\/wp-json\/wp\/v2\/types\/page"}],"author":[{"embeddable":true,"href":"https:\/\/utculiacan.edu.mx\/en\/wp-json\/wp\/v2\/users\/29"}],"replies":[{"embeddable":true,"href":"https:\/\/utculiacan.edu.mx\/en\/wp-json\/wp\/v2\/comments?post=141"}],"version-history":[{"count":5,"href":"https:\/\/utculiacan.edu.mx\/en\/wp-json\/wp\/v2\/pages\/141\/revisions"}],"predecessor-version":[{"id":12455,"href":"https:\/\/utculiacan.edu.mx\/en\/wp-json\/wp\/v2\/pages\/141\/revisions\/12455"}],"wp:featuredmedia":[{"embeddable":true,"href":"https:\/\/utculiacan.edu.mx\/en\/wp-json\/wp\/v2\/media\/12457"}],"wp:attachment":[{"href":"https:\/\/utculiacan.edu.mx\/en\/wp-json\/wp\/v2\/media?parent=141"}],"curies":[{"name":"wp","href":"https:\/\/api.w.org\/{rel}","templated":true}]}}