{"id":145,"date":"2018-10-16T13:34:08","date_gmt":"2018-10-16T19:34:08","guid":{"rendered":"http:\/\/utculiacan.edu.mx\/?page_id=145"},"modified":"2024-11-28T13:52:57","modified_gmt":"2024-11-28T20:52:57","slug":"modelo-bis-pe","status":"publish","type":"page","link":"https:\/\/utculiacan.edu.mx\/en\/modelo-bis-pe\/","title":{"rendered":"MODELO BIS"},"content":{"rendered":"[et_pb_section fb_built=&#8221;1&#8243; admin_label=&#8221;section&#8221; _builder_version=&#8221;4.16&#8243; global_colors_info=&#8221;{}&#8221; theme_builder_area=&#8221;post_content&#8221;][et_pb_row admin_label=&#8221;row&#8221; _builder_version=&#8221;4.16&#8243; background_size=&#8221;initial&#8221; background_position=&#8221;top_left&#8221; background_repeat=&#8221;repeat&#8221; global_colors_info=&#8221;{}&#8221; theme_builder_area=&#8221;post_content&#8221;][et_pb_column type=&#8221;4_4&#8243; _builder_version=&#8221;4.16&#8243; custom_padding=&#8221;|||&#8221; global_colors_info=&#8221;{}&#8221; custom_padding__hover=&#8221;|||&#8221; theme_builder_area=&#8221;post_content&#8221;][et_pb_text admin_label=&#8221;Text&#8221; _builder_version=&#8221;4.16&#8243; background_size=&#8221;initial&#8221; background_position=&#8221;top_left&#8221; background_repeat=&#8221;repeat&#8221; global_colors_info=&#8221;{}&#8221; theme_builder_area=&#8221;post_content&#8221;]<span style=\"font-size: large;\">El modelo educativo Biling\u00fce,Internacional y Sustentable(BIS), es una manera de estudio en donde la universidad te permite dominar el ingl\u00e9s en un \u00e1mbito profesional. Esto se logra llevando un cuatrimestre 100% enfocado al aprendizaje del idioma ingl\u00e9s y con la aplicaci\u00f3n de este idioma en las clases de las materias t\u00e9cnicas de cada carrera. Adem\u00e1s, tendr\u00e1s la oportunidad de participar en becas de estad\u00edas profesionales a Canad\u00e1, Estados Unidos y pa\u00edses europeos.<\/span><br \/>\n<span style=\"font-size: large;\">No es requisito tener conocimientos en el idioma ingl\u00e9s para ingresar en esta instituci\u00f3n.<\/span>[\/et_pb_text][\/et_pb_column][\/et_pb_row][\/et_pb_section]\n","protected":false},"excerpt":{"rendered":"<p>El modelo educativo Biling\u00fce,Internacional y Sustentable(BIS), es una manera de estudio en donde la universidad te permite dominar el ingl\u00e9s en un \u00e1mbito profesional. Esto se logra llevando un cuatrimestre 100% enfocado al aprendizaje del idioma ingl\u00e9s y con la aplicaci\u00f3n de este idioma en las clases de las materias t\u00e9cnicas de cada carrera. Adem\u00e1s, [&hellip;]<\/p>\n","protected":false},"author":29,"featured_media":12340,"parent":0,"menu_order":0,"comment_status":"closed","ping_status":"closed","template":"","meta":{"_et_pb_use_builder":"on","_et_pb_old_content":"El modelo educativo Biling\u00fce,Internacional y Sustentable(BIS), es una manera de estudio en donde la universidad te permite dominar el ingl\u00e9s en un \u00e1mbito profesional. Esto se logra llevando un cuatrimestre 100% enfocado al aprendizaje del idioma ingl\u00e9s y con la aplicaci\u00f3n de este idioma en las clases de las materias t\u00e9cnicas de cada carrera. Adem\u00e1s, tendr\u00e1s la oportunidad de participar en becas de estad\u00edas profesionales a Canad\u00e1, Estados Unidos y pa\u00edses europeos.\r\n\r\n\u00a0\r\n\r\n<img class=\"alignnone size-medium wp-image-147\" src=\"http:\/\/utculiacan.edu.mx\/wp-content\/uploads\/2018\/10\/bis-300x300.png\" alt=\"\" width=\"300\" height=\"300\" \/>","_et_gb_content_width":"","_monsterinsights_skip_tracking":false,"_monsterinsights_sitenote_active":false,"_monsterinsights_sitenote_note":"","_monsterinsights_sitenote_category":0,"_uf_show_specific_survey":0,"_uf_disable_surveys":false,"footnotes":""},"class_list":["post-145","page","type-page","status-publish","has-post-thumbnail","hentry"],"aioseo_notices":[],"_links":{"self":[{"href":"https:\/\/utculiacan.edu.mx\/en\/wp-json\/wp\/v2\/pages\/145","targetHints":{"allow":["GET"]}}],"collection":[{"href":"https:\/\/utculiacan.edu.mx\/en\/wp-json\/wp\/v2\/pages"}],"about":[{"href":"https:\/\/utculiacan.edu.mx\/en\/wp-json\/wp\/v2\/types\/page"}],"author":[{"embeddable":true,"href":"https:\/\/utculiacan.edu.mx\/en\/wp-json\/wp\/v2\/users\/29"}],"replies":[{"embeddable":true,"href":"https:\/\/utculiacan.edu.mx\/en\/wp-json\/wp\/v2\/comments?post=145"}],"version-history":[{"count":11,"href":"https:\/\/utculiacan.edu.mx\/en\/wp-json\/wp\/v2\/pages\/145\/revisions"}],"predecessor-version":[{"id":19894,"href":"https:\/\/utculiacan.edu.mx\/en\/wp-json\/wp\/v2\/pages\/145\/revisions\/19894"}],"wp:featuredmedia":[{"embeddable":true,"href":"https:\/\/utculiacan.edu.mx\/en\/wp-json\/wp\/v2\/media\/12340"}],"wp:attachment":[{"href":"https:\/\/utculiacan.edu.mx\/en\/wp-json\/wp\/v2\/media?parent=145"}],"curies":[{"name":"wp","href":"https:\/\/api.w.org\/{rel}","templated":true}]}}