{"id":1682,"date":"2018-11-12T15:43:05","date_gmt":"2018-11-12T21:43:05","guid":{"rendered":"http:\/\/utculiacan.edu.mx\/?page_id=1682"},"modified":"2022-08-01T14:24:26","modified_gmt":"2022-08-01T20:24:26","slug":"re-inscripcion","status":"publish","type":"page","link":"https:\/\/utculiacan.edu.mx\/en\/re-inscripcion\/","title":{"rendered":"Re-inscripci\u00f3n"},"content":{"rendered":"<h2>Pol\u00edticas y lineamientos<\/h2>\n<p style=\"text-align: left;\">Los alumnos que hayan aprobado todas las materias del cuatrimestre anterior o que hayan<br \/>\ncausado baja temporal y deseen reanudar sus estudios, pueden reinscribirse al siguiente<br \/>\ncuatrimestre, siempre y cuando est\u00e9n en posibilidad de terminar sus estudios (nivel Licenciatura) en un m\u00e1ximo de seis a\u00f1os contados a partir de su ingreso al primer cuatrimestre.<\/p>\n<p>De acuerdo al Reglamento Acad\u00e9mico, un alumno que haya reprobado una o dos materias, por<br \/>\n\u00fanica, ocasi\u00f3n puede solicitar al Consejo Acad\u00e9mico el recursamiento de materias como carga<br \/>\nacad\u00e9mica extra a la carga acad\u00e9mica regular. De acuerdo a las posibilidades materiales y<br \/>\npresupuestarias, la Universidad podr\u00e1 programar cursos especiales para atender este<br \/>\nrequerimiento. De ser as\u00ed se aceptar\u00e1 a estos alumnos como Reinscritos en el cuatrimestre<br \/>\nsiguiente.<\/p>\n<p><span style=\"font-weight: 400;\">La Direcci\u00f3n Acad\u00e9mica determinar\u00e1 si se autoriza cambio de grupo para alg\u00fan alumno y notificar\u00e1 a Servicios Escolares para generar la Carga Acad\u00e9mica.<\/span><\/p>\n<h2>Pasos para la re-inscripci\u00f3n<\/h2>\n<ol>\n<li><span style=\"font-weight: 400;\">Se abre el Periodo de Reinscripci\u00f3n en la primera semana de Septiembre, en la primera semana de Enero y en la primera semana de Mayo.<\/span><\/li>\n<li><span style=\"font-weight: 400;\">Solicitar en Servicios Escolares el Recibo de Pago de Colegiatura por $2,200 (Dos mil doscientos pesos). Este recibo se deber\u00e1 pagar en cualquier sucursal de Bancomer.<\/span><\/li>\n<li><span style=\"font-weight: 400;\">Presentar en la ventanilla de Servicios Escolares el Recibo de Pago de Colegiatura ya pagado.<\/span><\/li>\n<li><span style=\"font-weight: 400;\">Si es un alumno con autorizaci\u00f3n para recursamiento de materias deber\u00e1 pagar en la Direcci\u00f3n de Administraci\u00f3n y Finanzas un recibo por las materias a recursar.<\/span><\/li>\n<li><span style=\"font-weight: 400;\">Se genera la Carga Acad\u00e9mica para el alumno.<\/span><\/li>\n<\/ol>","protected":false},"excerpt":{"rendered":"<p>Pol\u00edticas y lineamientos Los alumnos que hayan aprobado todas las materias del cuatrimestre anterior o que hayan causado baja temporal y deseen reanudar sus estudios, pueden reinscribirse al siguiente cuatrimestre, siempre y cuando est\u00e9n en posibilidad de terminar sus estudios (nivel Licenciatura) en un m\u00e1ximo de seis a\u00f1os contados a partir de su ingreso al [&hellip;]<\/p>\n","protected":false},"author":29,"featured_media":12406,"parent":0,"menu_order":0,"comment_status":"closed","ping_status":"closed","template":"","meta":{"_et_pb_use_builder":"","_et_pb_old_content":"","_et_gb_content_width":"","_monsterinsights_skip_tracking":false,"_monsterinsights_sitenote_active":false,"_monsterinsights_sitenote_note":"","_monsterinsights_sitenote_category":0,"_uf_show_specific_survey":0,"_uf_disable_surveys":false,"footnotes":""},"class_list":["post-1682","page","type-page","status-publish","has-post-thumbnail","hentry"],"aioseo_notices":[],"_links":{"self":[{"href":"https:\/\/utculiacan.edu.mx\/en\/wp-json\/wp\/v2\/pages\/1682","targetHints":{"allow":["GET"]}}],"collection":[{"href":"https:\/\/utculiacan.edu.mx\/en\/wp-json\/wp\/v2\/pages"}],"about":[{"href":"https:\/\/utculiacan.edu.mx\/en\/wp-json\/wp\/v2\/types\/page"}],"author":[{"embeddable":true,"href":"https:\/\/utculiacan.edu.mx\/en\/wp-json\/wp\/v2\/users\/29"}],"replies":[{"embeddable":true,"href":"https:\/\/utculiacan.edu.mx\/en\/wp-json\/wp\/v2\/comments?post=1682"}],"version-history":[{"count":15,"href":"https:\/\/utculiacan.edu.mx\/en\/wp-json\/wp\/v2\/pages\/1682\/revisions"}],"predecessor-version":[{"id":15577,"href":"https:\/\/utculiacan.edu.mx\/en\/wp-json\/wp\/v2\/pages\/1682\/revisions\/15577"}],"wp:featuredmedia":[{"embeddable":true,"href":"https:\/\/utculiacan.edu.mx\/en\/wp-json\/wp\/v2\/media\/12406"}],"wp:attachment":[{"href":"https:\/\/utculiacan.edu.mx\/en\/wp-json\/wp\/v2\/media?parent=1682"}],"curies":[{"name":"wp","href":"https:\/\/api.w.org\/{rel}","templated":true}]}}