{"id":16874,"date":"2023-04-27T21:30:28","date_gmt":"2023-04-28T03:30:28","guid":{"rendered":"https:\/\/utculiacan.edu.mx\/?page_id=16874"},"modified":"2023-04-27T21:30:35","modified_gmt":"2023-04-28T03:30:35","slug":"1er-trim-2023","status":"publish","type":"page","link":"https:\/\/utculiacan.edu.mx\/en\/1er-trim-2023\/","title":{"rendered":"1er Trim 2023"},"content":{"rendered":"[et_pb_section fb_built=&#8221;1&#8243; _builder_version=&#8221;4.16&#8243; width=&#8221;100%&#8221; custom_margin=&#8221;|-200px|0px|||&#8221; box_shadow_style=&#8221;preset5&#8243; collapsed=&#8221;off&#8221; global_colors_info=&#8221;{}&#8221; theme_builder_area=&#8221;post_content&#8221;][et_pb_row column_structure=&#8221;1_3,1_3,1_3&#8243; _builder_version=&#8221;4.16&#8243; max_width=&#8221;1705px&#8221; global_colors_info=&#8221;{}&#8221; theme_builder_area=&#8221;post_content&#8221;][et_pb_column type=&#8221;1_3&#8243; _builder_version=&#8221;4.16&#8243; global_colors_info=&#8221;{}&#8221; theme_builder_area=&#8221;post_content&#8221;][et_pb_text admin_label=&#8221;Text&#8221; _builder_version=&#8221;4.20.4&#8243; background_size=&#8221;initial&#8221; background_position=&#8221;top_left&#8221; background_repeat=&#8221;repeat&#8221; custom_padding=&#8221;|||0px||&#8221; hover_enabled=&#8221;0&#8243; global_colors_info=&#8221;{}&#8221; theme_builder_area=&#8221;post_content&#8221; sticky_enabled=&#8221;0&#8243;]\n<div class='et-box et-shadow'>\n\t\t\t\t\t<div class='et-box-content'><h3 style=\"text-align: center;\"><span style=\"color: #800000;\">INFORMACI\u00d3N CONTABLE<\/span><\/div><\/div><\/h3>\n<p><img decoding=\"async\" class=\"wp-image-4285 aligncenter\" src=\"https:\/\/utculiacan.edu.mx\/wp-content\/uploads\/2019\/10\/Contabilidad-Financiera.jpg\" alt=\"\" width=\"347\" height=\"260\" srcset=\"https:\/\/utculiacan.edu.mx\/wp-content\/uploads\/2019\/10\/Contabilidad-Financiera.jpg 640w, https:\/\/utculiacan.edu.mx\/wp-content\/uploads\/2019\/10\/Contabilidad-Financiera-300x225.jpg 300w, https:\/\/utculiacan.edu.mx\/wp-content\/uploads\/2019\/10\/Contabilidad-Financiera-510x382.jpg 510w\" sizes=\"(max-width: 347px) 100vw, 347px\" \/><\/p>\n<p><a href=\"https:\/\/utculiacan.edu.mx\/wp-content\/uploads\/2023\/04\/1.ESTADO-DE-ACTIVIDADES-DEL-01-DE-ENERO-AL-31-DE-MARZO-DE-2023.pdf\">Estado de Actividades (PDF)<\/a><\/p>\n<p><a href=\"https:\/\/utculiacan.edu.mx\/wp-content\/uploads\/2023\/04\/1.ESTADO-DE-ACTIVIDADES.xls\">Estado de Actividades (EXCEL)<\/a><\/p>\n<p><a href=\"https:\/\/utculiacan.edu.mx\/wp-content\/uploads\/2023\/04\/2.ESTADO-DE-SITUACION-FINANCIERA-AL-31-DE-MARZO-DE-2023.pdf\">Estado de Situaci\u00f3n Financiera (PDF)<\/a><\/p>\n<p><a href=\"https:\/\/utculiacan.edu.mx\/wp-content\/uploads\/2023\/04\/2.ESTADO-DE-SITUACION-FINANCIERA.xls\">Estado de Situaci\u00f3n Financiera (EXCEL)<\/a><\/p>\n<p><a href=\"https:\/\/utculiacan.edu.mx\/wp-content\/uploads\/2023\/04\/3.ESTADO-DE-VARIACION-EN-LA-HACIENDA-PUBLICA-DEL-01-DE-ENERO-AL-31-DE-MARZO-DE-2023.pdf\">Estado de Variaci\u00f3n en la Hacienda P\u00fablica (PDF)<\/a><\/p>\n<p><a href=\"https:\/\/utculiacan.edu.mx\/wp-content\/uploads\/2023\/04\/3.ESTADO-DE-VARIACION-EN-LA-HACIENDA-PUBLICA.xls\">Estado de Variaci\u00f3n en la Hacienda P\u00fablica (EXCEL)<\/a><\/p>\n<p><a href=\"https:\/\/utculiacan.edu.mx\/wp-content\/uploads\/2023\/04\/4.ESTADO-DE-CAMBIOS-EN-LA-SITUACION-FINANCIERA-DEL-01-DE-ENERO-AL-31-DE-MARZO-DE-2023.pdf\">Estado de Cambios en la Situaci\u00f3n Financiera (PDF)<\/a><\/p>\n<p><a href=\"https:\/\/utculiacan.edu.mx\/wp-content\/uploads\/2023\/04\/4.ESTADO-DE-CAMBIOS-EN-LA-SITUACION-FINANCIERA.xls\">Estado de Cambios en la Situaci\u00f3n Financiera (EXCEL)<\/a><\/p>\n<p><a href=\"https:\/\/utculiacan.edu.mx\/wp-content\/uploads\/2023\/04\/5.ESTADO-DE-FLUJOS-DE-EFECTIVO-DEL-01-DE-ENERO-AL-31-DE-MARZO-DE-2023.pdf\">Estado de Flujos de Efectivo (PDF)<\/a><\/p>\n<p><a href=\"https:\/\/utculiacan.edu.mx\/wp-content\/uploads\/2023\/04\/5.ESTADO-DE-FLUJOS-DE-EFECTIVO.xls\">Estado de Flujos de Efectivo (EXCEL)<\/a><\/p>\n<p><a href=\"https:\/\/utculiacan.edu.mx\/wp-content\/uploads\/2023\/04\/8.ESTADO-ANALITICO-DEL-ACTIVO-DEL-01-DE-ENERO-AL-31-DE-MARZO-DE-2023.pdf\">Estado Anal\u00edtico del Activo (PDF)<\/a><\/p>\n<p><a href=\"https:\/\/utculiacan.edu.mx\/wp-content\/uploads\/2023\/04\/8.ESTADO-ANALITICO-DEL-ACTIVO.xls\">Estado Anal\u00edtico del Activo (EXCEL)<\/a><\/p>\n<p><a href=\"https:\/\/utculiacan.edu.mx\/wp-content\/uploads\/2023\/04\/9.ESTADO-ANALITICO-DE-LA-DEUDA-Y-OTROS-PASIVOS-DEL-01-DE-ENERO-AL-31-DE-MARZO-DE-2023.pdf\">Estado Anal\u00edtico de la Deuda y Otros Pasivos (PDF)<\/a><\/p>\n<p><a href=\"https:\/\/utculiacan.edu.mx\/wp-content\/uploads\/2023\/04\/9.ESTADO-ANALITICO-DE-LA-DEUDA-Y-OTROS-PASIVOS.xls\">Estado Anal\u00edtico de la Deuda y Otros Pasivos (EXCEL)<\/a><\/p>\n<p><a href=\"https:\/\/utculiacan.edu.mx\/wp-content\/uploads\/2023\/04\/7.INFORMES-SOBRE-PASIVOS-CONTINGENTES-DEL-01-DE-ENERO-AL-31-DE-MARZO-DE-2023.pdf\">Informe sobre Pasivos Contingentes (PDF)<\/a><\/p>\n<p><a href=\"https:\/\/utculiacan.edu.mx\/wp-content\/uploads\/2023\/04\/7.INFORMES-SOBRE-PASIVOS-CONTINGENTES.xls\">Informe sobre Pasivos Contingentes (EXCEL)<\/a><\/p>\n<p><a href=\"https:\/\/utculiacan.edu.mx\/wp-content\/uploads\/2023\/04\/6.NOTAS-A-LOS-ESTADOS-FINANCIEROS-AL-31-DE-MARZO-DE-2023.pdf\">Notas a los Estados Financieros (PDF)<\/a><\/p>\n<p><a href=\"https:\/\/utculiacan.edu.mx\/wp-content\/uploads\/2023\/04\/6.NOTAS-A-LOS-ESTADOS-FINANCIEROS.xls\">Notas a los Estados Financieros (EXCEL)<\/a><\/p>\n<p>\u200b<\/p>\n<div class='et-box et-shadow'>\n\t\t\t\t\t<div class='et-box-content'><h3><span style=\"color: #800000;\">INFORMACI\u00d3N DISCIPLINA FINANCIERA<\/span><\/div><\/div><\/h3>\n<p><img decoding=\"async\" class=\"wp-image-4293 alignnone size-full\" src=\"https:\/\/utculiacan.edu.mx\/wp-content\/uploads\/2019\/10\/leydisciplina.jpg\" alt=\"\" width=\"650\" height=\"350\" srcset=\"https:\/\/utculiacan.edu.mx\/wp-content\/uploads\/2019\/10\/leydisciplina.jpg 650w, https:\/\/utculiacan.edu.mx\/wp-content\/uploads\/2019\/10\/leydisciplina-300x162.jpg 300w\" sizes=\"(max-width: 650px) 100vw, 650px\" \/><\/p>\n<p><a href=\"https:\/\/utculiacan.edu.mx\/wp-content\/uploads\/2023\/04\/F1.ESTADO-DE-SITUACION-FINANCIERA-DETALLADO_LDF.pdf\">Estado de Situaci\u00f3n financiera Detallado (PDF)<\/a><\/p>\n<p><a href=\"https:\/\/utculiacan.edu.mx\/wp-content\/uploads\/2023\/04\/F2.INFORME-ANALITICO-DE-LA-DEUDA-PUBLICA-Y-OTROS-PASIVOS_LDF.pdf\">Estado de Situaci\u00f3n financiera Detallado (EXCEL)<\/a><\/p>\n<p><a href=\"https:\/\/utculiacan.edu.mx\/wp-content\/uploads\/2022\/05\/F2.-INFORME-ANALITICO-DE-LA-DEUDA-PUBLICA-Y-OTROS-PASIVOS-LDF.pdf\">Informe Anal\u00edtico de la Deuda P\u00fablica y otros Pasivos (PDF)<\/a><\/p>\n<p><a href=\"https:\/\/utculiacan.edu.mx\/wp-content\/uploads\/2023\/04\/F2.INFORME-ANALITICO-DE-LA-DEUDA-PUBLICA-Y-OTROS-PASIVOS_LDF.xls\">Informe Anal\u00edtico de la Deuda P\u00fablica y otros Pasivos (EXCEL)<\/a><\/p>\n<p><a href=\"https:\/\/utculiacan.edu.mx\/wp-content\/uploads\/2023\/04\/F3.INFORME-ANALITICO-DE-OBLIGACIONES-DE-OBLIGACIONES-DE-FINCIAMIENTOS_LDF.pdf\">Informe Anal\u00edtico de Obligaciones Diferentes de Financiamientos (PDF)<\/a><\/p>\n<p><a href=\"https:\/\/utculiacan.edu.mx\/wp-content\/uploads\/2023\/04\/F3.INFORME-ANALITICO-DE-OBLIGACIONES-DE-OBLIGACIONES-DE-FINCIAMIENTOS_LDF.xls\">Informe Anal\u00edtico de Obligaciones Diferentes de Financiamientos (EXCEL)<\/a><\/p>\n<p><a href=\"https:\/\/utculiacan.edu.mx\/wp-content\/uploads\/2023\/04\/F4.BALANCE-PRESUPUESTARIO_LDF.pdf\">Balance Presupuestario (PDF)<\/a><\/p>\n<p><a href=\"https:\/\/utculiacan.edu.mx\/wp-content\/uploads\/2023\/04\/F4.BALANCE-PRESUPUESTARIO_LDF.xls\">Balance Presupuestario (EXCEL)<\/a><\/p>\n<p><a href=\"https:\/\/utculiacan.edu.mx\/wp-content\/uploads\/2023\/04\/F5.ESTADO-ANALITICO-DE-INGRESOS-DETALLADO_LDF.pdf\">Estado Anal\u00edtico de Ingresos Detallado (PDF)<\/a><\/p>\n<p><a href=\"https:\/\/utculiacan.edu.mx\/wp-content\/uploads\/2023\/04\/F5.ESTADO-ANALITICO-DE-INGRESOS-DETALLADO_LDF.xls\">Estado Anal\u00edtico de Ingresos Detallado (EXCEL)<\/a><\/p>\n<p><a href=\"https:\/\/utculiacan.edu.mx\/wp-content\/uploads\/2023\/04\/F6a.-Estado-Analitico-del-Ejercicio-del-Ppto-de-Egresos-Detallado-COG-\u2013LDF.pdf\">Estado Anal\u00edtico del Ejercicio del Presupuesto de Egreso Detallado (Objeto) (PDF)<\/a><\/p>\n<p><a href=\"https:\/\/utculiacan.edu.mx\/wp-content\/uploads\/2023\/04\/F6a.-Estado-Analitico-del-Ejercicio-del-Ppto-de-Egresos-Detallado-COG-\u2013LDF.xls\">Estado Anal\u00edtico del Ejercicio del Presupuesto de Egreso Detallado (Objeto) (EXCEL)<\/a><\/p>\n<p><a href=\"https:\/\/utculiacan.edu.mx\/wp-content\/uploads\/2023\/04\/F6b.-Estado-Analitico-del-Ejercicio-del-Presupuesto-de-Egresos-Detallado-CA-\u2013LDF.pdf\">Estado Anal\u00edtico del Ejercicio del Presupuesto de Egreso Detallado (Administrativa) (PDF)<\/a><\/p>\n<p><a href=\"https:\/\/utculiacan.edu.mx\/wp-content\/uploads\/2023\/04\/F6b.-Estado-Analitico-del-Ejercicio-del-Presupuesto-de-Egresos-Detallado-CA-\u2013LDF.xls\">Estado Anal\u00edtico del Ejercicio del Presupuesto de Egreso Detallado (Administrativa) (EXCEL)<\/a><\/p>\n<p><a href=\"https:\/\/utculiacan.edu.mx\/wp-content\/uploads\/2023\/04\/F6c.-Estado-Analitico-del-Ejercicio-del-Presupuesto-de-Egresos-Detallado-CF-\u2013LDF.pdf\">Estado Anal\u00edtico del Ejercicio del Presupuesto de Egreso Detallado (Funcional) (PDF)<\/a><\/p>\n<p><a href=\"https:\/\/utculiacan.edu.mx\/wp-content\/uploads\/2023\/04\/F6c.-Estado-Analitico-del-Ejercicio-del-Presupuesto-de-Egresos-Detallado-CF-\u2013LDF.xls\">Estado Anal\u00edtico del Ejercicio del Presupuesto de Egreso Detallado (Funcional) (EXCEL)<\/a><\/p>\n<p><a href=\"https:\/\/utculiacan.edu.mx\/wp-content\/uploads\/2023\/04\/F6d.-Estado-Analitico-del-Ejercicio-del-Presupuesto-de-Egresos-Detallado-CSP\u2013LDF.pdf\">Estado Anal\u00edtico del Ejercicio del Presupuesto de Egreso Detallado (Categor\u00eda) (PDF)<\/a><\/p>\n<p><a href=\"https:\/\/utculiacan.edu.mx\/wp-content\/uploads\/2023\/04\/F6d.-Estado-Analitico-del-Ejercicio-del-Presupuesto-de-Egresos-Detallado-CSP\u2013LDF.xls\">Estado Anal\u00edtico del Ejercicio del Presupuesto de Egreso Detallado (Categor\u00eda) (EXCEL)<\/a><\/p>\n<p>&nbsp;<\/p>\n<p>&nbsp;<\/p>\n[\/et_pb_text][\/et_pb_column][et_pb_column type=&#8221;1_3&#8243; _builder_version=&#8221;4.16&#8243; global_colors_info=&#8221;{}&#8221; theme_builder_area=&#8221;post_content&#8221;][et_pb_text admin_label=&#8221;Text&#8221; _builder_version=&#8221;4.20.4&#8243; background_size=&#8221;initial&#8221; background_position=&#8221;top_left&#8221; background_repeat=&#8221;repeat&#8221; width=&#8221;100%&#8221; custom_margin=&#8221;|-105px||||&#8221; custom_padding=&#8221;|0px||||&#8221; hover_enabled=&#8221;0&#8243; global_colors_info=&#8221;{}&#8221; theme_builder_area=&#8221;post_content&#8221; sticky_enabled=&#8221;0&#8243;]\n<p>&nbsp;<\/p>\n<div class=\"et-box et-shadow\">\n<div class=\"et-box-content\">\n<h3><span style=\"color: #800000;\">INFORMACI\u00d3N PRESUPUESTAL<\/span><\/h3>\n<\/div>\n<\/div>\n<p><img decoding=\"async\" class=\" wp-image-4288 aligncenter\" src=\"https:\/\/utculiacan.edu.mx\/wp-content\/uploads\/2019\/10\/presupuestal.jpg\" alt=\"\" width=\"422\" height=\"237\" srcset=\"https:\/\/utculiacan.edu.mx\/wp-content\/uploads\/2019\/10\/presupuestal.jpg 678w, https:\/\/utculiacan.edu.mx\/wp-content\/uploads\/2019\/10\/presupuestal-300x169.jpg 300w\" sizes=\"(max-width: 422px) 100vw, 422px\" \/><\/p>\n<p><a href=\"https:\/\/utculiacan.edu.mx\/wp-content\/uploads\/2023\/04\/10.ESTADO-ANALITICO-DE-INGRESOS-DEL-01-DE-ENERO-AL-31-DE-MARZO-DE-2023.pdf\">Estado Anal\u00edtico del Ingreso\u00a0 (PDF)<\/a><\/p>\n<p><a href=\"https:\/\/utculiacan.edu.mx\/wp-content\/uploads\/2023\/04\/10.ESTADO-ANALITICO-DE-INGRESOS.xls\">Estado Anal\u00edtico del Ingreso\u00a0 (EXCEL)<\/a><\/p>\n<p><a href=\"https:\/\/utculiacan.edu.mx\/wp-content\/uploads\/2023\/04\/11.ESTADO-ANALITICO-DE-INGRESOS-POR-RUBRO-TIPO-CLASE-CONCEPTO.pdf\">Estado Anal\u00edtico del Ingreso por Rubro (PDF)<\/a><\/p>\n<p><a href=\"https:\/\/utculiacan.edu.mx\/wp-content\/uploads\/2023\/04\/11.ESTADO-ANALITICO-DE-INGRESOS-POR-RUBRO-TIPO-CLASE-CONCEPTO.xls\">Estado Anal\u00edtico del Ingreso por Rubro (EXCEL)<\/a><\/p>\n<p><a href=\"https:\/\/utculiacan.edu.mx\/wp-content\/uploads\/2023\/04\/12.ESTADO-ANALITICO-DEL-EJERCICIO-DEL-PPTO-DE-EGRESOS-CLASIFICACION-ADMINISTRATIVA.pdf\">Estado Anal\u00edtico del Ejercicio del Presupuesto de Egresos (Administrativa) (PDF)<\/a><\/p>\n<p><a href=\"https:\/\/utculiacan.edu.mx\/wp-content\/uploads\/2023\/04\/12.ESTADO-ANALITICO-DEL-EJERCICIO-DEL-PPTO-DE-EGRESOS-CLASIFICACION-ADMINISTRATIVA.xls\">Estado Anal\u00edtico del Ejercicio del Presupuesto de Egresos (Administrativa) (EXCEL)<\/a><\/p>\n<p><a href=\"https:\/\/utculiacan.edu.mx\/wp-content\/uploads\/2023\/04\/13.ESTADO-ANALITICO-DEL-EJERCICIO-DEL-PPTO-DE-EGRESOS-CLASIFICACION-ECONOMICA-POR-TIPO-DE-GASTO.pdf\">Estado Anal\u00edtico del Ejercicio del Presupuesto de Egresos (Econ\u00f3mica) (PDF)<\/a><\/p>\n<p><a href=\"https:\/\/utculiacan.edu.mx\/wp-content\/uploads\/2023\/04\/13.ESTADO-ANALITICO-DEL-EJERCICIO-DEL-PPTO-DE-EGRESOS-CLASIFICACION-ECONOMICAPOR-TIPO-DE-GASTO.xls\">Estado Anal\u00edtico del Ejercicio del Presupuesto de Egresos (Econ\u00f3mica) (EXCEL)<\/a><\/p>\n<p><a href=\"https:\/\/utculiacan.edu.mx\/wp-content\/uploads\/2023\/04\/14.ESTADO-ANALITICO-DEL-EJERCICIO-DEL-PPTO-DE-EGRESOS-CLASIFICACION-POR-OBJETO-DEL-GASTO.pdf\">Estado Anal\u00edtico del Ejercicio del Presupuesto de Egresos (Objeto) (PDF)<\/a><\/p>\n<p><a href=\"https:\/\/utculiacan.edu.mx\/wp-content\/uploads\/2023\/04\/14.ESTADO-ANALITICO-DEL-EJERCICIO-DEL-PPTO-DE-EGRESOS-CLASIFICACION-POR-OBJETO-DEL-GASTO.xls\">Estado Anal\u00edtico del Ejercicio del Presupuesto de Egresos (Objeto) (EXCEL)<\/a><\/p>\n<p><a href=\"https:\/\/utculiacan.edu.mx\/wp-content\/uploads\/2023\/04\/15.ESTADO-ANALITICO-DEL-EJERCICIO-DEL-PPTO-DE-EGRESOS-CLASIFICACION-FUNCIONALFINALIDAD-FUNCION.pdf\">Estado Anal\u00edtico del Ejercicio del Presupuesto de Egresos (Funcional) (PDF)<\/a><\/p>\n<p><a href=\"https:\/\/utculiacan.edu.mx\/wp-content\/uploads\/2023\/04\/15.ESTADO-ANALITICO-DEL-EJERCICIO-DEL-PPTO-DE-EGRESOS-CLASIFICACION-FUNCIONALFINALIDAD-FUNCION.xls\">Estado Anal\u00edtico del Ejercicio del Presupuesto de Egresos (Funcional) (EXCEL)<\/a><\/p>\n<p><a href=\"https:\/\/utculiacan.edu.mx\/wp-content\/uploads\/2023\/04\/16.ENDEUDAMIENTO-NETO-DEL-01-DE-ENERO-AL-31-DE-MARZO-DE-2023.pdf\">Endeudamiento Neto (PDF)<\/a><\/p>\n<p><a href=\"https:\/\/utculiacan.edu.mx\/wp-content\/uploads\/2023\/04\/16.ENDEUDAMIENTO-NETO.xls\">Endeudamiento Neto (EXCEL)<\/a><\/p>\n<p><a href=\"https:\/\/utculiacan.edu.mx\/wp-content\/uploads\/2023\/04\/17.INTERESES-DE-LA-DEUDA-DEL-01-DE-ENERO-AL-31-DE-MARZO-DE-2023.pdf\">Intereses de la Deuda (PDF)<\/a><\/p>\n<p><a href=\"https:\/\/utculiacan.edu.mx\/wp-content\/uploads\/2022\/04\/17.-INTERESES-DE-LA-DEUDA.xls\">Intereses de la Deuda (EXCEL)<\/a><\/p>\n<p><a href=\"https:\/\/utculiacan.edu.mx\/wp-content\/uploads\/2023\/04\/18.FLUJO-DE-FONDOS-DEL-01-DE-ENERO-AL-31-DE-MARZO-DE-2023.pdf\">Flujo de Fondos (PDF)<\/a><\/p>\n<p><a href=\"https:\/\/utculiacan.edu.mx\/wp-content\/uploads\/2023\/04\/18.FLUJO-DE-FONDOS.xls\">Flujo de Fondos (EXCEL)<\/a><\/p>\n<p>&nbsp;<\/p>\n<div class=\"et-box et-shadow\">\n<div class=\"et-box-content\">\n<h3><span style=\"color: #800000;\">EJERCICIO PRESUPUESTARIO<\/span><\/h3>\n<\/div>\n<\/div>\n<p><img decoding=\"async\" class=\"wp-image-4294 aligncenter\" src=\"https:\/\/utculiacan.edu.mx\/wp-content\/uploads\/2019\/10\/ejercicio-presupuest-e1571763536966.png\" alt=\"\" width=\"413\" height=\"331\" srcset=\"https:\/\/utculiacan.edu.mx\/wp-content\/uploads\/2019\/10\/ejercicio-presupuest-e1571763536966.png 945w, https:\/\/utculiacan.edu.mx\/wp-content\/uploads\/2019\/10\/ejercicio-presupuest-e1571763536966-300x240.png 300w, https:\/\/utculiacan.edu.mx\/wp-content\/uploads\/2019\/10\/ejercicio-presupuest-e1571763536966-768x614.png 768w\" sizes=\"(max-width: 413px) 100vw, 413px\" \/><\/p>\n<p><a href=\"https:\/\/utculiacan.edu.mx\/wp-content\/uploads\/2023\/04\/MONTOS-PAGADOS-POR-AYUDAS-Y-SUBSIDIOS-PERIODO-TRIMESTRE-ENERO-A-MARZO-DEL-ANO-2023.pdf\">Ayudas y Subsidios (PDF)<\/a><\/p>\n<p><a href=\"https:\/\/utculiacan.edu.mx\/wp-content\/uploads\/2023\/04\/MONTOS-PAGADOS-POR-AYUDAS-Y-SUBSIDIOS.xls\">Ayudas y Subsidios (EXCEL)<\/a><\/p>\n<p>&nbsp;<\/p>\n<p>&nbsp;<\/p>\n<p>&nbsp;<\/p>\n[\/et_pb_text][\/et_pb_column][et_pb_column type=&#8221;1_3&#8243; _builder_version=&#8221;4.16&#8243; global_colors_info=&#8221;{}&#8221; theme_builder_area=&#8221;post_content&#8221;][et_pb_text _builder_version=&#8221;4.20.4&#8243; background_size=&#8221;initial&#8221; background_position=&#8221;top_left&#8221; background_repeat=&#8221;repeat&#8221; width=&#8221;100%&#8221; custom_margin=&#8221;|-239px||||&#8221; custom_padding=&#8221;|0px||||&#8221; hover_enabled=&#8221;0&#8243; global_colors_info=&#8221;{}&#8221; theme_builder_area=&#8221;post_content&#8221; sticky_enabled=&#8221;0&#8243;]\n<div class='et-box et-shadow'>\n\t\t\t\t\t<div class='et-box-content'><h3><span style=\"color: #800000;\">INFORMACI\u00d3N PROGRAM\u00c1TICA<\/span><\/div><\/div><\/h3>\n<p><img decoding=\"async\" class=\" wp-image-4291 aligncenter\" src=\"https:\/\/utculiacan.edu.mx\/wp-content\/uploads\/2019\/10\/productscheduler.jpg\" alt=\"\" width=\"323\" height=\"323\" srcset=\"https:\/\/utculiacan.edu.mx\/wp-content\/uploads\/2019\/10\/productscheduler.jpg 494w, https:\/\/utculiacan.edu.mx\/wp-content\/uploads\/2019\/10\/productscheduler-150x150.jpg 150w, https:\/\/utculiacan.edu.mx\/wp-content\/uploads\/2019\/10\/productscheduler-300x300.jpg 300w\" sizes=\"(max-width: 323px) 100vw, 323px\" \/><\/p>\n<p><a href=\"https:\/\/utculiacan.edu.mx\/wp-content\/uploads\/2023\/04\/19.GASTO-POR-CATEGORIA-PROGRAMATICA-DEL-01-DE-ENERO-AL-31-DE-MARZO-DE-2023.pdf\">Gasto por Categor\u00eda Program\u00e1tica (PDF)<\/a><\/p>\n<p><a href=\"https:\/\/utculiacan.edu.mx\/wp-content\/uploads\/2023\/04\/19.GASTO-POR-CATEGORIA-PROGRAMATICA.xls\">Gasto por Categor\u00eda Program\u00e1tica (EXCEL)<\/a><\/p>\n<p><a href=\"https:\/\/utculiacan.edu.mx\/wp-content\/uploads\/2023\/04\/20.PROGRAMAS-Y-PROYECTOS-DE-INVERSION-DEL-01-DE-ENERO-AL-31-DE-MARZO-DE-2023.pdf\">Programas y Proyectos de Inversi\u00f3n (PDF)<\/a><\/p>\n<p><a href=\"https:\/\/utculiacan.edu.mx\/wp-content\/uploads\/2023\/04\/20.PROGRAMAS-Y-PROYECTOS-DE-INVERSION.xls\">Programas y Proyectos de Inversi\u00f3n (EXCEL)<\/a><\/p>\n<p><a href=\"https:\/\/utculiacan.edu.mx\/wp-content\/uploads\/2023\/04\/21.INDICADORES-DE-RESULTADOS-POR-PROGRAMA-PRESUPUESTARIO-DEL-01-DE-ENERO-AL-31-DE-MARZO-DE-2023.pdf\">Indicadores de Resultados (PDF)<\/a><\/p>\n<p><a href=\"https:\/\/utculiacan.edu.mx\/wp-content\/uploads\/2023\/04\/21.INDICADORES-DE-RESULTADOS-POR-PROGRAMA-PRESUPUESTARIO.xls\">Indicadores de Resultados (EXCEL)<\/a><\/p>\n<div class='et-box et-shadow'>\n\t\t\t\t\t<div class='et-box-content'><h3><span style=\"color: #800000;\">INVENTARIOS<\/div><\/div><\/span><\/h3>\n<p><a href=\"https:\/\/utculiacan.edu.mx\/wp-content\/uploads\/2023\/04\/RELACION-DE-BIENES-MUEBLES.pdf\">Relaci\u00f3n de bienes muebles (PDF)<\/a><\/p>\n<p><a href=\"https:\/\/utculiacan.edu.mx\/wp-content\/uploads\/2023\/04\/RELACION-DE-BIENES-INMUEBLES.pdf\">Relaci\u00f3n de bienes inmuebles (PDF)<\/a><\/p>\n<p>&nbsp;<\/p>\n[\/et_pb_text][\/et_pb_column][\/et_pb_row][\/et_pb_section]\n","protected":false},"excerpt":{"rendered":"<p><div class='et-box et-shadow'>\n\t\t\t\t\t<div class='et-box-content'>INFORMACI\u00d3N CONTABLE<\/div><\/div> Estado de Actividades (PDF) Estado de Actividades (EXCEL) Estado de Situaci\u00f3n Financiera (PDF) Estado de Situaci\u00f3n Financiera (EXCEL) Estado de Variaci\u00f3n en la Hacienda P\u00fablica (PDF) Estado de Variaci\u00f3n en la Hacienda P\u00fablica (EXCEL) Estado de Cambios en la Situaci\u00f3n Financiera (PDF) Estado de Cambios en la Situaci\u00f3n Financiera (EXCEL) Estado de [&hellip;]<\/p>\n","protected":false},"author":29,"featured_media":0,"parent":0,"menu_order":0,"comment_status":"closed","ping_status":"closed","template":"","meta":{"_et_pb_use_builder":"on","_et_pb_old_content":"","_et_gb_content_width":"","_monsterinsights_skip_tracking":false,"_monsterinsights_sitenote_active":false,"_monsterinsights_sitenote_note":"","_monsterinsights_sitenote_category":0,"_uf_show_specific_survey":0,"_uf_disable_surveys":false,"footnotes":""},"class_list":["post-16874","page","type-page","status-publish","hentry"],"aioseo_notices":[],"_links":{"self":[{"href":"https:\/\/utculiacan.edu.mx\/en\/wp-json\/wp\/v2\/pages\/16874","targetHints":{"allow":["GET"]}}],"collection":[{"href":"https:\/\/utculiacan.edu.mx\/en\/wp-json\/wp\/v2\/pages"}],"about":[{"href":"https:\/\/utculiacan.edu.mx\/en\/wp-json\/wp\/v2\/types\/page"}],"author":[{"embeddable":true,"href":"https:\/\/utculiacan.edu.mx\/en\/wp-json\/wp\/v2\/users\/29"}],"replies":[{"embeddable":true,"href":"https:\/\/utculiacan.edu.mx\/en\/wp-json\/wp\/v2\/comments?post=16874"}],"version-history":[{"count":3,"href":"https:\/\/utculiacan.edu.mx\/en\/wp-json\/wp\/v2\/pages\/16874\/revisions"}],"predecessor-version":[{"id":16880,"href":"https:\/\/utculiacan.edu.mx\/en\/wp-json\/wp\/v2\/pages\/16874\/revisions\/16880"}],"wp:attachment":[{"href":"https:\/\/utculiacan.edu.mx\/en\/wp-json\/wp\/v2\/media?parent=16874"}],"curies":[{"name":"wp","href":"https:\/\/api.w.org\/{rel}","templated":true}]}}