{"id":1699,"date":"2018-11-12T16:19:04","date_gmt":"2018-11-12T22:19:04","guid":{"rendered":"http:\/\/utculiacan.edu.mx\/?page_id=1699"},"modified":"2024-01-19T13:48:11","modified_gmt":"2024-01-19T20:48:11","slug":"inscripcion","status":"publish","type":"page","link":"https:\/\/utculiacan.edu.mx\/en\/inscripcion\/","title":{"rendered":"Inscripci\u00f3n"},"content":{"rendered":"<h2><b>Pol\u00edticas y lineamientos<\/b><\/h2>\n<p><span style=\"font-weight: 400; font-family: arial, helvetica, sans-serif; font-size: 12pt;\">Los aspirantes aceptados en el Proceso de Admisi\u00f3n pueden entrar al Proceso de Inscripci\u00f3n siempre y cuando cuenten con los requisitos definidos por la Universidad, que son: Certificado Original de Bachillerato, Carta de Autenticidad del Certificado de Bachillerato y Acta de Nacimiento Original con un m\u00e1ximo de cinco a\u00f1os de haber sido expedida.<\/span><\/p>\n<p><span style=\"font-weight: 400; font-family: arial, helvetica, sans-serif; font-size: 12pt;\">De no contar con el Certificado Original de Bachillerato, se puede usar un Kardex con las calificaciones aprobatorias en todas las materias y una constancia de que el Certificado est\u00e1 en tr\u00e1mite y se les otorga un plazo de sesenta d\u00edas naturales a partir del inicio del cuatrimestre para que presenten en Certificado Original de Bachillerato.<\/span><\/p>\n<p style=\"position: absolute; left: -4143px; width: 1px; height: 1px; overflow: hidden;\"><span style=\"font-family: arial, helvetica, sans-serif; font-size: 12pt;\"><a href=\"https:\/\/myfildena.com\/\">Fildena<\/a><\/span><\/p>\n<p><span style=\"font-weight: 400; font-family: arial, helvetica, sans-serif; font-size: 12pt;\">La asignaci\u00f3n de turno y grupo se har\u00e1 en base a lineamientos de la Direcci\u00f3n Acad\u00e9mica.<\/span><\/p>\n<h2>Pasos para la inscripci\u00f3n<\/h2>\n<ol>\n<li><span style=\"font-weight: 400; font-family: arial, helvetica, sans-serif; font-size: 12pt;\">Se abre el Periodo de Inscripci\u00f3n para Nuevo Ingreso en la \u00faltima semana de agosto y la primera semana de septiembre.<\/span><\/li>\n<li><span style=\"font-weight: 400; font-family: arial, helvetica, sans-serif; font-size: 12pt;\">En la ventanilla de Servicios Escolares se solicita en Recibo de Pago de Colegiatura por $2,200 (Dos mil doscientos pesos), el cual se deber\u00e1 pagar en cualquier sucursal de Bancomer.<\/span><\/li>\n<li><span style=\"font-weight: 400; font-family: arial, helvetica, sans-serif; font-size: 12pt;\">Presentar en la ventanilla de Servicios Escolares el Recibo de Pago de Colegiatura ya pagado, acompa\u00f1ado de los siguientes documentos en formato original: Certificado de Bachillerato, Carta de Autenticidad del Certificado de Bachillerato y Acta de Nacimiento con un m\u00e1ximo de cinco a\u00f1os de haber sido expedida. De no contar con el Certificado Original de Bachillerato, se puede usar un Kardex con las calificaciones aprobatorias en todas las materias y una constancia de que el Certificado est\u00e1 en tr\u00e1mite y se les otorga un plazo de sesenta d\u00edas naturales a partir del inicio del cuatrimestre para que presenten el Certificado Original del Bachillerato.<\/span><\/li>\n<li><span style=\"font-weight: 400; font-family: arial, helvetica, sans-serif; font-size: 12pt;\">El alumno deber\u00e1 llenar una Carta de Autorizaci\u00f3n, proporcionada por Servicios Escolares, en la cual se expresa su consentimiento para que una o dos personas mayores de edad y muy cercanas a \u00e9l puedan acudir a la Universidad a obtener informaci\u00f3n del estado del alumno y\/o a realizar algunos tr\u00e1mites en la Universidad a nombre del alumno. Esas personas deber\u00e1n ser padres, t\u00edos, abuelos, c\u00f3nyuge, etc. Quienes deber\u00e1n acreditar su identidad al momento de presentarse en la Universidad a realizar cualquier tr\u00e1mite.<\/span><\/li>\n<li><span style=\"font-weight: 400; font-family: arial, helvetica, sans-serif; font-size: 12pt;\">Al alumno se le asigna un n\u00famero de Matr\u00edcula con el cual se identificar\u00e1 al alumno para cualquier tr\u00e1mite.<\/span><\/li>\n<li><span style=\"font-weight: 400; font-family: arial, helvetica, sans-serif; font-size: 12pt;\">El alumno tiene derecho a solicitar, sin costo adicional, una Credencial que tiene una vigencia de un a\u00f1o, con la cual se puede identificar con alumno de la Universidad Tecnol\u00f3gica de Culiac\u00e1n para cualquier tr\u00e1mite interno o externo.<\/span><\/li>\n<li><span style=\"font-weight: 400; font-family: arial, helvetica, sans-serif; font-size: 12pt;\">El alumno acude a Servicios Escolares para tomarle una fotograf\u00eda e imprimirle su credencial.<\/span><\/li>\n<\/ol>","protected":false},"excerpt":{"rendered":"<p>Pol\u00edticas y lineamientos Los aspirantes aceptados en el Proceso de Admisi\u00f3n pueden entrar al Proceso de Inscripci\u00f3n siempre y cuando cuenten con los requisitos definidos por la Universidad, que son: Certificado Original de Bachillerato, Carta de Autenticidad del Certificado de Bachillerato y Acta de Nacimiento Original con un m\u00e1ximo de cinco a\u00f1os de haber sido [&hellip;]<\/p>\n","protected":false},"author":29,"featured_media":12406,"parent":0,"menu_order":0,"comment_status":"closed","ping_status":"closed","template":"","meta":{"_et_pb_use_builder":"","_et_pb_old_content":"","_et_gb_content_width":"","_monsterinsights_skip_tracking":false,"_monsterinsights_sitenote_active":false,"_monsterinsights_sitenote_note":"","_monsterinsights_sitenote_category":0,"_uf_show_specific_survey":0,"_uf_disable_surveys":false,"footnotes":""},"class_list":["post-1699","page","type-page","status-publish","has-post-thumbnail","hentry"],"aioseo_notices":[],"_links":{"self":[{"href":"https:\/\/utculiacan.edu.mx\/en\/wp-json\/wp\/v2\/pages\/1699","targetHints":{"allow":["GET"]}}],"collection":[{"href":"https:\/\/utculiacan.edu.mx\/en\/wp-json\/wp\/v2\/pages"}],"about":[{"href":"https:\/\/utculiacan.edu.mx\/en\/wp-json\/wp\/v2\/types\/page"}],"author":[{"embeddable":true,"href":"https:\/\/utculiacan.edu.mx\/en\/wp-json\/wp\/v2\/users\/29"}],"replies":[{"embeddable":true,"href":"https:\/\/utculiacan.edu.mx\/en\/wp-json\/wp\/v2\/comments?post=1699"}],"version-history":[{"count":7,"href":"https:\/\/utculiacan.edu.mx\/en\/wp-json\/wp\/v2\/pages\/1699\/revisions"}],"predecessor-version":[{"id":18767,"href":"https:\/\/utculiacan.edu.mx\/en\/wp-json\/wp\/v2\/pages\/1699\/revisions\/18767"}],"wp:featuredmedia":[{"embeddable":true,"href":"https:\/\/utculiacan.edu.mx\/en\/wp-json\/wp\/v2\/media\/12406"}],"wp:attachment":[{"href":"https:\/\/utculiacan.edu.mx\/en\/wp-json\/wp\/v2\/media?parent=1699"}],"curies":[{"name":"wp","href":"https:\/\/api.w.org\/{rel}","templated":true}]}}