{"id":1707,"date":"2018-11-12T17:54:22","date_gmt":"2018-11-12T23:54:22","guid":{"rendered":"http:\/\/utculiacan.edu.mx\/?page_id=1707"},"modified":"2021-06-20T18:35:33","modified_gmt":"2021-06-21T00:35:33","slug":"titulacion","status":"publish","type":"page","link":"https:\/\/utculiacan.edu.mx\/en\/titulacion\/","title":{"rendered":"Titulaci\u00f3n"},"content":{"rendered":"<h2>Requisitos de titulaci\u00f3n<\/h2>\n<p><span style=\"font-weight: 400;\">Para la Titulaci\u00f3n el egresado debe cumplir con la acreditaci\u00f3n del 100% del Plan de Estudios.<\/span><\/p>\n<p><span style=\"font-weight: 400;\">El egresado debe concluir su memoria de estad\u00edas profesionales y tener la carta de liberaci\u00f3n.<\/span><\/p>\n<p><span style=\"font-weight: 400;\">Para continuar su formaci\u00f3n en el nivel de Ingenier\u00eda \/ Licenciatura, el egresado de T\u00e9cnico Superior Universitario debe estar Titulado.<\/span><\/p>\n<h2>Tramite de titulaci\u00f3n<\/h2>\n<ol>\n<li>Aprobar el 100% de los cr\u00e9ditos del programa educativo<\/li>\n<li>El egresado concluye de manera satisfactoria la memoria de estad\u00edas profesionales y obtiene la Carta de Liberaci\u00f3n de Estad\u00edas<\/li>\n<li>El egresado acude al departamento de Servicios Escolares a entregar la Carta de Liberaci\u00f3n de Estad\u00edas<\/li>\n<li>El egresado se presenta en el departamento de Servicios Escolares a llenar la Solicitud de T\u00edtulo Profesional (ACA-TYC-001)<\/li>\n<li>Se genera el Recibo de Pago por $1750, el cual se le entrega al egresado anexando las especificaciones del paquete de fotograf\u00edas para titulaci\u00f3n.<\/li>\n<li>El egresado paga el Recibo en el banco correspondiente (Bancomer).<\/li>\n<li>Obtiene el paquete de fotograf\u00edas para titulaci\u00f3n, las cuales deber\u00e1n cumplir las siguientes caracter\u00edsticas: papel mate auto adherible, blanco y negro, en fondo blanco, con ropa oscura; mujeres: maquillaje neutro, sin aretes, cara despejada, sin lentes; hombres: cabello corto, cara despejada, sin barba, sin bigote o bigote recortado que permita ver la forma de los labios, sin lentes, ni accesorios.<\/li>\n<li>Regresa a Servicios Escolares a entregar ambos.<\/li>\n<li>A partir de ese momento la Solicitud est\u00e1 completa y pasar\u00e1 a la fase de elaboraci\u00f3n de T\u00edtulo Profesional<\/li>\n<li>Se indica en el Sistema de Control Escolar la fecha de liberaci\u00f3n del T\u00edtulo y se le informa por correo electr\u00f3nico al egresado para programar la entrega de los documentos de Titulaci\u00f3n a \u00e9ste o para continuar con el proceso de Solicitud de C\u00e9dula Profesional. Es altamente recomendable que el egresado contin\u00fae con el tr\u00e1mite de Solicitud de C\u00e9dula Profesional.<\/li>\n<\/ol>\n<p>Instead, the purpose of your essay <a href=\"https:\/\/nz.trustpilot.com\/review\/paperwriter.org\">go right here<\/a> would be to convince the reader so that he\/she might want to learn more about you.<\/p>","protected":false},"excerpt":{"rendered":"<p>Requisitos de titulaci\u00f3n Para la Titulaci\u00f3n el egresado debe cumplir con la acreditaci\u00f3n del 100% del Plan de Estudios. El egresado debe concluir su memoria de estad\u00edas profesionales y tener la carta de liberaci\u00f3n. Para continuar su formaci\u00f3n en el nivel de Ingenier\u00eda \/ Licenciatura, el egresado de T\u00e9cnico Superior Universitario debe estar Titulado. Tramite [&hellip;]<\/p>\n","protected":false},"author":29,"featured_media":12410,"parent":0,"menu_order":0,"comment_status":"closed","ping_status":"closed","template":"","meta":{"_et_pb_use_builder":"","_et_pb_old_content":"","_et_gb_content_width":"","_monsterinsights_skip_tracking":false,"_monsterinsights_sitenote_active":false,"_monsterinsights_sitenote_note":"","_monsterinsights_sitenote_category":0,"_uf_show_specific_survey":0,"_uf_disable_surveys":false,"footnotes":""},"class_list":["post-1707","page","type-page","status-publish","has-post-thumbnail","hentry"],"aioseo_notices":[],"_links":{"self":[{"href":"https:\/\/utculiacan.edu.mx\/en\/wp-json\/wp\/v2\/pages\/1707","targetHints":{"allow":["GET"]}}],"collection":[{"href":"https:\/\/utculiacan.edu.mx\/en\/wp-json\/wp\/v2\/pages"}],"about":[{"href":"https:\/\/utculiacan.edu.mx\/en\/wp-json\/wp\/v2\/types\/page"}],"author":[{"embeddable":true,"href":"https:\/\/utculiacan.edu.mx\/en\/wp-json\/wp\/v2\/users\/29"}],"replies":[{"embeddable":true,"href":"https:\/\/utculiacan.edu.mx\/en\/wp-json\/wp\/v2\/comments?post=1707"}],"version-history":[{"count":11,"href":"https:\/\/utculiacan.edu.mx\/en\/wp-json\/wp\/v2\/pages\/1707\/revisions"}],"predecessor-version":[{"id":12412,"href":"https:\/\/utculiacan.edu.mx\/en\/wp-json\/wp\/v2\/pages\/1707\/revisions\/12412"}],"wp:featuredmedia":[{"embeddable":true,"href":"https:\/\/utculiacan.edu.mx\/en\/wp-json\/wp\/v2\/media\/12410"}],"wp:attachment":[{"href":"https:\/\/utculiacan.edu.mx\/en\/wp-json\/wp\/v2\/media?parent=1707"}],"curies":[{"name":"wp","href":"https:\/\/api.w.org\/{rel}","templated":true}]}}