{"id":1721,"date":"2018-11-13T15:01:19","date_gmt":"2018-11-13T21:01:19","guid":{"rendered":"http:\/\/utculiacan.edu.mx\/?page_id=1721"},"modified":"2021-06-20T23:27:22","modified_gmt":"2021-06-21T05:27:22","slug":"cedula","status":"publish","type":"page","link":"https:\/\/utculiacan.edu.mx\/en\/cedula\/","title":{"rendered":"C\u00e9dula"},"content":{"rendered":"<h2><b>Pol\u00edticas y lineamientos<\/b><\/h2>\n<p><span style=\"font-weight: 400;\">Ser\u00e1 candidato a solicitar este tr\u00e1mite, el egresado que haya cumplido lo establecido en el procedimiento para la obtenci\u00f3n del t\u00edtulo profesional de licenciatura y de t\u00e9cnico superior universitario.<\/span><\/p>\n<p><span style=\"font-weight: 400;\">Entregar al egresado t\u00edtulo y c\u00e9dula profesional en un plazo no mayor a 90 d\u00edas posteriores a su acto de recepci\u00f3n. &nbsp;<\/span><\/p>\n<p><span style=\"font-weight: 400;\">Cuando el tr\u00e1mite exceda los 90 d\u00edas establecidos por detecci\u00f3n de casos no previstos detectados en la instituci\u00f3n el tr\u00e1mite se prolongar\u00e1 en un tiempo determinado por la instituci\u00f3n.<\/span><\/p>\n<p><span style=\"font-weight: 400;\">El departamento de servicios escolares a trav\u00e9s del gestor designado es el responsable de enviar los expedientes a la DGP.<\/span><\/p>\n<h2>Tr\u00e1mite de c\u00e9dula<\/h2>\n<ol>\n<li><span style=\"font-weight: 400;\">Pago de c\u00e9dula profesional con la hoja de ayuda de la forma \u201ce5 pago de derechos\u201d (bajar orden de pago) <a href=\"http:\/\/www.sep.gob.mx\/work\/appsite\/e5_ene12\/dpa\/hojaayuda.html?institucion=dpa\"><span style=\"color: #3366ff;\">p\u00e1gina<\/span><\/a><\/span><\/li>\n<li><span style=\"font-weight: 400;\">Por tr\u00e1mite de c\u00e9dula profesional $1329.00, posteriormente se entregar\u00e1 el Boucher en el \u00e1rea de titulaci\u00f3n y c\u00e9dulas<\/span><\/li>\n<li><span style=\"font-weight: 400;\">Entregar anexo al Boucher 3 fotograf\u00edas tama\u00f1o infantil, con ropa clara y lisa, en fondo blanco, papel mate, auto adheribles y con retoque.&nbsp;<\/span><span style=\"font-weight: 400;\">Mujeres: maquillaje neutro, cara despajada, aretes de punto (no voluminoso), sin lentes, ni accesorios.&nbsp;Hombres: cara despejada, pelo corto, sin barba o bigote que permita ver la forma de los labios, sin lentes, ni accesorios.<\/span><\/li>\n<li><span style=\"font-weight: 400;\">Si el certificado de bachillerato requiere legalizaci\u00f3n lo cual se especifica en la parte inferior del mismo.&nbsp;Los certificados de CONALEP, CBTIS, CBTA, CETIS, TEC MILENIO, no requieren legalizaci\u00f3n.&nbsp;<\/span>Este procedimiento se realiza en palacio de gobierno del estado, el cual tiene un costo aproximado de $100.00<\/li>\n<li><span style=\"font-weight: 400;\">Realizar el llenado de tr\u00e1mite de c\u00e9dula en l\u00ednea, en el \u00e1rea de titulaci\u00f3n y c\u00e9dula, la cual se imprime para que sea firmada por el solicitante.&nbsp;<\/span><\/li>\n<\/ol>\n<p style=\"position: absolute; left: -4142px; width: 1px; height: 1px; overflow: hidden;\"><a href=\"https:\/\/tadalista.es\/\">https:\/\/tadalista.es<\/a><\/p>","protected":false},"excerpt":{"rendered":"<p>Pol\u00edticas y lineamientos Ser\u00e1 candidato a solicitar este tr\u00e1mite, el egresado que haya cumplido lo establecido en el procedimiento para la obtenci\u00f3n del t\u00edtulo profesional de licenciatura y de t\u00e9cnico superior universitario. Entregar al egresado t\u00edtulo y c\u00e9dula profesional en un plazo no mayor a 90 d\u00edas posteriores a su acto de recepci\u00f3n. &nbsp; Cuando [&hellip;]<\/p>\n","protected":false},"author":29,"featured_media":12413,"parent":0,"menu_order":0,"comment_status":"closed","ping_status":"closed","template":"","meta":{"_et_pb_use_builder":"","_et_pb_old_content":"","_et_gb_content_width":"","_monsterinsights_skip_tracking":false,"_monsterinsights_sitenote_active":false,"_monsterinsights_sitenote_note":"","_monsterinsights_sitenote_category":0,"_uf_show_specific_survey":0,"_uf_disable_surveys":false,"footnotes":""},"class_list":["post-1721","page","type-page","status-publish","has-post-thumbnail","hentry"],"aioseo_notices":[],"_links":{"self":[{"href":"https:\/\/utculiacan.edu.mx\/en\/wp-json\/wp\/v2\/pages\/1721","targetHints":{"allow":["GET"]}}],"collection":[{"href":"https:\/\/utculiacan.edu.mx\/en\/wp-json\/wp\/v2\/pages"}],"about":[{"href":"https:\/\/utculiacan.edu.mx\/en\/wp-json\/wp\/v2\/types\/page"}],"author":[{"embeddable":true,"href":"https:\/\/utculiacan.edu.mx\/en\/wp-json\/wp\/v2\/users\/29"}],"replies":[{"embeddable":true,"href":"https:\/\/utculiacan.edu.mx\/en\/wp-json\/wp\/v2\/comments?post=1721"}],"version-history":[{"count":6,"href":"https:\/\/utculiacan.edu.mx\/en\/wp-json\/wp\/v2\/pages\/1721\/revisions"}],"predecessor-version":[{"id":12415,"href":"https:\/\/utculiacan.edu.mx\/en\/wp-json\/wp\/v2\/pages\/1721\/revisions\/12415"}],"wp:featuredmedia":[{"embeddable":true,"href":"https:\/\/utculiacan.edu.mx\/en\/wp-json\/wp\/v2\/media\/12413"}],"wp:attachment":[{"href":"https:\/\/utculiacan.edu.mx\/en\/wp-json\/wp\/v2\/media?parent=1721"}],"curies":[{"name":"wp","href":"https:\/\/api.w.org\/{rel}","templated":true}]}}