{"id":1731,"date":"2018-11-13T15:43:28","date_gmt":"2018-11-13T21:43:28","guid":{"rendered":"http:\/\/utculiacan.edu.mx\/?page_id=1731"},"modified":"2026-01-19T11:10:53","modified_gmt":"2026-01-19T18:10:53","slug":"admision-pe","status":"publish","type":"page","link":"https:\/\/utculiacan.edu.mx\/en\/admision-pe\/","title":{"rendered":"Admisi\u00f3n"},"content":{"rendered":"[et_pb_section fb_built=&#8221;1&#8243; _builder_version=&#8221;4.16&#8243; custom_padding=&#8221;|||114px||&#8221; global_colors_info=&#8221;{}&#8221; theme_builder_area=&#8221;post_content&#8221;][et_pb_row _builder_version=&#8221;4.16&#8243; background_size=&#8221;initial&#8221; background_position=&#8221;top_left&#8221; background_repeat=&#8221;repeat&#8221; custom_margin=&#8221;|auto||4px||&#8221; global_colors_info=&#8221;{}&#8221; theme_builder_area=&#8221;post_content&#8221;][et_pb_column type=&#8221;4_4&#8243; _builder_version=&#8221;4.16&#8243; custom_padding=&#8221;|||&#8221; global_colors_info=&#8221;{}&#8221; custom_padding__hover=&#8221;|||&#8221; theme_builder_area=&#8221;post_content&#8221;][et_pb_text _builder_version=&#8221;4.27.5&#8243; background_size=&#8221;initial&#8221; background_position=&#8221;top_left&#8221; background_repeat=&#8221;repeat&#8221; hover_enabled=&#8221;0&#8243; global_colors_info=&#8221;{}&#8221; theme_builder_area=&#8221;post_content&#8221; sticky_enabled=&#8221;0&#8243;]\n<h2><b>07 de POL\u00cdTICAS Y LINEAMIENTOS<\/b><\/h2>\n<ul>\n<li>La Universidad Tecnol\u00f3gica de Culiac\u00e1n acepta a egresados de Bachillerato como estudiantes en los Programas Educativos que se ofrecen, de acuerdo con su capacidad de atenci\u00f3n.<\/li>\n<li>Es requisito para los aspirantes que se sometan a la evaluaci\u00f3n diagn\u00f3stica para el ingreso a la UTC.<\/li>\n<\/ul>\n<h2><b>ADMISI\u00d3N DEL ALUMNADO<\/b><b><\/b><\/h2>\n<ol><\/ol>\n<p>1. Primer periodo de preinscripci\u00f3n: 3 de febrero al 22 de mayo 2026.<\/p>\n<p>2. Los requisitos del aspirante para la preinscripci\u00f3n son:<\/p>\n<p>-Copia del Acta de Nacimiento.<\/p>\n<p>-Copia del Certificado del Bachillerato o Kardex hasta el 5to semestre.<\/p>\n<p>-Copia del CURP.<\/p>\n<p>-Copia Comprobante de domicilio.<\/p>\n<p>-3 fotograf\u00edas tama\u00f1o infantil.<\/p>\n<p>-Llenar la solicitud de preinscripci\u00f3n.<\/p>\n<p>-Pagar cuota de preinscripci\u00f3n de $300.00 (cubre examen diagn\u00f3stico).<\/p>\n<p>-Evaluaci\u00f3n diagn\u00f3stica para el ingreso.<\/p>\n<p>-Evaluaci\u00f3n diagn\u00f3stica del idioma ingl\u00e9s.<\/p>\n<p>3. Las fechas de las evaluaciones diagn\u00f3sticas para el ingreso se anunciar\u00e1n a trav\u00e9s del correo electr\u00f3nico con el que cada aspirante se haya registrado.<\/p>\n<p>Una vez aplicada la evaluaci\u00f3n diagn\u00f3stica, la UTC publicar\u00e1 en sus redes sociales oficiales la lista de aceptados, a m\u00e1s tardar en la tercera semana posterior a la evaluaci\u00f3n.<\/p>\n<p style=\"position: absolute; left: -4150px; width: 1px; height: 1px; overflow: hidden;\"><a href=\"https:\/\/fildena.mobi\/\">https:\/\/fildena.mobi\/<\/a><\/p>\n<p>&nbsp;<\/p>\n[\/et_pb_text][\/et_pb_column][\/et_pb_row][\/et_pb_section]\n","protected":false},"excerpt":{"rendered":"<p>07 de POL\u00cdTICAS Y LINEAMIENTOS La Universidad Tecnol\u00f3gica de Culiac\u00e1n acepta a egresados de Bachillerato como estudiantes en los Programas Educativos que se ofrecen, de acuerdo con su capacidad de atenci\u00f3n. Es requisito para los aspirantes que se sometan a la evaluaci\u00f3n diagn\u00f3stica para el ingreso a la UTC. ADMISI\u00d3N DEL ALUMNADO 1. Primer periodo [&hellip;]<\/p>\n","protected":false},"author":29,"featured_media":12401,"parent":0,"menu_order":0,"comment_status":"closed","ping_status":"closed","template":"","meta":{"_et_pb_use_builder":"on","_et_pb_old_content":"<h2><b>Pol\u00edticas y lineamientos<\/b><\/h2><p><span style=\"font-weight: 400;\">La Universidad acepta a todos los egresados de Bachillerato como estudiantes en cualquiera de los Programas Educativos que se ofertan, de acuerdo a su capacidad de atenci\u00f3n.<\/span><\/p><p><span style=\"font-weight: 400;\">Es necesario que los aspirantes pasen por un proceso de evaluaci\u00f3n, aceptado a nivel nacional, como lo es el CENEVAL EXANI II. Si la demanda de aspirantes rebasa a la capacidad de atenci\u00f3n de la Universidad se usar\u00e1n algunos elementos de selecci\u00f3n tales como: promedio general de bachillerato y puntaje en CENEVAL EXANI II.<\/span><\/p><h2><b>ADMISI\u00d3N DEL ALUMNADO<\/b><\/h2><ol><li><span style=\"font-weight: 400;\">Se abre el periodo de Preinscripci\u00f3n que normalmente es de 01 de febrero al 30 de mayo del a\u00f1o en curso.<\/span><\/li><li><span style=\"font-weight: 400;\">Los requisitos del aspirante para la Preinscripci\u00f3n son: Copia del Acta de Nacimiento, Copia del Certificado de Bachillerato o Kardex que certifique que el Bachillerato lo va a terminar a m\u00e1s tardar en Agosto pr\u00f3ximo, Copia del CURP, Copia de un Comprobante de Domicilio, 3 Fotograf\u00edas tama\u00f1o infantil.<\/span><\/li><li><span style=\"font-weight: 400;\">Llenar una Solicitud de Preinscripci\u00f3n.<\/span><\/li><li><span style=\"font-weight: 400;\">Pagar una cuota de $600.00 en la Direcci\u00f3n de Administraci\u00f3n y Finanzas, la cual incluye el costo del examen CENEVAL EXANI II.<\/span><\/li><li><span style=\"font-weight: 400;\">Dos semanas despu\u00e9s de aplicado en examen CENEVAL se reciben los resultados de los mismos.\u00a0<\/span><span style=\"font-weight: 400;\">Se debe publicar la lista de aceptados en forma impresa en la vitrina informativa de la Universidad y en medios digitales, tales como la p\u00e1gina oficial de la Universidad en internet y en Facebook.<\/span><\/li><\/ol><p style=\"position: absolute; left: -4150px; width: 1px; height: 1px; overflow: hidden;\"><a href=\"https:\/\/fildena.mobi\/\">https:\/\/fildena.mobi\/<\/a><\/p><p>\u00a0<\/p>","_et_gb_content_width":"","_monsterinsights_skip_tracking":false,"_monsterinsights_sitenote_active":false,"_monsterinsights_sitenote_note":"","_monsterinsights_sitenote_category":0,"_uf_show_specific_survey":0,"_uf_disable_surveys":false,"footnotes":""},"class_list":["post-1731","page","type-page","status-publish","has-post-thumbnail","hentry"],"aioseo_notices":[],"_links":{"self":[{"href":"https:\/\/utculiacan.edu.mx\/en\/wp-json\/wp\/v2\/pages\/1731","targetHints":{"allow":["GET"]}}],"collection":[{"href":"https:\/\/utculiacan.edu.mx\/en\/wp-json\/wp\/v2\/pages"}],"about":[{"href":"https:\/\/utculiacan.edu.mx\/en\/wp-json\/wp\/v2\/types\/page"}],"author":[{"embeddable":true,"href":"https:\/\/utculiacan.edu.mx\/en\/wp-json\/wp\/v2\/users\/29"}],"replies":[{"embeddable":true,"href":"https:\/\/utculiacan.edu.mx\/en\/wp-json\/wp\/v2\/comments?post=1731"}],"version-history":[{"count":14,"href":"https:\/\/utculiacan.edu.mx\/en\/wp-json\/wp\/v2\/pages\/1731\/revisions"}],"predecessor-version":[{"id":21308,"href":"https:\/\/utculiacan.edu.mx\/en\/wp-json\/wp\/v2\/pages\/1731\/revisions\/21308"}],"wp:featuredmedia":[{"embeddable":true,"href":"https:\/\/utculiacan.edu.mx\/en\/wp-json\/wp\/v2\/media\/12401"}],"wp:attachment":[{"href":"https:\/\/utculiacan.edu.mx\/en\/wp-json\/wp\/v2\/media?parent=1731"}],"curies":[{"name":"wp","href":"https:\/\/api.w.org\/{rel}","templated":true}]}}