{"id":17998,"date":"2023-10-03T09:46:43","date_gmt":"2023-10-03T16:46:43","guid":{"rendered":"https:\/\/utculiacan.edu.mx\/?page_id=17998"},"modified":"2023-11-01T12:18:48","modified_gmt":"2023-11-01T19:18:48","slug":"nuestros-docentes","status":"publish","type":"page","link":"https:\/\/utculiacan.edu.mx\/en\/nuestros-docentes\/","title":{"rendered":"Nuestros Docentes"},"content":{"rendered":"[et_pb_section fb_built=&#8221;1&#8243; admin_label=&#8221;Hero section&#8221; _builder_version=&#8221;4.22.2&#8243; use_background_color_gradient=&#8221;on&#8221; background_color_gradient_stops=&#8221;rgba(150,105,97,0.22) 38%|#00b094 99%&#8221; background_color_gradient_overlays_image=&#8221;on&#8221; background_color_gradient_start=&#8221;rgba(150,105,97,0.67)&#8221; background_color_gradient_end=&#8221;rgba(2,0,76,0.84)&#8221; background_image=&#8221;https:\/\/utculiacan.edu.mx\/wp-content\/uploads\/2023\/10\/335157606_964864451590836_1354569848309559350_n.jpg&#8221; background_position=&#8221;top_center&#8221; custom_margin=&#8221;|||&#8221; custom_padding=&#8221;10%||14%|&#8221; global_colors_info=&#8221;{}&#8221;][et_pb_row column_structure=&#8221;2_3,1_3&#8243; _builder_version=&#8221;4.16&#8243; custom_margin=&#8221;|||&#8221; global_colors_info=&#8221;{}&#8221;][et_pb_column type=&#8221;2_3&#8243; _builder_version=&#8221;4.16&#8243; custom_padding=&#8221;1px|||&#8221; global_colors_info=&#8221;{}&#8221; custom_padding__hover=&#8221;|||&#8221;][et_pb_text _builder_version=&#8221;4.22.2&#8243; text_font=&#8221;Lato||||||||&#8221; text_font_size=&#8221;20px&#8221; text_line_height=&#8221;1.8em&#8221; header_font=&#8221;Lato|900|||||||&#8221; header_font_size=&#8221;80px&#8221; header_letter_spacing=&#8221;2px&#8221; header_line_height=&#8221;1.2em&#8221; background_layout=&#8221;dark&#8221; animation_style=&#8221;fold&#8221; header_font_size_tablet=&#8221;46px&#8221; header_font_size_phone=&#8221;&#8221; header_font_size_last_edited=&#8221;on|tablet&#8221; global_colors_info=&#8221;{}&#8221;]\n<h1>Nuestros Docentes<\/h1>\n<p>Conoce a nuestro equipo de docentes, cada uno de ellos tiene un alto conocimiento en su \u00e1rea de especializaci\u00f3n y est\u00e1n comprometidos a brindarte la mejor educaci\u00f3n.<\/p>\n[\/et_pb_text][\/et_pb_column][et_pb_column type=&#8221;1_3&#8243; _builder_version=&#8221;4.16&#8243; custom_padding=&#8221;|||&#8221; global_colors_info=&#8221;{}&#8221; custom_padding__hover=&#8221;|||&#8221;][\/et_pb_column][\/et_pb_row][\/et_pb_section][et_pb_section fb_built=&#8221;1&#8243; admin_label=&#8221;Team&#8221; _builder_version=&#8221;4.16&#8243; custom_margin=&#8221;|||&#8221; custom_padding=&#8221;54px|0px|100px|0px&#8221; global_colors_info=&#8221;{}&#8221;][et_pb_row _builder_version=&#8221;4.23&#8243; _module_preset=&#8221;default&#8221; global_colors_info=&#8221;{}&#8221;][et_pb_column type=&#8221;4_4&#8243; _builder_version=&#8221;4.23&#8243; _module_preset=&#8221;default&#8221; global_colors_info=&#8221;{}&#8221;][dsm_block_reveal_text block_reveal_text=&#8221;Tecnolog\u00edas de la Informaci\u00f3n&#8221; _builder_version=&#8221;4.23&#8243; _module_preset=&#8221;default&#8221; header_text_align=&#8221;center&#8221; transform_translate=&#8221;6px|70px&#8221; global_colors_info=&#8221;{}&#8221;][\/dsm_block_reveal_text][\/et_pb_column][\/et_pb_row][et_pb_row column_structure=&#8221;1_2,1_2&#8243; _builder_version=&#8221;4.22.2&#8243; background_color=&#8221;#ffffff&#8221; background_size=&#8221;initial&#8221; background_position=&#8221;top_left&#8221; background_repeat=&#8221;repeat&#8221; custom_margin=&#8221;-10%|||&#8221; custom_padding=&#8221;60px|0px|60px|0px&#8221; animation_style=&#8221;slide&#8221; animation_direction=&#8221;bottom&#8221; animation_intensity_slide=&#8221;6%&#8221; animation_starting_opacity=&#8221;100%&#8221; border_radii=&#8221;on|15px|15px|15px|15px&#8221; border_color_all=&#8221;#00af98&#8243; border_width_top=&#8221;18px&#8221; box_shadow_style=&#8221;preset3&#8243; box_shadow_vertical=&#8221;39px&#8221; box_shadow_blur=&#8221;80px&#8221; box_shadow_color=&#8221;rgba(0,0,0,0.1)&#8221; custom_width_px=&#8221;1280px&#8221; global_colors_info=&#8221;{}&#8221;][et_pb_column type=&#8221;1_2&#8243; _builder_version=&#8221;4.16&#8243; custom_padding=&#8221;30px|40px|30px|40px&#8221; global_colors_info=&#8221;{}&#8221; custom_padding__hover=&#8221;|||&#8221;][et_pb_blurb title=&#8221;M.C. Edgar Ledezma Zavala&#8221; image=&#8221;https:\/\/utculiacan.edu.mx\/wp-content\/uploads\/2023\/09\/ELZ-Edgar-Ledezma-Zavala-e1696369694349-300&#215;300.jpg&#8221; icon_placement=&#8221;left&#8221; image_icon_width=&#8221;100px&#8221; image_icon_width_tablet=&#8221;100px&#8221; image_icon_width_phone=&#8221;100px&#8221; image_icon_width_last_edited=&#8221;on|desktop&#8221; _builder_version=&#8221;4.23&#8243; header_font=&#8221;Lato|700|||||||&#8221; header_line_height=&#8221;1.4em&#8221; body_font=&#8221;Lato|500|||||||&#8221; body_font_size=&#8221;16px&#8221; border_radii_image=&#8221;on|100px|100px|100px|100px&#8221; image_max_width=&#8221;100px&#8221; image_max_width_tablet=&#8221;&#8221; image_max_width_phone=&#8221;&#8221; image_max_width_last_edited=&#8221;on|desktop&#8221; global_colors_info=&#8221;{}&#8221;]\n<p>Ingeniero en mecatr\u00f3nica<\/p>\n[\/et_pb_blurb][et_pb_text _builder_version=&#8221;4.22.2&#8243; text_font=&#8221;Lato||||||||&#8221; text_text_color=&#8221;#898f99&#8243; text_font_size=&#8221;16px&#8221; text_line_height=&#8221;1.8em&#8221; header_font=&#8221;||||||||&#8221; header_2_font=&#8221;Lato||||||||&#8221; header_3_font=&#8221;Lato|700|||||||&#8221; header_3_text_color=&#8221;#4f4f6f&#8221; header_3_font_size=&#8221;36px&#8221; header_3_line_height=&#8221;1.5em&#8221; custom_margin=&#8221;30px|||&#8221; custom_padding=&#8221;30px|||&#8221; border_color_all=&#8221;rgba(51,51,51,0.12)&#8221; border_width_top=&#8221;1px&#8221; global_colors_info=&#8221;{}&#8221;]\n<p>MC en Sistemas de Manufactura en conjunto con el Tecnol\u00f3gico de Monterrey y Massachussets Institute of Technology.<\/p>\n<ul>\n<li>Certificado por Stanford University en t\u00f3picos de inteligencia artificial.<\/li>\n<li>Graduado del programa de innovaci\u00f3n y emprendimiento \u201cStartMIT\u201d.<\/li>\n<li>Experto en automatizaci\u00f3n y rob\u00f3tica aplicada.<\/li>\n<li>Amplia experiencia en manejo de proyectos de investigaci\u00f3n en manufactura avanzada, especializado en temas de Internet de las Cosas, Industria 4.0 y Realidad Aumentada.<\/li>\n<li>Cofundador del InnovationLab en la Universidad Tecnol\u00f3gica de Culiac\u00e1n, espacio dedicado a la innovaci\u00f3n desde 2018.<\/li>\n<li>Fundador de Technologies for Any Company, empresa dedicada al desarrollo e implementaci\u00f3n de tecnolog\u00eda en la nube desde 2019.<\/li>\n<\/ul>\n<p>En general, apasionado por la tecnolog\u00eda e impulsor del desarrollo cient\u00edfico, tecnol\u00f3gico y econ\u00f3mico en M\u00e9xico.<\/p>\n[\/et_pb_text][et_pb_blurb title=&#8221;edgar.ledezma@utculiacan.edu.mx&#8221; use_icon=&#8221;on&#8221; font_icon=&#8221;&#xe076;||divi||400&#8243; icon_color=&#8221;#3c39e6&#8243; icon_placement=&#8221;left&#8221; image_icon_width=&#8221;18px&#8221; _builder_version=&#8221;4.22.2&#8243; header_font=&#8221;Lato|700|||||||&#8221; header_font_size=&#8221;15px&#8221; header_letter_spacing=&#8221;1px&#8221; icon_font_size=&#8221;18px&#8221; global_colors_info=&#8221;{}&#8221;][\/et_pb_blurb][\/et_pb_column][et_pb_column type=&#8221;1_2&#8243; _builder_version=&#8221;4.16&#8243; custom_padding=&#8221;30px|40px|30px|40px&#8221; global_colors_info=&#8221;{}&#8221; custom_padding__hover=&#8221;|||&#8221;][et_pb_blurb title=&#8221;Loreen James&#8221; image=&#8221;https:\/\/utculiacan.edu.mx\/wp-content\/uploads\/2023\/10\/portrait-square-11.jpg&#8221; icon_placement=&#8221;left&#8221; image_icon_width=&#8221;100px&#8221; image_icon_width_tablet=&#8221;100px&#8221; image_icon_width_phone=&#8221;100px&#8221; image_icon_width_last_edited=&#8221;on|desktop&#8221; _builder_version=&#8221;4.16&#8243; header_font=&#8221;Lato|700|||||||&#8221; header_line_height=&#8221;1.4em&#8221; body_font=&#8221;Lato|500|||||||&#8221; body_font_size=&#8221;16px&#8221; border_radii_image=&#8221;on|100px|100px|100px|100px&#8221; image_max_width=&#8221;100px&#8221; image_max_width_tablet=&#8221;&#8221; image_max_width_phone=&#8221;&#8221; image_max_width_last_edited=&#8221;on|desktop&#8221; global_colors_info=&#8221;{}&#8221;]\n<p>Residential Real Estate Agent<\/p>\n[\/et_pb_blurb][et_pb_text _builder_version=&#8221;4.16&#8243; text_font=&#8221;Lato||||||||&#8221; text_text_color=&#8221;#898f99&#8243; text_font_size=&#8221;16px&#8221; text_line_height=&#8221;1.8em&#8221; header_font=&#8221;||||||||&#8221; header_2_font=&#8221;Lato||||||||&#8221; header_3_font=&#8221;Lato|700|||||||&#8221; header_3_text_color=&#8221;#4f4f6f&#8221; header_3_font_size=&#8221;36px&#8221; header_3_line_height=&#8221;1.5em&#8221; custom_margin=&#8221;30px|||&#8221; custom_padding=&#8221;30px|||&#8221; border_color_all=&#8221;rgba(51,51,51,0.12)&#8221; border_width_top=&#8221;1px&#8221; global_colors_info=&#8221;{}&#8221;]\n<p>Purus a eleifend ultrice consequat. Curabitur fringilla, purus a eleifend ultrices, nisi libero dictum erat, eget aliquet sapien sem eu nisl. Pellentesque pellentesque nec elit id tempor. Curabitur est ipsum, mollis sed ultricies in, iaculis id leo Etiam sit amet ligula non neque ullamcorper consequat. Curabitur fringilla, purus a eleifend ultrices<\/p>\n[\/et_pb_text][et_pb_blurb title=&#8221;(495) 235-2934&#8243; use_icon=&#8221;on&#8221; font_icon=&#8221;&#xe090;||divi||400&#8243; icon_color=&#8221;#3c39e6&#8243; icon_placement=&#8221;left&#8221; image_icon_width=&#8221;18px&#8221; _builder_version=&#8221;4.16&#8243; header_font=&#8221;Lato|700|||||||&#8221; header_font_size=&#8221;15px&#8221; header_letter_spacing=&#8221;1px&#8221; icon_font_size=&#8221;18px&#8221; locked=&#8221;off&#8221; global_colors_info=&#8221;{}&#8221;][\/et_pb_blurb][et_pb_blurb title=&#8221;ljames@diviestate.com&#8221; use_icon=&#8221;on&#8221; font_icon=&#8221;&#xe076;||divi||400&#8243; icon_color=&#8221;#3c39e6&#8243; icon_placement=&#8221;left&#8221; image_icon_width=&#8221;18px&#8221; _builder_version=&#8221;4.16&#8243; header_font=&#8221;Lato|700|||||||&#8221; header_font_size=&#8221;15px&#8221; header_letter_spacing=&#8221;1px&#8221; icon_font_size=&#8221;18px&#8221; locked=&#8221;off&#8221; global_colors_info=&#8221;{}&#8221;][\/et_pb_blurb][et_pb_social_media_follow _builder_version=&#8221;4.16&#8243; custom_margin=&#8221;|||&#8221; custom_margin_tablet=&#8221;|||175px&#8221; custom_margin_phone=&#8221;|||140px&#8221; custom_margin_last_edited=&#8221;off|desktop&#8221; custom_padding=&#8221;|||&#8221; global_colors_info=&#8221;{}&#8221;][et_pb_social_media_follow_network social_network=&#8221;facebook&#8221; _builder_version=&#8221;4.16&#8243; background_color=&#8221;#d2d6dd&#8221; global_colors_info=&#8221;{}&#8221; follow_button=&#8221;off&#8221; url_new_window=&#8221;on&#8221;]facebook[\/et_pb_social_media_follow_network][et_pb_social_media_follow_network social_network=&#8221;twitter&#8221; _builder_version=&#8221;4.16&#8243; background_color=&#8221;#d2d6dd&#8221; global_colors_info=&#8221;{}&#8221; follow_button=&#8221;off&#8221; url_new_window=&#8221;on&#8221;]twitter[\/et_pb_social_media_follow_network][et_pb_social_media_follow_network social_network=&#8221;google-plus&#8221; _builder_version=&#8221;4.16&#8243; background_color=&#8221;#d2d6dd&#8221; global_colors_info=&#8221;{}&#8221; follow_button=&#8221;off&#8221; url_new_window=&#8221;on&#8221;]google-plus[\/et_pb_social_media_follow_network][et_pb_social_media_follow_network social_network=&#8221;instagram&#8221; _builder_version=&#8221;4.16&#8243; background_color=&#8221;#d2d6dd&#8221; global_colors_info=&#8221;{}&#8221; follow_button=&#8221;off&#8221; url_new_window=&#8221;on&#8221;]instagram[\/et_pb_social_media_follow_network][\/et_pb_social_media_follow][\/et_pb_column][\/et_pb_row][et_pb_row column_structure=&#8221;1_2,1_2&#8243; _builder_version=&#8221;4.16&#8243; background_color=&#8221;#ffffff&#8221; background_size=&#8221;initial&#8221; background_position=&#8221;top_left&#8221; background_repeat=&#8221;repeat&#8221; custom_margin=&#8221;60px|||&#8221; custom_padding=&#8221;60px|0px|60px|0px&#8221; animation_style=&#8221;slide&#8221; animation_direction=&#8221;bottom&#8221; animation_intensity_slide=&#8221;6%&#8221; animation_starting_opacity=&#8221;100%&#8221; border_radii=&#8221;on|15px|15px|15px|15px&#8221; box_shadow_style=&#8221;preset3&#8243; box_shadow_vertical=&#8221;39px&#8221; box_shadow_blur=&#8221;80px&#8221; box_shadow_color=&#8221;rgba(0,0,0,0.1)&#8221; custom_width_px=&#8221;1280px&#8221; global_colors_info=&#8221;{}&#8221;][et_pb_column type=&#8221;1_2&#8243; _builder_version=&#8221;4.16&#8243; custom_padding=&#8221;30px|40px|30px|40px&#8221; global_colors_info=&#8221;{}&#8221; custom_padding__hover=&#8221;|||&#8221;][et_pb_blurb title=&#8221;Dra. Adriana Ro\u00e9 Sosa&#8221; image=&#8221;https:\/\/utculiacan.edu.mx\/wp-content\/uploads\/2023\/10\/Dra.-Adriana-Roe-Sosa.jpg&#8221; icon_placement=&#8221;left&#8221; image_icon_width=&#8221;100px&#8221; image_icon_width_tablet=&#8221;100px&#8221; image_icon_width_phone=&#8221;100px&#8221; image_icon_width_last_edited=&#8221;on|desktop&#8221; _builder_version=&#8221;4.23&#8243; header_font=&#8221;Lato|700|||||||&#8221; header_line_height=&#8221;1.4em&#8221; body_font=&#8221;Lato|500|||||||&#8221; body_font_size=&#8221;16px&#8221; border_radii_image=&#8221;on|100px|100px|100px|100px&#8221; image_max_width=&#8221;100px&#8221; image_max_width_tablet=&#8221;&#8221; image_max_width_phone=&#8221;&#8221; image_max_width_last_edited=&#8221;on|desktop&#8221; global_colors_info=&#8221;{}&#8221;]\n<p>Ingeniera Qu\u00edmica<\/p>\n[\/et_pb_blurb][et_pb_text _builder_version=&#8221;4.23&#8243; text_font=&#8221;Lato||||||||&#8221; text_text_color=&#8221;#898f99&#8243; text_font_size=&#8221;16px&#8221; text_line_height=&#8221;1.8em&#8221; header_font=&#8221;||||||||&#8221; header_2_font=&#8221;Lato||||||||&#8221; header_3_font=&#8221;Lato|700|||||||&#8221; header_3_text_color=&#8221;#4f4f6f&#8221; header_3_font_size=&#8221;36px&#8221; header_3_line_height=&#8221;1.5em&#8221; custom_margin=&#8221;30px|||&#8221; custom_padding=&#8221;30px|||&#8221; border_color_all=&#8221;rgba(51,51,51,0.12)&#8221; border_width_top=&#8221;1px&#8221; global_colors_info=&#8221;{}&#8221;]\n<p>\u00a0Maestr\u00eda y Doctorado en Ingenier\u00eda Ambiental (<em>especialidad manejo de tratamiento de<\/em><br \/><em>residuos<\/em>) de la Universidad Nacional Aut\u00f3noma de M\u00e9xico (UNAM).<\/p>\n<p>Es miembro del Sistema Nacional de Investigadores Nivel 1, \u00c1rea VIII, es Profesora de tiempo completo nivel C en la UTC.<br \/>Miembro de la Red Tem\u00e1tica de Gesti\u00f3n de la Calidad y Disponibilidad del Agua (CONACYT).<br \/>Miembro honor\u00edfico del Sistema Sinaloense de<br \/>investigadores y Tecn\u00f3logos.<\/p>\n<p>Ha impartido clases a nivel de maestr\u00eda y licenciatura en diversas disciplinas de ingenier\u00eda, y su investigaci\u00f3n se centra en temas como la biodegradabilidad de pl\u00e1sticos y la detecci\u00f3n de micropl\u00e1sticos.<\/p>\n<p>Su experiencia y liderazgo son valiosos activos para la comunidad acad\u00e9mica y cient\u00edfica.<\/p>\n[\/et_pb_text][et_pb_blurb title=&#8221;(495) 235-2356&#8243; use_icon=&#8221;on&#8221; font_icon=&#8221;&#xe090;||divi||400&#8243; icon_color=&#8221;#3c39e6&#8243; icon_placement=&#8221;left&#8221; image_icon_width=&#8221;18px&#8221; _builder_version=&#8221;4.16&#8243; header_font=&#8221;Lato|700|||||||&#8221; header_font_size=&#8221;15px&#8221; header_letter_spacing=&#8221;1px&#8221; icon_font_size=&#8221;18px&#8221; global_colors_info=&#8221;{}&#8221;][\/et_pb_blurb][et_pb_blurb title=&#8221;rhends@diviestate.com&#8221; use_icon=&#8221;on&#8221; font_icon=&#8221;&#xe076;||divi||400&#8243; icon_color=&#8221;#3c39e6&#8243; icon_placement=&#8221;left&#8221; image_icon_width=&#8221;18px&#8221; _builder_version=&#8221;4.16&#8243; header_font=&#8221;Lato|700|||||||&#8221; header_font_size=&#8221;15px&#8221; header_letter_spacing=&#8221;1px&#8221; icon_font_size=&#8221;18px&#8221; global_colors_info=&#8221;{}&#8221;][\/et_pb_blurb][et_pb_social_media_follow _builder_version=&#8221;4.16&#8243; custom_margin=&#8221;|||&#8221; custom_margin_tablet=&#8221;|||175px&#8221; custom_margin_phone=&#8221;|||140px&#8221; custom_margin_last_edited=&#8221;off|desktop&#8221; custom_padding=&#8221;|||&#8221; global_colors_info=&#8221;{}&#8221;][et_pb_social_media_follow_network social_network=&#8221;facebook&#8221; _builder_version=&#8221;4.16&#8243; background_color=&#8221;#d2d6dd&#8221; global_colors_info=&#8221;{}&#8221; follow_button=&#8221;off&#8221; url_new_window=&#8221;on&#8221;]facebook[\/et_pb_social_media_follow_network][et_pb_social_media_follow_network social_network=&#8221;twitter&#8221; _builder_version=&#8221;4.16&#8243; background_color=&#8221;#d2d6dd&#8221; global_colors_info=&#8221;{}&#8221; follow_button=&#8221;off&#8221; url_new_window=&#8221;on&#8221;]twitter[\/et_pb_social_media_follow_network][et_pb_social_media_follow_network social_network=&#8221;google-plus&#8221; _builder_version=&#8221;4.16&#8243; background_color=&#8221;#d2d6dd&#8221; global_colors_info=&#8221;{}&#8221; follow_button=&#8221;off&#8221; url_new_window=&#8221;on&#8221;]google-plus[\/et_pb_social_media_follow_network][et_pb_social_media_follow_network social_network=&#8221;instagram&#8221; _builder_version=&#8221;4.16&#8243; background_color=&#8221;#d2d6dd&#8221; global_colors_info=&#8221;{}&#8221; follow_button=&#8221;off&#8221; url_new_window=&#8221;on&#8221;]instagram[\/et_pb_social_media_follow_network][\/et_pb_social_media_follow][\/et_pb_column][et_pb_column type=&#8221;1_2&#8243; _builder_version=&#8221;4.16&#8243; custom_padding=&#8221;30px|40px|30px|40px&#8221; global_colors_info=&#8221;{}&#8221; custom_padding__hover=&#8221;|||&#8221;][et_pb_blurb title=&#8221;Brett Slater&#8221; image=&#8221;https:\/\/utculiacan.edu.mx\/wp-content\/uploads\/2023\/10\/portrait-square-10.jpg&#8221; icon_placement=&#8221;left&#8221; image_icon_width=&#8221;100px&#8221; image_icon_width_tablet=&#8221;100px&#8221; image_icon_width_phone=&#8221;100px&#8221; image_icon_width_last_edited=&#8221;on|desktop&#8221; _builder_version=&#8221;4.16&#8243; header_font=&#8221;Lato|700|||||||&#8221; header_line_height=&#8221;1.4em&#8221; body_font=&#8221;Lato|500|||||||&#8221; body_font_size=&#8221;16px&#8221; border_radii_image=&#8221;on|100px|100px|100px|100px&#8221; image_max_width=&#8221;100px&#8221; image_max_width_tablet=&#8221;&#8221; image_max_width_phone=&#8221;&#8221; image_max_width_last_edited=&#8221;on|desktop&#8221; global_colors_info=&#8221;{}&#8221;]\n<p>Commercial Real Estate Agent<\/p>\n[\/et_pb_blurb][et_pb_text _builder_version=&#8221;4.16&#8243; text_font=&#8221;Lato||||||||&#8221; text_text_color=&#8221;#898f99&#8243; text_font_size=&#8221;16px&#8221; text_line_height=&#8221;1.8em&#8221; header_font=&#8221;||||||||&#8221; header_2_font=&#8221;Lato||||||||&#8221; header_3_font=&#8221;Lato|700|||||||&#8221; header_3_text_color=&#8221;#4f4f6f&#8221; header_3_font_size=&#8221;36px&#8221; header_3_line_height=&#8221;1.5em&#8221; custom_margin=&#8221;30px|||&#8221; custom_padding=&#8221;30px|||&#8221; border_color_all=&#8221;rgba(51,51,51,0.12)&#8221; border_width_top=&#8221;1px&#8221; global_colors_info=&#8221;{}&#8221;]\n<p>Purus a eleifend ultrice consequat. Curabitur fringilla, purus a eleifend ultrices, nisi libero dictum erat, eget aliquet sapien sem eu nisl. Pellentesque pellentesque nec elit id tempor. Curabitur est ipsum, mollis sed ultricies in, iaculis id leo Etiam sit amet ligula non neque ullamcorper consequat. Curabitur fringilla, purus a eleifend ultrices<\/p>\n[\/et_pb_text][et_pb_blurb title=&#8221;(495) 235-2934&#8243; use_icon=&#8221;on&#8221; font_icon=&#8221;&#xe090;||divi||400&#8243; icon_color=&#8221;#3c39e6&#8243; icon_placement=&#8221;left&#8221; image_icon_width=&#8221;18px&#8221; _builder_version=&#8221;4.16&#8243; header_font=&#8221;Lato|700|||||||&#8221; header_font_size=&#8221;15px&#8221; header_letter_spacing=&#8221;1px&#8221; icon_font_size=&#8221;18px&#8221; locked=&#8221;off&#8221; global_colors_info=&#8221;{}&#8221;][\/et_pb_blurb][et_pb_blurb title=&#8221;ljames@diviestate.com&#8221; use_icon=&#8221;on&#8221; font_icon=&#8221;&#xe076;||divi||400&#8243; icon_color=&#8221;#3c39e6&#8243; icon_placement=&#8221;left&#8221; image_icon_width=&#8221;18px&#8221; _builder_version=&#8221;4.16&#8243; header_font=&#8221;Lato|700|||||||&#8221; header_font_size=&#8221;15px&#8221; header_letter_spacing=&#8221;1px&#8221; icon_font_size=&#8221;18px&#8221; locked=&#8221;off&#8221; global_colors_info=&#8221;{}&#8221;][\/et_pb_blurb][et_pb_social_media_follow _builder_version=&#8221;4.16&#8243; custom_margin=&#8221;|||&#8221; custom_margin_tablet=&#8221;|||175px&#8221; custom_margin_phone=&#8221;|||140px&#8221; custom_margin_last_edited=&#8221;off|desktop&#8221; custom_padding=&#8221;|||&#8221; global_colors_info=&#8221;{}&#8221;][et_pb_social_media_follow_network social_network=&#8221;facebook&#8221; _builder_version=&#8221;4.16&#8243; background_color=&#8221;#d2d6dd&#8221; global_colors_info=&#8221;{}&#8221; follow_button=&#8221;off&#8221; url_new_window=&#8221;on&#8221;]facebook[\/et_pb_social_media_follow_network][et_pb_social_media_follow_network social_network=&#8221;twitter&#8221; _builder_version=&#8221;4.16&#8243; background_color=&#8221;#d2d6dd&#8221; global_colors_info=&#8221;{}&#8221; follow_button=&#8221;off&#8221; url_new_window=&#8221;on&#8221;]twitter[\/et_pb_social_media_follow_network][et_pb_social_media_follow_network social_network=&#8221;google-plus&#8221; _builder_version=&#8221;4.16&#8243; background_color=&#8221;#d2d6dd&#8221; global_colors_info=&#8221;{}&#8221; follow_button=&#8221;off&#8221; url_new_window=&#8221;on&#8221;]google-plus[\/et_pb_social_media_follow_network][et_pb_social_media_follow_network social_network=&#8221;instagram&#8221; _builder_version=&#8221;4.16&#8243; background_color=&#8221;#d2d6dd&#8221; global_colors_info=&#8221;{}&#8221; follow_button=&#8221;off&#8221; url_new_window=&#8221;on&#8221;]instagram[\/et_pb_social_media_follow_network][\/et_pb_social_media_follow][\/et_pb_column][\/et_pb_row][\/et_pb_section]\n","protected":false},"excerpt":{"rendered":"<p>Nuestros Docentes Conoce a nuestro equipo de docentes, cada uno de ellos tiene un alto conocimiento en su \u00e1rea de especializaci\u00f3n y est\u00e1n comprometidos a brindarte la mejor educaci\u00f3n.<div class=\"et_pb_module dsm_block_reveal_text dsm_block_reveal_text_0\">\n\t\t\t\t\n\t\t\t\t\n\t\t\t\t\n\t\t\t\t\n\t\t\t\t\n\t\t\t\t\n\t\t\t\t<div class=\"et_pb_module_inner\">\n\t\t\t\t\t<div class=\"dsm_block_reveal_text_wrapper\" data-dsm-block-reveal-text=[{\"animation\":\"lr\",\"color\":\"#ffffff\",\"delay\":\"0.1\",\"viewport\":\"80%\"}]><h2 class=\"dsm_block_reveal_text_header et_pb_module_header\">Tecnolog\u00edas de la Informaci\u00f3n<\/h2><\/div>\n\t\t\t\t<\/div>\n\t\t\t<\/div>Ingeniero en mecatr\u00f3nicaMC en Sistemas de Manufactura en conjunto con el Tecnol\u00f3gico de Monterrey y Massachussets Institute of [&hellip;]<\/p>\n","protected":false},"author":30,"featured_media":0,"parent":0,"menu_order":0,"comment_status":"closed","ping_status":"closed","template":"","meta":{"_et_pb_use_builder":"on","_et_pb_old_content":"","_et_gb_content_width":"","_monsterinsights_skip_tracking":false,"_monsterinsights_sitenote_active":false,"_monsterinsights_sitenote_note":"","_monsterinsights_sitenote_category":0,"_uf_show_specific_survey":0,"_uf_disable_surveys":false,"footnotes":""},"class_list":["post-17998","page","type-page","status-publish","hentry"],"aioseo_notices":[],"_links":{"self":[{"href":"https:\/\/utculiacan.edu.mx\/en\/wp-json\/wp\/v2\/pages\/17998","targetHints":{"allow":["GET"]}}],"collection":[{"href":"https:\/\/utculiacan.edu.mx\/en\/wp-json\/wp\/v2\/pages"}],"about":[{"href":"https:\/\/utculiacan.edu.mx\/en\/wp-json\/wp\/v2\/types\/page"}],"author":[{"embeddable":true,"href":"https:\/\/utculiacan.edu.mx\/en\/wp-json\/wp\/v2\/users\/30"}],"replies":[{"embeddable":true,"href":"https:\/\/utculiacan.edu.mx\/en\/wp-json\/wp\/v2\/comments?post=17998"}],"version-history":[{"count":35,"href":"https:\/\/utculiacan.edu.mx\/en\/wp-json\/wp\/v2\/pages\/17998\/revisions"}],"predecessor-version":[{"id":18604,"href":"https:\/\/utculiacan.edu.mx\/en\/wp-json\/wp\/v2\/pages\/17998\/revisions\/18604"}],"wp:attachment":[{"href":"https:\/\/utculiacan.edu.mx\/en\/wp-json\/wp\/v2\/media?parent=17998"}],"curies":[{"name":"wp","href":"https:\/\/api.w.org\/{rel}","templated":true}]}}