{"id":180,"date":"2018-10-17T14:02:42","date_gmt":"2018-10-17T20:02:42","guid":{"rendered":"http:\/\/utculiacan.edu.mx\/?page_id=180"},"modified":"2018-11-01T16:05:58","modified_gmt":"2018-11-01T22:05:58","slug":"2013-anual","status":"publish","type":"page","link":"https:\/\/utculiacan.edu.mx\/en\/2013-anual\/","title":{"rendered":"2013 Anual"},"content":{"rendered":"<h3>Iniciativas y Proyectos<\/h3>\n<p><a href=\"http:\/\/utculiacan.edu.mx\/wp-content\/uploads\/2018\/10\/Iniciativa-de-Ley-de-Ingresos.pdf\">Iniciativa de Ley de Ingresos <strong>PDF<\/strong><\/a><strong>\u00a0<\/strong><\/p>\n<p>Informaci\u00f3n Adicional a la Iniciativa de Ingresos<\/p>\n<p><a href=\"http:\/\/utculiacan.edu.mx\/wp-content\/uploads\/2018\/10\/Proyecto-de-Presupuesto-de-Egresos.pdf\">Proyecto de Presupuesto de Egresos <strong>PDF<\/strong><\/a><\/p>\n<p>Informaci\u00f3n Adicional del Proyecto de Presupuesto de egresos<\/p>\n<h3>LI y PE<\/h3>\n<p><a href=\"http:\/\/utculiacan.edu.mx\/wp-content\/uploads\/2018\/10\/Ley-de-Ingresos.pdf\">Ley de Ingresos <strong>PDF<\/strong><\/a><\/p>\n<p><a href=\"http:\/\/utculiacan.edu.mx\/wp-content\/uploads\/2018\/10\/Presupuesto-de-egresos.pdf\">Presupuesto de egresos <strong>PDF<\/strong><\/a><\/p>\n<p><a href=\"http:\/\/utculiacan.edu.mx\/wp-content\/uploads\/2018\/11\/CONVENIO-PARA-ASIGNACI\u00d3N-DE-RECURSOS-FINANCIEROS-UTC-2013.pdf\">Dict\u00e1menes Acuerdo y Actas <strong>PDF<\/strong><\/a><\/p>\n<p><a href=\"http:\/\/utculiacan.edu.mx\/wp-content\/uploads\/2018\/10\/Calendario-de-Ingresos.pdf\">Calendario de Ingresos <strong>PDF<\/strong><\/a><\/p>\n<p><a href=\"http:\/\/utculiacan.edu.mx\/wp-content\/uploads\/2018\/10\/Calendario-de-Egresos.pdf\">Calendario de Egresos P<strong>DF<\/strong><\/a><\/p>\n<p><a href=\"http:\/\/utculiacan.edu.mx\/wp-content\/uploads\/2018\/10\/Presupuesto-Ciudadano.pdf\">Presupuesto Ciudadano <strong>PDF<\/strong><\/a><\/p>","protected":false},"excerpt":{"rendered":"<p>Iniciativas y Proyectos Iniciativa de Ley de Ingresos PDF\u00a0 Informaci\u00f3n Adicional a la Iniciativa de Ingresos Proyecto de Presupuesto de Egresos PDF Informaci\u00f3n Adicional del Proyecto de Presupuesto de egresos LI y PE Ley de Ingresos PDF Presupuesto de egresos PDF Dict\u00e1menes Acuerdo y Actas PDF Calendario de Ingresos PDF Calendario de Egresos PDF Presupuesto [&hellip;]<\/p>\n","protected":false},"author":29,"featured_media":0,"parent":0,"menu_order":0,"comment_status":"closed","ping_status":"closed","template":"","meta":{"_et_pb_use_builder":"","_et_pb_old_content":"","_et_gb_content_width":"","_monsterinsights_skip_tracking":false,"_monsterinsights_sitenote_active":false,"_monsterinsights_sitenote_note":"","_monsterinsights_sitenote_category":0,"_uf_show_specific_survey":0,"_uf_disable_surveys":false,"footnotes":""},"class_list":["post-180","page","type-page","status-publish","hentry"],"aioseo_notices":[],"_links":{"self":[{"href":"https:\/\/utculiacan.edu.mx\/en\/wp-json\/wp\/v2\/pages\/180","targetHints":{"allow":["GET"]}}],"collection":[{"href":"https:\/\/utculiacan.edu.mx\/en\/wp-json\/wp\/v2\/pages"}],"about":[{"href":"https:\/\/utculiacan.edu.mx\/en\/wp-json\/wp\/v2\/types\/page"}],"author":[{"embeddable":true,"href":"https:\/\/utculiacan.edu.mx\/en\/wp-json\/wp\/v2\/users\/29"}],"replies":[{"embeddable":true,"href":"https:\/\/utculiacan.edu.mx\/en\/wp-json\/wp\/v2\/comments?post=180"}],"version-history":[{"count":7,"href":"https:\/\/utculiacan.edu.mx\/en\/wp-json\/wp\/v2\/pages\/180\/revisions"}],"predecessor-version":[{"id":1577,"href":"https:\/\/utculiacan.edu.mx\/en\/wp-json\/wp\/v2\/pages\/180\/revisions\/1577"}],"wp:attachment":[{"href":"https:\/\/utculiacan.edu.mx\/en\/wp-json\/wp\/v2\/media?parent=180"}],"curies":[{"name":"wp","href":"https:\/\/api.w.org\/{rel}","templated":true}]}}