{"id":18254,"date":"2023-10-17T10:50:27","date_gmt":"2023-10-17T17:50:27","guid":{"rendered":"https:\/\/utculiacan.edu.mx\/?page_id=18254"},"modified":"2023-10-18T10:05:34","modified_gmt":"2023-10-18T17:05:34","slug":"admision","status":"publish","type":"page","link":"https:\/\/utculiacan.edu.mx\/en\/admision\/","title":{"rendered":"Admisi\u00f3n"},"content":{"rendered":"[et_pb_section fb_built=&#8221;1&#8243; admin_label=&#8221;section&#8221; _builder_version=&#8221;4.22.2&#8243; use_background_color_gradient=&#8221;on&#8221; background_color_gradient_direction=&#8221;67deg&#8221; background_color_gradient_stops=&#8221;#29c4a9 0%|#ffffff 40%&#8221; custom_margin=&#8221;0px||0px||false|false&#8221; custom_padding=&#8221;0px||0px||false|false&#8221; box_shadow_style=&#8221;preset5&#8243; box_shadow_blur=&#8221;25px&#8221; box_shadow_color=&#8221;rgba(158,158,158,0.3)&#8221; global_colors_info=&#8221;{}&#8221;][et_pb_row column_structure=&#8221;1_2,1_2&#8243; _builder_version=&#8221;4.22.2&#8243; _module_preset=&#8221;default&#8221; width=&#8221;100%&#8221; max_width=&#8221;1180px&#8221; custom_margin=&#8221;0px||||false|false&#8221; custom_padding=&#8221;0px||||false|false&#8221; global_colors_info=&#8221;{}&#8221;][et_pb_column type=&#8221;1_2&#8243; _builder_version=&#8221;4.22.2&#8243; _module_preset=&#8221;default&#8221; custom_padding=&#8221;59px||1px|100px|false|false&#8221; global_colors_info=&#8221;{}&#8221;][dsm_gradient_text gradient_text=&#8221;Admisi\u00f3n UTC&#8221; _builder_version=&#8221;4.22.2&#8243; _module_preset=&#8221;default&#8221; header_level=&#8221;h2&#8243; header_font=&#8221;||on||||||&#8221; header_text_color=&#8221;#000000&#8243; header_font_size=&#8221;25px&#8221; background_color=&#8221;RGBA(255,255,255,0)&#8221; background_color_gradient_stops=&#8221;#000000 100%|#29c4a9 100%&#8221; global_colors_info=&#8221;{}&#8221;][\/dsm_gradient_text][et_pb_text _builder_version=&#8221;4.22.2&#8243; _module_preset=&#8221;default&#8221; global_colors_info=&#8221;{}&#8221;]\n<p>La Universidad acepta a todos los egresados de Bachillerato como estudiantes en cualquiera de los Programas Educativos que se ofertan, de acuerdo a su capacidad de atenci\u00f3n<\/p>\n[\/et_pb_text][et_pb_button button_url=&#8221;https:\/\/sce.utculiacan.edu.mx\/preins\/&#8221; url_new_window=&#8221;on&#8221; button_text=&#8221;Preinscripciones&#8221; button_alignment=&#8221;left&#8221; _builder_version=&#8221;4.22.2&#8243; _module_preset=&#8221;default&#8221; custom_button=&#8221;on&#8221; button_text_color=&#8221;#000000&#8243; locked=&#8221;off&#8221; global_colors_info=&#8221;{}&#8221;][\/et_pb_button][\/et_pb_column][et_pb_column type=&#8221;1_2&#8243; _builder_version=&#8221;4.22.2&#8243; _module_preset=&#8221;default&#8221; use_background_color_gradient=&#8221;on&#8221; background_color_gradient_direction=&#8221;96deg&#8221; background_color_gradient_stops=&#8221;#ffffff 16%|rgba(255,255,255,0) 47%|rgba(255,255,255,0) 99%&#8221; background_color_gradient_overlays_image=&#8221;on&#8221; background_enable_image=&#8221;off&#8221; transform_scale=&#8221;108%|108%&#8221; transform_skew_linked=&#8221;off&#8221; custom_padding=&#8221;6px|0px|0px|0px|false|false&#8221; filter_saturate=&#8221;161%&#8221; filter_brightness=&#8221;102%&#8221; global_colors_info=&#8221;{}&#8221;][et_pb_text _builder_version=&#8221;4.22.2&#8243; _module_preset=&#8221;default&#8221; global_colors_info=&#8221;{}&#8221;]\n<p>&nbsp;<\/p>\n<p>&nbsp;<\/p>\n<p>&nbsp;<\/p>\n<p>&nbsp;<\/p>\n<p>&nbsp;<\/p>\n<p>&nbsp;<\/p>\n<p>&nbsp;<\/p>\n<p>&nbsp;<\/p>\n<p>&nbsp;<\/p>\n[\/et_pb_text][\/et_pb_column][\/et_pb_row][\/et_pb_section][et_pb_section fb_built=&#8221;1&#8243; admin_label=&#8221;section&#8221; _builder_version=&#8221;4.22.2&#8243; global_colors_info=&#8221;{}&#8221;][et_pb_row _builder_version=&#8221;4.22.2&#8243; _module_preset=&#8221;default&#8221; global_colors_info=&#8221;{}&#8221;][et_pb_column type=&#8221;4_4&#8243; _builder_version=&#8221;4.22.2&#8243; _module_preset=&#8221;default&#8221; global_colors_info=&#8221;{}&#8221;][et_pb_text _builder_version=&#8221;4.22.2&#8243; _module_preset=&#8221;default&#8221; global_colors_info=&#8221;{}&#8221;]\n<p>Es necesario que los aspirantes pasen por un proceso de evaluaci\u00f3n, aceptado a nivel nacional, como lo es el <em><strong>CENEVAL EXANI II<\/strong><\/em>.<\/p>\n<p>Si la demanda de aspirantes rebasa a la capacidad de atenci\u00f3n de la Universidad se usar\u00e1n algunos elementos de selecci\u00f3n tales como:<\/p>\n<p>&nbsp;<\/p>\n<ul>\n<li style=\"list-style-type: none;\">\n<ul>\n<li>Promedio general de bachillerato<\/li>\n<li>Puntaje en CENEVAL EXANI II.<\/li>\n<\/ul>\n<\/li>\n<\/ul>\n[\/et_pb_text][dsm_gradient_text gradient_text=&#8221;\u00bfC\u00f3mo preinscribirte?&#8221; _builder_version=&#8221;4.22.2&#8243; _module_preset=&#8221;default&#8221; header_level=&#8221;h2&#8243; header_font=&#8221;||on||||||&#8221; header_text_color=&#8221;#000000&#8243; header_font_size=&#8221;25px&#8221; background_color=&#8221;RGBA(255,255,255,0)&#8221; background_color_gradient_stops=&#8221;#000000 100%|#29c4a9 100%&#8221; text_orientation=&#8221;center&#8221; global_colors_info=&#8221;{}&#8221;][\/dsm_gradient_text][\/et_pb_column][\/et_pb_row][et_pb_row _builder_version=&#8221;4.21.0&#8243; _module_preset=&#8221;default&#8221; locked=&#8221;off&#8221; global_colors_info=&#8221;{}&#8221;][et_pb_column type=&#8221;4_4&#8243; _builder_version=&#8221;4.21.0&#8243; _module_preset=&#8221;default&#8221; global_colors_info=&#8221;{}&#8221;][et_pb_divider color=&#8221;#000000&#8243; _builder_version=&#8221;4.22.2&#8243; _module_preset=&#8221;default&#8221; custom_margin=&#8221;-28px||||false|false&#8221; global_colors_info=&#8221;{}&#8221;][\/et_pb_divider][\/et_pb_column][\/et_pb_row][et_pb_row column_structure=&#8221;3_5,2_5&#8243; _builder_version=&#8221;4.22.2&#8243; _module_preset=&#8221;default&#8221; width=&#8221;100%&#8221; max_width=&#8221;1180px&#8221; animation_style=&#8221;slide&#8221; animation_direction=&#8221;right&#8221; animation_duration=&#8221;1150ms&#8221; animation_delay=&#8221;100ms&#8221; animation_intensity_slide=&#8221;13%&#8221; animation_starting_opacity=&#8221;20%&#8221; border_width_all=&#8221;2px&#8221; box_shadow_style=&#8221;preset2&#8243; box_shadow_color=&#8221;rgba(112,175,167,0.83)&#8221; global_colors_info=&#8221;{}&#8221;][et_pb_column type=&#8221;3_5&#8243; _builder_version=&#8221;4.22.2&#8243; _module_preset=&#8221;default&#8221; global_colors_info=&#8221;{}&#8221;][et_pb_text _builder_version=&#8221;4.22.2&#8243; _module_preset=&#8221;default&#8221; text_orientation=&#8221;center&#8221; border_color_all=&#8221;#0a0000&#8243; global_colors_info=&#8221;{}&#8221;]\n<p>Periodo de Preincripci\u00f3n:<\/p>\n<p><em><strong>01 de febrero &#8211; 30 de mayo<\/strong><\/em><\/p>\n[\/et_pb_text][et_pb_text _builder_version=&#8221;4.22.2&#8243; _module_preset=&#8221;default&#8221; global_colors_info=&#8221;{}&#8221;]\n<p>\u00a0 1. Requisitos:<\/p>\n<p style=\"padding-left: 80px;\">[\/et_pb_text][et_pb_text _builder_version=&#8221;4.22.2&#8243; _module_preset=&#8221;default&#8221; global_colors_info=&#8221;{}&#8221;]\n<ul>\n<li style=\"list-style-type: none;\">\n<ul>\n<li style=\"list-style-type: none;\">\n<ul>\n<li>Copia de acta de nacimiento.<br \/><a href=\"https:\/\/www.gob.mx\/ActaNacimiento\/\" target=\"_blank\" rel=\"noopener\"><span style=\"text-decoration: underline; color: #0000ff;\">No cuentas con tu acta?<\/span><\/a><\/li>\n<li>Copia del <em><strong>Certificado de Bachillerato<\/strong><\/em> o <em><strong>Kardex<\/strong><\/em> que certifique que el Bachillerato lo va a terminar a m\u00e1s tardar en agosto pr\u00f3ximo.<\/li>\n<li>Copia de CURP.<br \/><a href=\"https:\/\/www.gob.mx\/curp\/\" target=\"_blank\" rel=\"noopener\"><span style=\"text-decoration: underline; color: #0000ff;\">No conoces tu CURP?<\/span><\/a><\/li>\n<li>Copia de Comprobante de Domicilio.<\/li>\n<li>3 fotograf\u00edas tama\u00f1o infantil.<\/li>\n<\/ul>\n<\/li>\n<\/ul>\n<\/li>\n<\/ul>\n<p style=\"padding-left: 80px;\">[\/et_pb_text][et_pb_text _builder_version=&#8221;4.22.2&#8243; _module_preset=&#8221;default&#8221; global_colors_info=&#8221;{}&#8221;]\n<p>\u00a0 2. Llenar una Solicitud de <span style=\"text-decoration: underline;\"><span style=\"color: #0000ff;\"><a style=\"color: #0000ff; text-decoration: underline;\" href=\"https:\/\/sce.utculiacan.edu.mx\/preins\/\" target=\"_blank\" rel=\"noopener\">Preinscripci\u00f3n.<\/a><\/span><\/span><\/p>\n<p>\u00a0 3.Pagar una cuota de <span style=\"color: #003300;\"><em><strong>$600.00<\/strong><\/em><\/span> en la Direcci\u00f3n de Administraci\u00f3n y Finanzas, incluye:<\/p>\n<p>&nbsp;<\/p>\n<ul>\n<li style=\"list-style-type: none;\">\n<ul>\n<li style=\"list-style-type: none;\">\n<ul>\n<li style=\"list-style-type: none;\">\n<ul>\n<li style=\"list-style-type: none;\">\n<ul>\n<li style=\"text-align: left;\">Costo del examen CENEVAL EXANI II.<\/li>\n<\/ul>\n<\/li>\n<\/ul>\n<\/li>\n<\/ul>\n<\/li>\n<\/ul>\n<\/li>\n<\/ul>\n[\/et_pb_text][\/et_pb_column][et_pb_column type=&#8221;2_5&#8243; _builder_version=&#8221;4.22.2&#8243; _module_preset=&#8221;default&#8221; global_colors_info=&#8221;{}&#8221;][\/et_pb_column][\/et_pb_row][et_pb_row _builder_version=&#8221;4.22.2&#8243; _module_preset=&#8221;default&#8221; custom_padding=&#8221;43px||||false|false&#8221; global_colors_info=&#8221;{}&#8221;][et_pb_column type=&#8221;4_4&#8243; _builder_version=&#8221;4.22.2&#8243; _module_preset=&#8221;default&#8221; global_colors_info=&#8221;{}&#8221;][dsm_gradient_text gradient_text=&#8221;Resultados&#8221; _builder_version=&#8221;4.22.2&#8243; _module_preset=&#8221;default&#8221; header_level=&#8221;h2&#8243; header_font=&#8221;||on||||||&#8221; header_text_color=&#8221;#000000&#8243; header_font_size=&#8221;25px&#8221; background_color=&#8221;RGBA(255,255,255,0)&#8221; background_color_gradient_stops=&#8221;#000000 100%|#29c4a9 100%&#8221; text_orientation=&#8221;center&#8221; global_colors_info=&#8221;{}&#8221;][\/dsm_gradient_text][et_pb_divider color=&#8221;#000000&#8243; _builder_version=&#8221;4.22.2&#8243; _module_preset=&#8221;default&#8221; custom_margin=&#8221;-28px||||false|false&#8221; global_colors_info=&#8221;{}&#8221;][\/et_pb_divider][et_pb_text _builder_version=&#8221;4.22.2&#8243; _module_preset=&#8221;default&#8221; global_colors_info=&#8221;{}&#8221;]\n<p>Dos semanas despu\u00e9s de aplicado en examen CENEVAL se reciben los resultados de los mismos.\u00a0Se debe publicar la lista de aceptados en forma impresa en la vitrina informativa de la Universidad y en medios digitales, tales como la<a href=\"https:\/\/utculiacan.edu.mx\/\"> p\u00e1gina oficial de la Universidad<\/a> en internet y en <a href=\"https:\/\/www.facebook.com\/CuliacanUTC\" target=\"_blank\" rel=\"noopener\">Facebook<\/a>.<\/p>\n[\/et_pb_text][\/et_pb_column][\/et_pb_row][\/et_pb_section][et_pb_section fb_built=&#8221;1&#8243; fullwidth=&#8221;on&#8221; _builder_version=&#8221;4.22.2&#8243; _module_preset=&#8221;default&#8221; global_colors_info=&#8221;{}&#8221;][\/et_pb_section]\n","protected":false},"excerpt":{"rendered":"<p><div class=\"et_pb_module dsm_gradient_text dsm_gradient_text_0 \">\n\t\t\t\t\n\t\t\t\t\n\t\t\t\t\n\t\t\t\t\n\t\t\t\t\n\t\t\t\t\n\t\t\t\t<div class=\"et_pb_module_inner\">\n\t\t\t\t\t<h2 class=\"dsm-gradient-text et_pb_module_header\">Admisi\u00f3n UTC<\/h2>\n\t\t\t\t<\/div>\n\t\t\t<\/div>La Universidad acepta a todos los egresados de Bachillerato como estudiantes en cualquiera de los Programas Educativos que se ofertan, de acuerdo a su capacidad de atenci\u00f3n&nbsp; &nbsp; &nbsp; &nbsp; &nbsp; &nbsp; &nbsp; &nbsp; &nbsp;Es necesario que los aspirantes pasen por un [&hellip;]<\/p>\n","protected":false},"author":30,"featured_media":0,"parent":0,"menu_order":0,"comment_status":"closed","ping_status":"closed","template":"","meta":{"_et_pb_use_builder":"on","_et_pb_old_content":"","_et_gb_content_width":"","_monsterinsights_skip_tracking":false,"_monsterinsights_sitenote_active":false,"_monsterinsights_sitenote_note":"","_monsterinsights_sitenote_category":0,"_uf_show_specific_survey":0,"_uf_disable_surveys":false,"footnotes":""},"class_list":["post-18254","page","type-page","status-publish","hentry"],"aioseo_notices":[],"_links":{"self":[{"href":"https:\/\/utculiacan.edu.mx\/en\/wp-json\/wp\/v2\/pages\/18254","targetHints":{"allow":["GET"]}}],"collection":[{"href":"https:\/\/utculiacan.edu.mx\/en\/wp-json\/wp\/v2\/pages"}],"about":[{"href":"https:\/\/utculiacan.edu.mx\/en\/wp-json\/wp\/v2\/types\/page"}],"author":[{"embeddable":true,"href":"https:\/\/utculiacan.edu.mx\/en\/wp-json\/wp\/v2\/users\/30"}],"replies":[{"embeddable":true,"href":"https:\/\/utculiacan.edu.mx\/en\/wp-json\/wp\/v2\/comments?post=18254"}],"version-history":[{"count":38,"href":"https:\/\/utculiacan.edu.mx\/en\/wp-json\/wp\/v2\/pages\/18254\/revisions"}],"predecessor-version":[{"id":18424,"href":"https:\/\/utculiacan.edu.mx\/en\/wp-json\/wp\/v2\/pages\/18254\/revisions\/18424"}],"wp:attachment":[{"href":"https:\/\/utculiacan.edu.mx\/en\/wp-json\/wp\/v2\/media?parent=18254"}],"curies":[{"name":"wp","href":"https:\/\/api.w.org\/{rel}","templated":true}]}}