{"id":196,"date":"2018-10-17T14:21:48","date_gmt":"2018-10-17T20:21:48","guid":{"rendered":"http:\/\/utculiacan.edu.mx\/?page_id=196"},"modified":"2018-10-18T12:45:19","modified_gmt":"2018-10-18T18:45:19","slug":"2013-3er-trimestre","status":"publish","type":"page","link":"https:\/\/utculiacan.edu.mx\/en\/2013-3er-trimestre\/","title":{"rendered":"2013 3er Trimestre"},"content":{"rendered":"<h3>Informaci\u00f3n Contable<\/h3>\n<p>En este trimestre la universidad no hab\u00eda iniciado operaciones.<\/p>\n<h3>Informaci\u00f3n Presupuestal<\/h3>\n<p>En este trimestre la universidad no hab\u00eda iniciado operaciones.<\/p>\n<h3>Inventarios<\/h3>\n<p>En este trimestre la universidad no hab\u00eda iniciado operaciones.<\/p>\n<h3>Ejercicio Presupuestario<\/h3>\n<p>Ayudas y Subsidios\u00a0<strong>NO APLICA<\/strong><\/p>\n<p>Programas con Recursos Federales\u00a0<strong>NO APLICA<\/strong><\/p>\n<p>Cuentas Bancarias Productivas Federales\u00a0 <strong>NO APLICA<\/strong><\/p>\n<p>Aportaci\u00f3n Federal para Educaci\u00f3n\u00a0 <strong>NO APLICA<\/strong><\/p>\n<p>Aportaci\u00f3n Federal para Salud <strong>NO APLICA<\/strong><\/p>\n<p>Aportaci\u00f3n Fortalecimiento Municipios\u00a0<strong>N<\/strong><strong>O APLICA<\/strong><\/p>\n<p>Aportaci\u00f3n Federal para Seguridad P\u00fablica\u00a0<strong>NO<\/strong><strong> APL<\/strong><strong>ICA<\/strong><\/p>\n<p>Obligaciones con Fondos Federales <strong>NO APLICA<\/strong><\/p>\n<p>Ejercicio y Destino de Gasto Federalizado <strong>NO APLICA<\/strong><\/p>\n<p>Evaluaci\u00f3n de Recursos Federales\u00a0<strong>NO<\/strong><strong> AP<\/strong><strong>LICA<\/strong><\/p>","protected":false},"excerpt":{"rendered":"<p>Informaci\u00f3n Contable En este trimestre la universidad no hab\u00eda iniciado operaciones. Informaci\u00f3n Presupuestal En este trimestre la universidad no hab\u00eda iniciado operaciones. Inventarios En este trimestre la universidad no hab\u00eda iniciado operaciones. Ejercicio Presupuestario Ayudas y Subsidios\u00a0NO APLICA Programas con Recursos Federales\u00a0NO APLICA Cuentas Bancarias Productivas Federales\u00a0 NO APLICA Aportaci\u00f3n Federal para Educaci\u00f3n\u00a0 NO APLICA [&hellip;]<\/p>\n","protected":false},"author":29,"featured_media":0,"parent":0,"menu_order":0,"comment_status":"closed","ping_status":"closed","template":"","meta":{"_et_pb_use_builder":"","_et_pb_old_content":"","_et_gb_content_width":"","_monsterinsights_skip_tracking":false,"_monsterinsights_sitenote_active":false,"_monsterinsights_sitenote_note":"","_monsterinsights_sitenote_category":0,"_uf_show_specific_survey":0,"_uf_disable_surveys":false,"footnotes":""},"class_list":["post-196","page","type-page","status-publish","hentry"],"aioseo_notices":[],"_links":{"self":[{"href":"https:\/\/utculiacan.edu.mx\/en\/wp-json\/wp\/v2\/pages\/196","targetHints":{"allow":["GET"]}}],"collection":[{"href":"https:\/\/utculiacan.edu.mx\/en\/wp-json\/wp\/v2\/pages"}],"about":[{"href":"https:\/\/utculiacan.edu.mx\/en\/wp-json\/wp\/v2\/types\/page"}],"author":[{"embeddable":true,"href":"https:\/\/utculiacan.edu.mx\/en\/wp-json\/wp\/v2\/users\/29"}],"replies":[{"embeddable":true,"href":"https:\/\/utculiacan.edu.mx\/en\/wp-json\/wp\/v2\/comments?post=196"}],"version-history":[{"count":3,"href":"https:\/\/utculiacan.edu.mx\/en\/wp-json\/wp\/v2\/pages\/196\/revisions"}],"predecessor-version":[{"id":369,"href":"https:\/\/utculiacan.edu.mx\/en\/wp-json\/wp\/v2\/pages\/196\/revisions\/369"}],"wp:attachment":[{"href":"https:\/\/utculiacan.edu.mx\/en\/wp-json\/wp\/v2\/media?parent=196"}],"curies":[{"name":"wp","href":"https:\/\/api.w.org\/{rel}","templated":true}]}}