{"id":19732,"date":"2024-10-23T13:43:44","date_gmt":"2024-10-23T20:43:44","guid":{"rendered":"https:\/\/utculiacan.edu.mx\/?page_id=19732"},"modified":"2024-11-22T17:33:02","modified_gmt":"2024-11-23T00:33:02","slug":"3er-trim-2024","status":"publish","type":"page","link":"https:\/\/utculiacan.edu.mx\/en\/3er-trim-2024\/","title":{"rendered":"3ER TRIM 2024"},"content":{"rendered":"[et_pb_section fb_built=&#8221;1&#8243; _builder_version=&#8221;4.16&#8243; width=&#8221;100%&#8221; custom_margin=&#8221;|-200px|0px|||&#8221; box_shadow_style=&#8221;preset5&#8243; collapsed=&#8221;off&#8221; global_colors_info=&#8221;{}&#8221; theme_builder_area=&#8221;et_body_layout&#8221;][et_pb_row column_structure=&#8221;1_3,1_3,1_3&#8243; _builder_version=&#8221;4.16&#8243; max_width=&#8221;1705px&#8221; global_colors_info=&#8221;{}&#8221; theme_builder_area=&#8221;et_body_layout&#8221;][et_pb_column type=&#8221;1_3&#8243; _builder_version=&#8221;4.16&#8243; global_colors_info=&#8221;{}&#8221; theme_builder_area=&#8221;et_body_layout&#8221;][et_pb_text admin_label=&#8221;Text&#8221; _builder_version=&#8221;4.20.4&#8243; background_size=&#8221;initial&#8221; background_position=&#8221;top_left&#8221; background_repeat=&#8221;repeat&#8221; custom_padding=&#8221;|||0px||&#8221; global_colors_info=&#8221;{}&#8221; theme_builder_area=&#8221;et_body_layout&#8221;]\n<div class='et-box et-shadow'>\n\t\t\t\t\t<div class='et-box-content'><h3 style=\"text-align: center;\"><span style=\"color: #800000;\">INFORMACI\u00d3N CONTABLE<\/span><\/div><\/div><\/h3>\n<p><img decoding=\"async\" class=\"wp-image-4285 aligncenter\" src=\"https:\/\/utculiacan.edu.mx\/wp-content\/uploads\/2019\/10\/Contabilidad-Financiera.jpg\" alt=\"\" width=\"347\" height=\"260\" srcset=\"https:\/\/utculiacan.edu.mx\/wp-content\/uploads\/2019\/10\/Contabilidad-Financiera.jpg 640w, https:\/\/utculiacan.edu.mx\/wp-content\/uploads\/2019\/10\/Contabilidad-Financiera-300x225.jpg 300w, https:\/\/utculiacan.edu.mx\/wp-content\/uploads\/2019\/10\/Contabilidad-Financiera-510x382.jpg 510w\" sizes=\"(max-width: 347px) 100vw, 347px\" \/><\/p>\n<p><a href=\"https:\/\/utculiacan.edu.mx\/wp-content\/uploads\/2024\/10\/1.ESTADO-DE-ACTIVIDADES.pdf\">Estado de Actividades (PDF)<\/a><\/p>\n<p><a href=\"https:\/\/utculiacan.edu.mx\/wp-content\/uploads\/2024\/10\/1.ESTADO-DE-ACTIVIDADES.xls\">Estado de Actividades (EXCEL)<\/a><\/p>\n<p><a href=\"https:\/\/utculiacan.edu.mx\/wp-content\/uploads\/2024\/10\/2.ESTADO-DE-SITUACION-FINANCIERA.pdf\">Estado de Situaci\u00f3n Financiera (PDF)<\/a><\/p>\n<p><a href=\"https:\/\/utculiacan.edu.mx\/wp-content\/uploads\/2024\/10\/2.ESTADO-DE-SITUACION-FINANCIERA.xls\">Estado de Situaci\u00f3n Financiera (EXCEL)<\/a><\/p>\n<p><a href=\"https:\/\/utculiacan.edu.mx\/wp-content\/uploads\/2024\/10\/3.ESTADO-DE-VARIACION-EN-LA-HACIENDA-PUBLICA.pdf\">Estado de Variaci\u00f3n en la Hacienda P\u00fablica (PDF)<\/a><\/p>\n<p><a href=\"https:\/\/utculiacan.edu.mx\/wp-content\/uploads\/2024\/10\/3.ESTADO-DE-VARIACION-EN-LA-HACIENDA-PUBLICA.xls\">Estado de Variaci\u00f3n en la Hacienda P\u00fablica (EXCEL)<\/a><\/p>\n<p><a href=\"https:\/\/utculiacan.edu.mx\/wp-content\/uploads\/2024\/10\/4.ESTADO-DE-CAMBIOS-EN-LA-SITUACION-FINANCIERA.pdf\">Estado de Cambios en la Situaci\u00f3n Financiera (PDF)<\/a><\/p>\n<p><a href=\"https:\/\/utculiacan.edu.mx\/wp-content\/uploads\/2024\/10\/4.ESTADO-DE-CAMBIOS-EN-LA-SITUACION-FINANCIERA.xls\">Estado de Cambios en la Situaci\u00f3n Financiera (EXCEL)<\/a><\/p>\n<p><a href=\"https:\/\/utculiacan.edu.mx\/wp-content\/uploads\/2024\/10\/5.ESTADO-DE-FLUJOS-DE-EFECTIVO.pdf\">Estado de Flujos de Efectivo (PDF)<\/a><\/p>\n<p><a href=\"https:\/\/utculiacan.edu.mx\/wp-content\/uploads\/2024\/10\/5.ESTADO-DE-FLUJOS-DE-EFECTIVO.xls\">Estado de Flujos de Efectivo (EXCEL)<\/a><\/p>\n<p><a href=\"https:\/\/utculiacan.edu.mx\/wp-content\/uploads\/2024\/10\/8.ESTADO-ANALITICO-DEL-ACTIVO.pdf\">Estado Anal\u00edtico del Activo (PDF)<\/a><\/p>\n<p><a href=\"https:\/\/utculiacan.edu.mx\/wp-content\/uploads\/2024\/10\/8.ESTADO-ANALITICO-DEL-ACTIVO.xls\">Estado Anal\u00edtico del Activo (EXCEL)<\/a><\/p>\n<p><a href=\"https:\/\/utculiacan.edu.mx\/wp-content\/uploads\/2024\/10\/9.ESTADO-ANALITICO-DE-LA-DEUDA-Y-OTROS-PASIVOS.pdf\">Estado Anal\u00edtico de la Deuda y Otros Pasivos (PDF)<\/a><\/p>\n<p><a href=\"https:\/\/utculiacan.edu.mx\/wp-content\/uploads\/2024\/10\/9.ESTADO-ANALITICO-DE-LA-DEUDA-Y-OTROS-PASIVOS.xls\">Estado Anal\u00edtico de la Deuda y Otros Pasivos (EXCEL)<\/a><\/p>\n<p><a href=\"https:\/\/utculiacan.edu.mx\/wp-content\/uploads\/2024\/10\/7.INFORMES-SOBRE-PASIVOS-CONTINGENTES.pdf\">Informe sobre Pasivos Contingentes (PDF)<\/a><\/p>\n<p><a href=\"https:\/\/utculiacan.edu.mx\/wp-content\/uploads\/2024\/10\/7.INFORMES-SOBRE-PASIVOS-CONTINGENTES.xls\">Informe sobre Pasivos Contingentes (EXCEL)<\/a><\/p>\n<p><a href=\"https:\/\/utculiacan.edu.mx\/wp-content\/uploads\/2024\/11\/6.NOTAS-A-LOS-ESTADOS-FINANCIEROS.pdf\">Notas a los Estados Financieros (PDF)<\/a><\/p>\n<p><a href=\"https:\/\/utculiacan.edu.mx\/wp-content\/uploads\/2024\/10\/6.NOTAS-A-LOS-ESTADOS-FINANCIEROS.xls\">Notas a los Estados Financieros (EXCEL)<\/a><\/p>\n<p>\u200b<\/p>\n<div class='et-box et-shadow'>\n\t\t\t\t\t<div class='et-box-content'><h3><span style=\"color: #800000;\">INFORMACI\u00d3N DISCIPLINA FINANCIERA<\/span><\/div><\/div><\/h3>\n<p><img decoding=\"async\" class=\"wp-image-4293 alignnone size-full\" src=\"https:\/\/utculiacan.edu.mx\/wp-content\/uploads\/2019\/10\/leydisciplina.jpg\" alt=\"\" width=\"650\" height=\"350\" srcset=\"https:\/\/utculiacan.edu.mx\/wp-content\/uploads\/2019\/10\/leydisciplina.jpg 650w, https:\/\/utculiacan.edu.mx\/wp-content\/uploads\/2019\/10\/leydisciplina-300x162.jpg 300w\" sizes=\"(max-width: 650px) 100vw, 650px\" \/><\/p>\n<p><a href=\"https:\/\/utculiacan.edu.mx\/wp-content\/uploads\/2024\/10\/F1.-Estado-de-Situacion-Financiera-Detallado-LDF.pdf\">Estado de Situaci\u00f3n financiera Detallado (PDF)<\/a><\/p>\n<p><a href=\"https:\/\/utculiacan.edu.mx\/wp-content\/uploads\/2024\/10\/F1.-Estado-de-Situacion-Financiera-Detallado-LDF.xls\">Estado de Situaci\u00f3n financiera Detallado (EXCEL)<\/a><\/p>\n<p><a href=\"https:\/\/utculiacan.edu.mx\/wp-content\/uploads\/2024\/10\/F2.-Informe-Analitico-de-la-Deuda-y-otros-Pasivos-LDF.pdf\">Informe Anal\u00edtico de la Deuda P\u00fablica y otros Pasivos (PDF)<\/a><\/p>\n<p><a href=\"https:\/\/utculiacan.edu.mx\/wp-content\/uploads\/2024\/10\/F2.-Informe-Analitico-de-la-Deuda-y-otros-Pasivos-LDF.xls\">Informe Anal\u00edtico de la Deuda P\u00fablica y otros Pasivos (EXCEL)<\/a><\/p>\n<p><a href=\"https:\/\/utculiacan.edu.mx\/wp-content\/uploads\/2024\/10\/F3.-Informe-Analitico-de-Obligaciones-Diferentes-de-Financiamientos-LDF.pdf\">Informe Anal\u00edtico de Obligaciones Diferentes de Financiamientos (PDF)<\/a><\/p>\n<p><a href=\"https:\/\/utculiacan.edu.mx\/wp-content\/uploads\/2024\/10\/F3.-Informe-Analitico-de-Obligaciones-Diferentes-de-Financiamientos-LDF.xls\">Informe Anal\u00edtico de Obligaciones Diferentes de Financiamientos (EXCEL)<\/a><\/p>\n<p><a href=\"https:\/\/utculiacan.edu.mx\/wp-content\/uploads\/2024\/10\/F4.-Balance-Presupuestario-LDF.pdf\">Balance Presupuestario (PDF)<\/a><\/p>\n<p><a href=\"https:\/\/utculiacan.edu.mx\/wp-content\/uploads\/2024\/10\/F4.-Balance-Presupuestario-LDF.xls\">Balance Presupuestario (EXCEL)<\/a><\/p>\n<p><a href=\"https:\/\/utculiacan.edu.mx\/wp-content\/uploads\/2024\/10\/F5.-Estado-Analitico-de-Ingresos-Detallado-LDF.pdf\">Estado Anal\u00edtico de Ingresos Detallado (PDF)<\/a><\/p>\n<p><a href=\"https:\/\/utculiacan.edu.mx\/wp-content\/uploads\/2024\/10\/F5.-Estado-Analitico-de-Ingresos-Detallado-LDF.xls\">Estado Anal\u00edtico de Ingresos Detallado (EXCEL)<\/a><\/p>\n<p><a href=\"https:\/\/utculiacan.edu.mx\/wp-content\/uploads\/2024\/10\/F6a.-Estado-Analitico-del-Ejercicio-del-Presupuesto-de-Egresos-Detallado-\u2013LDF-COG.pdf\">Estado Anal\u00edtico del Ejercicio del Presupuesto de Egreso Detallado (Objeto) (PDF)<\/a><\/p>\n<p><a href=\"https:\/\/utculiacan.edu.mx\/wp-content\/uploads\/2024\/10\/F6a.-Estado-Analitico-del-Ejercicio-del-Ppto-de-Egresos-Detallado-\u2013LDF-COG.xls\">Estado Anal\u00edtico del Ejercicio del Presupuesto de Egreso Detallado (Objeto) (EXCEL)<\/a><\/p>\n<p><a href=\"https:\/\/utculiacan.edu.mx\/wp-content\/uploads\/2024\/10\/F6b.-Estado-Analitico-del-Ejercicio-del-Presupuesto-de-Egresos-Detallado-\u2013LDF-CA.pdf\">Estado Anal\u00edtico del Ejercicio del Presupuesto de Egreso Detallado (Administrativa) (PDF)<\/a><\/p>\n<p><a href=\"https:\/\/utculiacan.edu.mx\/wp-content\/uploads\/2024\/10\/F6b.-Estado-Analitico-del-Ejercicio-del-Presupuesto-de-Egresos-Detallado-\u2013LDF-CA.xls\">Estado Anal\u00edtico del Ejercicio del Presupuesto de Egreso Detallado (Administrativa) (EXCEL)<\/a><\/p>\n<p><a href=\"https:\/\/utculiacan.edu.mx\/wp-content\/uploads\/2024\/10\/F6c.-Estado-Analitico-del-Ejercicio-del-Presupuesto-de-Egresos-Detallado-\u2013LDF-CF.pdf\">Estado Anal\u00edtico del Ejercicio del Presupuesto de Egreso Detallado (Funcional) (PDF)<\/a><\/p>\n<p><a href=\"https:\/\/utculiacan.edu.mx\/wp-content\/uploads\/2024\/10\/F6c.-Estado-Analitico-del-Ejercicio-del-Presupuesto-de-Egresos-Detallado-\u2013LDF-CF.xls\">Estado Anal\u00edtico del Ejercicio del Presupuesto de Egreso Detallado (Funcional) (EXCEL)<\/a><\/p>\n<p><a href=\"https:\/\/utculiacan.edu.mx\/wp-content\/uploads\/2024\/10\/F6d.-Estado-Analitico-del-Ejercicio-del-Presupuesto-de-Egresos-Detallado-\u2013LDF-CSP.pdf\">Estado Anal\u00edtico del Ejercicio del Presupuesto de Egreso Detallado (Categor\u00eda) (PDF)<\/a><\/p>\n<p><a href=\"https:\/\/utculiacan.edu.mx\/wp-content\/uploads\/2024\/10\/F6d.-Estado-Analitico-del-Ejercicio-del-Presupuesto-de-Egresos-Detallado-\u2013LDF-CSP.xls\">Estado Anal\u00edtico del Ejercicio del Presupuesto de Egreso Detallado (Categor\u00eda) (EXCEL)<\/a><\/p>\n<p>&nbsp;<\/p>\n<p>&nbsp;<\/p>\n[\/et_pb_text][\/et_pb_column][et_pb_column type=&#8221;1_3&#8243; _builder_version=&#8221;4.16&#8243; global_colors_info=&#8221;{}&#8221; theme_builder_area=&#8221;et_body_layout&#8221;][et_pb_text admin_label=&#8221;Text&#8221; _builder_version=&#8221;4.20.4&#8243; background_size=&#8221;initial&#8221; background_position=&#8221;top_left&#8221; background_repeat=&#8221;repeat&#8221; width=&#8221;100%&#8221; custom_margin=&#8221;|-105px||||&#8221; custom_padding=&#8221;|0px||||&#8221; global_colors_info=&#8221;{}&#8221; theme_builder_area=&#8221;et_body_layout&#8221;]\n<p>&nbsp;<\/p>\n<div class=\"et-box et-shadow\">\n<div class=\"et-box-content\">\n<h3><span style=\"color: #800000;\">INFORMACI\u00d3N PRESUPUESTAL<\/span><\/h3>\n<\/div>\n<\/div>\n<p><img decoding=\"async\" class=\" wp-image-4288 aligncenter\" src=\"https:\/\/utculiacan.edu.mx\/wp-content\/uploads\/2019\/10\/presupuestal.jpg\" alt=\"\" width=\"422\" height=\"237\" srcset=\"https:\/\/utculiacan.edu.mx\/wp-content\/uploads\/2019\/10\/presupuestal.jpg 678w, https:\/\/utculiacan.edu.mx\/wp-content\/uploads\/2019\/10\/presupuestal-300x169.jpg 300w\" sizes=\"(max-width: 422px) 100vw, 422px\" \/><\/p>\n<p><a href=\"https:\/\/utculiacan.edu.mx\/wp-content\/uploads\/2024\/10\/10.ESTADO-ANALITICO-DE-INGRESOS.pdf\">Estado Anal\u00edtico del Ingreso\u00a0 (PDF)<\/a><\/p>\n<p><a href=\"https:\/\/utculiacan.edu.mx\/wp-content\/uploads\/2024\/10\/10.ESTADO-ANALITICO-DE-INGRESOS.xls\">Estado Anal\u00edtico del Ingreso\u00a0 (EXCEL)<\/a><\/p>\n<p><a href=\"https:\/\/utculiacan.edu.mx\/wp-content\/uploads\/2024\/10\/11.ESTADO-ANALITICO-DE-INGRESOS-POR-RUBRO-TIPO-CLASE-CONCEPTO.pdf\">Estado Anal\u00edtico del Ingreso por Rubro (PDF)<\/a><\/p>\n<p><a href=\"https:\/\/utculiacan.edu.mx\/wp-content\/uploads\/2024\/10\/11.ESTADO-ANALITICO-DE-INGRESOS-POR-RUBRO-TIPO-CLASE-CONCEPTO.xls\">Estado Anal\u00edtico del Ingreso por Rubro (EXCEL)<\/a><\/p>\n<p><a href=\"https:\/\/utculiacan.edu.mx\/wp-content\/uploads\/2024\/10\/12.ESTADO-ANALITICO-DEL-EJERCICIO-DEL-PPTO-DE-EGRESOS-CLASIF-ADMVA.pdf\">Estado Anal\u00edtico del Ejercicio del Presupuesto de Egresos (Administrativa) (PDF)<\/a><\/p>\n<p><a href=\"https:\/\/utculiacan.edu.mx\/wp-content\/uploads\/2024\/10\/12.ESTADO-ANALITICO-DEL-EJERCICIO-DEL-PPTO-DE-EGRESOS-CLASIF-ADMVA.xls\">Estado Anal\u00edtico del Ejercicio del Presupuesto de Egresos (Administrativa) (EXCEL)<\/a><\/p>\n<p><a href=\"https:\/\/utculiacan.edu.mx\/wp-content\/uploads\/2024\/10\/13.ESTADO-ANALITICO-DEL-EJERCICIO-DEL-PRESUPUESTO-DE-EGRESOS-CLASIFICACION-ECONOMICA.pdf\">Estado Anal\u00edtico del Ejercicio del Presupuesto de Egresos (Econ\u00f3mica) (PDF)<\/a><\/p>\n<p><a href=\"https:\/\/utculiacan.edu.mx\/wp-content\/uploads\/2024\/10\/13.ESTADO-ANALITICO-DEL-EJERCICIO-DEL-PRESUPUESTO-DE-EGRESOS-CLASIFICACION-ECONOMICA.xls\">Estado Anal\u00edtico del Ejercicio del Presupuesto de Egresos (Econ\u00f3mica) (EXCEL)<\/a><\/p>\n<p><a href=\"https:\/\/utculiacan.edu.mx\/wp-content\/uploads\/2024\/10\/14.ESTADO-ANALITICO-DEL-EJERCICIO-DEL-PRESUPUESTO-DE-EGRESOS-COG.pdf\">Estado Anal\u00edtico del Ejercicio del Presupuesto de Egresos (Objeto) (PDF)<\/a><\/p>\n<p><a href=\"https:\/\/utculiacan.edu.mx\/wp-content\/uploads\/2024\/10\/14.ESTADO-ANALITICO-DEL-EJERCICIO-DEL-PRESUPUESTO-DE-EGRESOS-COG.xls\">Estado Anal\u00edtico del Ejercicio del Presupuesto de Egresos (Objeto) (EXCEL)<\/a><\/p>\n<p><a href=\"https:\/\/utculiacan.edu.mx\/wp-content\/uploads\/2024\/10\/15.ESTADO-ANALITICO-DEL-EJERCICIO-DEL-PPTO-DE-EGRESOS-CLASIFICACION-FUNCIONAL.pdf\">Estado Anal\u00edtico del Ejercicio del Presupuesto de Egresos (Funcional) (PDF)<\/a><\/p>\n<p><a href=\"https:\/\/utculiacan.edu.mx\/wp-content\/uploads\/2024\/10\/15.ESTADO-ANALITICO-DEL-EJERCICIO-DEL-PPTO-DE-EGRESOS-CLASIFICACION-FUNCIONAL.xls\">Estado Anal\u00edtico del Ejercicio del Presupuesto de Egresos (Funcional) (EXCEL)<\/a><\/p>\n<p><a href=\"https:\/\/utculiacan.edu.mx\/wp-content\/uploads\/2024\/10\/16.ENDEUDAMIENTO-NETO.pdf\">Endeudamiento Neto (PDF)<\/a><\/p>\n<p><a href=\"https:\/\/utculiacan.edu.mx\/wp-content\/uploads\/2024\/10\/16.ENDEUDAMIENTO-NETO.xls\">Endeudamiento Neto (EXCEL)<\/a><\/p>\n<p><a href=\"https:\/\/utculiacan.edu.mx\/wp-content\/uploads\/2024\/10\/17.INTERESES-DE-LA-DEUDA.pdf\">Intereses de la Deuda (PDF)<\/a><\/p>\n<p><a href=\"https:\/\/utculiacan.edu.mx\/wp-content\/uploads\/2024\/10\/17.INTERESES-DE-LA-DEUDA.xls\">Intereses de la Deuda (EXCEL)<\/a><\/p>\n<p><a href=\"https:\/\/utculiacan.edu.mx\/wp-content\/uploads\/2024\/10\/18.FLUJO-DE-FONDOS.pdf\">Flujo de Fondos (PDF)<\/a><\/p>\n<p><a href=\"https:\/\/utculiacan.edu.mx\/wp-content\/uploads\/2024\/10\/18.FLUJO-DE-FONDOS.xls\">Flujo de Fondos (EXCEL)<\/a><\/p>\n<p>&nbsp;<\/p>\n<div class=\"et-box et-shadow\">\n<div class=\"et-box-content\">\n<h3><span style=\"color: #800000;\">EJERCICIO PRESUPUESTARIO<\/span><\/h3>\n<\/div>\n<\/div>\n<p><img decoding=\"async\" class=\"wp-image-4294 aligncenter\" src=\"https:\/\/utculiacan.edu.mx\/wp-content\/uploads\/2019\/10\/ejercicio-presupuest-e1571763536966.png\" alt=\"\" width=\"413\" height=\"331\" srcset=\"https:\/\/utculiacan.edu.mx\/wp-content\/uploads\/2019\/10\/ejercicio-presupuest-e1571763536966.png 945w, https:\/\/utculiacan.edu.mx\/wp-content\/uploads\/2019\/10\/ejercicio-presupuest-e1571763536966-300x240.png 300w, https:\/\/utculiacan.edu.mx\/wp-content\/uploads\/2019\/10\/ejercicio-presupuest-e1571763536966-768x614.png 768w\" sizes=\"(max-width: 413px) 100vw, 413px\" \/><\/p>\n<p><a href=\"https:\/\/utculiacan.edu.mx\/wp-content\/uploads\/2024\/10\/MONTOS-PAGADOS-POR-AYUDAS-Y-SUBSIDIOS_TERCER_TRIMESTRE_2024_.pdf\">Ayudas y Subsidios (PDF)<\/a><\/p>\n<p><a href=\"https:\/\/utculiacan.edu.mx\/wp-content\/uploads\/2024\/10\/MONTOS-PAGADOS-POR-AYUDAS-Y-SUBSIDIOS_TERCER_TRIMESTRE_2024.xls\">Ayudas y Subsidios (EXCEL)<\/a><\/p>\n<p>&nbsp;<\/p>\n<p>&nbsp;<\/p>\n<p>&nbsp;<\/p>\n[\/et_pb_text][\/et_pb_column][et_pb_column type=&#8221;1_3&#8243; _builder_version=&#8221;4.16&#8243; global_colors_info=&#8221;{}&#8221; theme_builder_area=&#8221;et_body_layout&#8221;][et_pb_text _builder_version=&#8221;4.20.4&#8243; background_size=&#8221;initial&#8221; background_position=&#8221;top_left&#8221; background_repeat=&#8221;repeat&#8221; width=&#8221;100%&#8221; custom_margin=&#8221;|-239px||||&#8221; custom_padding=&#8221;|0px||||&#8221; global_colors_info=&#8221;{}&#8221; theme_builder_area=&#8221;et_body_layout&#8221;]\n<div class='et-box et-shadow'>\n\t\t\t\t\t<div class='et-box-content'><h3><span style=\"color: #800000;\">INFORMACI\u00d3N PROGRAM\u00c1TICA<\/span><\/div><\/div><\/h3>\n<p><img decoding=\"async\" class=\" wp-image-4291 aligncenter\" src=\"https:\/\/utculiacan.edu.mx\/wp-content\/uploads\/2019\/10\/productscheduler.jpg\" alt=\"\" width=\"323\" height=\"323\" srcset=\"https:\/\/utculiacan.edu.mx\/wp-content\/uploads\/2019\/10\/productscheduler.jpg 494w, https:\/\/utculiacan.edu.mx\/wp-content\/uploads\/2019\/10\/productscheduler-150x150.jpg 150w, https:\/\/utculiacan.edu.mx\/wp-content\/uploads\/2019\/10\/productscheduler-300x300.jpg 300w\" sizes=\"(max-width: 323px) 100vw, 323px\" \/><\/p>\n<p><a href=\"https:\/\/utculiacan.edu.mx\/wp-content\/uploads\/2024\/10\/19.GASTO-POR-CATEGORIA-PROGRAMATICA.pdf\">Gasto por Categor\u00eda Program\u00e1tica (PDF)<\/a><\/p>\n<p><a href=\"https:\/\/utculiacan.edu.mx\/wp-content\/uploads\/2024\/10\/19.GASTO-POR-CATEGORIA-PROGRAMATICA.pdf.xls\">Gasto por Categor\u00eda Program\u00e1tica (EXCEL)<\/a><\/p>\n<p><a href=\"https:\/\/utculiacan.edu.mx\/wp-content\/uploads\/2024\/10\/20.PROGRAMAS-Y-PROYECTOS-DE-INVERSION.pdf\">Programas y Proyectos de Inversi\u00f3n (PDF)<\/a><\/p>\n<p><a href=\"https:\/\/utculiacan.edu.mx\/wp-content\/uploads\/2024\/10\/20.PROGRAMAS-Y-PROYECTOS-DE-INVERSION.pdf.xls\">Programas y Proyectos de Inversi\u00f3n (EXCEL)<\/a><\/p>\n<p><a href=\"https:\/\/utculiacan.edu.mx\/wp-content\/uploads\/2024\/10\/21.INDICADORES-DE-RESULTADOS-POR-PROGRAMA-PRESUPUESTARIO.pdf\">Indicadores de Resultados (PDF)<\/a><\/p>\n<p><a href=\"https:\/\/utculiacan.edu.mx\/wp-content\/uploads\/2024\/10\/21.INDICADORES-DE-RESULTADOS-POR-PROGRAMA-PRESUPUESTARIO.pdf.xls\">Indicadores de Resultados (EXCEL)<\/a><\/p>\n<div class='et-box et-shadow'>\n\t\t\t\t\t<div class='et-box-content'><h3><span style=\"color: #800000;\">INVENTARIOS<\/div><\/div><\/span><\/h3>\n<p><a href=\"https:\/\/utculiacan.edu.mx\/wp-content\/uploads\/2024\/10\/RELACION-DE-BIENES-MUEBLES_.pdf\">Relaci\u00f3n de bienes muebles (PDF)<\/a><\/p>\n<p><a href=\"https:\/\/utculiacan.edu.mx\/wp-content\/uploads\/2024\/10\/RELACION-DE-BIENES-INMUEBLES_.pdf\">Relaci\u00f3n de bienes inmuebles (PDF)<\/a><\/p>\n<p>&nbsp;<\/p>\n[\/et_pb_text][\/et_pb_column][\/et_pb_row][\/et_pb_section]\n","protected":false},"excerpt":{"rendered":"<p>[et_pb_section fb_built=&#8221;1&#8243; _builder_version=&#8221;4.16&#8243; width=&#8221;100%&#8221; custom_margin=&#8221;|-200px|0px|||&#8221; box_shadow_style=&#8221;preset5&#8243; collapsed=&#8221;off&#8221; global_colors_info=&#8221;{}&#8221; theme_builder_area=&#8221;et_body_layout&#8221;][et_pb_row column_structure=&#8221;1_3,1_3,1_3&#8243; _builder_version=&#8221;4.16&#8243; max_width=&#8221;1705px&#8221; global_colors_info=&#8221;{}&#8221; theme_builder_area=&#8221;et_body_layout&#8221;][et_pb_column type=&#8221;1_3&#8243; _builder_version=&#8221;4.16&#8243; global_colors_info=&#8221;{}&#8221; theme_builder_area=&#8221;et_body_layout&#8221;][et_pb_text admin_label=&#8221;Text&#8221; _builder_version=&#8221;4.20.4&#8243; background_size=&#8221;initial&#8221; background_position=&#8221;top_left&#8221; background_repeat=&#8221;repeat&#8221; custom_padding=&#8221;|||0px||&#8221; global_colors_info=&#8221;{}&#8221; theme_builder_area=&#8221;et_body_layout&#8221;] Estado de Actividades (PDF) Estado de Actividades (EXCEL) Estado de Situaci\u00f3n Financiera (PDF) Estado de Situaci\u00f3n Financiera (EXCEL) Estado de Variaci\u00f3n en la Hacienda P\u00fablica (PDF) Estado de Variaci\u00f3n [&hellip;]<\/p>\n","protected":false},"author":29,"featured_media":0,"parent":0,"menu_order":0,"comment_status":"closed","ping_status":"closed","template":"","meta":{"_et_pb_use_builder":"off","_et_pb_old_content":"","_et_gb_content_width":"","_monsterinsights_skip_tracking":false,"_monsterinsights_sitenote_active":false,"_monsterinsights_sitenote_note":"","_monsterinsights_sitenote_category":0,"_uf_show_specific_survey":0,"_uf_disable_surveys":false,"footnotes":""},"class_list":["post-19732","page","type-page","status-publish","hentry"],"aioseo_notices":[],"_links":{"self":[{"href":"https:\/\/utculiacan.edu.mx\/en\/wp-json\/wp\/v2\/pages\/19732","targetHints":{"allow":["GET"]}}],"collection":[{"href":"https:\/\/utculiacan.edu.mx\/en\/wp-json\/wp\/v2\/pages"}],"about":[{"href":"https:\/\/utculiacan.edu.mx\/en\/wp-json\/wp\/v2\/types\/page"}],"author":[{"embeddable":true,"href":"https:\/\/utculiacan.edu.mx\/en\/wp-json\/wp\/v2\/users\/29"}],"replies":[{"embeddable":true,"href":"https:\/\/utculiacan.edu.mx\/en\/wp-json\/wp\/v2\/comments?post=19732"}],"version-history":[{"count":18,"href":"https:\/\/utculiacan.edu.mx\/en\/wp-json\/wp\/v2\/pages\/19732\/revisions"}],"predecessor-version":[{"id":19881,"href":"https:\/\/utculiacan.edu.mx\/en\/wp-json\/wp\/v2\/pages\/19732\/revisions\/19881"}],"wp:attachment":[{"href":"https:\/\/utculiacan.edu.mx\/en\/wp-json\/wp\/v2\/media?parent=19732"}],"curies":[{"name":"wp","href":"https:\/\/api.w.org\/{rel}","templated":true}]}}