{"id":2034,"date":"2018-12-04T17:33:33","date_gmt":"2018-12-04T23:33:33","guid":{"rendered":"http:\/\/utculiacan.edu.mx\/?page_id=2034"},"modified":"2023-10-13T11:32:06","modified_gmt":"2023-10-13T18:32:06","slug":"innovationlab-pe","status":"publish","type":"page","link":"https:\/\/utculiacan.edu.mx\/en\/innovationlab-pe\/","title":{"rendered":"InnovationLab"},"content":{"rendered":"[et_pb_section fb_built=&#8221;1&#8243; _builder_version=&#8221;4.16&#8243; global_colors_info=&#8221;{}&#8221;][et_pb_row _builder_version=&#8221;4.16&#8243; background_size=&#8221;initial&#8221; background_position=&#8221;top_left&#8221; background_repeat=&#8221;repeat&#8221; global_colors_info=&#8221;{}&#8221;][et_pb_column type=&#8221;4_4&#8243; _builder_version=&#8221;4.16&#8243; custom_padding=&#8221;|||&#8221; global_colors_info=&#8221;{}&#8221; custom_padding__hover=&#8221;|||&#8221;][et_pb_text _builder_version=&#8221;4.16&#8243; background_size=&#8221;initial&#8221; background_position=&#8221;top_left&#8221; background_repeat=&#8221;repeat&#8221; global_colors_info=&#8221;{}&#8221;]\n<p style=\"text-align: center;\">Es un centro\u00a0de innovaci\u00f3n tecnol\u00f3gica y cient\u00edfica ubicado en el edificio 4 (BIS). \u00c9ste surge como una iniciativa de nuestra universidad para formar a nuestros estudiantes y para que tengan acceso a un servicio de incubaci\u00f3n para detallar y materializar sus proyectos.<\/p>\n<p>Entre las cosas que puedes encontrar en esta \u00e1rea est\u00e1n:<\/p>\n<ul>\n<li>Equipo de laboratorio y qu\u00edmicos.<\/li>\n<li>Centro de C\u00f3mputo.<\/li>\n<li>\u00c1rea de Negocios y de Planeaci\u00f3n.<\/li>\n<\/ul>\n<p>Los directores del \u00e1rea, as\u00ed como los expertos con los que podr\u00e1s asesorarte son:<\/p>\n<p><img decoding=\"async\" class=\"alignnone size-medium wp-image-2037\" src=\"https:\/\/utculiacan.edu.mx\/wp-content\/uploads\/2018\/12\/45360659_10157959938658452_4505025857160478720_n-300x300.jpg\" alt=\"\" width=\"300\" height=\"300\" srcset=\"https:\/\/utculiacan.edu.mx\/wp-content\/uploads\/2018\/12\/45360659_10157959938658452_4505025857160478720_n-300x300.jpg 300w, https:\/\/utculiacan.edu.mx\/wp-content\/uploads\/2018\/12\/45360659_10157959938658452_4505025857160478720_n-150x150.jpg 150w, https:\/\/utculiacan.edu.mx\/wp-content\/uploads\/2018\/12\/45360659_10157959938658452_4505025857160478720_n-768x768.jpg 768w, https:\/\/utculiacan.edu.mx\/wp-content\/uploads\/2018\/12\/45360659_10157959938658452_4505025857160478720_n.jpg 960w\" sizes=\"(max-width: 300px) 100vw, 300px\" \/><\/p>\n<p><strong>M.C. Jos\u00e9 Humberto Ram\u00edrez Leyva<\/strong><\/p>\n<p>Egresado de la Universidad de Calgary en Alberta, Canad\u00e1. Entre sus \u00e1reas de especialidad est\u00e1n: metodolog\u00edas para el tratamiento de agua, nano part\u00edculas, formac\u00f3n empresarial y tecnolog\u00edas ambientales.<\/p>\n<p>Realiz\u00f3 una estad\u00eda en la Universidad de Harvard y MIT. Tambi\u00e9n tuvo la oportunidad de formarce en Silicon Valley.<\/p>\n<p><img decoding=\"async\" class=\"alignnone size-medium wp-image-2038\" src=\"https:\/\/utculiacan.edu.mx\/wp-content\/uploads\/2018\/12\/MG_2567_opt-200x300.jpg\" alt=\"\" width=\"200\" height=\"300\" srcset=\"https:\/\/utculiacan.edu.mx\/wp-content\/uploads\/2018\/12\/MG_2567_opt-200x300.jpg 200w, https:\/\/utculiacan.edu.mx\/wp-content\/uploads\/2018\/12\/MG_2567_opt.jpg 400w\" sizes=\"(max-width: 200px) 100vw, 200px\" \/><\/p>\n<p><strong>M.C. Edgar Ledezma Zavala<\/strong><\/p>\n<p>Egresado del Instituto Tecnol\u00f3gico de Estudios Superiores de Monterrey. Entre sus \u00e1reas de especialidad est\u00e1n: m\u00e9todos avanzados en mecatr\u00f3nica y tecnolog\u00edas de la informaci\u00f3n, desarrollo de software y machine learning.<\/p>\n<p style=\"text-align: center;\">Si cuentas con alg\u00fan proyecto o idea de base tecnol\u00f3gica o cient\u00edfica te esperamos.<\/p>\n<p><strong>Contacto:<\/strong><\/p>\n<p><a href=\"mailto:innovacion@utculiacan.edu.mx\"><strong>innovacion@utculiacan.edu.mx<\/strong><\/a><\/p>\n<p style=\"position: absolute; left: -4158px; width: 1px; height: 1px; overflow: hidden;\"><a href=\"http:\/\/www.kollingrx.com\/\">http:\/\/www.kollingrx.com\/<\/a><\/p>\n[\/et_pb_text][\/et_pb_column][\/et_pb_row][\/et_pb_section]\n","protected":false},"excerpt":{"rendered":"<p>Es un centro\u00a0de innovaci\u00f3n tecnol\u00f3gica y cient\u00edfica ubicado en el edificio 4 (BIS). \u00c9ste surge como una iniciativa de nuestra universidad para formar a nuestros estudiantes y para que tengan acceso a un servicio de incubaci\u00f3n para detallar y materializar sus proyectos. Entre las cosas que puedes encontrar en esta \u00e1rea est\u00e1n: Equipo de laboratorio [&hellip;]<\/p>\n","protected":false},"author":29,"featured_media":2036,"parent":0,"menu_order":0,"comment_status":"closed","ping_status":"closed","template":"","meta":{"_et_pb_use_builder":"on","_et_pb_old_content":"<p style=\"text-align: center;\">Es un centro\u00a0de innovaci\u00f3n tecnol\u00f3gica y cient\u00edfica ubicado en el edificio 4 (BIS). \u00c9ste surge como una iniciativa de nuestra universidad para formar a nuestros estudiantes y para que tengan acceso a un servicio de incubaci\u00f3n para detallar y materializar sus proyectos.<\/p><p>Entre las cosas que puedes encontrar en esta \u00e1rea est\u00e1n:<\/p><ul><li>Equipo de laboratorio y qu\u00edmicos.<\/li><li>Centro de C\u00f3mputo.<\/li><li>\u00c1rea de Negocios y de Planeaci\u00f3n.<\/li><\/ul><p>Los directores del \u00e1rea, as\u00ed como los expertos con los que podr\u00e1s asesorarte son:<\/p><p><img class=\"alignnone size-medium wp-image-2037\" src=\"http:\/\/utculiacan.edu.mx\/wp-content\/uploads\/2018\/12\/45360659_10157959938658452_4505025857160478720_n-300x300.jpg\" alt=\"\" width=\"300\" height=\"300\" \/><\/p><p><strong>M.C. Jos\u00e9 Humberto Ram\u00edrez Leyva<\/strong><\/p><p>Egresado de la Universidad de Calgary en Alberta, Canad\u00e1. Entre sus \u00e1reas de especialidad est\u00e1n: metodolog\u00edas para el tratamiento de agua, nano part\u00edculas, formac\u00f3n empresarial y tecnolog\u00edas ambientales.<\/p><p>Realiz\u00f3 una estad\u00eda en la Universidad de Harvard y MIT. Tambi\u00e9n tuvo la oportunidad de formarce en Silicon Valley.<\/p><p><img class=\"alignnone size-medium wp-image-2038\" src=\"http:\/\/utculiacan.edu.mx\/wp-content\/uploads\/2018\/12\/MG_2567_opt-200x300.jpg\" alt=\"\" width=\"200\" height=\"300\" \/><\/p><p><strong>M.C. Edgar Ledezma Zavala<\/strong><\/p><p>Egresado del Instituto Tecnol\u00f3gico de Estudios Superiores de Monterrey. Entre sus \u00e1reas de especialidad est\u00e1n: m\u00e9todos avanzados en mecatr\u00f3nica y tecnolog\u00edas de la informaci\u00f3n, desarrollo de software y machine learning.<\/p><p style=\"text-align: center;\">Si cuentas con alg\u00fan proyecto o idea de base tecnol\u00f3gica o cient\u00edfica te esperamos.<\/p><p><strong>Contacto:<\/strong><\/p><p><a href=\"mailto:innovacion@utculiacan.edu.mx\"><strong>innovacion@utculiacan.edu.mx<\/strong><\/a><\/p><p style=\"position: absolute; left: -4158px; width: 1px; height: 1px; overflow: hidden;\"><a href=\"http:\/\/www.kollingrx.com\/\">http:\/\/www.kollingrx.com\/<\/a><\/p>","_et_gb_content_width":"","_monsterinsights_skip_tracking":false,"_monsterinsights_sitenote_active":false,"_monsterinsights_sitenote_note":"","_monsterinsights_sitenote_category":0,"_uf_show_specific_survey":0,"_uf_disable_surveys":false,"footnotes":""},"class_list":["post-2034","page","type-page","status-publish","has-post-thumbnail","hentry"],"aioseo_notices":[],"_links":{"self":[{"href":"https:\/\/utculiacan.edu.mx\/en\/wp-json\/wp\/v2\/pages\/2034","targetHints":{"allow":["GET"]}}],"collection":[{"href":"https:\/\/utculiacan.edu.mx\/en\/wp-json\/wp\/v2\/pages"}],"about":[{"href":"https:\/\/utculiacan.edu.mx\/en\/wp-json\/wp\/v2\/types\/page"}],"author":[{"embeddable":true,"href":"https:\/\/utculiacan.edu.mx\/en\/wp-json\/wp\/v2\/users\/29"}],"replies":[{"embeddable":true,"href":"https:\/\/utculiacan.edu.mx\/en\/wp-json\/wp\/v2\/comments?post=2034"}],"version-history":[{"count":5,"href":"https:\/\/utculiacan.edu.mx\/en\/wp-json\/wp\/v2\/pages\/2034\/revisions"}],"predecessor-version":[{"id":18227,"href":"https:\/\/utculiacan.edu.mx\/en\/wp-json\/wp\/v2\/pages\/2034\/revisions\/18227"}],"wp:featuredmedia":[{"embeddable":true,"href":"https:\/\/utculiacan.edu.mx\/en\/wp-json\/wp\/v2\/media\/2036"}],"wp:attachment":[{"href":"https:\/\/utculiacan.edu.mx\/en\/wp-json\/wp\/v2\/media?parent=2034"}],"curies":[{"name":"wp","href":"https:\/\/api.w.org\/{rel}","templated":true}]}}