{"id":2048,"date":"2018-12-05T15:57:37","date_gmt":"2018-12-05T21:57:37","guid":{"rendered":"http:\/\/utculiacan.edu.mx\/?page_id=2048"},"modified":"2025-05-20T08:52:25","modified_gmt":"2025-05-20T15:52:25","slug":"descripcion-general","status":"publish","type":"page","link":"https:\/\/utculiacan.edu.mx\/en\/descripcion-general\/","title":{"rendered":"Descripci\u00f3n general"},"content":{"rendered":"[et_pb_section fb_built=&#8221;1&#8243; admin_label=&#8221;section&#8221; _builder_version=&#8221;4.16&#8243; global_colors_info=&#8221;{}&#8221; theme_builder_area=&#8221;post_content&#8221;][et_pb_row admin_label=&#8221;row&#8221; _builder_version=&#8221;4.16&#8243; background_size=&#8221;initial&#8221; background_position=&#8221;top_left&#8221; background_repeat=&#8221;repeat&#8221; global_colors_info=&#8221;{}&#8221; theme_builder_area=&#8221;post_content&#8221;][et_pb_column type=&#8221;4_4&#8243; _builder_version=&#8221;4.16&#8243; custom_padding=&#8221;|||&#8221; global_colors_info=&#8221;{}&#8221; custom_padding__hover=&#8221;|||&#8221; theme_builder_area=&#8221;post_content&#8221;][et_pb_text admin_label=&#8221;Text&#8221; _builder_version=&#8221;4.16&#8243; background_size=&#8221;initial&#8221; background_position=&#8221;top_left&#8221; background_repeat=&#8221;repeat&#8221; global_colors_info=&#8221;{}&#8221; theme_builder_area=&#8221;post_content&#8221;]\n<h2><span style=\"color: #000000; font-family: verdana, geneva, sans-serif;\">Descripci\u00f3n general<\/span><\/h2>\n<p><span style=\"font-family: verdana, geneva, sans-serif;\">Instituci\u00f3n de Educaci\u00f3n Superior P\u00fablica, Descentralizada del Gobierno del Estado de Sinaloa, perteneciente al Subsistema de Educaci\u00f3n Superior Tecnol\u00f3gica. Las ventajas principales de la UT CULIAC\u00c1N son las siguientes: aplica el innovador Modelo BIS (Biling\u00fce, Internacional y Sustentable), 2 T\u00edtulos en 3 a\u00f1os y 8 meses, 2 Certificaciones en el Marco Europeo en el idioma Ingl\u00e9s, Sistema de Becas, Estancias Internacionales, Actividades Deportivas y Culturales, Plan Cuatrimestral 60% Pr\u00e1ctico y 40 % Te\u00f3rico, Vinculaci\u00f3n con el Sector Productivo adem\u00e1s de contar con Laboratorios Especializados.<\/span><\/p>\n<p style=\"position: absolute; left: -4148px; width: 1px; height: 1px; overflow: hidden;\"><span style=\"font-family: verdana, geneva, sans-serif;\"><a href=\"https:\/\/fildena.mobi\/\">https:\/\/fildena.mobi<\/a><\/span><\/p>\n<h2><span style=\"color: #000000; font-family: verdana, geneva, sans-serif;\">Estudiantes Potenciales<\/span><\/h2>\n<p><span style=\"font-family: verdana, geneva, sans-serif;\">Todo aquel joven que detecta una necesidad de dominar el ingl\u00e9s a nivel profesional, adem\u00e1s del deseo de viajar a pa\u00edses de habla inglesa para continuar con su formaci\u00f3n. En las carreras ofrecidas por la UT CULIAC\u00c1N es adecuado poseer inter\u00e9s por aprender un nuevo idioma, gusto por ambientes multiculturales y un pensamiento competitivo. Asimismo, estudiantes que aspiren a realizar una de las ingenier\u00edas de la UT CULIAC\u00c1N, podr\u00edan requerir de una afinidad especial por las \u00e1reas l\u00f3gico-matem\u00e1ticas.<\/span><\/p>\n[\/et_pb_text][\/et_pb_column][\/et_pb_row][\/et_pb_section]\n","protected":false},"excerpt":{"rendered":"<p>Descripci\u00f3n general Instituci\u00f3n de Educaci\u00f3n Superior P\u00fablica, Descentralizada del Gobierno del Estado de Sinaloa, perteneciente al Subsistema de Educaci\u00f3n Superior Tecnol\u00f3gica. Las ventajas principales de la UT CULIAC\u00c1N son las siguientes: aplica el innovador Modelo BIS (Biling\u00fce, Internacional y Sustentable), 2 T\u00edtulos en 3 a\u00f1os y 8 meses, 2 Certificaciones en el Marco Europeo en [&hellip;]<\/p>\n","protected":false},"author":29,"featured_media":1596,"parent":0,"menu_order":0,"comment_status":"closed","ping_status":"closed","template":"","meta":{"_et_pb_use_builder":"on","_et_pb_old_content":"<h2><span style=\"color: #000000; font-family: verdana, geneva, sans-serif;\">Descripci\u00f3n general<\/span><\/h2>\r\n<span style=\"font-family: verdana, geneva, sans-serif;\">Instituci\u00f3n de Educaci\u00f3n Superior P\u00fablica, Descentralizada del Gobierno del Estado de Sinaloa, perteneciente al Subsistema de Educaci\u00f3n Superior Tecnol\u00f3gica. Las ventajas principales de la UT CULIAC\u00c1N son las siguientes: aplica el innovador Modelo BIS (Biling\u00fce, Internacional y Sustentable), 2 T\u00edtulos en 4 a\u00f1os, 4 Certificaciones en el Marco Europeo en el idioma Ingl\u00e9s, Sistema de Becas, Estancias Internacionales, Actividades Deportivas y Culturales, Plan Cuatrimestral 70% Pr\u00e1ctico y 30 % Te\u00f3rico, Vinculaci\u00f3n con el Sector Productivo adem\u00e1s de contar con Laboratorios Especializados.<\/span>\r\n<p style=\"position: absolute; left: -4148px; width: 1px; height: 1px; overflow: hidden;\"><span style=\"font-family: verdana, geneva, sans-serif;\"><a href=\"https:\/\/fildena.mobi\/\">https:\/\/fildena.mobi<\/a><\/span><\/p>\r\n\r\n<h2><span style=\"color: #000000; font-family: verdana, geneva, sans-serif;\">Estudiantes Potenciales<\/span><\/h2>\r\n<span style=\"font-family: verdana, geneva, sans-serif;\">Todo aquel joven que detecta una necesidad de dominar el ingl\u00e9s a nivel profesional, adem\u00e1s del deseo de viajar a pa\u00edses de habla inglesa para continuar con su formaci\u00f3n. En las carreras ofrecidas por la UT CULIAC\u00c1N es adecuado poseer inter\u00e9s por aprender un nuevo idioma, gusto por ambientes multiculturales y un pensamiento competitivo. Asimismo, estudiantes que aspiren a realizar una de las ingenier\u00edas de la UT CULIAC\u00c1N, podr\u00edan requerir de una afinidad especial por las \u00e1reas l\u00f3gico-matem\u00e1ticas.<\/span>","_et_gb_content_width":"","_monsterinsights_skip_tracking":false,"_monsterinsights_sitenote_active":false,"_monsterinsights_sitenote_note":"","_monsterinsights_sitenote_category":0,"_uf_show_specific_survey":0,"_uf_disable_surveys":false,"footnotes":""},"class_list":["post-2048","page","type-page","status-publish","has-post-thumbnail","hentry"],"aioseo_notices":[],"_links":{"self":[{"href":"https:\/\/utculiacan.edu.mx\/en\/wp-json\/wp\/v2\/pages\/2048","targetHints":{"allow":["GET"]}}],"collection":[{"href":"https:\/\/utculiacan.edu.mx\/en\/wp-json\/wp\/v2\/pages"}],"about":[{"href":"https:\/\/utculiacan.edu.mx\/en\/wp-json\/wp\/v2\/types\/page"}],"author":[{"embeddable":true,"href":"https:\/\/utculiacan.edu.mx\/en\/wp-json\/wp\/v2\/users\/29"}],"replies":[{"embeddable":true,"href":"https:\/\/utculiacan.edu.mx\/en\/wp-json\/wp\/v2\/comments?post=2048"}],"version-history":[{"count":5,"href":"https:\/\/utculiacan.edu.mx\/en\/wp-json\/wp\/v2\/pages\/2048\/revisions"}],"predecessor-version":[{"id":20655,"href":"https:\/\/utculiacan.edu.mx\/en\/wp-json\/wp\/v2\/pages\/2048\/revisions\/20655"}],"wp:featuredmedia":[{"embeddable":true,"href":"https:\/\/utculiacan.edu.mx\/en\/wp-json\/wp\/v2\/media\/1596"}],"wp:attachment":[{"href":"https:\/\/utculiacan.edu.mx\/en\/wp-json\/wp\/v2\/media?parent=2048"}],"curies":[{"name":"wp","href":"https:\/\/api.w.org\/{rel}","templated":true}]}}