{"id":2053,"date":"2018-12-05T16:03:31","date_gmt":"2018-12-05T22:03:31","guid":{"rendered":"http:\/\/utculiacan.edu.mx\/?page_id=2053"},"modified":"2024-01-15T08:47:09","modified_gmt":"2024-01-15T15:47:09","slug":"estadias-profesionales-pe","status":"publish","type":"page","link":"https:\/\/utculiacan.edu.mx\/en\/estadias-profesionales-pe\/","title":{"rendered":"Estad\u00edas Profesionales"},"content":{"rendered":"[et_pb_section fb_built=&#8221;1&#8243; _builder_version=&#8221;4.16&#8243; global_colors_info=&#8221;{}&#8221;][et_pb_row _builder_version=&#8221;4.16&#8243; background_size=&#8221;initial&#8221; background_position=&#8221;top_left&#8221; background_repeat=&#8221;repeat&#8221; global_colors_info=&#8221;{}&#8221;][et_pb_column type=&#8221;4_4&#8243; _builder_version=&#8221;4.16&#8243; custom_padding=&#8221;|||&#8221; global_colors_info=&#8221;{}&#8221; custom_padding__hover=&#8221;|||&#8221;][et_pb_text _builder_version=&#8221;4.16&#8243; background_size=&#8221;initial&#8221; background_position=&#8221;top_left&#8221; background_repeat=&#8221;repeat&#8221; global_colors_info=&#8221;{}&#8221;]\n<h2>Vinculaci\u00f3n \u00bfQu\u00e9 son las Estad\u00edas Profesionales?<\/h2>\n<p>&nbsp;<\/p>\n<p style=\"font-size: 14pt;\">Para formarte como profesional es fundamental realizar una pr\u00e1ctica relacionada con tus estudios acad\u00e9micos que te permita aplicar tus conocimientos.<\/p>\n<p><span style=\"font-size: 14pt;\">La Estad\u00eda Profesional suele constituirse como el primer paso de un estudiante en el mercado laboral. Se trata de una etapa que combina cuestiones t\u00edpicas de un empleo (la necesidad de alcanzar un cierto grado de productividad, la obligaci\u00f3n de acatar las \u00f3rdenes de un superior, etc.) con elementos m\u00e1s vinculados a la formaci\u00f3n y al aprendizaje.<\/span><\/p>\n<h2>\u00bfPor qu\u00e9 es esencial realizar una Estad\u00eda Profesional?<\/h2>\n<p>&nbsp;<\/p>\n<ul>\n<li><span style=\"font-size: 14pt;\">Es una excelente oportunidad para entrar al mercado laboral y comenzar a aprender sobre el sector profesional que elegiste como carrera.<\/span><\/li>\n<li><span style=\"font-size: 14pt;\">Es una gran oportunidad para conocer c\u00f3mo funcionan las din\u00e1micas laborales, qu\u00e9 se valora o no en la profesi\u00f3n y qu\u00e9 se puede aportar de nuevo en el sector.<\/span><\/li>\n<li><span style=\"font-size: 14pt;\">Es un valor agregado en tu curr\u00edculum. No cuenta solo como experiencia laboral, sino tambi\u00e9n profesional y suma puntos al momento de postularte como candidato en una empresa.<\/span><\/li>\n<li><span style=\"font-size: 14pt;\">Es un buen medio para desarrollar competencias profesionales y empezar a aprender sobre h\u00e1bitos de trabajo relacionados al \u00e1rea.<\/span><\/li>\n<\/ul>\n<p style=\"text-align: center;\"><span style=\"font-size: 14pt;\">M.C. Jeovann Ra\u00fal Maro L\u00f3pez<\/span><br \/><span style=\"font-size: 12pt;\"><strong>Subdirector de Vinculaci\u00f3n y Extensi\u00f3n Universitaria<\/strong><\/span><br \/><a href=\"mailto:horacio.malcampo@utculiacan.edu.mx\">vinculacion@utculiacan.edu.mx<\/a><\/p>\n[\/et_pb_text][\/et_pb_column][\/et_pb_row][\/et_pb_section]\n","protected":false},"excerpt":{"rendered":"<p>Vinculaci\u00f3n \u00bfQu\u00e9 son las Estad\u00edas Profesionales? &nbsp; Para formarte como profesional es fundamental realizar una pr\u00e1ctica relacionada con tus estudios acad\u00e9micos que te permita aplicar tus conocimientos. La Estad\u00eda Profesional suele constituirse como el primer paso de un estudiante en el mercado laboral. Se trata de una etapa que combina cuestiones t\u00edpicas de un empleo [&hellip;]<\/p>\n","protected":false},"author":29,"featured_media":18720,"parent":0,"menu_order":0,"comment_status":"closed","ping_status":"closed","template":"","meta":{"_et_pb_use_builder":"on","_et_pb_old_content":"<h2>\u00bfQu\u00e9 son las Estad\u00edas Profesionales?<\/h2><p>\u00a0<\/p><p style=\"font-size: 14pt;\">Para formarte como profesional es fundamental realizar una pr\u00e1ctica relacionada con tus estudios acad\u00e9micos que te permita aplicar tus conocimientos.<\/p><p><span style=\"font-size: 14pt;\">La Estad\u00eda Profesional suele constituirse como el primer paso de un estudiante en el mercado laboral. Se trata de una etapa que combina cuestiones t\u00edpicas de un empleo (la necesidad de alcanzar un cierto grado de productividad, la obligaci\u00f3n de acatar las \u00f3rdenes de un superior, etc.) con elementos m\u00e1s vinculados a la formaci\u00f3n y al aprendizaje.<\/span><\/p><h2>\u00bfPor qu\u00e9 es esencial realizar una Estad\u00eda Profesional?<\/h2><p>\u00a0<\/p><ul><li><span style=\"font-size: 14pt;\">Es una excelente oportunidad para entrar al mercado laboral y comenzar a aprender sobre el sector profesional que elegiste como carrera.<\/span><\/li><li><span style=\"font-size: 14pt;\">Es una gran oportunidad para conocer c\u00f3mo funcionan las din\u00e1micas laborales, qu\u00e9 se valora o no en la profesi\u00f3n y qu\u00e9 se puede aportar de nuevo en el sector.<\/span><\/li><li><span style=\"font-size: 14pt;\">Es un valor agregado en tu curr\u00edculum. No cuenta solo como experiencia laboral, sino tambi\u00e9n profesional y suma puntos al momento de postularte como candidato en una empresa.<\/span><\/li><li><span style=\"font-size: 14pt;\">Es un buen medio para desarrollar competencias profesionales y empezar a aprender sobre h\u00e1bitos de trabajo relacionados al \u00e1rea.<\/span><\/li><\/ul><p style=\"text-align: center;\"><span style=\"font-size: 14pt;\">M.C. Horacio de Jes\u00fas Malcampo Moreno<\/span><br \/><span style=\"font-size: 12pt;\"><strong>Subdirector de Extensi\u00f3n Universitaria<\/strong><\/span><br \/><a href=\"mailto:horacio.malcampo@utculiacan.edu.mx\">horacio.malcampo@utculiacan.edu.mx<\/a><\/p>","_et_gb_content_width":"","_monsterinsights_skip_tracking":false,"_monsterinsights_sitenote_active":false,"_monsterinsights_sitenote_note":"","_monsterinsights_sitenote_category":0,"_uf_show_specific_survey":0,"_uf_disable_surveys":false,"footnotes":""},"class_list":["post-2053","page","type-page","status-publish","has-post-thumbnail","hentry"],"aioseo_notices":[],"_links":{"self":[{"href":"https:\/\/utculiacan.edu.mx\/en\/wp-json\/wp\/v2\/pages\/2053","targetHints":{"allow":["GET"]}}],"collection":[{"href":"https:\/\/utculiacan.edu.mx\/en\/wp-json\/wp\/v2\/pages"}],"about":[{"href":"https:\/\/utculiacan.edu.mx\/en\/wp-json\/wp\/v2\/types\/page"}],"author":[{"embeddable":true,"href":"https:\/\/utculiacan.edu.mx\/en\/wp-json\/wp\/v2\/users\/29"}],"replies":[{"embeddable":true,"href":"https:\/\/utculiacan.edu.mx\/en\/wp-json\/wp\/v2\/comments?post=2053"}],"version-history":[{"count":15,"href":"https:\/\/utculiacan.edu.mx\/en\/wp-json\/wp\/v2\/pages\/2053\/revisions"}],"predecessor-version":[{"id":18721,"href":"https:\/\/utculiacan.edu.mx\/en\/wp-json\/wp\/v2\/pages\/2053\/revisions\/18721"}],"wp:featuredmedia":[{"embeddable":true,"href":"https:\/\/utculiacan.edu.mx\/en\/wp-json\/wp\/v2\/media\/18720"}],"wp:attachment":[{"href":"https:\/\/utculiacan.edu.mx\/en\/wp-json\/wp\/v2\/media?parent=2053"}],"curies":[{"name":"wp","href":"https:\/\/api.w.org\/{rel}","templated":true}]}}