{"id":2070,"date":"2018-12-07T11:47:33","date_gmt":"2018-12-07T17:47:33","guid":{"rendered":"http:\/\/utculiacan.edu.mx\/?page_id=2070"},"modified":"2021-06-20T23:53:03","modified_gmt":"2021-06-21T05:53:03","slug":"administracion-y-finanzas","status":"publish","type":"page","link":"https:\/\/utculiacan.edu.mx\/en\/administracion-y-finanzas\/","title":{"rendered":"Administraci\u00f3n y Finanzas"},"content":{"rendered":"<h3>Organigrama de la Direcci\u00f3n de Administraci\u00f3n y Finanzas.<\/h3>\n<p>\t\t\t\t\t\t\t\t\t\t\t\t<img decoding=\"async\" width=\"1024\" height=\"564\" src=\"https:\/\/utculiacan.edu.mx\/wp-content\/uploads\/2018\/12\/organigrama-2-1024x564.png\" alt=\"\" loading=\"lazy\" srcset=\"https:\/\/utculiacan.edu.mx\/wp-content\/uploads\/2018\/12\/organigrama-2-1024x564.png 1024w, https:\/\/utculiacan.edu.mx\/wp-content\/uploads\/2018\/12\/organigrama-2-300x165.png 300w, https:\/\/utculiacan.edu.mx\/wp-content\/uploads\/2018\/12\/organigrama-2-768x423.png 768w, https:\/\/utculiacan.edu.mx\/wp-content\/uploads\/2018\/12\/organigrama-2-e1544487707186.png 650w\" sizes=\"(max-width: 1024px) 100vw, 1024px\" \/>\t\t\t\t\t\t\t\t\t\t\t\t\t\t<\/p>\n<h3>Direcci\u00f3n de administraci\u00f3n y finanzas.<\/h3>\n<ul>\n<li>\n\t\t\t\t\t<a href=\"https:\/\/utculiacan.edu.mx\/en\/armonizacion-contable\/\"><br \/>\n\t\t\t\t\t\t\t\t\t\tInformaci\u00f3n Financiera<br \/>\n\t\t\t\t\t\t\t\t\t\t\t<\/a>\n\t\t\t\t\t\t\t\t\t<\/li>\n<li>\n\t\t\t\t\t<a href=\"https:\/\/utculiacan.edu.mx\/en\/administracion-y-finanzas\/#procedimiento\"><br \/>\n\t\t\t\t\t\t\t\t\t\tProcedimiento de Calidad<br \/>\n\t\t\t\t\t\t\t\t\t\t\t<\/a>\n\t\t\t\t\t\t\t\t\t<\/li>\n<\/ul>\n<ul>\n<li>\n\t\t\t\t\t<a href=\"https:\/\/utculiacan.edu.mx\/en\/category\/bolsa-de-trabajo\/\"><br \/>\n\t\t\t\t\t\t\t\t\t\tConvocatoria<br \/>\n\t\t\t\t\t\t\t\t\t\t\t<\/a>\n\t\t\t\t\t\t\t\t\t<\/li>\n<li>\n\t\t\t\t\t<a href=\"https:\/\/utculiacan.edu.mx\/en\/administracion-y-finanzas\/#procedimiento\"><br \/>\n\t\t\t\t\t\t\t\t\t\tProcedimiento<br \/>\n\t\t\t\t\t\t\t\t\t\t\t<\/a>\n\t\t\t\t\t\t\t\t\t<\/li>\n<\/ul>\n<ul>\n<li>\n\t\t\t\t\t<a href=\"https:\/\/utculiacan.edu.mx\/en\/armonizacion-contable\/#procedimiento\"><br \/>\n\t\t\t\t\t\t\t\t\t\tPlan de Mantenimiento<br \/>\n\t\t\t\t\t\t\t\t\t\t\t<\/a>\n\t\t\t\t\t\t\t\t\t<\/li>\n<li>\n\t\t\t\t\t<a href=\"https:\/\/utculiacan.edu.mx\/en\/administracion-y-finanzas\/#procedimiento\"><br \/>\n\t\t\t\t\t\t\t\t\t\tProcedimiento<br \/>\n\t\t\t\t\t\t\t\t\t\t\t<\/a>\n\t\t\t\t\t\t\t\t\t<\/li>\n<\/ul>\n<h3>Misi\u00f3n de la Direcci\u00f3n de Administraci\u00f3n y Finanzas.<\/h3>\n<p>Cumplir cabalmente las obligaciones ante las instancias de gobierno correspondientes siempre de la mano con el cumplimiento de los objetivos de calidad de la Universidad Tecnol\u00f3gica de Culiac\u00e1n, buscando ejercer el recurso de una manera eficiente enfocados en la satisfacci\u00f3n de nuestros alumnos y personal administrativo y docente.<\/p>\n<h3>Procedimientos de la Direcci\u00f3n de Administraci\u00f3n y Finanzas:<\/h3>\n<p>                Proceso de Gesti\u00f3n de Recursos<\/p>\n<p><p><a href=\"http:\/\/utculiacan.edu.mx\/wp-content\/uploads\/2018\/12\/PRO-ADM-001-ASIGNACI\u00d3N-DE-RECURSOS.docx\">PRO-ADM-001 ASIGNACI\u00d3N DE RECURSOS<\/a><br \/><a href=\"http:\/\/utculiacan.edu.mx\/wp-content\/uploads\/2018\/12\/PRO-ADM-002-RECLUTAMIENTO-SELECCI\u00d3N-Y-CONTRATACI\u00d3N-DE-PERSONAL.docx\">PRO-ADM-002 RECLUTAMIENTO SELECCI\u00d3N Y CONTRATACI\u00d3N DE PERSONAL<\/a><br \/><a href=\"http:\/\/utculiacan.edu.mx\/wp-content\/uploads\/2018\/12\/PRO-ADM-003-ADQUISICI\u00d3N-DE-BIENES-O-SERVICIOS.docx\">PRO-ADM-003 ADQUISICI\u00d3N DE BIENES O SERVICIOS<\/a><br \/><a href=\"http:\/\/utculiacan.edu.mx\/wp-content\/uploads\/2018\/12\/PRO-ADM-004-SELECCI\u00d3N-Y-EVALUACI\u00d3N-DE-PROVEEDORES.docx\">PRO-ADM-004 SELECCI\u00d3N Y EVALUACI\u00d3N DE PROVEEDORES<\/a><br \/><a href=\"http:\/\/utculiacan.edu.mx\/wp-content\/uploads\/2018\/12\/PRO-ADM-005-MANTENIMIENTO-A-INFRAESTRUCTURA-INSTALACIONES-Y-EQUIPO.docx\">PRO-ADM-005 MANTENIMIENTO A INFRAESTRUCTURA INSTALACIONES Y EQUIPO<\/a><br \/><a href=\"http:\/\/utculiacan.edu.mx\/wp-content\/uploads\/2018\/12\/PRO-ADM-006-MANTENIMIENTO-PREVENTIVO.docx\">PRO-ADM-006 MANTENIMIENTO PREVENTIVO<\/a><\/p>\n<\/p>\n<p>                Registros<\/p>\n<style><\/style>\n<section data-particle_enable=\"false\" data-particle-mobile-disabled=\"false\" data-id=\"295cd057\" data-element_type=\"section\">\n\t\t\t\t\t\t\t\t\t\t\t\t<a href=\"\">Contabilidad y Finanzas<\/a><\/p>\n<p><a href=\"http:\/\/utculiacan.edu.mx\/wp-content\/uploads\/2018\/12\/ADM-CYF-002-BIT\u00c1CORA-DE-CONSUMO-DE-GASOLINA-Y-DIESEL.xlsx\">ADM-CYF-002 BIT\u00c1CORA DE CONSUMO DE GASOLINA Y DIESEL<\/a><br \/><a href=\"http:\/\/utculiacan.edu.mx\/wp-content\/uploads\/2018\/12\/ADM-CYF-004-N\u00d3MINA-DE-ALIMENTOS.docx\">ADM-CYF-004 N\u00d3MINA DE ALIMENTOS<\/a><br \/><a href=\"http:\/\/utculiacan.edu.mx\/wp-content\/uploads\/2018\/12\/ADM-CYF-005-VALES-DE-COMBUSTIBLE.docx\">ADM-CYF-005 VALES DE COMBUSTIBLE<\/a><br \/><a href=\"http:\/\/utculiacan.edu.mx\/wp-content\/uploads\/2018\/12\/ADM-CYF-007-COMPROBACI\u00d3N-DE-VI\u00c1TICOS.xlsx\">ADM-CYF-007 COMPROBACI\u00d3N DE VI\u00c1TICOS<\/a><br \/><a href=\"http:\/\/utculiacan.edu.mx\/wp-content\/uploads\/2018\/12\/ADM-CYF-008-OFICIO-DE-COMISI\u00d3N-ORDEN-DE-ADMINISTRACI\u00d3N-DE-VI\u00c1TICOS.docx\">ADM-CYF-008 OFICIO DE COMISI\u00d3N ORDEN DE ADMINISTRACI\u00d3N DE VI\u00c1TICOS<\/a><\/p>\n<p>\t\t\t\t\t\t\t\t\t\t\t\t<a href=\"\">Mantenimiento<\/a><\/p>\n<p><a href=\"http:\/\/utculiacan.edu.mx\/wp-content\/uploads\/2018\/12\/ADM-MAN-001-SOLICITUD-DE-MANTENIMIENTO-SISTEMAS.docx\">ADM-MAN-001 SOLICITUD DE MANTENIMIENTO SISTEMAS<\/a><br \/><a href=\"http:\/\/utculiacan.edu.mx\/wp-content\/uploads\/2018\/12\/ADM-MAN-002-REQUISICI\u00d3N-DE-MANTENIMIENTO.docx\">ADM-MAN-002 REQUISICI\u00d3N DE MANTENIMIENTO<\/a><br \/><a href=\"http:\/\/utculiacan.edu.mx\/wp-content\/uploads\/2018\/12\/ADM-MAN-003-CONTROL-DE-EQUIPOS-Y-HERRAMIENTAS-DE-JARDINER\u00cdA-EN-RESGUARDO.xlsx\">ADM-MAN-003 CONTROL DE EQUIPOS Y HERRAMIENTAS DE JARDINER\u00cdA EN RESGUARDO<\/a><br \/><a href=\"http:\/\/utculiacan.edu.mx\/wp-content\/uploads\/2018\/12\/ADM-MAN-005-PLAN-ANUAL-DE-MANTENIMIENTO-PREVENTIVO.xlsx\">ADM-MAN-005 PLAN ANUAL DE MANTENIMIENTO PREVENTIVO<\/a><\/p>\n<p>\t\t\t\t\t\t\t\t\t\t\t\t<a href=\"\">Materiales<\/a><\/p>\n<p><a href=\"http:\/\/utculiacan.edu.mx\/wp-content\/uploads\/2018\/12\/ADM-MAT-001-REQUISICI\u00d3N-DE-COMPRAS.xlsx\">ADM-MAT-001 REQUISICI\u00d3N DE COMPRAS<\/a><br \/><a href=\"http:\/\/utculiacan.edu.mx\/wp-content\/uploads\/2018\/12\/ADM-MAT-002-RECEPCI\u00d3N-DEL-BIEN-O-SERVICIO.xlsx\">ADM-MAT-002 RECEPCI\u00d3N DEL BIEN O SERVICIO<\/a><br \/><a href=\"http:\/\/utculiacan.edu.mx\/wp-content\/uploads\/2018\/12\/ADM-MAT-003-EVALUACI\u00d3N-DE-PROVEEDORES.xlsx\">ADM-MAT-003 EVALUACI\u00d3N DE PROVEEDORES<\/a><br \/><a href=\"http:\/\/utculiacan.edu.mx\/wp-content\/uploads\/2018\/12\/ADM-MAT-006-PLAN-ANUAL-DE-MODERNIZACI\u00d3N-Y-ACTUALIZACI\u00d3N.xlsx\">ADM-MAT-006 PLAN ANUAL DE MODERNIZACI\u00d3N Y ACTUALIZACI\u00d3N<\/a><\/p>\n<p>\t\t\t\t\t\t\t\t\t\t\t\t<a href=\"\">Recursos Humanos<\/a><\/p>\n<p><a href=\"http:\/\/utculiacan.edu.mx\/wp-content\/uploads\/2018\/12\/ADM-REH-001-ALTA-DE-PERSONAL-ADMINISTRATIVO.xls\">ADM-REH-001 ALTA DE PERSONAL ADMINISTRATIVO<\/a><br \/><a href=\"http:\/\/utculiacan.edu.mx\/wp-content\/uploads\/2018\/12\/ADM-REH-002-CAR\u00c1TULA-DE-IDENTIFICACI\u00d3N-DE-LOS-CONTRATOS-DEL-PERSONAL-ADMINISTRATIVO.docx\">ADM-REH-002 CAR\u00c1TULA DE IDENTIFICACI\u00d3N DE LOS CONTRATOS DEL PERSONAL ADMINISTRATIVO<\/a><br \/><a href=\"http:\/\/utculiacan.edu.mx\/wp-content\/uploads\/2018\/12\/ADM-REH-003-LISTADO-DE-MAESTROS.xlsx\">ADM-REH-003 LISTADO DE MAESTROS<\/a><br \/><a href=\"http:\/\/utculiacan.edu.mx\/wp-content\/uploads\/2018\/12\/ADM-REH-005-DESCRIPTIVO-DE-PUESTO.docx\">ADM-REH-005 DESCRIPTIVO DE PUESTO<\/a><br \/><a href=\"http:\/\/utculiacan.edu.mx\/wp-content\/uploads\/2018\/12\/ADM-REH-006-SOLICITUD-DE-DOCUMENTOS-NUEVO-INGRESO.docx\">ADM-REH-006 SOLICITUD DE DOCUMENTOS NUEVO INGRESO<\/a><br \/><a href=\"http:\/\/utculiacan.edu.mx\/wp-content\/uploads\/2018\/12\/ADM-REH-007-REQUISICI\u00d3N-DE-PERSONAL.doc\">ADM-REH-007 REQUISICI\u00d3N DE PERSONAL<\/a><br \/><a href=\"http:\/\/utculiacan.edu.mx\/wp-content\/uploads\/2018\/12\/ADM-REH-008-CARGA-DOCENTE.xlsx\">ADM-REH-008 CARGA DOCENTE<\/a><\/p>\n<\/section>\n<p>\t\t\t\t\t\t\t\t\t\t\t\t<a href=\"\">Contabilidad y Finanzas<\/a><\/p>\n<p><a href=\"http:\/\/utculiacan.edu.mx\/wp-content\/uploads\/2018\/12\/ADM-CYF-002-BIT\u00c1CORA-DE-CONSUMO-DE-GASOLINA-Y-DIESEL.xlsx\">ADM-CYF-002 BIT\u00c1CORA DE CONSUMO DE GASOLINA Y DIESEL<\/a><br \/><a href=\"http:\/\/utculiacan.edu.mx\/wp-content\/uploads\/2018\/12\/ADM-CYF-004-N\u00d3MINA-DE-ALIMENTOS.docx\">ADM-CYF-004 N\u00d3MINA DE ALIMENTOS<\/a><br \/><a href=\"http:\/\/utculiacan.edu.mx\/wp-content\/uploads\/2018\/12\/ADM-CYF-005-VALES-DE-COMBUSTIBLE.docx\">ADM-CYF-005 VALES DE COMBUSTIBLE<\/a><br \/><a href=\"http:\/\/utculiacan.edu.mx\/wp-content\/uploads\/2018\/12\/ADM-CYF-007-COMPROBACI\u00d3N-DE-VI\u00c1TICOS.xlsx\">ADM-CYF-007 COMPROBACI\u00d3N DE VI\u00c1TICOS<\/a><br \/><a href=\"http:\/\/utculiacan.edu.mx\/wp-content\/uploads\/2018\/12\/ADM-CYF-008-OFICIO-DE-COMISI\u00d3N-ORDEN-DE-ADMINISTRACI\u00d3N-DE-VI\u00c1TICOS.docx\">ADM-CYF-008 OFICIO DE COMISI\u00d3N ORDEN DE ADMINISTRACI\u00d3N DE VI\u00c1TICOS<\/a><\/p>\n<p>\t\t\t\t\t\t\t\t\t\t\t\t<a href=\"\">Mantenimiento<\/a><\/p>\n<p><a href=\"http:\/\/utculiacan.edu.mx\/wp-content\/uploads\/2018\/12\/ADM-MAN-001-SOLICITUD-DE-MANTENIMIENTO-SISTEMAS.docx\">ADM-MAN-001 SOLICITUD DE MANTENIMIENTO SISTEMAS<\/a><br \/><a href=\"http:\/\/utculiacan.edu.mx\/wp-content\/uploads\/2018\/12\/ADM-MAN-002-REQUISICI\u00d3N-DE-MANTENIMIENTO.docx\">ADM-MAN-002 REQUISICI\u00d3N DE MANTENIMIENTO<\/a><br \/><a href=\"http:\/\/utculiacan.edu.mx\/wp-content\/uploads\/2018\/12\/ADM-MAN-003-CONTROL-DE-EQUIPOS-Y-HERRAMIENTAS-DE-JARDINER\u00cdA-EN-RESGUARDO.xlsx\">ADM-MAN-003 CONTROL DE EQUIPOS Y HERRAMIENTAS DE JARDINER\u00cdA EN RESGUARDO<\/a><br \/><a href=\"http:\/\/utculiacan.edu.mx\/wp-content\/uploads\/2018\/12\/ADM-MAN-005-PLAN-ANUAL-DE-MANTENIMIENTO-PREVENTIVO.xlsx\">ADM-MAN-005 PLAN ANUAL DE MANTENIMIENTO PREVENTIVO<\/a><\/p>\n<p>\t\t\t\t\t\t\t\t\t\t\t\t<a href=\"\">Materiales<\/a><\/p>\n<p><a href=\"http:\/\/utculiacan.edu.mx\/wp-content\/uploads\/2018\/12\/ADM-MAT-001-REQUISICI\u00d3N-DE-COMPRAS.xlsx\">ADM-MAT-001 REQUISICI\u00d3N DE COMPRAS<\/a><br \/><a href=\"http:\/\/utculiacan.edu.mx\/wp-content\/uploads\/2018\/12\/ADM-MAT-002-RECEPCI\u00d3N-DEL-BIEN-O-SERVICIO.xlsx\">ADM-MAT-002 RECEPCI\u00d3N DEL BIEN O SERVICIO<\/a><br \/><a href=\"http:\/\/utculiacan.edu.mx\/wp-content\/uploads\/2018\/12\/ADM-MAT-003-EVALUACI\u00d3N-DE-PROVEEDORES.xlsx\">ADM-MAT-003 EVALUACI\u00d3N DE PROVEEDORES<\/a><br \/><a href=\"http:\/\/utculiacan.edu.mx\/wp-content\/uploads\/2018\/12\/ADM-MAT-006-PLAN-ANUAL-DE-MODERNIZACI\u00d3N-Y-ACTUALIZACI\u00d3N.xlsx\">ADM-MAT-006 PLAN ANUAL DE MODERNIZACI\u00d3N Y ACTUALIZACI\u00d3N<\/a><\/p>\n<p>\t\t\t\t\t\t\t\t\t\t\t\t<a href=\"\">Recursos Humanos<\/a><\/p>\n<p><a href=\"http:\/\/utculiacan.edu.mx\/wp-content\/uploads\/2018\/12\/ADM-REH-001-ALTA-DE-PERSONAL-ADMINISTRATIVO.xls\">ADM-REH-001 ALTA DE PERSONAL ADMINISTRATIVO<\/a><br \/><a href=\"http:\/\/utculiacan.edu.mx\/wp-content\/uploads\/2018\/12\/ADM-REH-002-CAR\u00c1TULA-DE-IDENTIFICACI\u00d3N-DE-LOS-CONTRATOS-DEL-PERSONAL-ADMINISTRATIVO.docx\">ADM-REH-002 CAR\u00c1TULA DE IDENTIFICACI\u00d3N DE LOS CONTRATOS DEL PERSONAL ADMINISTRATIVO<\/a><br \/><a href=\"http:\/\/utculiacan.edu.mx\/wp-content\/uploads\/2018\/12\/ADM-REH-003-LISTADO-DE-MAESTROS.xlsx\">ADM-REH-003 LISTADO DE MAESTROS<\/a><br \/><a href=\"http:\/\/utculiacan.edu.mx\/wp-content\/uploads\/2018\/12\/ADM-REH-005-DESCRIPTIVO-DE-PUESTO.docx\">ADM-REH-005 DESCRIPTIVO DE PUESTO<\/a><br \/><a href=\"http:\/\/utculiacan.edu.mx\/wp-content\/uploads\/2018\/12\/ADM-REH-006-SOLICITUD-DE-DOCUMENTOS-NUEVO-INGRESO.docx\">ADM-REH-006 SOLICITUD DE DOCUMENTOS NUEVO INGRESO<\/a><br \/><a href=\"http:\/\/utculiacan.edu.mx\/wp-content\/uploads\/2018\/12\/ADM-REH-007-REQUISICI\u00d3N-DE-PERSONAL.doc\">ADM-REH-007 REQUISICI\u00d3N DE PERSONAL<\/a><br \/><a href=\"http:\/\/utculiacan.edu.mx\/wp-content\/uploads\/2018\/12\/ADM-REH-008-CARGA-DOCENTE.xlsx\">ADM-REH-008 CARGA DOCENTE<\/a><\/p>\n<h2>Contacto<\/h2>\n<p>\t\t\t<a href=\"mailto:finanzas@utculiacan.edu.mx\" role=\"button\"><br \/>\n\t\t\t\t\t\tfinanzas@utculiacan.edu.mx<br \/>\n\t\t\t\t\t<\/a><\/p>","protected":false},"excerpt":{"rendered":"<p>Organigrama de la Direcci\u00f3n de Administraci\u00f3n y Finanzas. Direcci\u00f3n de administraci\u00f3n y finanzas. Informaci\u00f3n Financiera Procedimiento de Calidad Convocatoria Procedimiento Plan de Mantenimiento Procedimiento Misi\u00f3n de la Direcci\u00f3n de Administraci\u00f3n y Finanzas. Cumplir cabalmente las obligaciones ante las instancias de gobierno correspondientes siempre de la mano con el cumplimiento de los objetivos de calidad de [&hellip;]<\/p>\n","protected":false},"author":29,"featured_media":12422,"parent":0,"menu_order":0,"comment_status":"closed","ping_status":"closed","template":"","meta":{"_et_pb_use_builder":"on","_et_pb_old_content":"<h3>Organigrama de la Direcci\u00f3n de Administraci\u00f3n y Finanzas.<\/h3>\t\t\n\t\t\t\t\t\t\t\t\t\t\t\t<img width=\"1024\" height=\"564\" src=\"https:\/\/utculiacan.edu.mx\/wp-content\/uploads\/2018\/12\/organigrama-2-1024x564.png\" alt=\"\" loading=\"lazy\" srcset=\"https:\/\/utculiacan.edu.mx\/wp-content\/uploads\/2018\/12\/organigrama-2-1024x564.png 1024w, https:\/\/utculiacan.edu.mx\/wp-content\/uploads\/2018\/12\/organigrama-2-300x165.png 300w, https:\/\/utculiacan.edu.mx\/wp-content\/uploads\/2018\/12\/organigrama-2-768x423.png 768w, https:\/\/utculiacan.edu.mx\/wp-content\/uploads\/2018\/12\/organigrama-2-e1544487707186.png 650w\" sizes=\"(max-width: 1024px) 100vw, 1024px\" \/>\t\t\t\t\t\t\t\t\t\t\t\t\t\t\n\t\t\t<h3>Direcci\u00f3n de administraci\u00f3n y finanzas.<\/h3>\t\t\n\t\t\t\t\t<ul>\n\t\t\t\t\t\t\t<li>\n\t\t\t\t\t<a href=\"https:\/\/utculiacan.edu.mx\/armonizacion-contable\/\">\t\t\t\t\t\t\n\t\t\t\t\t\t\t\t\t\tInformaci\u00f3n Financiera\n\t\t\t\t\t\t\t\t\t\t\t<\/a>\n\t\t\t\t\t\t\t\t\t<\/li>\n\t\t\t\t\t\t\t\t<li>\n\t\t\t\t\t<a href=\"https:\/\/utculiacan.edu.mx\/administracion-y-finanzas\/#procedimiento\">\t\t\t\t\t\t\n\t\t\t\t\t\t\t\t\t\tProcedimiento de Calidad\n\t\t\t\t\t\t\t\t\t\t\t<\/a>\n\t\t\t\t\t\t\t\t\t<\/li>\n\t\t\t\t\t\t<\/ul>\n\t\t\t\t\t<ul>\n\t\t\t\t\t\t\t<li>\n\t\t\t\t\t<a href=\"https:\/\/utculiacan.edu.mx\/category\/bolsa-de-trabajo\/\">\t\t\t\t\t\t\n\t\t\t\t\t\t\t\t\t\tConvocatoria\n\t\t\t\t\t\t\t\t\t\t\t<\/a>\n\t\t\t\t\t\t\t\t\t<\/li>\n\t\t\t\t\t\t\t\t<li>\n\t\t\t\t\t<a href=\"https:\/\/utculiacan.edu.mx\/administracion-y-finanzas\/#procedimiento\">\t\t\t\t\t\t\n\t\t\t\t\t\t\t\t\t\tProcedimiento\n\t\t\t\t\t\t\t\t\t\t\t<\/a>\n\t\t\t\t\t\t\t\t\t<\/li>\n\t\t\t\t\t\t<\/ul>\n\t\t\t\t\t<ul>\n\t\t\t\t\t\t\t<li>\n\t\t\t\t\t<a href=\"https:\/\/utculiacan.edu.mx\/armonizacion-contable\/#procedimiento\">\t\t\t\t\t\t\n\t\t\t\t\t\t\t\t\t\tPlan de Mantenimiento\n\t\t\t\t\t\t\t\t\t\t\t<\/a>\n\t\t\t\t\t\t\t\t\t<\/li>\n\t\t\t\t\t\t\t\t<li>\n\t\t\t\t\t<a href=\"https:\/\/utculiacan.edu.mx\/administracion-y-finanzas\/#procedimiento\">\t\t\t\t\t\t\n\t\t\t\t\t\t\t\t\t\tProcedimiento\n\t\t\t\t\t\t\t\t\t\t\t<\/a>\n\t\t\t\t\t\t\t\t\t<\/li>\n\t\t\t\t\t\t<\/ul>\n\t\t\t<h3>Misi\u00f3n de la Direcci\u00f3n de Administraci\u00f3n y Finanzas.<\/h3>\t\t\n\t\t<p>Cumplir cabalmente las obligaciones ante las instancias de gobierno correspondientes siempre de la mano con el cumplimiento de los objetivos de calidad de la Universidad Tecnol\u00f3gica de Culiac\u00e1n, buscando ejercer el recurso de una manera eficiente enfocados en la satisfacci\u00f3n de nuestros alumnos y personal administrativo y docente.<\/p>\t\t\n\t\t\t<h3>Procedimientos de la Direcci\u00f3n de Administraci\u00f3n y Finanzas:<\/h3>\t\t\n                Proceso de Gesti\u00f3n de Recursos<p><p><a href=\"http:\/\/utculiacan.edu.mx\/wp-content\/uploads\/2018\/12\/PRO-ADM-001-ASIGNACI\u00d3N-DE-RECURSOS.docx\">PRO-ADM-001 ASIGNACI\u00d3N DE RECURSOS<\/a><br \/><a href=\"http:\/\/utculiacan.edu.mx\/wp-content\/uploads\/2018\/12\/PRO-ADM-002-RECLUTAMIENTO-SELECCI\u00d3N-Y-CONTRATACI\u00d3N-DE-PERSONAL.docx\">PRO-ADM-002 RECLUTAMIENTO SELECCI\u00d3N Y CONTRATACI\u00d3N DE PERSONAL<\/a><br \/><a href=\"http:\/\/utculiacan.edu.mx\/wp-content\/uploads\/2018\/12\/PRO-ADM-003-ADQUISICI\u00d3N-DE-BIENES-O-SERVICIOS.docx\">PRO-ADM-003 ADQUISICI\u00d3N DE BIENES O SERVICIOS<\/a><br \/><a href=\"http:\/\/utculiacan.edu.mx\/wp-content\/uploads\/2018\/12\/PRO-ADM-004-SELECCI\u00d3N-Y-EVALUACI\u00d3N-DE-PROVEEDORES.docx\">PRO-ADM-004 SELECCI\u00d3N Y EVALUACI\u00d3N DE PROVEEDORES<\/a><br \/><a href=\"http:\/\/utculiacan.edu.mx\/wp-content\/uploads\/2018\/12\/PRO-ADM-005-MANTENIMIENTO-A-INFRAESTRUCTURA-INSTALACIONES-Y-EQUIPO.docx\">PRO-ADM-005 MANTENIMIENTO A INFRAESTRUCTURA INSTALACIONES Y EQUIPO<\/a><br \/><a href=\"http:\/\/utculiacan.edu.mx\/wp-content\/uploads\/2018\/12\/PRO-ADM-006-MANTENIMIENTO-PREVENTIVO.docx\">PRO-ADM-006 MANTENIMIENTO PREVENTIVO<\/a><\/p><\/p>\n                Registros<style><\/style>\t\t\n\t\t\t\t\t<section data-particle_enable=\"false\" data-particle-mobile-disabled=\"false\" data-id=\"295cd057\" data-element_type=\"section\">\n\t\t\t\t\t\t\t\t\t\t\t\t<a href=\"\">Contabilidad y Finanzas<\/a>\n\t\t\t\t\t<p><a href=\"http:\/\/utculiacan.edu.mx\/wp-content\/uploads\/2018\/12\/ADM-CYF-002-BIT\u00c1CORA-DE-CONSUMO-DE-GASOLINA-Y-DIESEL.xlsx\">ADM-CYF-002 BIT\u00c1CORA DE CONSUMO DE GASOLINA Y DIESEL<\/a><br \/><a href=\"http:\/\/utculiacan.edu.mx\/wp-content\/uploads\/2018\/12\/ADM-CYF-004-N\u00d3MINA-DE-ALIMENTOS.docx\">ADM-CYF-004 N\u00d3MINA DE ALIMENTOS<\/a><br \/><a href=\"http:\/\/utculiacan.edu.mx\/wp-content\/uploads\/2018\/12\/ADM-CYF-005-VALES-DE-COMBUSTIBLE.docx\">ADM-CYF-005 VALES DE COMBUSTIBLE<\/a><br \/><a href=\"http:\/\/utculiacan.edu.mx\/wp-content\/uploads\/2018\/12\/ADM-CYF-007-COMPROBACI\u00d3N-DE-VI\u00c1TICOS.xlsx\">ADM-CYF-007 COMPROBACI\u00d3N DE VI\u00c1TICOS<\/a><br \/><a href=\"http:\/\/utculiacan.edu.mx\/wp-content\/uploads\/2018\/12\/ADM-CYF-008-OFICIO-DE-COMISI\u00d3N-ORDEN-DE-ADMINISTRACI\u00d3N-DE-VI\u00c1TICOS.docx\">ADM-CYF-008 OFICIO DE COMISI\u00d3N ORDEN DE ADMINISTRACI\u00d3N DE VI\u00c1TICOS<\/a><\/p>\n\t\t\t\t\t\t\t\t\t\t\t\t<a href=\"\">Mantenimiento<\/a>\n\t\t\t\t\t<p><a href=\"http:\/\/utculiacan.edu.mx\/wp-content\/uploads\/2018\/12\/ADM-MAN-001-SOLICITUD-DE-MANTENIMIENTO-SISTEMAS.docx\">ADM-MAN-001 SOLICITUD DE MANTENIMIENTO SISTEMAS<\/a><br \/><a href=\"http:\/\/utculiacan.edu.mx\/wp-content\/uploads\/2018\/12\/ADM-MAN-002-REQUISICI\u00d3N-DE-MANTENIMIENTO.docx\">ADM-MAN-002 REQUISICI\u00d3N DE MANTENIMIENTO<\/a><br \/><a href=\"http:\/\/utculiacan.edu.mx\/wp-content\/uploads\/2018\/12\/ADM-MAN-003-CONTROL-DE-EQUIPOS-Y-HERRAMIENTAS-DE-JARDINER\u00cdA-EN-RESGUARDO.xlsx\">ADM-MAN-003 CONTROL DE EQUIPOS Y HERRAMIENTAS DE JARDINER\u00cdA EN RESGUARDO<\/a><br \/><a href=\"http:\/\/utculiacan.edu.mx\/wp-content\/uploads\/2018\/12\/ADM-MAN-005-PLAN-ANUAL-DE-MANTENIMIENTO-PREVENTIVO.xlsx\">ADM-MAN-005 PLAN ANUAL DE MANTENIMIENTO PREVENTIVO<\/a><\/p>\n\t\t\t\t\t\t\t\t\t\t\t\t<a href=\"\">Materiales<\/a>\n\t\t\t\t\t<p><a href=\"http:\/\/utculiacan.edu.mx\/wp-content\/uploads\/2018\/12\/ADM-MAT-001-REQUISICI\u00d3N-DE-COMPRAS.xlsx\">ADM-MAT-001 REQUISICI\u00d3N DE COMPRAS<\/a><br \/><a href=\"http:\/\/utculiacan.edu.mx\/wp-content\/uploads\/2018\/12\/ADM-MAT-002-RECEPCI\u00d3N-DEL-BIEN-O-SERVICIO.xlsx\">ADM-MAT-002 RECEPCI\u00d3N DEL BIEN O SERVICIO<\/a><br \/><a href=\"http:\/\/utculiacan.edu.mx\/wp-content\/uploads\/2018\/12\/ADM-MAT-003-EVALUACI\u00d3N-DE-PROVEEDORES.xlsx\">ADM-MAT-003 EVALUACI\u00d3N DE PROVEEDORES<\/a><br \/><a href=\"http:\/\/utculiacan.edu.mx\/wp-content\/uploads\/2018\/12\/ADM-MAT-006-PLAN-ANUAL-DE-MODERNIZACI\u00d3N-Y-ACTUALIZACI\u00d3N.xlsx\">ADM-MAT-006 PLAN ANUAL DE MODERNIZACI\u00d3N Y ACTUALIZACI\u00d3N<\/a><\/p>\n\t\t\t\t\t\t\t\t\t\t\t\t<a href=\"\">Recursos Humanos<\/a>\n\t\t\t\t\t<p><a href=\"http:\/\/utculiacan.edu.mx\/wp-content\/uploads\/2018\/12\/ADM-REH-001-ALTA-DE-PERSONAL-ADMINISTRATIVO.xls\">ADM-REH-001 ALTA DE PERSONAL ADMINISTRATIVO<\/a><br \/><a href=\"http:\/\/utculiacan.edu.mx\/wp-content\/uploads\/2018\/12\/ADM-REH-002-CAR\u00c1TULA-DE-IDENTIFICACI\u00d3N-DE-LOS-CONTRATOS-DEL-PERSONAL-ADMINISTRATIVO.docx\">ADM-REH-002 CAR\u00c1TULA DE IDENTIFICACI\u00d3N DE LOS CONTRATOS DEL PERSONAL ADMINISTRATIVO<\/a><br \/><a href=\"http:\/\/utculiacan.edu.mx\/wp-content\/uploads\/2018\/12\/ADM-REH-003-LISTADO-DE-MAESTROS.xlsx\">ADM-REH-003 LISTADO DE MAESTROS<\/a><br \/><a href=\"http:\/\/utculiacan.edu.mx\/wp-content\/uploads\/2018\/12\/ADM-REH-005-DESCRIPTIVO-DE-PUESTO.docx\">ADM-REH-005 DESCRIPTIVO DE PUESTO<\/a><br \/><a href=\"http:\/\/utculiacan.edu.mx\/wp-content\/uploads\/2018\/12\/ADM-REH-006-SOLICITUD-DE-DOCUMENTOS-NUEVO-INGRESO.docx\">ADM-REH-006 SOLICITUD DE DOCUMENTOS NUEVO INGRESO<\/a><br \/><a href=\"http:\/\/utculiacan.edu.mx\/wp-content\/uploads\/2018\/12\/ADM-REH-007-REQUISICI\u00d3N-DE-PERSONAL.doc\">ADM-REH-007 REQUISICI\u00d3N DE PERSONAL<\/a><br \/><a href=\"http:\/\/utculiacan.edu.mx\/wp-content\/uploads\/2018\/12\/ADM-REH-008-CARGA-DOCENTE.xlsx\">ADM-REH-008 CARGA DOCENTE<\/a><\/p>\n\t\t<\/section>\n\t\t\t\t\t\t\t\t\t\t\t\t<a href=\"\">Contabilidad y Finanzas<\/a>\n\t\t\t\t\t<p><a href=\"http:\/\/utculiacan.edu.mx\/wp-content\/uploads\/2018\/12\/ADM-CYF-002-BIT\u00c1CORA-DE-CONSUMO-DE-GASOLINA-Y-DIESEL.xlsx\">ADM-CYF-002 BIT\u00c1CORA DE CONSUMO DE GASOLINA Y DIESEL<\/a><br \/><a href=\"http:\/\/utculiacan.edu.mx\/wp-content\/uploads\/2018\/12\/ADM-CYF-004-N\u00d3MINA-DE-ALIMENTOS.docx\">ADM-CYF-004 N\u00d3MINA DE ALIMENTOS<\/a><br \/><a href=\"http:\/\/utculiacan.edu.mx\/wp-content\/uploads\/2018\/12\/ADM-CYF-005-VALES-DE-COMBUSTIBLE.docx\">ADM-CYF-005 VALES DE COMBUSTIBLE<\/a><br \/><a href=\"http:\/\/utculiacan.edu.mx\/wp-content\/uploads\/2018\/12\/ADM-CYF-007-COMPROBACI\u00d3N-DE-VI\u00c1TICOS.xlsx\">ADM-CYF-007 COMPROBACI\u00d3N DE VI\u00c1TICOS<\/a><br \/><a href=\"http:\/\/utculiacan.edu.mx\/wp-content\/uploads\/2018\/12\/ADM-CYF-008-OFICIO-DE-COMISI\u00d3N-ORDEN-DE-ADMINISTRACI\u00d3N-DE-VI\u00c1TICOS.docx\">ADM-CYF-008 OFICIO DE COMISI\u00d3N ORDEN DE ADMINISTRACI\u00d3N DE VI\u00c1TICOS<\/a><\/p>\n\t\t\t\t\t\t\t\t\t\t\t\t<a href=\"\">Mantenimiento<\/a>\n\t\t\t\t\t<p><a href=\"http:\/\/utculiacan.edu.mx\/wp-content\/uploads\/2018\/12\/ADM-MAN-001-SOLICITUD-DE-MANTENIMIENTO-SISTEMAS.docx\">ADM-MAN-001 SOLICITUD DE MANTENIMIENTO SISTEMAS<\/a><br \/><a href=\"http:\/\/utculiacan.edu.mx\/wp-content\/uploads\/2018\/12\/ADM-MAN-002-REQUISICI\u00d3N-DE-MANTENIMIENTO.docx\">ADM-MAN-002 REQUISICI\u00d3N DE MANTENIMIENTO<\/a><br \/><a href=\"http:\/\/utculiacan.edu.mx\/wp-content\/uploads\/2018\/12\/ADM-MAN-003-CONTROL-DE-EQUIPOS-Y-HERRAMIENTAS-DE-JARDINER\u00cdA-EN-RESGUARDO.xlsx\">ADM-MAN-003 CONTROL DE EQUIPOS Y HERRAMIENTAS DE JARDINER\u00cdA EN RESGUARDO<\/a><br \/><a href=\"http:\/\/utculiacan.edu.mx\/wp-content\/uploads\/2018\/12\/ADM-MAN-005-PLAN-ANUAL-DE-MANTENIMIENTO-PREVENTIVO.xlsx\">ADM-MAN-005 PLAN ANUAL DE MANTENIMIENTO PREVENTIVO<\/a><\/p>\n\t\t\t\t\t\t\t\t\t\t\t\t<a href=\"\">Materiales<\/a>\n\t\t\t\t\t<p><a href=\"http:\/\/utculiacan.edu.mx\/wp-content\/uploads\/2018\/12\/ADM-MAT-001-REQUISICI\u00d3N-DE-COMPRAS.xlsx\">ADM-MAT-001 REQUISICI\u00d3N DE COMPRAS<\/a><br \/><a href=\"http:\/\/utculiacan.edu.mx\/wp-content\/uploads\/2018\/12\/ADM-MAT-002-RECEPCI\u00d3N-DEL-BIEN-O-SERVICIO.xlsx\">ADM-MAT-002 RECEPCI\u00d3N DEL BIEN O SERVICIO<\/a><br \/><a href=\"http:\/\/utculiacan.edu.mx\/wp-content\/uploads\/2018\/12\/ADM-MAT-003-EVALUACI\u00d3N-DE-PROVEEDORES.xlsx\">ADM-MAT-003 EVALUACI\u00d3N DE PROVEEDORES<\/a><br \/><a href=\"http:\/\/utculiacan.edu.mx\/wp-content\/uploads\/2018\/12\/ADM-MAT-006-PLAN-ANUAL-DE-MODERNIZACI\u00d3N-Y-ACTUALIZACI\u00d3N.xlsx\">ADM-MAT-006 PLAN ANUAL DE MODERNIZACI\u00d3N Y ACTUALIZACI\u00d3N<\/a><\/p>\n\t\t\t\t\t\t\t\t\t\t\t\t<a href=\"\">Recursos Humanos<\/a>\n\t\t\t\t\t<p><a href=\"http:\/\/utculiacan.edu.mx\/wp-content\/uploads\/2018\/12\/ADM-REH-001-ALTA-DE-PERSONAL-ADMINISTRATIVO.xls\">ADM-REH-001 ALTA DE PERSONAL ADMINISTRATIVO<\/a><br \/><a href=\"http:\/\/utculiacan.edu.mx\/wp-content\/uploads\/2018\/12\/ADM-REH-002-CAR\u00c1TULA-DE-IDENTIFICACI\u00d3N-DE-LOS-CONTRATOS-DEL-PERSONAL-ADMINISTRATIVO.docx\">ADM-REH-002 CAR\u00c1TULA DE IDENTIFICACI\u00d3N DE LOS CONTRATOS DEL PERSONAL ADMINISTRATIVO<\/a><br \/><a href=\"http:\/\/utculiacan.edu.mx\/wp-content\/uploads\/2018\/12\/ADM-REH-003-LISTADO-DE-MAESTROS.xlsx\">ADM-REH-003 LISTADO DE MAESTROS<\/a><br \/><a href=\"http:\/\/utculiacan.edu.mx\/wp-content\/uploads\/2018\/12\/ADM-REH-005-DESCRIPTIVO-DE-PUESTO.docx\">ADM-REH-005 DESCRIPTIVO DE PUESTO<\/a><br \/><a href=\"http:\/\/utculiacan.edu.mx\/wp-content\/uploads\/2018\/12\/ADM-REH-006-SOLICITUD-DE-DOCUMENTOS-NUEVO-INGRESO.docx\">ADM-REH-006 SOLICITUD DE DOCUMENTOS NUEVO INGRESO<\/a><br \/><a href=\"http:\/\/utculiacan.edu.mx\/wp-content\/uploads\/2018\/12\/ADM-REH-007-REQUISICI\u00d3N-DE-PERSONAL.doc\">ADM-REH-007 REQUISICI\u00d3N DE PERSONAL<\/a><br \/><a href=\"http:\/\/utculiacan.edu.mx\/wp-content\/uploads\/2018\/12\/ADM-REH-008-CARGA-DOCENTE.xlsx\">ADM-REH-008 CARGA DOCENTE<\/a><\/p>\n\t\t<h2>Contacto<\/h2>\t\t\n\t\t\t<a href=\"mailto:finanzas@utculiacan.edu.mx\" role=\"button\">\n\t\t\t\t\t\tfinanzas@utculiacan.edu.mx\n\t\t\t\t\t<\/a>","_et_gb_content_width":"","_monsterinsights_skip_tracking":false,"_monsterinsights_sitenote_active":false,"_monsterinsights_sitenote_note":"","_monsterinsights_sitenote_category":0,"_uf_show_specific_survey":0,"_uf_disable_surveys":false,"footnotes":""},"class_list":["post-2070","page","type-page","status-publish","has-post-thumbnail","hentry"],"aioseo_notices":[],"_links":{"self":[{"href":"https:\/\/utculiacan.edu.mx\/en\/wp-json\/wp\/v2\/pages\/2070","targetHints":{"allow":["GET"]}}],"collection":[{"href":"https:\/\/utculiacan.edu.mx\/en\/wp-json\/wp\/v2\/pages"}],"about":[{"href":"https:\/\/utculiacan.edu.mx\/en\/wp-json\/wp\/v2\/types\/page"}],"author":[{"embeddable":true,"href":"https:\/\/utculiacan.edu.mx\/en\/wp-json\/wp\/v2\/users\/29"}],"replies":[{"embeddable":true,"href":"https:\/\/utculiacan.edu.mx\/en\/wp-json\/wp\/v2\/comments?post=2070"}],"version-history":[{"count":110,"href":"https:\/\/utculiacan.edu.mx\/en\/wp-json\/wp\/v2\/pages\/2070\/revisions"}],"predecessor-version":[{"id":12427,"href":"https:\/\/utculiacan.edu.mx\/en\/wp-json\/wp\/v2\/pages\/2070\/revisions\/12427"}],"wp:featuredmedia":[{"embeddable":true,"href":"https:\/\/utculiacan.edu.mx\/en\/wp-json\/wp\/v2\/media\/12422"}],"wp:attachment":[{"href":"https:\/\/utculiacan.edu.mx\/en\/wp-json\/wp\/v2\/media?parent=2070"}],"curies":[{"name":"wp","href":"https:\/\/api.w.org\/{rel}","templated":true}]}}