{"id":211,"date":"2018-10-17T14:34:18","date_gmt":"2018-10-17T20:34:18","guid":{"rendered":"http:\/\/utculiacan.edu.mx\/?page_id=211"},"modified":"2018-10-19T12:25:46","modified_gmt":"2018-10-19T18:25:46","slug":"2014-3er-trimestre","status":"publish","type":"page","link":"https:\/\/utculiacan.edu.mx\/en\/2014-3er-trimestre\/","title":{"rendered":"2014 3er Trimestre"},"content":{"rendered":"<h3>Informaci\u00f3n Contable<\/h3>\n<p><a href=\"http:\/\/utculiacan.edu.mx\/wp-content\/uploads\/2018\/10\/Estado-de-situaci\u00f3n-financiera-5.pdf\">Estado de situaci\u00f3n financiera <strong>PDF<\/strong><\/a><\/p>\n<p><a href=\"http:\/\/utculiacan.edu.mx\/wp-content\/uploads\/2018\/10\/Estado-de-Actividades-4.pdf\">Estado de Actividades <strong>PDF<\/strong><\/a><\/p>\n<p><a href=\"http:\/\/utculiacan.edu.mx\/wp-content\/uploads\/2018\/10\/Estado-de-variaciones-en-la-hacienda-p\u00fablica-5.pdf\">Estado de variaciones en la hacienda p\u00fablica <strong>PDF<\/strong><\/a><\/p>\n<p><a href=\"http:\/\/utculiacan.edu.mx\/wp-content\/uploads\/2018\/10\/Estado-de-Cambios-en-la-Situaci\u00f3n-Financiera-4.pdf\">Estado de Cambios en la Situaci\u00f3n Financiera <strong>PDF<\/strong><\/a><\/p>\n<p><a href=\"http:\/\/utculiacan.edu.mx\/wp-content\/uploads\/2018\/10\/Estado-de-flujos-de-efectivo-5.pdf\">Estado de flujos de efectivo <strong>PDF<\/strong><\/a><\/p>\n<p><a href=\"http:\/\/utculiacan.edu.mx\/wp-content\/uploads\/2018\/10\/Estado-anal\u00edtico-del-activo-6.pdf\">Estado anal\u00edtico del activo <strong>PDF<\/strong><\/a><\/p>\n<p><a href=\"http:\/\/utculiacan.edu.mx\/wp-content\/uploads\/2018\/10\/Estado-anal\u00edtico-de-la-deuda-y-otros-pasivos-5.pdf\">Estado anal\u00edtico de la deuda y otros pasivos <strong>PDF<\/strong><\/a><\/p>\n<p><a href=\"http:\/\/utculiacan.edu.mx\/wp-content\/uploads\/2018\/10\/Informes-sobre-pasivos-contingentes-5.pdf\">Informes sobre pasivos contingentes <strong>PDF<\/strong><\/a><\/p>\n<p>Notas de Desglose<\/p>\n<p><a href=\"http:\/\/utculiacan.edu.mx\/wp-content\/uploads\/2018\/10\/Notas-de-Memoria-5.pdf\">Notas de Memoria <strong>PDF<\/strong><\/a><\/p>\n<p>Notas de Gesti\u00f3n Administrativa<\/p>\n<h3>Informaci\u00f3n Presupuestal<\/h3>\n<p><a href=\"http:\/\/utculiacan.edu.mx\/wp-content\/uploads\/2018\/10\/Estado-anal\u00edtico-del-ingreso-Econ\u00f3mica-6.pdf\">Estado anal\u00edtico del ingreso (Econ\u00f3mica) <strong>PDF<\/strong><\/a><\/p>\n<p><a href=\"http:\/\/utculiacan.edu.mx\/wp-content\/uploads\/2018\/10\/Estado-anal\u00edtico-del-ingreso-Fuente-6.pdf\">Estado anal\u00edtico del ingreso (Fuente) <strong>PDF<\/strong><\/a><\/p>\n<p><a href=\"http:\/\/utculiacan.edu.mx\/wp-content\/uploads\/2018\/10\/Estado-anal\u00edtico-del-ingreso-Concepto-5.pdf\">Estado anal\u00edtico del ingreso (Concepto) <strong>PDF<\/strong><\/a><\/p>\n<p><a href=\"http:\/\/utculiacan.edu.mx\/wp-content\/uploads\/2018\/10\/Estado-anal\u00edtico-del-ejercicio-del-presupuesto-de-egresos-Administrativa-5.pdf\">Estado anal\u00edtico del ejercicio del presupuesto de egresos (Administrativa) <strong>PDF<\/strong><\/a><\/p>\n<p><a href=\"http:\/\/utculiacan.edu.mx\/wp-content\/uploads\/2018\/10\/Estado-anal\u00edtico-del-ejercicio-del-presupuesto-de-egresos-Econ\u00f3mica-y-tipode-gasto.pdf\">Estado anal\u00edtico del ejercicio del presupuesto de egresos (Econ\u00f3mica y tipode gasto) <strong>PDF<\/strong><\/a><\/p>\n<p><a href=\"http:\/\/utculiacan.edu.mx\/wp-content\/uploads\/2018\/10\/Estado-anal\u00edtico-del-ejercicio-del-presupuesto-deegresos-Funcional-program\u00e1tica.pdf\">Estado anal\u00edtico del ejercicio del presupuesto deegresos (Funcional-program\u00e1tica) <strong>PDF<\/strong><\/a><\/p>\n<h3>Inventarios<\/h3>\n<p><a href=\"http:\/\/utculiacan.edu.mx\/wp-content\/uploads\/2018\/10\/Cat\u00e1logo-de-Bienes-Muebles-4.pdf\">Cat\u00e1logo de Bienes Muebles <strong>PDF<\/strong><\/a><\/p>\n<p>Cat\u00e1logo de Bienes Inmuebles<\/p>\n<h3>Ejercicio Presupuestario<\/h3>\n<p>Ayudas y Subsidios\u00a0<strong>NO APLICA<\/strong><\/p>\n<p>Programas con Recursos Federales\u00a0<strong>NO APLICA<\/strong><\/p>\n<p>Cuentas Bancarias Productivas Federales\u00a0<strong>NO APLICA<\/strong><\/p>\n<p>Aportaci\u00f3n Federal para Educaci\u00f3n\u00a0 <strong>NO APLICA<\/strong><\/p>\n<p>Aportaci\u00f3n Federal para Salud <strong>NO APLICA<\/strong><\/p>\n<p>Aportaci\u00f3n Fortalecimiento Municipios\u00a0<strong>N<\/strong><strong>O APLICA<\/strong><\/p>\n<p>Aportaci\u00f3n Federal para Seguridad P\u00fablica\u00a0<strong>NO<\/strong><strong> APL<\/strong><strong>ICA<\/strong><\/p>\n<p>Obligaciones con Fondos Federales <strong>NO APLICA<\/strong><\/p>\n<p>Ejercicio y Destino de Gasto Federalizado\u00a0<strong>NO APLICA<\/strong><\/p>\n<p>Evaluaci\u00f3n de Recursos Federales\u00a0<strong>NO<\/strong><strong> AP<\/strong><strong>LICA<\/strong><\/p>","protected":false},"excerpt":{"rendered":"<p>Informaci\u00f3n Contable Estado de situaci\u00f3n financiera PDF Estado de Actividades PDF Estado de variaciones en la hacienda p\u00fablica PDF Estado de Cambios en la Situaci\u00f3n Financiera PDF Estado de flujos de efectivo PDF Estado anal\u00edtico del activo PDF Estado anal\u00edtico de la deuda y otros pasivos PDF Informes sobre pasivos contingentes PDF Notas de Desglose [&hellip;]<\/p>\n","protected":false},"author":29,"featured_media":0,"parent":0,"menu_order":0,"comment_status":"closed","ping_status":"closed","template":"","meta":{"_et_pb_use_builder":"","_et_pb_old_content":"","_et_gb_content_width":"","_monsterinsights_skip_tracking":false,"_monsterinsights_sitenote_active":false,"_monsterinsights_sitenote_note":"","_monsterinsights_sitenote_category":0,"_uf_show_specific_survey":0,"_uf_disable_surveys":false,"footnotes":""},"class_list":["post-211","page","type-page","status-publish","hentry"],"aioseo_notices":[],"_links":{"self":[{"href":"https:\/\/utculiacan.edu.mx\/en\/wp-json\/wp\/v2\/pages\/211","targetHints":{"allow":["GET"]}}],"collection":[{"href":"https:\/\/utculiacan.edu.mx\/en\/wp-json\/wp\/v2\/pages"}],"about":[{"href":"https:\/\/utculiacan.edu.mx\/en\/wp-json\/wp\/v2\/types\/page"}],"author":[{"embeddable":true,"href":"https:\/\/utculiacan.edu.mx\/en\/wp-json\/wp\/v2\/users\/29"}],"replies":[{"embeddable":true,"href":"https:\/\/utculiacan.edu.mx\/en\/wp-json\/wp\/v2\/comments?post=211"}],"version-history":[{"count":9,"href":"https:\/\/utculiacan.edu.mx\/en\/wp-json\/wp\/v2\/pages\/211\/revisions"}],"predecessor-version":[{"id":555,"href":"https:\/\/utculiacan.edu.mx\/en\/wp-json\/wp\/v2\/pages\/211\/revisions\/555"}],"wp:attachment":[{"href":"https:\/\/utculiacan.edu.mx\/en\/wp-json\/wp\/v2\/media?parent=211"}],"curies":[{"name":"wp","href":"https:\/\/api.w.org\/{rel}","templated":true}]}}