{"id":2162,"date":"2018-12-18T13:12:37","date_gmt":"2018-12-18T19:12:37","guid":{"rendered":"http:\/\/utculiacan.edu.mx\/?page_id=2162"},"modified":"2024-08-07T14:29:16","modified_gmt":"2024-08-07T21:29:16","slug":"cultura-y-deporte","status":"publish","type":"page","link":"https:\/\/utculiacan.edu.mx\/en\/cultura-y-deporte\/","title":{"rendered":"Cultura y Deporte"},"content":{"rendered":"[et_pb_section fb_built=&#8221;1&#8243; admin_label=&#8221;section&#8221; _builder_version=&#8221;4.16&#8243; global_colors_info=&#8221;{}&#8221;][et_pb_row admin_label=&#8221;row&#8221; _builder_version=&#8221;4.16&#8243; background_size=&#8221;initial&#8221; background_position=&#8221;top_left&#8221; background_repeat=&#8221;repeat&#8221; global_colors_info=&#8221;{}&#8221;][et_pb_column type=&#8221;4_4&#8243; _builder_version=&#8221;4.16&#8243; custom_padding=&#8221;|||&#8221; global_colors_info=&#8221;{}&#8221; custom_padding__hover=&#8221;|||&#8221;][et_pb_text admin_label=&#8221;Text&#8221; _builder_version=&#8221;4.16&#8243; background_size=&#8221;initial&#8221; background_position=&#8221;top_left&#8221; background_repeat=&#8221;repeat&#8221; global_colors_info=&#8221;{}&#8221;]\n<p><img decoding=\"async\" class=\"wp-image-2165 aligncenter\" src=\"https:\/\/utculiacan.edu.mx\/wp-content\/uploads\/2018\/12\/deportes-300x300.png\" alt=\"\" width=\"96\" height=\"96\" srcset=\"https:\/\/utculiacan.edu.mx\/wp-content\/uploads\/2018\/12\/deportes-300x300.png 300w, https:\/\/utculiacan.edu.mx\/wp-content\/uploads\/2018\/12\/deportes-150x150.png 150w, https:\/\/utculiacan.edu.mx\/wp-content\/uploads\/2018\/12\/deportes-768x768.png 768w, https:\/\/utculiacan.edu.mx\/wp-content\/uploads\/2018\/12\/deportes-1024x1024.png 1024w\" sizes=\"(max-width: 96px) 100vw, 96px\" \/><\/p>\n<p>Subdivisi\u00f3n del \u00e1rea de Vinculaci\u00f3n encargada de la formaci\u00f3n c\u00edvica de nuestros estudiantes y del fomento de actividades recreativas y de crecimiento personal. Nuestros espacios est\u00e1n preparados para que los alumnos puedan prepararse atl\u00e9ticamente y competir en los diversos eventos que celebramos como instituci\u00f3n y como miembro de la sociedad de Universidades Tecnol\u00f3gicas a las que pertenecemos.<\/p>\n<p><strong>Actividades que realizamos:<\/strong><\/p>\n<p>-Torneos.<\/p>\n<p>-Actividades extracurriculares.<\/p>\n<p>-Entrenamiento de equipos deportivos.<\/p>\n<p>L.E.F. Joel Quiroz Galindo.<\/p>\n<p>extracurriculares@utculiacan.edu.mx<\/p>\n<p>&nbsp;<\/p>\n[\/et_pb_text][\/et_pb_column][\/et_pb_row][\/et_pb_section]\n","protected":false},"excerpt":{"rendered":"<p>Subdivisi\u00f3n del \u00e1rea de Vinculaci\u00f3n encargada de la formaci\u00f3n c\u00edvica de nuestros estudiantes y del fomento de actividades recreativas y de crecimiento personal. Nuestros espacios est\u00e1n preparados para que los alumnos puedan prepararse atl\u00e9ticamente y competir en los diversos eventos que celebramos como instituci\u00f3n y como miembro de la sociedad de Universidades Tecnol\u00f3gicas a las [&hellip;]<\/p>\n","protected":false},"author":29,"featured_media":19355,"parent":0,"menu_order":0,"comment_status":"closed","ping_status":"closed","template":"","meta":{"_et_pb_use_builder":"on","_et_pb_old_content":"<img class=\"wp-image-2165 aligncenter\" src=\"http:\/\/utculiacan.edu.mx\/wp-content\/uploads\/2018\/12\/deportes-300x300.png\" alt=\"\" width=\"96\" height=\"96\" \/>\r\n\r\nSubdivisi\u00f3n del \u00e1rea de Vinculaci\u00f3n encargada de la formaci\u00f3n c\u00edvica de nuestros estudiantes y del fomento de actividades recreativas y de crecimiento personal. Nuestros espacios est\u00e1n preparados para que los alumnos puedan prepararse atl\u00e9ticamente y competir en los diversos eventos que celebramos como instituci\u00f3n y como miembro de la sociedad de Universidades Tecnol\u00f3gicas a las que pertenecemos.\r\n\r\n<strong>Actividades que realizamos:<\/strong>\r\n\r\n-Torneos.\r\n\r\n-Actividades extracurriculares.\r\n\r\n-Entrenamiento de equipos deportivos.\r\n","_et_gb_content_width":"","_monsterinsights_skip_tracking":false,"_monsterinsights_sitenote_active":false,"_monsterinsights_sitenote_note":"","_monsterinsights_sitenote_category":0,"_uf_show_specific_survey":0,"_uf_disable_surveys":false,"footnotes":""},"class_list":["post-2162","page","type-page","status-publish","has-post-thumbnail","hentry"],"aioseo_notices":[],"_links":{"self":[{"href":"https:\/\/utculiacan.edu.mx\/en\/wp-json\/wp\/v2\/pages\/2162","targetHints":{"allow":["GET"]}}],"collection":[{"href":"https:\/\/utculiacan.edu.mx\/en\/wp-json\/wp\/v2\/pages"}],"about":[{"href":"https:\/\/utculiacan.edu.mx\/en\/wp-json\/wp\/v2\/types\/page"}],"author":[{"embeddable":true,"href":"https:\/\/utculiacan.edu.mx\/en\/wp-json\/wp\/v2\/users\/29"}],"replies":[{"embeddable":true,"href":"https:\/\/utculiacan.edu.mx\/en\/wp-json\/wp\/v2\/comments?post=2162"}],"version-history":[{"count":9,"href":"https:\/\/utculiacan.edu.mx\/en\/wp-json\/wp\/v2\/pages\/2162\/revisions"}],"predecessor-version":[{"id":18723,"href":"https:\/\/utculiacan.edu.mx\/en\/wp-json\/wp\/v2\/pages\/2162\/revisions\/18723"}],"wp:featuredmedia":[{"embeddable":true,"href":"https:\/\/utculiacan.edu.mx\/en\/wp-json\/wp\/v2\/media\/19355"}],"wp:attachment":[{"href":"https:\/\/utculiacan.edu.mx\/en\/wp-json\/wp\/v2\/media?parent=2162"}],"curies":[{"name":"wp","href":"https:\/\/api.w.org\/{rel}","templated":true}]}}