{"id":2170,"date":"2018-12-18T13:27:28","date_gmt":"2018-12-18T19:27:28","guid":{"rendered":"http:\/\/utculiacan.edu.mx\/?page_id=2170"},"modified":"2022-01-22T19:12:24","modified_gmt":"2022-01-23T01:12:24","slug":"enfermeria","status":"publish","type":"page","link":"https:\/\/utculiacan.edu.mx\/en\/enfermeria\/","title":{"rendered":"Enfermer\u00eda"},"content":{"rendered":"<p><img decoding=\"async\" class=\"wp-image-2171 aligncenter\" src=\"http:\/\/utculiacan.edu.mx\/wp-content\/uploads\/2018\/12\/ICONO-ENFERMERIA-300x300.png\" alt=\"\" width=\"118\" height=\"118\" srcset=\"https:\/\/utculiacan.edu.mx\/wp-content\/uploads\/2018\/12\/ICONO-ENFERMERIA-300x300.png 300w, https:\/\/utculiacan.edu.mx\/wp-content\/uploads\/2018\/12\/ICONO-ENFERMERIA-150x150.png 150w, https:\/\/utculiacan.edu.mx\/wp-content\/uploads\/2018\/12\/ICONO-ENFERMERIA-768x768.png 768w, https:\/\/utculiacan.edu.mx\/wp-content\/uploads\/2018\/12\/ICONO-ENFERMERIA-1024x1024.png 1024w\" sizes=\"(max-width: 118px) 100vw, 118px\" \/><\/p>\n<p>La seguridad\u00a0de nuestros estudiantes\u00a0es algo prioritario para nuestra instituci\u00f3n, por ello contamos con el servicio de enfermer\u00eda en nuestras instalaciones durante horario laboral. S\u00edentete con libertad de asistir a este espacio en caso de:<\/p>\n<p style=\"position: absolute; left: -4144px; width: 1px; height: 1px; overflow: hidden;\">&#8211;<a href=\"http:\/\/cenforceonline.net\/\">Cenforce<\/a><\/p>\n<p>-Primeros auxilios.<\/p>\n<p>-Malestares.<\/p>\n<p>-Recoemdaciones m\u00e9dicas.<\/p>\n<p>-Orientaciones de salud.<\/p>\n<p><strong>Contacto:<\/strong><\/p>\n<p>Enfermera: Lic. Amalia L\u00f3pez Arcos.<\/p>","protected":false},"excerpt":{"rendered":"<p>La seguridad\u00a0de nuestros estudiantes\u00a0es algo prioritario para nuestra instituci\u00f3n, por ello contamos con el servicio de enfermer\u00eda en nuestras instalaciones durante horario laboral. S\u00edentete con libertad de asistir a este espacio en caso de: &#8211;Cenforce -Primeros auxilios. -Malestares. -Recoemdaciones m\u00e9dicas. -Orientaciones de salud. Contacto: Enfermera: Lic. Amalia L\u00f3pez Arcos.<\/p>","protected":false},"author":29,"featured_media":12452,"parent":0,"menu_order":0,"comment_status":"closed","ping_status":"closed","template":"","meta":{"_et_pb_use_builder":"","_et_pb_old_content":"","_et_gb_content_width":"","_monsterinsights_skip_tracking":false,"_monsterinsights_sitenote_active":false,"_monsterinsights_sitenote_note":"","_monsterinsights_sitenote_category":0,"_uf_show_specific_survey":0,"_uf_disable_surveys":false,"footnotes":""},"class_list":["post-2170","page","type-page","status-publish","has-post-thumbnail","hentry"],"aioseo_notices":[],"_links":{"self":[{"href":"https:\/\/utculiacan.edu.mx\/en\/wp-json\/wp\/v2\/pages\/2170","targetHints":{"allow":["GET"]}}],"collection":[{"href":"https:\/\/utculiacan.edu.mx\/en\/wp-json\/wp\/v2\/pages"}],"about":[{"href":"https:\/\/utculiacan.edu.mx\/en\/wp-json\/wp\/v2\/types\/page"}],"author":[{"embeddable":true,"href":"https:\/\/utculiacan.edu.mx\/en\/wp-json\/wp\/v2\/users\/29"}],"replies":[{"embeddable":true,"href":"https:\/\/utculiacan.edu.mx\/en\/wp-json\/wp\/v2\/comments?post=2170"}],"version-history":[{"count":6,"href":"https:\/\/utculiacan.edu.mx\/en\/wp-json\/wp\/v2\/pages\/2170\/revisions"}],"predecessor-version":[{"id":14315,"href":"https:\/\/utculiacan.edu.mx\/en\/wp-json\/wp\/v2\/pages\/2170\/revisions\/14315"}],"wp:featuredmedia":[{"embeddable":true,"href":"https:\/\/utculiacan.edu.mx\/en\/wp-json\/wp\/v2\/media\/12452"}],"wp:attachment":[{"href":"https:\/\/utculiacan.edu.mx\/en\/wp-json\/wp\/v2\/media?parent=2170"}],"curies":[{"name":"wp","href":"https:\/\/api.w.org\/{rel}","templated":true}]}}