{"id":2173,"date":"2018-12-18T13:37:14","date_gmt":"2018-12-18T19:37:14","guid":{"rendered":"http:\/\/utculiacan.edu.mx\/?page_id=2173"},"modified":"2024-01-15T10:43:10","modified_gmt":"2024-01-15T17:43:10","slug":"seguimiento-de-egresados","status":"publish","type":"page","link":"https:\/\/utculiacan.edu.mx\/en\/seguimiento-de-egresados\/","title":{"rendered":"Seguimiento de Egresados"},"content":{"rendered":"<h2><img decoding=\"async\" class=\"wp-image-2174 aligncenter\" src=\"http:\/\/utculiacan.edu.mx\/wp-content\/uploads\/2018\/12\/ICONO-CONVENIOS-300x300.png\" alt=\"\" width=\"129\" height=\"129\" srcset=\"https:\/\/utculiacan.edu.mx\/wp-content\/uploads\/2018\/12\/ICONO-CONVENIOS-300x300.png 300w, https:\/\/utculiacan.edu.mx\/wp-content\/uploads\/2018\/12\/ICONO-CONVENIOS-150x150.png 150w, https:\/\/utculiacan.edu.mx\/wp-content\/uploads\/2018\/12\/ICONO-CONVENIOS-768x768.png 768w, https:\/\/utculiacan.edu.mx\/wp-content\/uploads\/2018\/12\/ICONO-CONVENIOS-1024x1024.png 1024w\" sizes=\"(max-width: 129px) 100vw, 129px\" \/><\/h2>\n<h2><b>Programa de Seguimiento a Egresados<\/b><\/h2>\n<p><span style=\"font-size: 14pt;\"><span style=\"font-weight: 400;\">El Programa de Seguimiento a Egresados de <\/span><b>Universidad Tecnol\u00f3gica de Culiac\u00e1n<\/b><span style=\"font-weight: 400;\">, tiene la finalidad de estrechar la vinculaci\u00f3n entre la Universidad y aquellos que se formaron en sus aulas; as\u00ed como buscar fortalecer la vinculaci\u00f3n Universidad-Egresado\u00a0conservando siempre el contacto \u00e1gil y eficaz para mantenerlos con informaci\u00f3n de inter\u00e9s.<\/span><\/span><\/p>\n<h3><b>Objetivo<\/b><\/h3>\n<ul>\n<li style=\"font-weight: 400;\" aria-level=\"1\"><span style=\"font-weight: 400; font-size: 14pt;\">Fomentar y mantener la vinculaci\u00f3n de la instituci\u00f3n con sus Egresados y Ex alumnos para la obtenci\u00f3n de beneficios conjuntos.<\/span><\/li>\n<li style=\"font-weight: 400;\" aria-level=\"1\"><span style=\"font-size: 14pt;\"><span style=\"font-weight: 400;\">Consolidar los lazos de uni\u00f3n con el Egresado para reforzar su pertenencia a la instituci\u00f3n y difundir en sus agrupaciones la importancia y trascendencia que tiene la <\/span><b>Universidad Tecnol\u00f3gica de Culiac\u00e1n<\/b><span style=\"font-weight: 400;\"> a nivel nacional e internacional.<\/span><\/span><\/li>\n<li style=\"font-weight: 400;\" aria-level=\"1\"><span style=\"font-weight: 400; font-size: 14pt;\">Mantener el contacto con todos los egresados de la universidad para fortalecer la relaci\u00f3n Egresado-Universidad.<\/span><\/li>\n<li style=\"font-weight: 400;\" aria-level=\"1\"><span style=\"font-weight: 400; font-size: 14pt;\">Consolidar la bolsa de trabajo entre los egresados y el grupo empresarial de Sinaloa.<\/span><\/li>\n<li style=\"font-weight: 400;\" aria-level=\"1\"><span style=\"font-weight: 400; font-size: 14pt;\">Conocer la demanda del empleador para fortalecer el profesionalismo del egresado.<\/span><\/li>\n<\/ul>\n<h3><b>Funciones<\/b><\/h3>\n<ul>\n<li style=\"font-weight: 400;\" aria-level=\"1\"><span style=\"font-size: 14pt;\"><span style=\"font-weight: 400;\">Llevar el registro de los egresados de <\/span><b>Universidad Tecnol\u00f3gica de Culiac\u00e1n.<\/b><\/span><\/li>\n<li style=\"font-weight: 400;\" aria-level=\"1\"><span style=\"font-weight: 400; font-size: 14pt;\">Promover servicios de apoyo institucional, buscar la inserci\u00f3n de Egresados al campo laboral, procurar la concertaci\u00f3n, operaci\u00f3n de convenios y programas encaminados al mejoramiento, incentivar la actualizaci\u00f3n acad\u00e9mica y profesional de los Egresados, gremios profesionales y de las agrupaciones de Ex alumnos.<\/span><\/li>\n<li style=\"font-weight: 400;\" aria-level=\"1\"><span style=\"font-weight: 400; font-size: 14pt;\">Divulgar las actividades que realicen los Egresados en beneficio de la universidad y la sociedad, haciendo p\u00fablica su aportaci\u00f3n. Adem\u00e1s de mantenerlo informado de las actividades que le convengan en lo acad\u00e9mico, laboral, cultural, entre otras\u00a0<\/span><\/li>\n<\/ul>\n<h3><b>Metodolog\u00eda de seguimiento:<\/b><\/h3>\n<p><span style=\"font-weight: 400; font-size: 14pt;\">Diagn\u00f3stico del egresado<\/span><\/p>\n<p><span style=\"font-weight: 400; font-size: 14pt;\">Para desarrollar de manera efectiva el diagn\u00f3stico de nuestros egresados, tomamos como instrumento de validaci\u00f3n la encuesta.<\/span><\/p>\n<p><span style=\"font-weight: 400; font-size: 14pt;\">Este instrumento lo aplicamos en dos fases:<\/span><\/p>\n<ul>\n<li style=\"font-weight: 400;\" aria-level=\"1\"><span style=\"font-size: 14pt;\"><span style=\"font-weight: 400;\">Candidatos a egresar. Encuesta que se aplica a todos los alumnos de la <\/span><b>Universidad Tecnol\u00f3gica de Culiac\u00e1n<\/b><span style=\"font-weight: 400;\"> que cursan el \u00faltimo semestre de cada programa educativo.<\/span><\/span><\/li>\n<li style=\"font-weight: 400;\" aria-level=\"1\"><span style=\"font-weight: 400; font-size: 14pt;\">Egresados. Encuesta que se aplica a los egresados que ya no est\u00e1n estudiando en nuestra Instituci\u00f3n.<\/span><\/li>\n<\/ul>\n<h3><b>Base de datos<\/b><\/h3>\n<p><span style=\"font-weight: 400; font-size: 14pt;\">En nuestra instituci\u00f3n contamos con una base de datos actualizada de nuestros egresados. Estos datos se obtienen por medio del diagn\u00f3stico del egresado que se realiza a candidatos a egresar y egresados.<\/span><\/p>\n<h3><b>Actualizaci\u00f3n de informaci\u00f3n egresado-universidad<\/b><\/h3>\n<p><span style=\"font-weight: 400; font-size: 14pt;\">La actualizaci\u00f3n de la informaci\u00f3n para el egresado por parte de la Universidad es fundamental, y la estrategia de poderles hacer llegar lo mencionado se realiza de la siguiente manera:<\/span><\/p>\n<ul>\n<li style=\"font-weight: 400;\" aria-level=\"1\"><span style=\"font-weight: 400; font-size: 14pt;\">Correos electr\u00f3nicos: peri\u00f3dicamente y\/o cada que un evento se promociona se mandan correos electr\u00f3nicos a nuestros egresados, adem\u00e1s de actualizaciones como becas, conferencias, eventos culturales, etc.<\/span><\/li>\n<li style=\"font-weight: 400;\" aria-level=\"1\"><span style=\"font-weight: 400; font-size: 14pt;\">Blog: el Centro Universitario cuenta con un blog que sirve tambi\u00e9n como herramienta de comunicaci\u00f3n con nuestros egresados, pues se publican entradas de informaci\u00f3n de inter\u00e9s para los diferentes programas educativos.<\/span><\/li>\n<\/ul>\n<p style=\"text-align: center;\">Lic. Ivet Yuniva Enr\u00edquez\u00a0Chon<br \/>\n<a href=\"\/en\/seguimientoegresados@utculiacan.edu.mx\/\">seguimientoegresados@utculiacan.edu.mx<\/a><\/p>","protected":false},"excerpt":{"rendered":"<p>Programa de Seguimiento a Egresados El Programa de Seguimiento a Egresados de Universidad Tecnol\u00f3gica de Culiac\u00e1n, tiene la finalidad de estrechar la vinculaci\u00f3n entre la Universidad y aquellos que se formaron en sus aulas; as\u00ed como buscar fortalecer la vinculaci\u00f3n Universidad-Egresado\u00a0conservando siempre el contacto \u00e1gil y eficaz para mantenerlos con informaci\u00f3n de inter\u00e9s. Objetivo Fomentar [&hellip;]<\/p>\n","protected":false},"author":29,"featured_media":12443,"parent":0,"menu_order":0,"comment_status":"closed","ping_status":"closed","template":"","meta":{"_et_pb_use_builder":"","_et_pb_old_content":"","_et_gb_content_width":"","_monsterinsights_skip_tracking":false,"_monsterinsights_sitenote_active":false,"_monsterinsights_sitenote_note":"","_monsterinsights_sitenote_category":0,"_uf_show_specific_survey":0,"_uf_disable_surveys":false,"footnotes":""},"class_list":["post-2173","page","type-page","status-publish","has-post-thumbnail","hentry"],"aioseo_notices":[],"_links":{"self":[{"href":"https:\/\/utculiacan.edu.mx\/en\/wp-json\/wp\/v2\/pages\/2173","targetHints":{"allow":["GET"]}}],"collection":[{"href":"https:\/\/utculiacan.edu.mx\/en\/wp-json\/wp\/v2\/pages"}],"about":[{"href":"https:\/\/utculiacan.edu.mx\/en\/wp-json\/wp\/v2\/types\/page"}],"author":[{"embeddable":true,"href":"https:\/\/utculiacan.edu.mx\/en\/wp-json\/wp\/v2\/users\/29"}],"replies":[{"embeddable":true,"href":"https:\/\/utculiacan.edu.mx\/en\/wp-json\/wp\/v2\/comments?post=2173"}],"version-history":[{"count":10,"href":"https:\/\/utculiacan.edu.mx\/en\/wp-json\/wp\/v2\/pages\/2173\/revisions"}],"predecessor-version":[{"id":18736,"href":"https:\/\/utculiacan.edu.mx\/en\/wp-json\/wp\/v2\/pages\/2173\/revisions\/18736"}],"wp:featuredmedia":[{"embeddable":true,"href":"https:\/\/utculiacan.edu.mx\/en\/wp-json\/wp\/v2\/media\/12443"}],"wp:attachment":[{"href":"https:\/\/utculiacan.edu.mx\/en\/wp-json\/wp\/v2\/media?parent=2173"}],"curies":[{"name":"wp","href":"https:\/\/api.w.org\/{rel}","templated":true}]}}