{"id":2176,"date":"2018-12-18T13:42:07","date_gmt":"2018-12-18T19:42:07","guid":{"rendered":"http:\/\/utculiacan.edu.mx\/?page_id=2176"},"modified":"2024-01-15T10:44:04","modified_gmt":"2024-01-15T17:44:04","slug":"bolsa-de-trabajo","status":"publish","type":"page","link":"https:\/\/utculiacan.edu.mx\/en\/bolsa-de-trabajo\/","title":{"rendered":"Bolsa de Trabajo"},"content":{"rendered":"<p><img decoding=\"async\" class=\"wp-image-2177 aligncenter\" src=\"http:\/\/utculiacan.edu.mx\/wp-content\/uploads\/2018\/12\/ICONO-BOLSA-300x300.png\" alt=\"\" width=\"105\" height=\"105\" srcset=\"https:\/\/utculiacan.edu.mx\/wp-content\/uploads\/2018\/12\/ICONO-BOLSA-300x300.png 300w, https:\/\/utculiacan.edu.mx\/wp-content\/uploads\/2018\/12\/ICONO-BOLSA-150x150.png 150w, https:\/\/utculiacan.edu.mx\/wp-content\/uploads\/2018\/12\/ICONO-BOLSA-768x768.png 768w, https:\/\/utculiacan.edu.mx\/wp-content\/uploads\/2018\/12\/ICONO-BOLSA-1024x1024.png 1024w\" sizes=\"(max-width: 105px) 100vw, 105px\" \/><\/p>\n<p>Como beneficio a todos nuestros estudiantes y egresados, podr\u00e1s darte a conocer con todos las empresas locales con las que tenemos convenio para comenzar tu vida laboral o realizar tus estad\u00edas profesionales. Conoce a todas las empresas participantes en nuestro proceso de selecci\u00f3n con el \u00c1rea de Estad\u00edas Profesionales.<\/p>\n<p>Lic. Ivet Yuniva Enr\u00edquez\u00a0Chon<br \/>\n<a href=\"\/en\/bolsa.trabajo@utculiacan.edu.mx\/\">bolsa.trabajo@utculiacan.edu.mx<\/a><\/p>","protected":false},"excerpt":{"rendered":"<p>Como beneficio a todos nuestros estudiantes y egresados, podr\u00e1s darte a conocer con todos las empresas locales con las que tenemos convenio para comenzar tu vida laboral o realizar tus estad\u00edas profesionales. Conoce a todas las empresas participantes en nuestro proceso de selecci\u00f3n con el \u00c1rea de Estad\u00edas Profesionales. Lic. Ivet Yuniva Enr\u00edquez\u00a0Chon bolsa.trabajo@utculiacan.edu.mx<\/p>","protected":false},"author":29,"featured_media":12434,"parent":0,"menu_order":0,"comment_status":"closed","ping_status":"closed","template":"","meta":{"_et_pb_use_builder":"","_et_pb_old_content":"","_et_gb_content_width":"","_monsterinsights_skip_tracking":false,"_monsterinsights_sitenote_active":false,"_monsterinsights_sitenote_note":"","_monsterinsights_sitenote_category":0,"_uf_show_specific_survey":0,"_uf_disable_surveys":false,"footnotes":""},"class_list":["post-2176","page","type-page","status-publish","has-post-thumbnail","hentry"],"aioseo_notices":[],"_links":{"self":[{"href":"https:\/\/utculiacan.edu.mx\/en\/wp-json\/wp\/v2\/pages\/2176","targetHints":{"allow":["GET"]}}],"collection":[{"href":"https:\/\/utculiacan.edu.mx\/en\/wp-json\/wp\/v2\/pages"}],"about":[{"href":"https:\/\/utculiacan.edu.mx\/en\/wp-json\/wp\/v2\/types\/page"}],"author":[{"embeddable":true,"href":"https:\/\/utculiacan.edu.mx\/en\/wp-json\/wp\/v2\/users\/29"}],"replies":[{"embeddable":true,"href":"https:\/\/utculiacan.edu.mx\/en\/wp-json\/wp\/v2\/comments?post=2176"}],"version-history":[{"count":9,"href":"https:\/\/utculiacan.edu.mx\/en\/wp-json\/wp\/v2\/pages\/2176\/revisions"}],"predecessor-version":[{"id":18737,"href":"https:\/\/utculiacan.edu.mx\/en\/wp-json\/wp\/v2\/pages\/2176\/revisions\/18737"}],"wp:featuredmedia":[{"embeddable":true,"href":"https:\/\/utculiacan.edu.mx\/en\/wp-json\/wp\/v2\/media\/12434"}],"wp:attachment":[{"href":"https:\/\/utculiacan.edu.mx\/en\/wp-json\/wp\/v2\/media?parent=2176"}],"curies":[{"name":"wp","href":"https:\/\/api.w.org\/{rel}","templated":true}]}}