{"id":2186,"date":"2018-12-18T14:38:47","date_gmt":"2018-12-18T20:38:47","guid":{"rendered":"http:\/\/utculiacan.edu.mx\/?page_id=2186"},"modified":"2026-01-19T11:23:54","modified_gmt":"2026-01-19T18:23:54","slug":"difusion-y-comunicacion","status":"publish","type":"page","link":"https:\/\/utculiacan.edu.mx\/en\/difusion-y-comunicacion\/","title":{"rendered":"Difusi\u00f3n y Comunicaci\u00f3n."},"content":{"rendered":"[et_pb_section fb_built=&#8221;1&#8243; admin_label=&#8221;section&#8221; _builder_version=&#8221;4.16&#8243; global_colors_info=&#8221;{}&#8221; theme_builder_area=&#8221;post_content&#8221;][et_pb_row admin_label=&#8221;row&#8221; _builder_version=&#8221;4.16&#8243; background_size=&#8221;initial&#8221; background_position=&#8221;top_left&#8221; background_repeat=&#8221;repeat&#8221; global_colors_info=&#8221;{}&#8221; theme_builder_area=&#8221;post_content&#8221;][et_pb_column type=&#8221;4_4&#8243; _builder_version=&#8221;4.16&#8243; custom_padding=&#8221;|||&#8221; global_colors_info=&#8221;{}&#8221; custom_padding__hover=&#8221;|||&#8221; theme_builder_area=&#8221;post_content&#8221;][et_pb_text admin_label=&#8221;Text&#8221; _builder_version=&#8221;4.27.5&#8243; background_size=&#8221;initial&#8221; background_position=&#8221;top_left&#8221; background_repeat=&#8221;repeat&#8221; hover_enabled=&#8221;0&#8243; global_colors_info=&#8221;{}&#8221; theme_builder_area=&#8221;post_content&#8221; sticky_enabled=&#8221;0&#8243;]\n<p><img decoding=\"async\" class=\"wp-image-2189 aligncenter\" src=\"https:\/\/utculiacan.edu.mx\/wp-content\/uploads\/2018\/12\/ICONO-PROMOCION-300x300.png\" alt=\"\" width=\"88\" height=\"89\" srcset=\"https:\/\/utculiacan.edu.mx\/wp-content\/uploads\/2018\/12\/ICONO-PROMOCION-300x300.png 300w, https:\/\/utculiacan.edu.mx\/wp-content\/uploads\/2018\/12\/ICONO-PROMOCION-150x150.png 150w, https:\/\/utculiacan.edu.mx\/wp-content\/uploads\/2018\/12\/ICONO-PROMOCION-768x768.png 768w, https:\/\/utculiacan.edu.mx\/wp-content\/uploads\/2018\/12\/ICONO-PROMOCION-1024x1024.png 1024w\" sizes=\"(max-width: 88px) 100vw, 88px\" \/><\/p>\n<p>\u00bfQui\u00e9res un acercamiento\u00a0m\u00e1s personal?<\/p>\n<p>Dir\u00edgete a nuestro departamento de Difusi\u00f3n y Comunicaci\u00f3n donde podr\u00e1s aclarar todas tus dudas referentes a:<\/p>\n<p>-Informaci\u00f3n sobre nuestras carreras.<\/p>\n<p>-Becas.<\/p>\n<p>-Precios y requerimientos.<\/p>\n<p><strong>Contacto:<\/strong><\/p>\n<p>L.D.G. Gabriela Arely Arag\u00f3n Garc\u00eda<\/p>\n<p>gabriela.aragon@utculiacan.edu.mx<\/p>\n<p><img decoding=\"async\" class=\"wp-image-2190 aligncenter\" src=\"https:\/\/utculiacan.edu.mx\/wp-content\/uploads\/2018\/12\/ICONO-BECAS-300x300.png\" alt=\"\" width=\"85\" height=\"84\" srcset=\"https:\/\/utculiacan.edu.mx\/wp-content\/uploads\/2018\/12\/ICONO-BECAS-300x300.png 300w, https:\/\/utculiacan.edu.mx\/wp-content\/uploads\/2018\/12\/ICONO-BECAS-150x150.png 150w, https:\/\/utculiacan.edu.mx\/wp-content\/uploads\/2018\/12\/ICONO-BECAS-768x768.png 768w, https:\/\/utculiacan.edu.mx\/wp-content\/uploads\/2018\/12\/ICONO-BECAS-1024x1024.png 1024w\" sizes=\"(max-width: 85px) 100vw, 85px\" \/><\/p>\n[\/et_pb_text][\/et_pb_column][\/et_pb_row][\/et_pb_section]\n","protected":false},"excerpt":{"rendered":"<p>\u00bfQui\u00e9res un acercamiento\u00a0m\u00e1s personal? Dir\u00edgete a nuestro departamento de Difusi\u00f3n y Comunicaci\u00f3n donde podr\u00e1s aclarar todas tus dudas referentes a: -Informaci\u00f3n sobre nuestras carreras. -Becas. -Precios y requerimientos. Contacto: L.D.G. Gabriela Arely Arag\u00f3n Garc\u00eda gabriela.aragon@utculiacan.edu.mx<\/p>","protected":false},"author":29,"featured_media":18725,"parent":0,"menu_order":0,"comment_status":"closed","ping_status":"closed","template":"","meta":{"_et_pb_use_builder":"on","_et_pb_old_content":"<img class=\"wp-image-2189 aligncenter\" src=\"http:\/\/utculiacan.edu.mx\/wp-content\/uploads\/2018\/12\/ICONO-PROMOCION-300x300.png\" alt=\"\" width=\"88\" height=\"89\" \/>\r\n\r\n\u00bfQui\u00e9res un acercamiento\u00a0m\u00e1s personal? Dir\u00edgete a nuestro departamento de Difusi\u00f3n y Comunicaci\u00f3n donde podr\u00e1s aclarar todas tus dudas referentes a:\r\n\r\n-Informaci\u00f3n sobre nuestras carreras.\r\n\r\n-Becas.\r\n\r\n-Precios y requerimientos.\r\n\r\n<strong>Contacto:<\/strong>\r\n\r\nArq. Alejandra Mercado Lafarga\r\n\r\n<a href=\"mailto:alejandra_mercado@utculiacan.edu.mx\">alejandra_mercado@utculiacan.edu.mx<\/a>\r\n\r\n<img class=\"wp-image-2190 aligncenter\" src=\"http:\/\/utculiacan.edu.mx\/wp-content\/uploads\/2018\/12\/ICONO-BECAS-300x300.png\" alt=\"\" width=\"85\" height=\"84\" \/>","_et_gb_content_width":"","_monsterinsights_skip_tracking":false,"_monsterinsights_sitenote_active":false,"_monsterinsights_sitenote_note":"","_monsterinsights_sitenote_category":0,"_uf_show_specific_survey":0,"_uf_disable_surveys":false,"footnotes":""},"class_list":["post-2186","page","type-page","status-publish","has-post-thumbnail","hentry"],"aioseo_notices":[],"_links":{"self":[{"href":"https:\/\/utculiacan.edu.mx\/en\/wp-json\/wp\/v2\/pages\/2186","targetHints":{"allow":["GET"]}}],"collection":[{"href":"https:\/\/utculiacan.edu.mx\/en\/wp-json\/wp\/v2\/pages"}],"about":[{"href":"https:\/\/utculiacan.edu.mx\/en\/wp-json\/wp\/v2\/types\/page"}],"author":[{"embeddable":true,"href":"https:\/\/utculiacan.edu.mx\/en\/wp-json\/wp\/v2\/users\/29"}],"replies":[{"embeddable":true,"href":"https:\/\/utculiacan.edu.mx\/en\/wp-json\/wp\/v2\/comments?post=2186"}],"version-history":[{"count":15,"href":"https:\/\/utculiacan.edu.mx\/en\/wp-json\/wp\/v2\/pages\/2186\/revisions"}],"predecessor-version":[{"id":21312,"href":"https:\/\/utculiacan.edu.mx\/en\/wp-json\/wp\/v2\/pages\/2186\/revisions\/21312"}],"wp:featuredmedia":[{"embeddable":true,"href":"https:\/\/utculiacan.edu.mx\/en\/wp-json\/wp\/v2\/media\/18725"}],"wp:attachment":[{"href":"https:\/\/utculiacan.edu.mx\/en\/wp-json\/wp\/v2\/media?parent=2186"}],"curies":[{"name":"wp","href":"https:\/\/api.w.org\/{rel}","templated":true}]}}