{"id":2192,"date":"2018-12-18T14:48:56","date_gmt":"2018-12-18T20:48:56","guid":{"rendered":"http:\/\/utculiacan.edu.mx\/?page_id=2192"},"modified":"2025-07-09T08:03:52","modified_gmt":"2025-07-09T15:03:52","slug":"imagen-institucional","status":"publish","type":"page","link":"https:\/\/utculiacan.edu.mx\/en\/imagen-institucional\/","title":{"rendered":"Promoci\u00f3n Institucional"},"content":{"rendered":"[et_pb_section fb_built=&#8221;1&#8243; _builder_version=&#8221;4.16&#8243; custom_margin=&#8221;||-16px|||&#8221; global_colors_info=&#8221;{}&#8221; theme_builder_area=&#8221;post_content&#8221;][et_pb_row _builder_version=&#8221;4.16&#8243; background_size=&#8221;initial&#8221; background_position=&#8221;top_left&#8221; background_repeat=&#8221;repeat&#8221; global_colors_info=&#8221;{}&#8221; column_structure=&#8221;1_2,1_2&#8243; theme_builder_area=&#8221;post_content&#8221;][et_pb_column type=&#8221;1_2&#8243; _builder_version=&#8221;4.16&#8243; custom_padding=&#8221;|||&#8221; global_colors_info=&#8221;{}&#8221; custom_padding__hover=&#8221;|||&#8221; theme_builder_area=&#8221;post_content&#8221;][et_pb_text _builder_version=&#8221;4.27.4&#8243; background_size=&#8221;initial&#8221; background_position=&#8221;top_left&#8221; background_repeat=&#8221;repeat&#8221; global_colors_info=&#8221;{}&#8221; theme_builder_area=&#8221;post_content&#8221;]\n<p>Promoci\u00f3n Institucional<br \/>Departamento comercial y de marketing encargado de diversas actividades promocionales para dar a conocer y destacar la oferta educativa que ofrece la Universidad Tecnolog\u00eda de Culiac\u00e1n mediante participaci\u00f3n en ferias educativas, creaci\u00f3n de contenido informativo, y el uso de plataformas digitales para alcanzar a potenciales estudiantes. <br \/>Las funciones principales incluyen investigaci\u00f3n de mercado, identificaci\u00f3n de oportunidades y segmentaci\u00f3n de audiencias, as\u00ed como el dise\u00f1o de estrategias publicitarias y gesti\u00f3n de relaci\u00f3n para atraer a estudiantes hacia los programas de estudios.<\/p>\n<p><strong>Contacto:<\/strong><br \/>Lic. Gabriela Arag\u00f3n<br \/>promocion@utculiacan.edu.mx<\/p>\n<p><img decoding=\"async\" class=\"size-medium wp-image-2194 aligncenter\" src=\"https:\/\/utculiacan.edu.mx\/wp-content\/uploads\/2018\/12\/LOGO-PEQUE\u00d1O-300x148.png\" alt=\"\" width=\"300\" height=\"148\" srcset=\"https:\/\/utculiacan.edu.mx\/wp-content\/uploads\/2018\/12\/LOGO-PEQUE\u00d1O-300x148.png 300w, https:\/\/utculiacan.edu.mx\/wp-content\/uploads\/2018\/12\/LOGO-PEQUE\u00d1O.png 510w\" sizes=\"(max-width: 300px) 100vw, 300px\" \/><\/p>\n[\/et_pb_text][\/et_pb_column][et_pb_column type=&#8221;1_2&#8243; _builder_version=&#8221;4.16&#8243; custom_padding=&#8221;|||&#8221; global_colors_info=&#8221;{}&#8221; custom_padding__hover=&#8221;|||&#8221; theme_builder_area=&#8221;post_content&#8221;][et_pb_image src=&#8221;https:\/\/utculiacan.edu.mx\/wp-content\/uploads\/2025\/07\/Imagen-de-WhatsApp-2025-07-08-a-las-14.03.14_0a88c530.jpg&#8221; _builder_version=&#8221;4.27.4&#8243; _module_preset=&#8221;default&#8221; theme_builder_area=&#8221;post_content&#8221; title_text=&#8221;Imagen de WhatsApp 2025-07-08 a las 14.03.14_0a88c530&#8243; hover_enabled=&#8221;0&#8243; sticky_enabled=&#8221;0&#8243;][\/et_pb_image][\/et_pb_column][\/et_pb_row][\/et_pb_section]\n","protected":false},"excerpt":{"rendered":"<p>Promoci\u00f3n InstitucionalDepartamento comercial y de marketing encargado de diversas actividades promocionales para dar a conocer y destacar la oferta educativa que ofrece la Universidad Tecnolog\u00eda de Culiac\u00e1n mediante participaci\u00f3n en ferias educativas, creaci\u00f3n de contenido informativo, y el uso de plataformas digitales para alcanzar a potenciales estudiantes. Las funciones principales incluyen investigaci\u00f3n de mercado, identificaci\u00f3n [&hellip;]<\/p>\n","protected":false},"author":29,"featured_media":0,"parent":0,"menu_order":0,"comment_status":"closed","ping_status":"closed","template":"","meta":{"_et_pb_use_builder":"on","_et_pb_old_content":"<p>Subdepartamento encargado de la presentaci\u00f3n visual y de contacto directo para todos los departamentos y redes sociales. \u00bfDeseas crear un comunicado o hacer uso de nuestro logo en alguna convocatoria o comunicado? Cont\u00e1ctanos. <strong>Logotipo oficial de la universidad:<\/strong> <img class=\"size-medium wp-image-2194 aligncenter\" src=\"http:\/\/utculiacan.edu.mx\/wp-content\/uploads\/2018\/12\/LOGO-PEQUE\u00d1O-300x148.png\" alt=\"\" width=\"300\" height=\"148\" \/> <strong>Contacto:<\/strong> Lic. Luis Ernesto Flores Angulo luis.flores@utculiacan.edu.mx<\/p>","_et_gb_content_width":"","_monsterinsights_skip_tracking":false,"_monsterinsights_sitenote_active":false,"_monsterinsights_sitenote_note":"","_monsterinsights_sitenote_category":0,"_uf_show_specific_survey":0,"_uf_disable_surveys":false,"footnotes":""},"class_list":["post-2192","page","type-page","status-publish","hentry"],"aioseo_notices":[],"_links":{"self":[{"href":"https:\/\/utculiacan.edu.mx\/en\/wp-json\/wp\/v2\/pages\/2192","targetHints":{"allow":["GET"]}}],"collection":[{"href":"https:\/\/utculiacan.edu.mx\/en\/wp-json\/wp\/v2\/pages"}],"about":[{"href":"https:\/\/utculiacan.edu.mx\/en\/wp-json\/wp\/v2\/types\/page"}],"author":[{"embeddable":true,"href":"https:\/\/utculiacan.edu.mx\/en\/wp-json\/wp\/v2\/users\/29"}],"replies":[{"embeddable":true,"href":"https:\/\/utculiacan.edu.mx\/en\/wp-json\/wp\/v2\/comments?post=2192"}],"version-history":[{"count":15,"href":"https:\/\/utculiacan.edu.mx\/en\/wp-json\/wp\/v2\/pages\/2192\/revisions"}],"predecessor-version":[{"id":20760,"href":"https:\/\/utculiacan.edu.mx\/en\/wp-json\/wp\/v2\/pages\/2192\/revisions\/20760"}],"wp:attachment":[{"href":"https:\/\/utculiacan.edu.mx\/en\/wp-json\/wp\/v2\/media?parent=2192"}],"curies":[{"name":"wp","href":"https:\/\/api.w.org\/{rel}","templated":true}]}}