{"id":230,"date":"2018-10-17T14:47:04","date_gmt":"2018-10-17T20:47:04","guid":{"rendered":"http:\/\/utculiacan.edu.mx\/?page_id=230"},"modified":"2018-10-30T16:19:53","modified_gmt":"2018-10-30T22:19:53","slug":"2015-4to-trimestre","status":"publish","type":"page","link":"https:\/\/utculiacan.edu.mx\/en\/2015-4to-trimestre\/","title":{"rendered":"2015 4to Trimestre"},"content":{"rendered":"<h3>Informaci\u00f3n Contable<\/h3>\n<p><a href=\"http:\/\/utculiacan.edu.mx\/wp-content\/uploads\/2018\/10\/1_ESTADO-DE-SITUACION-FINANCIERA.pdf\">Estado de Situaci\u00f3n Financiera <strong>PDF<\/strong><\/a><\/p>\n<p><a href=\"http:\/\/utculiacan.edu.mx\/wp-content\/uploads\/2018\/10\/2_ESTADO-DE-ACTIVIDADES.pdf\">Estado de Resultados\/Actividades <strong>PDF<\/strong><\/a><\/p>\n<p><a href=\"http:\/\/utculiacan.edu.mx\/wp-content\/uploads\/2018\/10\/3_ESTADO-DE-VARIACION-EN-LA-HDA-PUBLICA.pdf\">Estado de Variaci\u00f3n en la Hacienda P\u00fablica <strong>PDF<\/strong><\/a><\/p>\n<p><a href=\"http:\/\/utculiacan.edu.mx\/wp-content\/uploads\/2018\/10\/7_ESTADOS-DE-CAMBIOS-EN-LA-SITUACION-FINANCIERA.pdf\">Estado de Cambios en la Situaci\u00f3n Financiera <strong>PDF<\/strong><\/a><\/p>\n<p><a href=\"http:\/\/utculiacan.edu.mx\/wp-content\/uploads\/2018\/10\/4_ESTADO-DE-FLUJOS-DE-EFECTIVO.pdf\">Estado de Flujos de Efectivo <strong>PDF<\/strong><\/a><\/p>\n<p><a href=\"http:\/\/utculiacan.edu.mx\/wp-content\/uploads\/2018\/10\/5_ESTADO-ANALITICO-DEL-ACTIVO.pdf\">Estado Anal\u00edtico del Activo <strong>PDF<\/strong><\/a><\/p>\n<p><a href=\"http:\/\/utculiacan.edu.mx\/wp-content\/uploads\/2018\/10\/6_ESTADO-ANALITICO-DE-LA-DEUDA-PUBLICA.pdf\">Estado Anal\u00edtico de la Deuda y Otros Pasivos <strong>PDF<\/strong><\/a><\/p>\n<p><a href=\"http:\/\/utculiacan.edu.mx\/wp-content\/uploads\/2018\/10\/8_PASIVOS-CONTINGENTES.pdf\">Informe de Pasivos Contingentes <strong>PDF<\/strong><\/a><\/p>\n<h3>Informaci\u00f3n Presupuestal<\/h3>\n<p><a href=\"http:\/\/utculiacan.edu.mx\/wp-content\/uploads\/2018\/10\/11_EDO.-ANALITICO-DEL-INGRESOS-ECONOMICO.pdf\">Estado Anal\u00edtico del Ingreso (Econ\u00f3mica) <strong>PDF<\/strong><\/a><\/p>\n<p><a href=\"http:\/\/utculiacan.edu.mx\/wp-content\/uploads\/2018\/10\/10_EDO.-ANALITICO-DEL-INGRESO_FUENTE-DE-FINANCIAMIENTO.pdf\">Estado Anal\u00edtico del Ingreso (Fuente) <strong>PDF<\/strong><\/a><\/p>\n<p><a href=\"http:\/\/utculiacan.edu.mx\/wp-content\/uploads\/2018\/10\/9_ESTADO-ANALITICO-DE-INGRESO.pdf\">Estado Anal\u00edtico del Ingreso (Concepto) <strong>PDF<\/strong><\/a><\/p>\n<p><a href=\"http:\/\/utculiacan.edu.mx\/wp-content\/uploads\/2018\/10\/12_EDO.-ANALITICO-DEL-PPTO_ADMVA..pdf\">Estado Anal\u00edtico del Ejercicio del Presupuesto de Egresos (Administrativa) <strong>PDF<\/strong><\/a><\/p>\n<p><a href=\"http:\/\/utculiacan.edu.mx\/wp-content\/uploads\/2018\/10\/14_EDO.-ANALITICO-DEL-PPTO.-OBJETO-DEL-GASTO.pdf\">Estado Anal\u00edtico del Ejercicio del Presupuesto de Egresos (Econ\u00f3mica) <strong>PDF<\/strong><\/a><\/p>\n<p><a href=\"http:\/\/utculiacan.edu.mx\/wp-content\/uploads\/2018\/10\/13_EDO.-ANALITICO-DEL-PPTO_ACONOMICA.pdf\">Estado Anal\u00edtico del Ejercicio del Presupuesto de Egresos (Objeto) <strong>PDF<\/strong><\/a><\/p>\n<p><a href=\"http:\/\/utculiacan.edu.mx\/wp-content\/uploads\/2018\/10\/15_EDO.-ANALITOC-DEL-PPTO.-FUNCIONAL.pdf\">Estado Anal\u00edtico del Ejercicio del Presupuesto de Egresos (Funcional-Program\u00e1tica) <strong>PDF<\/strong><\/a><\/p>\n<h3>Informaci\u00f3n Program\u00e1tica<\/h3>\n<p><a href=\"http:\/\/utculiacan.edu.mx\/wp-content\/uploads\/2018\/10\/21-PROGRAMAS-Y-PROYECTOS-DE-INVERSION-1.pdf\">Programas y Proyectos de Inversi\u00f3n <strong>PDF<\/strong><\/a><\/p>\n<p><a href=\"http:\/\/utculiacan.edu.mx\/wp-content\/uploads\/2018\/10\/22-INDICADORES-DE-RESULTADOS-1.pdf\">Indicadores de Resultados <strong>PDF<\/strong><\/a><\/p>\n<h3>Inventarios<\/h3>\n<p><a href=\"http:\/\/utculiacan.edu.mx\/wp-content\/uploads\/2018\/10\/16-RELACION-DE-BIENES-INMUEBLES-1.pdf\">Cat\u00e1logo de Bienes Muebles <strong>PDF<\/strong><\/a><\/p>\n<p><a href=\"http:\/\/utculiacan.edu.mx\/wp-content\/uploads\/2018\/10\/16-RELACION-DE-BIENES-INMUEBLES-1.pdf\">Cat\u00e1logo de Bienes Inmuebles <strong>PDF<\/strong><\/a><\/p>\n<h3>Ejercicio Presupuestario<\/h3>\n<p>Ayudas y Subsidios\u00a0<strong>NO APLICA<\/strong><\/p>\n<p>Programas con Recursos Federales\u00a0<strong>NO APLICA<\/strong><\/p>\n<p>Cuentas Bancarias Productivas Federales\u00a0 <strong>NO APLICA<\/strong><\/p>\n<p>Aportaci\u00f3n Federal para Educaci\u00f3n\u00a0 <strong>NO APLICA<\/strong><\/p>\n<p>Aportaci\u00f3n Federal para Salud <strong>NO APLICA<\/strong><\/p>\n<p>Aportaci\u00f3n Fortalecimiento Municipios\u00a0<strong>N<\/strong><strong>O APLICA<\/strong><\/p>\n<p>Aportaci\u00f3n Federal para Seguridad P\u00fablica\u00a0<strong>NO<\/strong><strong> APL<\/strong><strong>ICA<\/strong><\/p>\n<p>Obligaciones con Fondos Federales <strong>NO APLICA<\/strong><\/p>\n<p>Ejercicio y Destino de Gasto Federalizado <strong>NO APLICA<\/strong><\/p>\n<p>Evaluaci\u00f3n de Recursos Federales\u00a0<strong>NO<\/strong><strong> AP<\/strong><strong>LICA<\/strong><\/p>","protected":false},"excerpt":{"rendered":"<p>Informaci\u00f3n Contable Estado de Situaci\u00f3n Financiera PDF Estado de Resultados\/Actividades PDF Estado de Variaci\u00f3n en la Hacienda P\u00fablica PDF Estado de Cambios en la Situaci\u00f3n Financiera PDF Estado de Flujos de Efectivo PDF Estado Anal\u00edtico del Activo PDF Estado Anal\u00edtico de la Deuda y Otros Pasivos PDF Informe de Pasivos Contingentes PDF Informaci\u00f3n Presupuestal Estado [&hellip;]<\/p>\n","protected":false},"author":29,"featured_media":0,"parent":0,"menu_order":0,"comment_status":"closed","ping_status":"closed","template":"","meta":{"_et_pb_use_builder":"","_et_pb_old_content":"","_et_gb_content_width":"","_monsterinsights_skip_tracking":false,"_monsterinsights_sitenote_active":false,"_monsterinsights_sitenote_note":"","_monsterinsights_sitenote_category":0,"_uf_show_specific_survey":0,"_uf_disable_surveys":false,"footnotes":""},"class_list":["post-230","page","type-page","status-publish","hentry"],"aioseo_notices":[],"_links":{"self":[{"href":"https:\/\/utculiacan.edu.mx\/en\/wp-json\/wp\/v2\/pages\/230","targetHints":{"allow":["GET"]}}],"collection":[{"href":"https:\/\/utculiacan.edu.mx\/en\/wp-json\/wp\/v2\/pages"}],"about":[{"href":"https:\/\/utculiacan.edu.mx\/en\/wp-json\/wp\/v2\/types\/page"}],"author":[{"embeddable":true,"href":"https:\/\/utculiacan.edu.mx\/en\/wp-json\/wp\/v2\/users\/29"}],"replies":[{"embeddable":true,"href":"https:\/\/utculiacan.edu.mx\/en\/wp-json\/wp\/v2\/comments?post=230"}],"version-history":[{"count":7,"href":"https:\/\/utculiacan.edu.mx\/en\/wp-json\/wp\/v2\/pages\/230\/revisions"}],"predecessor-version":[{"id":1460,"href":"https:\/\/utculiacan.edu.mx\/en\/wp-json\/wp\/v2\/pages\/230\/revisions\/1460"}],"wp:attachment":[{"href":"https:\/\/utculiacan.edu.mx\/en\/wp-json\/wp\/v2\/media?parent=230"}],"curies":[{"name":"wp","href":"https:\/\/api.w.org\/{rel}","templated":true}]}}