{"id":2411,"date":"2019-02-07T13:28:00","date_gmt":"2019-02-07T19:28:00","guid":{"rendered":"http:\/\/utculiacan.edu.mx\/?page_id=2411"},"modified":"2019-02-28T15:36:06","modified_gmt":"2019-02-28T21:36:06","slug":"certificacion-iso-90012015","status":"publish","type":"page","link":"https:\/\/utculiacan.edu.mx\/en\/certificacion-iso-90012015\/","title":{"rendered":"Certificaci\u00f3n ISO 9001:2015"},"content":{"rendered":"[et_pb_section fb_built=&#8221;1&#8243; admin_label=&#8221;section&#8221; _builder_version=&#8221;3.0.47&#8243;][et_pb_row admin_label=&#8221;row&#8221; _builder_version=&#8221;3.0.48&#8243; background_size=&#8221;initial&#8221; background_position=&#8221;top_left&#8221; background_repeat=&#8221;repeat&#8221;][et_pb_column type=&#8221;4_4&#8243; _builder_version=&#8221;3.0.47&#8243;][et_pb_text admin_label=&#8221;Text&#8221; _builder_version=&#8221;3.0.74&#8243; background_size=&#8221;initial&#8221; background_position=&#8221;top_left&#8221; background_repeat=&#8221;repeat&#8221;]<img decoding=\"async\" class=\"wp-image-2269 aligncenter\" src=\"http:\/\/utculiacan.edu.mx\/wp-content\/uploads\/2019\/01\/LG-DG-02-Logotipo-ISO-9001-ver.02-276x300.jpg\" alt=\"\" width=\"122\" height=\"132\" srcset=\"https:\/\/utculiacan.edu.mx\/wp-content\/uploads\/2019\/01\/LG-DG-02-Logotipo-ISO-9001-ver.02-276x300.jpg 276w, https:\/\/utculiacan.edu.mx\/wp-content\/uploads\/2019\/01\/LG-DG-02-Logotipo-ISO-9001-ver.02.jpg 434w\" sizes=\"(max-width: 122px) 100vw, 122px\" \/><\/p>\n<p>El d\u00eda 11 de diciembre de 2018 la Universidad Tecnol\u00f3gica de Culiac\u00e1n obtiene por primera el el distintivo de Sistema de Gesti\u00f3n de Calidad en la Norma ISO 9001:2015.<\/p>\n<p>Con un alcance de:<\/p>\n<p>&#8220;Proceso ense\u00f1anza-aprendizaje desde la promoci\u00f3n, formaci\u00f3n y titulaci\u00f3n del T\u00e9cnico Superior Universitario y Licenciatura&#8221;.<\/p>\n<p>Y exclusiones en el punto:<\/p>\n<p><strong>7.1.5.2. Trazabilidad de las mediciones<\/strong>. No aplica dado que en la prestaci\u00f3n del servicio educativo que ofrece la UTC no se utilizan equipos que requieran que se asegure la validez de los resultados, todo lo que se usa en los laboratorios, aulas, centros de c\u00f3mputo y talleres es con fines did\u00e1cticos, por lo que se tiene en las mejores condiciones para su uso.<\/p>\n<p><img decoding=\"async\" class=\"wp-image-2415 aligncenter\" src=\"http:\/\/utculiacan.edu.mx\/wp-content\/uploads\/2019\/02\/POLITICA-ESPA\u00d1OL-300x200.png\" alt=\"\" width=\"521\" height=\"347\" srcset=\"https:\/\/utculiacan.edu.mx\/wp-content\/uploads\/2019\/02\/POLITICA-ESPA\u00d1OL-300x200.png 300w, https:\/\/utculiacan.edu.mx\/wp-content\/uploads\/2019\/02\/POLITICA-ESPA\u00d1OL-768x511.png 768w, https:\/\/utculiacan.edu.mx\/wp-content\/uploads\/2019\/02\/POLITICA-ESPA\u00d1OL-1024x681.png 1024w, https:\/\/utculiacan.edu.mx\/wp-content\/uploads\/2019\/02\/POLITICA-ESPA\u00d1OL.png 1920w\" sizes=\"(max-width: 521px) 100vw, 521px\" \/><\/p>\n<p><img decoding=\"async\" class=\"wp-image-2414 aligncenter\" src=\"http:\/\/utculiacan.edu.mx\/wp-content\/uploads\/2019\/02\/OBJETIVOS-ESPA\u00d1OL-300x200.png\" alt=\"\" width=\"521\" height=\"347\" srcset=\"https:\/\/utculiacan.edu.mx\/wp-content\/uploads\/2019\/02\/OBJETIVOS-ESPA\u00d1OL-300x200.png 300w, https:\/\/utculiacan.edu.mx\/wp-content\/uploads\/2019\/02\/OBJETIVOS-ESPA\u00d1OL-768x511.png 768w, https:\/\/utculiacan.edu.mx\/wp-content\/uploads\/2019\/02\/OBJETIVOS-ESPA\u00d1OL-1024x681.png 1024w, https:\/\/utculiacan.edu.mx\/wp-content\/uploads\/2019\/02\/OBJETIVOS-ESPA\u00d1OL.png 1920w\" sizes=\"(max-width: 521px) 100vw, 521px\" \/><\/p>\n<p>&nbsp;<\/p>\n<p style=\"text-align: center;\"><strong>PROCESOS<\/strong><\/p>\n<p style=\"text-align: center;\">PROCESO EDUCATIVO<\/p>\n<p style=\"text-align: center;\">PROCESO DE CALIDAD<\/p>\n<p style=\"text-align: center;\">GESTI\u00d3N DE LOS RECURSOS<\/p>\n<p style=\"text-align: center;\">PROCESO DE VINCULACI\u00d3N<\/p>\n[\/et_pb_text][\/et_pb_column][\/et_pb_row][\/et_pb_section]\n","protected":false},"excerpt":{"rendered":"<p>El d\u00eda 11 de diciembre de 2018 la Universidad Tecnol\u00f3gica de Culiac\u00e1n obtiene por primera el el distintivo de Sistema de Gesti\u00f3n de Calidad en la Norma ISO 9001:2015. Con un alcance de: &#8220;Proceso ense\u00f1anza-aprendizaje desde la promoci\u00f3n, formaci\u00f3n y titulaci\u00f3n del T\u00e9cnico Superior Universitario y Licenciatura&#8221;. Y exclusiones en el punto: 7.1.5.2. Trazabilidad de [&hellip;]<\/p>\n","protected":false},"author":29,"featured_media":0,"parent":0,"menu_order":0,"comment_status":"closed","ping_status":"closed","template":"","meta":{"_et_pb_use_builder":"on","_et_pb_old_content":"<img class=\"wp-image-2269 aligncenter\" src=\"http:\/\/utculiacan.edu.mx\/wp-content\/uploads\/2019\/01\/LG-DG-02-Logotipo-ISO-9001-ver.02-276x300.jpg\" alt=\"\" width=\"122\" height=\"132\" \/>\r\n\r\nEl d\u00eda 11 de diciembre de 2018 la Universidad Tecnol\u00f3gica de Culiac\u00e1n obtiene por primera el el distintivo de Sistema de Gesti\u00f3n de Calidad en la Norma ISO 9001:2015.\r\n\r\nCon un alcance de:\r\n\r\n\"Proceso ense\u00f1anza-aprendizaje desde la promoci\u00f3n, formaci\u00f3n y titulaci\u00f3n del T\u00e9cnico Superior Universitario y Licenciatura\".\r\n\r\nY exclusiones en el punto:\r\n\r\n<strong>7.1.5.2. Trazabilidad de las mediciones<\/strong>. No aplica dado que en la prestaci\u00f3n del servicio educativo que ofrece la UTC no se utilizan equipos que requieran que se asegure la validez de los resultados, todo lo que se usa en los laboratorios, aulas, centros de c\u00f3mputo y talleres es con fines did\u00e1cticos, por lo que se tiene en las mejores condiciones para su uso.\r\n\r\n<img class=\"wp-image-2415 aligncenter\" src=\"http:\/\/utculiacan.edu.mx\/wp-content\/uploads\/2019\/02\/POLITICA-ESPA\u00d1OL-300x200.png\" alt=\"\" width=\"521\" height=\"347\" \/>\r\n\r\n<img class=\"wp-image-2414 aligncenter\" src=\"http:\/\/utculiacan.edu.mx\/wp-content\/uploads\/2019\/02\/OBJETIVOS-ESPA\u00d1OL-300x200.png\" alt=\"\" width=\"521\" height=\"347\" \/>\r\n\r\n&nbsp;\r\n<p style=\"text-align: center;\"><strong>PROCESOS<\/strong><\/p>\r\n<p style=\"text-align: center;\">PROCESO EDUCATIVO<\/p>\r\n<p style=\"text-align: center;\">PROCESO DE CALIDAD<\/p>\r\n<p style=\"text-align: center;\">GESTI\u00d3N DE LOS RECURSOS<\/p>\r\n<p style=\"text-align: center;\">PROCESO DE VINCULACI\u00d3N<\/p>","_et_gb_content_width":"","_monsterinsights_skip_tracking":false,"_monsterinsights_sitenote_active":false,"_monsterinsights_sitenote_note":"","_monsterinsights_sitenote_category":0,"_uf_show_specific_survey":0,"_uf_disable_surveys":false,"footnotes":""},"class_list":["post-2411","page","type-page","status-publish","hentry"],"aioseo_notices":[],"_links":{"self":[{"href":"https:\/\/utculiacan.edu.mx\/en\/wp-json\/wp\/v2\/pages\/2411","targetHints":{"allow":["GET"]}}],"collection":[{"href":"https:\/\/utculiacan.edu.mx\/en\/wp-json\/wp\/v2\/pages"}],"about":[{"href":"https:\/\/utculiacan.edu.mx\/en\/wp-json\/wp\/v2\/types\/page"}],"author":[{"embeddable":true,"href":"https:\/\/utculiacan.edu.mx\/en\/wp-json\/wp\/v2\/users\/29"}],"replies":[{"embeddable":true,"href":"https:\/\/utculiacan.edu.mx\/en\/wp-json\/wp\/v2\/comments?post=2411"}],"version-history":[{"count":13,"href":"https:\/\/utculiacan.edu.mx\/en\/wp-json\/wp\/v2\/pages\/2411\/revisions"}],"predecessor-version":[{"id":2614,"href":"https:\/\/utculiacan.edu.mx\/en\/wp-json\/wp\/v2\/pages\/2411\/revisions\/2614"}],"wp:attachment":[{"href":"https:\/\/utculiacan.edu.mx\/en\/wp-json\/wp\/v2\/media?parent=2411"}],"curies":[{"name":"wp","href":"https:\/\/api.w.org\/{rel}","templated":true}]}}