{"id":258,"date":"2018-10-17T14:59:43","date_gmt":"2018-10-17T20:59:43","guid":{"rendered":"http:\/\/utculiacan.edu.mx\/?page_id=258"},"modified":"2018-11-01T15:52:04","modified_gmt":"2018-11-01T21:52:04","slug":"2016-4to-trimestre","status":"publish","type":"page","link":"https:\/\/utculiacan.edu.mx\/en\/2016-4to-trimestre\/","title":{"rendered":"2016 4to Trimestre"},"content":{"rendered":"<h3>Informaci\u00f3n Contable<\/h3>\n<p><a href=\"http:\/\/utculiacan.edu.mx\/wp-content\/uploads\/2018\/10\/Estado-de-Actividades-10.pdf\">Estado de Actividades <strong>PDF<\/strong><\/a><\/p>\n<p><a href=\"http:\/\/utculiacan.edu.mx\/wp-content\/uploads\/2018\/10\/Estado-de-situaci\u00f3n-financiera-11.pdf\">Estado de situaci\u00f3n financiera <strong>PDF<\/strong><\/a><\/p>\n<p><a href=\"http:\/\/utculiacan.edu.mx\/wp-content\/uploads\/2018\/10\/Estado-de-variaciones-en-la-hacienda-p\u00fablica-11.pdf\">Estado de variaciones en la hacienda p\u00fablica <strong>PDF<\/strong><\/a><\/p>\n<p><a href=\"http:\/\/utculiacan.edu.mx\/wp-content\/uploads\/2018\/10\/Estado-de-Cambios-en-la-Situaci\u00f3n-Financiera-10.pdf\">Estado de Cambios en la Situaci\u00f3n Financiera <strong>PDF<\/strong><\/a><\/p>\n<p><a href=\"http:\/\/utculiacan.edu.mx\/wp-content\/uploads\/2018\/10\/Estado-de-flujos-de-efectivo-10.pdf\">Estado de flujos de efectivo <strong>PDF<\/strong><\/a><\/p>\n<p><a href=\"http:\/\/utculiacan.edu.mx\/wp-content\/uploads\/2018\/10\/Estado-anal\u00edtico-del-activo-12.pdf\">Estado anal\u00edtico del activo <strong>PDF<\/strong><\/a><\/p>\n<p><a href=\"http:\/\/utculiacan.edu.mx\/wp-content\/uploads\/2018\/10\/Estado-anal\u00edtico-de-la-deuda-y-otros-pasivos-11.pdf\">Estado anal\u00edtico de la deuda y otros pasivos <strong>PDF<\/strong><\/a><\/p>\n<p><a href=\"http:\/\/utculiacan.edu.mx\/wp-content\/uploads\/2018\/10\/Informes-sobre-pasivos-contingentes-11.pdf\">Informes sobre pasivos contingentes <strong>PDF<\/strong><\/a><\/p>\n<p><a href=\"http:\/\/utculiacan.edu.mx\/wp-content\/uploads\/2018\/11\/NOTAS-A-LOS-ESTADOS-FINANCIEROS-4TO-TRIM.pdf\">Notas de Desglose <strong>PDF<\/strong><\/a><\/p>\n<p><a href=\"http:\/\/utculiacan.edu.mx\/wp-content\/uploads\/2018\/11\/Notas-de-Desglose-3.xlsx\">Notas de Desglose <strong>EXCEL<\/strong><\/a><\/p>\n<p><a href=\"http:\/\/utculiacan.edu.mx\/wp-content\/uploads\/2018\/10\/Notas-de-Memoria-11.pdf\">Notas de Memoria <strong>PDF<\/strong><\/a><\/p>\n<p>Notas de Gesti\u00f3n Administrativa<\/p>\n<h3>Informaci\u00f3n Presupuestal<\/h3>\n<p><a href=\"http:\/\/utculiacan.edu.mx\/wp-content\/uploads\/2018\/10\/Estado-anal\u00edtico-del-ingreso-Econ\u00f3mica-13.pdf\">Estado anal\u00edtico del ingreso (Econ\u00f3mica) <strong>PDF<\/strong><\/a><\/p>\n<p><a href=\"http:\/\/utculiacan.edu.mx\/wp-content\/uploads\/2018\/10\/Estado-anal\u00edtico-del-ingreso-Fuente-12.pdf\">Estado anal\u00edtico del ingreso (Fuente) <strong>PDF<\/strong><\/a><\/p>\n<p><a href=\"http:\/\/utculiacan.edu.mx\/wp-content\/uploads\/2018\/10\/Estado-anal\u00edtico-del-ingreso-Concepto-11.pdf\">Estado anal\u00edtico del ingreso (Concepto) <strong>PDF<\/strong><\/a><\/p>\n<p><a href=\"http:\/\/utculiacan.edu.mx\/wp-content\/uploads\/2018\/10\/Estado-anal\u00edtico-del-ejercicio-del-presupuesto-de-egresos-Administrativa-11.pdf\">Estado anal\u00edtico del ejercicio del presupuesto de egresos (Administrativa) <strong>PDF<\/strong><\/a><\/p>\n<p><a href=\"http:\/\/utculiacan.edu.mx\/wp-content\/uploads\/2018\/10\/Estado-anal\u00edtico-del-ejercicio-del-presupuesto-de-egresos-Econ\u00f3mica-2.pdf\">Estado anal\u00edtico del ejercicio del presupuesto de egresos (Econ\u00f3mica) <strong>PDF<\/strong><\/a><\/p>\n<p><a href=\"http:\/\/utculiacan.edu.mx\/wp-content\/uploads\/2018\/10\/EDO-ANALITICO-EJERC.-PPTO.-EGRESOS-CLASIF.-POR-OBJETO-DEL-GASTO.pdf\">Estado Anal\u00edtico del Ejercicio del Presupuesto de egresos (Objeto) <strong>PDF<\/strong><\/a><\/p>\n<p><a href=\"http:\/\/utculiacan.edu.mx\/wp-content\/uploads\/2018\/10\/Estado-anal\u00edtico-del-ejercicio-del-presupuesto-de-egresos-Funcional-2.pdf\">Estado anal\u00edtico del ejercicio del presupuesto de egresos (Funcional) <strong>PDF<\/strong><\/a><\/p>\n<p><a href=\"http:\/\/utculiacan.edu.mx\/wp-content\/uploads\/2018\/10\/Endeudamiento-neto-3.pdf\">Endeudamiento neto <strong>PDF<\/strong><\/a><\/p>\n<p><a href=\"http:\/\/utculiacan.edu.mx\/wp-content\/uploads\/2018\/10\/Intereses-de-la-Deuda-3.pdf\">Intereses de la Deuda <strong>PDF<\/strong><\/a><\/p>\n<p><a href=\"http:\/\/utculiacan.edu.mx\/wp-content\/uploads\/2018\/11\/FLUJO-DE-FONDOS-4TO-TRIM-2018.pdf\">Flujo de Fondos <strong>PDF<\/strong><\/a><\/p>\n<p><a href=\"http:\/\/utculiacan.edu.mx\/wp-content\/uploads\/2018\/11\/Flujo-de-Fondos-3.xlsx\">Flujo de Fondos <strong>EXCEL<\/strong><\/a><\/p>\n<h3>Informaci\u00f3n Program\u00e1tica<\/h3>\n<p><a href=\"http:\/\/utculiacan.edu.mx\/wp-content\/uploads\/2018\/10\/Gasto-por-categor\u00eda-program\u00e1tica-5.pdf\">Gasto por categor\u00eda program\u00e1tica <strong>PDF<\/strong><\/a><\/p>\n<p><a href=\"http:\/\/utculiacan.edu.mx\/wp-content\/uploads\/2018\/10\/Programas-y-proyectos-de-inversi\u00f3n-4.pdf\">Programas y proyectos de inversi\u00f3n <strong>PDF<\/strong><\/a><\/p>\n<p><a href=\"http:\/\/utculiacan.edu.mx\/wp-content\/uploads\/2018\/10\/Indicadores-de-Resultados-4.pdf\">Indicadores de Resultados <strong>PDF<\/strong><\/a><\/p>\n<h3>Inventarios<\/h3>\n<p><a href=\"http:\/\/utculiacan.edu.mx\/wp-content\/uploads\/2018\/10\/RELACI\u00d3N-DE-BIENES-MUEBLES-2DO_TRIM_2016.pdf\">Relaci\u00f3n de Bienes muebles <strong>PDF<\/strong><\/a><\/p>\n<p><a href=\"http:\/\/utculiacan.edu.mx\/wp-content\/uploads\/2018\/10\/RELACI\u00d3N-DE-BIENES-INMUEBLES-2DO_TRIM_2016.pdf\">Relaci\u00f3n de Bienes Inmuebles <strong>PDF<\/strong><\/a><\/p>\n<h3>Informaci\u00f3n Disciplina Financiera<\/h3>\n<p><a href=\"http:\/\/utculiacan.edu.mx\/wp-content\/uploads\/2018\/10\/Estado-de-Situaci\u00f3n-Financiera-Detallado-LDF.pdf\">Estado de Situaci\u00f3n Financiera Detallado &#8211; LDF <strong>PDF<\/strong><\/a><\/p>\n<p><a href=\"http:\/\/utculiacan.edu.mx\/wp-content\/uploads\/2018\/10\/Informe-Anal\u00edtico-de-la-Deuda-P\u00fablica-y-Otros-Pasivos-LDF.pdf\">Informe Anal\u00edtico de la Deuda P\u00fablica y Otros Pasivos &#8211; LDF <strong>PDF<\/strong><\/a><\/p>\n<p><a href=\"http:\/\/utculiacan.edu.mx\/wp-content\/uploads\/2018\/10\/Informe-Anal\u00edtico-de-Obligaciones-Diferentes-de-Financiamientos-LDF.pdf\">Informe Anal\u00edtico de Obligaciones Diferentes de Financiamientos &#8211; LDF <strong>PDF<\/strong><\/a><\/p>\n<p><a href=\"http:\/\/utculiacan.edu.mx\/wp-content\/uploads\/2018\/10\/Balance-Presupuestario-LDF.pdf\">Balance Presupuestario &#8211; LDF <strong>PDF<\/strong><\/a><\/p>\n<p><a href=\"http:\/\/utculiacan.edu.mx\/wp-content\/uploads\/2018\/10\/Estado-Anal\u00edtico-de-Ingresos-Detallado-LDF.pdf\">Estado Anal\u00edtico de Ingresos Detallado &#8211; LDF <strong>PDF<\/strong><\/a><\/p>\n<p><a href=\"http:\/\/utculiacan.edu.mx\/wp-content\/uploads\/2018\/10\/Estado-Anal\u00edtico-del-Presupuesto-de-Egresos-LDF-Objeto.pdf\">Estado Anal\u00edtico del Presupuesto de Egresos &#8211; LDF (Objeto) <strong>PDF<\/strong><\/a><\/p>\n<p><a href=\"http:\/\/utculiacan.edu.mx\/wp-content\/uploads\/2018\/10\/Estado-Anal\u00edtico-del-Presupuesto-de-Egresos-LDF-Administrativa.pdf\">Estado Anal\u00edtico del Presupuesto de Egresos &#8211; LDF (Administrativa) <strong>PDF<\/strong><\/a><\/p>\n<p><a href=\"http:\/\/utculiacan.edu.mx\/wp-content\/uploads\/2018\/10\/Estado-Anal\u00edtico-del-Presupuesto-de-Egresos-LDF-Funcional.pdf\">Estado Anal\u00edtico del Presupuesto de Egresos &#8211; LDF (Funcional) <strong>PDF<\/strong><\/a><\/p>\n<p><a href=\"http:\/\/utculiacan.edu.mx\/wp-content\/uploads\/2018\/10\/Estado-Anal\u00edtico-del-Presupuesto-de-Egresos-LDF-Categoria.pdf\">Estado Anal\u00edtico del Presupuesto de Egresos &#8211; LDF (Categoria) <strong>PDF<\/strong><\/a><\/p>\n<h3>Ejercicio Presupuestario<\/h3>\n<p>Ayudas y Subsidios\u00a0<strong>NO APLICA<\/strong><\/p>\n<p>Programas con Recursos Federales\u00a0<strong>NO APLICA<\/strong><\/p>\n<p>Cuentas Bancarias Productivas Federales\u00a0 <strong>NO APLICA<\/strong><\/p>\n<p>Aportaci\u00f3n Federal para Educaci\u00f3n\u00a0 <strong>NO APLICA<\/strong><\/p>\n<p>Aportaci\u00f3n Federal para Salud <strong>NO APLICA<\/strong><\/p>\n<p>Aportaci\u00f3n Fortalecimiento Municipios\u00a0<strong>N<\/strong><strong>O APLICA<\/strong><\/p>\n<p>Aportaci\u00f3n Federal para Seguridad P\u00fablica\u00a0<strong>NO<\/strong><strong> APL<\/strong><strong>ICA<\/strong><\/p>\n<p>Obligaciones con Fondos Federales <strong>NO APLICA<\/strong><\/p>\n<p>Ejercicio y Destino de Gasto Federalizado <strong>NO APLICA<\/strong><\/p>\n<p>Evaluaci\u00f3n de Recursos Federales\u00a0<strong>NO<\/strong><strong> AP<\/strong><strong>LICA<\/strong><\/p>","protected":false},"excerpt":{"rendered":"<p>Informaci\u00f3n Contable Estado de Actividades PDF Estado de situaci\u00f3n financiera PDF Estado de variaciones en la hacienda p\u00fablica PDF Estado de Cambios en la Situaci\u00f3n Financiera PDF Estado de flujos de efectivo PDF Estado anal\u00edtico del activo PDF Estado anal\u00edtico de la deuda y otros pasivos PDF Informes sobre pasivos contingentes PDF Notas de Desglose [&hellip;]<\/p>\n","protected":false},"author":29,"featured_media":0,"parent":0,"menu_order":0,"comment_status":"closed","ping_status":"closed","template":"","meta":{"_et_pb_use_builder":"","_et_pb_old_content":"","_et_gb_content_width":"","_monsterinsights_skip_tracking":false,"_monsterinsights_sitenote_active":false,"_monsterinsights_sitenote_note":"","_monsterinsights_sitenote_category":0,"_uf_show_specific_survey":0,"_uf_disable_surveys":false,"footnotes":""},"class_list":["post-258","page","type-page","status-publish","hentry"],"aioseo_notices":[],"_links":{"self":[{"href":"https:\/\/utculiacan.edu.mx\/en\/wp-json\/wp\/v2\/pages\/258","targetHints":{"allow":["GET"]}}],"collection":[{"href":"https:\/\/utculiacan.edu.mx\/en\/wp-json\/wp\/v2\/pages"}],"about":[{"href":"https:\/\/utculiacan.edu.mx\/en\/wp-json\/wp\/v2\/types\/page"}],"author":[{"embeddable":true,"href":"https:\/\/utculiacan.edu.mx\/en\/wp-json\/wp\/v2\/users\/29"}],"replies":[{"embeddable":true,"href":"https:\/\/utculiacan.edu.mx\/en\/wp-json\/wp\/v2\/comments?post=258"}],"version-history":[{"count":17,"href":"https:\/\/utculiacan.edu.mx\/en\/wp-json\/wp\/v2\/pages\/258\/revisions"}],"predecessor-version":[{"id":1567,"href":"https:\/\/utculiacan.edu.mx\/en\/wp-json\/wp\/v2\/pages\/258\/revisions\/1567"}],"wp:attachment":[{"href":"https:\/\/utculiacan.edu.mx\/en\/wp-json\/wp\/v2\/media?parent=258"}],"curies":[{"name":"wp","href":"https:\/\/api.w.org\/{rel}","templated":true}]}}