{"id":2586,"date":"2019-02-28T14:30:29","date_gmt":"2019-02-28T20:30:29","guid":{"rendered":"http:\/\/utculiacan.edu.mx\/?page_id=2586"},"modified":"2021-05-31T00:43:18","modified_gmt":"2021-05-31T06:43:18","slug":"ita","status":"publish","type":"page","link":"https:\/\/utculiacan.edu.mx\/en\/ita\/","title":{"rendered":"Tecnolog\u00eda Ambiental"},"content":{"rendered":"<h3>\n\t\t\t\t\t\t\t\t\t\t\t\t\t\t\t\tTSU en Qu\u00edmica \u00c1rea Tecnolog\u00eda Ambiental\t\t\t\t\t\t\t\t\t\t\t\t\t<\/h3>\n<h4>CUATRIMESTRE DE INMERSI\u00d3N<\/h4>\n<p><strong>-Introducci\u00f3n a la Lengua Inglesa<\/strong><\/p>\n<ul style=\"list-style-type: square;\">\n<li>Grammar<\/li>\n<li>Reading<\/li>\n<li>Listening<\/li>\n<li>Speaking<\/li>\n<li>Writing<\/li>\n<li>Vocabulary<\/li>\n<\/ul>\n<p>\u00a0<\/p>\n<h4>PRIMER CUATRIMESTRE<\/h4>\n<ul style=\"list-style-type: square;\">\n<li>\u00c1lgebra Lineal<\/li>\n<li>Probabilidad y Estad\u00edstica<\/li>\n<li>Qu\u00edmica B\u00e1sica<\/li>\n<li>F\u00edsica<\/li>\n<li>Administraci\u00f3n de Laboratorios<\/li>\n<li>Ingl\u00e9s I<\/li>\n<li>Expresi\u00f3n Oral y Escrita I<\/li>\n<li>Formaci\u00f3n Sociocultural I<\/li>\n<\/ul>\n<h4>SEGUNDO CUATRIMESTRE<\/h4>\n<ul style=\"list-style-type: square;\">\n<li>Funciones Matem\u00e1ticas<\/li>\n<li>Inform\u00e1tica<\/li>\n<li>Termodin\u00e1mica<\/li>\n<li>Qu\u00edmica Org\u00e1nica<\/li>\n<li>Qu\u00edmica Inorg\u00e1nica<\/li>\n<li>Metodolog\u00eda de la Investigaci\u00f3n<\/li>\n<li>Ingl\u00e9s II<\/li>\n<li>Formaci\u00f3n Sociocultural II<\/li>\n<\/ul>\n<h4>TERCER CUATRIMESTRE<\/h4>\n<ul style=\"list-style-type: square;\">\n<li>C\u00e1lculo Diferencial<\/li>\n<li>Qu\u00edmica Anal\u00edtica<\/li>\n<li>Electricidad y Magnetismo<\/li>\n<li>Integradora I<\/li>\n<li>Contaminaci\u00f3n del Suelo<\/li>\n<li>Administraci\u00f3n de Proyectos<\/li>\n<li>Ingl\u00e9s III<\/li>\n<\/ul>\n<h4>CUARTO CUATRIMESTRE<\/h4>\n<ul style=\"list-style-type: square;\">\n<li>C\u00e1lculo Intedral<\/li>\n<li>An\u00e1lisis de Sistemas Ambientales<\/li>\n<li>Seguridad Laboral I<\/li>\n<li>Manejo Integral de Residuos I<\/li>\n<li>Operaciones Unitarias I<\/li>\n<li>Tratamiento de Agua I<\/li>\n<li>Ingl\u00e9s IV<\/li>\n<li>Expresi\u00f3n Oral y Escrita II<\/li>\n<li>Formaci\u00f3n Sociocultural III<\/li>\n<\/ul>\n<h4>SEXTO CUATRIMESTRE<\/h4>\n<ul style=\"list-style-type: square;\">\n<li>Estad\u00eda Profesional<\/li>\n<\/ul>\n<h4>QUINTO CUATRIMESTRE<\/h4>\n<ul style=\"list-style-type: square;\">\n<li>Contaminaci\u00f3n del Aire por Fuentes Fijas<\/li>\n<li>Seguridad Laboral II<\/li>\n<li>Manejo Integral de Resdiduos II<\/li>\n<li>Operaciones Unitarias II<\/li>\n<li>Integradora II<\/li>\n<li>Tratamiento de Agua II<\/li>\n<li>Sistemas de Gesti\u00f3n Ambiental y de Calidad<\/li>\n<li>Ingl\u00e9s V<\/li>\n<\/ul>\n<h3>\n\t\t\t\t\t\t\t\t\t\t\t\t\t\t\t\tING. en Tecnolog\u00eda Ambiental\t\t\t\t\t\t\t\t\t\t\t\t\t<\/h3>\n<h4>S\u00c9PTIMO CUATRIMESTRE<\/h4>\n<ul style=\"list-style-type: square;\">\n<li>Matem\u00e1ticas para Ingenier\u00eda I<\/li>\n<li>Qu\u00edmica Ambiental I<\/li>\n<li>Evaluaci\u00f3n de Riesgo<\/li>\n<li>Ingl\u00e9s VI<\/li>\n<li>Planeaci\u00f3n y Organizaci\u00f3n del Trabajo<\/li>\n<li>Administraci\u00f3n del Tiempo<\/li>\n<\/ul>\n<h4>OCTAVO CUATRIMESTRE<\/h4>\n<ul style=\"list-style-type: square;\">\n<li>Matem\u00e1ticas para Ingenier\u00eda II<\/li>\n<li>Qu\u00edmica Ambiental II<\/li>\n<li>Producci\u00f3n Sustentable<\/li>\n<li>Evaluaci\u00f3n de Impacto Ambiental<\/li>\n<li>Dise\u00f1o de Experimentos<\/li>\n<li>Ingl\u00e9s VII<\/li>\n<\/ul>\n<h4>NOVENO CUATRIMESTRE<\/h4>\n<ul style=\"list-style-type: square;\">\n<li>Operaciones Unitarias I<\/li>\n<li>Biotecnolog\u00eda Ambiental<\/li>\n<li>Ingenier\u00eda Econ\u00f3mica<\/li>\n<li>Optativa I<\/li>\n<li>Ingl\u00e9s VIII<\/li>\n<li>Direcci\u00f3n de Equipos de Alto Rendimiento<\/li>\n<\/ul>\n<h4>ONCEAVO CUATRIMESTRE<\/h4>\n<ul style=\"list-style-type: square;\">\n<li>Estad\u00eda Profesional<\/li>\n<\/ul>\n<h4>D\u00c9CIMO CUATRIMESTRE<\/h4>\n<ul style=\"list-style-type: square;\">\n<li>Operaciones Unitarias II<\/li>\n<li>Tecnolog\u00edas Ambientales<\/li>\n<li>Integradora III<\/li>\n<li>Optativa II<\/li>\n<li>Ingl\u00e9s IX<\/li>\n<li>Negociaci\u00f3n Empresarial<\/li>\n<\/ul>","protected":false},"excerpt":{"rendered":"<p>TSU en Qu\u00edmica \u00c1rea Tecnolog\u00eda Ambiental CUATRIMESTRE DE INMERSI\u00d3N -Introducci\u00f3n a la Lengua Inglesa Grammar Reading Listening Speaking Writing Vocabulary \u00a0 PRIMER CUATRIMESTRE \u00c1lgebra LinealProbabilidad y Estad\u00edsticaQu\u00edmica B\u00e1sicaF\u00edsicaAdministraci\u00f3n de LaboratoriosIngl\u00e9s IExpresi\u00f3n Oral y Escrita IFormaci\u00f3n Sociocultural I SEGUNDO CUATRIMESTRE Funciones Matem\u00e1ticasInform\u00e1ticaTermodin\u00e1micaQu\u00edmica Org\u00e1nicaQu\u00edmica Inorg\u00e1nicaMetodolog\u00eda de la Investigaci\u00f3nIngl\u00e9s IIFormaci\u00f3n Sociocultural II TERCER CUATRIMESTRE C\u00e1lculo DiferencialQu\u00edmica Anal\u00edticaElectricidad y [&hellip;]<\/p>\n","protected":false},"author":29,"featured_media":11982,"parent":0,"menu_order":0,"comment_status":"closed","ping_status":"closed","template":"","meta":{"_et_pb_use_builder":"on","_et_pb_old_content":"","_et_gb_content_width":"","_monsterinsights_skip_tracking":false,"_monsterinsights_sitenote_active":false,"_monsterinsights_sitenote_note":"","_monsterinsights_sitenote_category":0,"_uf_show_specific_survey":0,"_uf_disable_surveys":false,"footnotes":""},"class_list":["post-2586","page","type-page","status-publish","has-post-thumbnail","hentry"],"aioseo_notices":[],"_links":{"self":[{"href":"https:\/\/utculiacan.edu.mx\/en\/wp-json\/wp\/v2\/pages\/2586","targetHints":{"allow":["GET"]}}],"collection":[{"href":"https:\/\/utculiacan.edu.mx\/en\/wp-json\/wp\/v2\/pages"}],"about":[{"href":"https:\/\/utculiacan.edu.mx\/en\/wp-json\/wp\/v2\/types\/page"}],"author":[{"embeddable":true,"href":"https:\/\/utculiacan.edu.mx\/en\/wp-json\/wp\/v2\/users\/29"}],"replies":[{"embeddable":true,"href":"https:\/\/utculiacan.edu.mx\/en\/wp-json\/wp\/v2\/comments?post=2586"}],"version-history":[{"count":59,"href":"https:\/\/utculiacan.edu.mx\/en\/wp-json\/wp\/v2\/pages\/2586\/revisions"}],"predecessor-version":[{"id":12169,"href":"https:\/\/utculiacan.edu.mx\/en\/wp-json\/wp\/v2\/pages\/2586\/revisions\/12169"}],"wp:featuredmedia":[{"embeddable":true,"href":"https:\/\/utculiacan.edu.mx\/en\/wp-json\/wp\/v2\/media\/11982"}],"wp:attachment":[{"href":"https:\/\/utculiacan.edu.mx\/en\/wp-json\/wp\/v2\/media?parent=2586"}],"curies":[{"name":"wp","href":"https:\/\/api.w.org\/{rel}","templated":true}]}}