{"id":2589,"date":"2019-02-28T14:29:02","date_gmt":"2019-02-28T20:29:02","guid":{"rendered":"http:\/\/utculiacan.edu.mx\/?page_id=2589"},"modified":"2021-06-19T23:07:02","modified_gmt":"2021-06-20T05:07:02","slug":"iasp","status":"publish","type":"page","link":"https:\/\/utculiacan.edu.mx\/en\/iasp\/","title":{"rendered":"Agricultura Sustentable y Protegida"},"content":{"rendered":"<h3>TSU en Agricultura Sustentable y Protegida<\/h3>\n<h4>CUATRIMESTRE DE INMERSI\u00d3N<\/h4>\n<p><strong>-Introducci\u00f3n a la Lengua Inglesa<\/strong><\/p>\n<ul style=\"list-style-type: square;\">\n<li>Grammar<\/li>\n<li>Reading<\/li>\n<li>Listening<\/li>\n<li>Speaking<\/li>\n<li>Writing<\/li>\n<li>Vocabulary<\/li>\n<\/ul>\n<p>\u00a0<\/p>\n<h4>PRIMER CUATRIMESTRE<\/h4>\n<ul style=\"list-style-type: square;\">\n<li>\u00c1lgebra Lineal<\/li>\n<li>Qu\u00edmica B\u00e1sica<\/li>\n<li>Biolog\u00eda<\/li>\n<li>Topograf\u00eda<\/li>\n<li>Sistemas de Producci\u00f3n Agr\u00edcola Sustentable I<\/li>\n<li>Ingl\u00e9s I<\/li>\n<li>Expresi\u00f3n Oral y Escrita I<\/li>\n<li>Formaci\u00f3n Sociocultural I<\/li>\n<\/ul>\n<h4>SEGUNDO CUATRIMESTRE<\/h4>\n<ul>\n<li>Funciones Matem\u00e1ticas<\/li>\n<li>Qu\u00edmica Inorg\u00e1nica<\/li>\n<li>F\u00edsica<\/li>\n<li>Fisicoqu\u00edmica<\/li>\n<li>Sistemas de Informaci\u00f3n Geogr\u00e1fica<\/li>\n<li>Ingl\u00e9s II<\/li>\n<li>Expresi\u00f3n Oral y Escrita II<\/li>\n<li>Formaci\u00f3n Sociocultural II<\/li>\n<\/ul>\n<h4>TERCER CUATRIMESTRE<\/h4>\n<ul style=\"list-style-type: square;\">\n<li>C\u00e1lculo Diferencial<\/li>\n<li>Qu\u00edmica Org\u00e1nica<\/li>\n<li>Uso y Manejo del Agua<\/li>\n<li>Microbiolog\u00eda Agr\u00edcola<\/li>\n<li>Edafolog\u00eda<\/li>\n<li>Sistemas de Producci\u00f3n Agr\u00edcola Sustentable II<\/li>\n<li>Fisiolog\u00eda Vegetal<\/li>\n<li>Ingl\u00e9s III<\/li>\n<li>Formaci\u00f3n Sociocultural III<\/li>\n<\/ul>\n<h4>CUARTO CUATRIMESTRE<\/h4>\n<ul>\n<li>C\u00e1lculo Integral<\/li>\n<li>F\u00edsica Aplicada<\/li>\n<li>Agrometeorolog\u00eda<\/li>\n<li>Fitopatolog\u00eda<\/li>\n<li>Manejo de Malezas<\/li>\n<li>Integradora I<\/li>\n<li>Fruticultura Sustentable<\/li>\n<li>Agricultura Protegida<\/li>\n<li>Ingl\u00e9s IV<\/li>\n<li>Formaci\u00f3n Sociocultural IV<\/li>\n<\/ul>\n<h4>SEXTO CUATRIMESTRE<\/h4>\n<ul>\n<li>Estad\u00eda Profesional<\/li>\n<\/ul>\n<h4>QUINTO CUATRIMESTRE<\/h4>\n<ul style=\"list-style-type: square;\">\n<li>Probabilidad y Estad\u00edstica<\/li>\n<li>Fertirrigaci\u00f3n<\/li>\n<li>Seminario de Investigaci\u00f3n<\/li>\n<li>Administraci\u00f3n de Proyectos Agr\u00edcolas<\/li>\n<li>Integradora II<\/li>\n<li>Horticultura y Floricultura Protegida<\/li>\n<li>Automatizaci\u00f3n de Invernaderos<\/li>\n<li>Ingl\u00e9s V<\/li>\n<\/ul>\n<h3>ING. en Agricultura Sustentable y Protegida<\/h3>\n<h4>S\u00c9PTIMO CUATRIMESTRE<\/h4>\n<ul>\n<li>Matem\u00e1ticas para Ingenier\u00eda I<\/li>\n<li>Termodin\u00e1mica<\/li>\n<li>Fitogen\u00e9tica<\/li>\n<li>Sustentabilidad Agr\u00edcola<\/li>\n<li>Comercializaci\u00f3n Agr\u00edcola<\/li>\n<li>Ingl\u00e9s VI<\/li>\n<li>Administraci\u00f3n del Tiempo<\/li>\n<\/ul>\n<h4>OCTAVO CUATRIMESTRE<\/h4>\n<ul style=\"list-style-type: square;\">\n<li>Matem\u00e1ticas para Ingenier\u00eda II<\/li>\n<li>Nutrici\u00f3n Vegetal<\/li>\n<li>Manejo Integrado de Plagas<\/li>\n<li>Dise\u00f1o Organizacional y Desempe\u00f1o<\/li>\n<li>Ingl\u00e9s VII<\/li>\n<li>Planeaci\u00f3n y Organizaci\u00f3n del Trabajo<\/li>\n<\/ul>\n<h4>NOVENO CUATRIMESTRE<\/h4>\n<ul>\n<li>Estructura de Sistemas Protegidos<\/li>\n<li>Dise\u00f1o de Sistemas Agr\u00edcolas I<\/li>\n<li>Manejo Integrado de Enfermedades<\/li>\n<li>Administraci\u00f3n Estrat\u00e9gica<\/li>\n<li>Finanzas Agr\u00edcolas<\/li>\n<li>Ingl\u00e9s VIII<\/li>\n<li>Direcci\u00f3n de Equipos de Alto Rendimiento<\/li>\n<\/ul>\n<h4>ONCEAVO CUATRIMESTRE<\/h4>\n<ul>\n<li>Estad\u00eda Profesional<\/li>\n<\/ul>\n<h4>D\u00c9CIMO CUATRIMESTRE<\/h4>\n<ul style=\"list-style-type: square;\">\n<li>Dise\u00f1os Experimentales<\/li>\n<li>Automatizaci\u00f3n Agr\u00edcola<\/li>\n<li>Dise\u00f1o de Sistemas Agr\u00edcolas II<\/li>\n<li>Manejo Postcosecha<\/li>\n<li>Integradora <\/li>\n<li>Ingl\u00e9s IX<\/li>\n<li>Negociaci\u00f3n Empresarial<\/li>\n<\/ul>","protected":false},"excerpt":{"rendered":"<p>TSU en Agricultura Sustentable y Protegida CUATRIMESTRE DE INMERSI\u00d3N -Introducci\u00f3n a la Lengua Inglesa Grammar Reading Listening Speaking Writing Vocabulary \u00a0 PRIMER CUATRIMESTRE \u00c1lgebra LinealQu\u00edmica B\u00e1sicaBiolog\u00edaTopograf\u00edaSistemas de Producci\u00f3n Agr\u00edcola Sustentable IIngl\u00e9s IExpresi\u00f3n Oral y Escrita IFormaci\u00f3n Sociocultural I SEGUNDO CUATRIMESTRE Funciones Matem\u00e1ticasQu\u00edmica Inorg\u00e1nicaF\u00edsicaFisicoqu\u00edmicaSistemas de Informaci\u00f3n Geogr\u00e1ficaIngl\u00e9s IIExpresi\u00f3n Oral y Escrita IIFormaci\u00f3n Sociocultural II TERCER CUATRIMESTRE [&hellip;]<\/p>\n","protected":false},"author":29,"featured_media":12244,"parent":0,"menu_order":0,"comment_status":"closed","ping_status":"closed","template":"","meta":{"_et_pb_use_builder":"on","_et_pb_old_content":"","_et_gb_content_width":"","_monsterinsights_skip_tracking":false,"_monsterinsights_sitenote_active":false,"_monsterinsights_sitenote_note":"","_monsterinsights_sitenote_category":0,"_uf_show_specific_survey":0,"_uf_disable_surveys":false,"footnotes":""},"class_list":["post-2589","page","type-page","status-publish","has-post-thumbnail","hentry"],"aioseo_notices":[],"_links":{"self":[{"href":"https:\/\/utculiacan.edu.mx\/en\/wp-json\/wp\/v2\/pages\/2589","targetHints":{"allow":["GET"]}}],"collection":[{"href":"https:\/\/utculiacan.edu.mx\/en\/wp-json\/wp\/v2\/pages"}],"about":[{"href":"https:\/\/utculiacan.edu.mx\/en\/wp-json\/wp\/v2\/types\/page"}],"author":[{"embeddable":true,"href":"https:\/\/utculiacan.edu.mx\/en\/wp-json\/wp\/v2\/users\/29"}],"replies":[{"embeddable":true,"href":"https:\/\/utculiacan.edu.mx\/en\/wp-json\/wp\/v2\/comments?post=2589"}],"version-history":[{"count":30,"href":"https:\/\/utculiacan.edu.mx\/en\/wp-json\/wp\/v2\/pages\/2589\/revisions"}],"predecessor-version":[{"id":12274,"href":"https:\/\/utculiacan.edu.mx\/en\/wp-json\/wp\/v2\/pages\/2589\/revisions\/12274"}],"wp:featuredmedia":[{"embeddable":true,"href":"https:\/\/utculiacan.edu.mx\/en\/wp-json\/wp\/v2\/media\/12244"}],"wp:attachment":[{"href":"https:\/\/utculiacan.edu.mx\/en\/wp-json\/wp\/v2\/media?parent=2589"}],"curies":[{"name":"wp","href":"https:\/\/api.w.org\/{rel}","templated":true}]}}