{"id":272,"date":"2018-10-17T15:10:44","date_gmt":"2018-10-17T21:10:44","guid":{"rendered":"http:\/\/utculiacan.edu.mx\/?page_id=272"},"modified":"2018-11-01T16:48:40","modified_gmt":"2018-11-01T22:48:40","slug":"2017-4to-trimestre","status":"publish","type":"page","link":"https:\/\/utculiacan.edu.mx\/en\/2017-4to-trimestre\/","title":{"rendered":"2017 4to Trimestre"},"content":{"rendered":"<h3>Informaci\u00f3n Contable<\/h3>\n<p><a href=\"http:\/\/utculiacan.edu.mx\/wp-content\/uploads\/2018\/10\/1.EDO-DE-ACTIVIDADES-1.pdf\">Estado de Actividades <strong>PDF<\/strong><\/a><\/p>\n<p><a href=\"http:\/\/utculiacan.edu.mx\/wp-content\/uploads\/2018\/10\/Estado-de-Actividades-6.xlsx\">Estado de Actividades <strong>EXCEL<\/strong><\/a><\/p>\n<p><a href=\"http:\/\/utculiacan.edu.mx\/wp-content\/uploads\/2018\/10\/2.EDO-DE-SIT-FCRA-1.pdf\">Estado de Situaci\u00f3n Financiera <strong>PDF<\/strong><\/a><\/p>\n<p><a href=\"http:\/\/utculiacan.edu.mx\/wp-content\/uploads\/2018\/10\/Estado-de-Situaci\u00f3n-Financiera-6.xlsx\">Estado de Situaci\u00f3n Financiera <strong>EXCEL<\/strong><\/a><\/p>\n<p><a href=\"http:\/\/utculiacan.edu.mx\/wp-content\/uploads\/2018\/10\/3.EDO-DE-VARIACI\u00d3N-EN-LA-HACIENDA-PUBLICA-1.pdf\">Estado de Variaci\u00f3n en la Hacienda P\u00fablica <strong>PDF<\/strong><\/a><\/p>\n<p><a href=\"http:\/\/utculiacan.edu.mx\/wp-content\/uploads\/2018\/10\/Estado-de-Variaci\u00f3n-en-la-Hacienda-P\u00fablica-6.xlsx\">Estado de Variaci\u00f3n en la Hacienda P\u00fablica <strong>EXCEL<\/strong><\/a><\/p>\n<p><a href=\"http:\/\/utculiacan.edu.mx\/wp-content\/uploads\/2018\/10\/4.EDO-DE-CAMBIOS-EN-LA-SIT-FCRA-1.pdf\">Estado de Cambios en la Situaci\u00f3n Financiera <strong>PDF<\/strong><\/a><\/p>\n<p><a href=\"http:\/\/utculiacan.edu.mx\/wp-content\/uploads\/2018\/10\/Estado-de-Cambios-en-la-Situaci\u00f3n-Financiera-6.xlsx\">Estado de Cambios en la Situaci\u00f3n Financiera <strong>EXCEL<\/strong><\/a><\/p>\n<p><a href=\"http:\/\/utculiacan.edu.mx\/wp-content\/uploads\/2018\/10\/5.EDO-DE-FLUJOS-DE-EFECTIVO-1.pdf\">Estado de Flujos de Efectivo <strong>PDF<\/strong><\/a><\/p>\n<p><a href=\"http:\/\/utculiacan.edu.mx\/wp-content\/uploads\/2018\/10\/Estado-de-Flujos-de-Efectivo-7.xlsx\">Estado de Flujos de Efectivo <strong>EXCEL<\/strong><\/a><\/p>\n<p><a href=\"http:\/\/utculiacan.edu.mx\/wp-content\/uploads\/2018\/10\/8.EDO-ANALITICO-DEL-ACTIVO-1.pdf\">Estado Anal\u00edtico del Activo <strong>PDF<\/strong><\/a><\/p>\n<p><a href=\"http:\/\/utculiacan.edu.mx\/wp-content\/uploads\/2018\/10\/Estado-Anal\u00edtico-del-Activo-6.xlsx\">Estado Anal\u00edtico del Activo <strong>EXCEL<\/strong><\/a><\/p>\n<p><a href=\"http:\/\/utculiacan.edu.mx\/wp-content\/uploads\/2018\/10\/9.EDO-ANALITICO-DE-LA-DEUDA-Y-OTROS-PASIVOS-1.pdf\">Estado Anal\u00edtico de la Deuda y Otros Pasivos <strong>PDF<\/strong><\/a><\/p>\n<p><a href=\"http:\/\/utculiacan.edu.mx\/wp-content\/uploads\/2018\/10\/Estado-Anal\u00edtico-de-la-Deuda-y-Otros-Pasivos-6.xlsx\">Estado Anal\u00edtico de la Deuda y Otros Pasivos <strong>EXCEL<\/strong><\/a><\/p>\n<p><a href=\"http:\/\/utculiacan.edu.mx\/wp-content\/uploads\/2018\/10\/7.INFORMES-SOBRE-PASIVOS-CONTINGENTES.pdf\">Informe sobre Pasivos Contingentes <strong>PDF<\/strong><\/a><\/p>\n<p><a href=\"http:\/\/utculiacan.edu.mx\/wp-content\/uploads\/2018\/10\/Informe-sobre-Pasivos-Contingentes-6.xlsx\">Informe sobre Pasivos Contingentes <strong>EXCEL<\/strong><\/a><\/p>\n<p><a href=\"http:\/\/utculiacan.edu.mx\/wp-content\/uploads\/2018\/10\/6.NOTAS-A-LOS-ESTADOS-FINANCIEROS-6.pdf\">Notas de Desglose <strong>PDF<\/strong><\/a><\/p>\n<p><a href=\"http:\/\/utculiacan.edu.mx\/wp-content\/uploads\/2018\/10\/Notas-de-Desglose-6.xlsx\">Notas de Desglose <strong>EXCEL<\/strong><\/a><\/p>\n<p><a href=\"http:\/\/utculiacan.edu.mx\/wp-content\/uploads\/2018\/10\/6.NOTAS-A-LOS-ESTADOS-FINANCIEROS-6.pdf\">Notas de Memoria <strong>PDF<\/strong><\/a><\/p>\n<p><a href=\"http:\/\/utculiacan.edu.mx\/wp-content\/uploads\/2018\/10\/Notas-de-Memoria-6.xlsx\">Notas de Memoria <strong>EXCEL<\/strong><\/a><\/p>\n<h3>Informaci\u00f3n Presupuestal<\/h3>\n<p><a href=\"http:\/\/utculiacan.edu.mx\/wp-content\/uploads\/2018\/10\/10.EDO-ANALIT-DE-INGRESOS-1.pdf\">Estado Anal\u00edtico del Ingreso (Econ\u00f3mica) <strong>PDF<\/strong><\/a><\/p>\n<p><a href=\"http:\/\/utculiacan.edu.mx\/wp-content\/uploads\/2018\/10\/Estado-Anal\u00edtico-del-Ingreso-Econ\u00f3mica-6.xlsx\">Estado Anal\u00edtico del Ingreso (Econ\u00f3mica) <strong>EXCEL<\/strong><\/a><\/p>\n<p><a href=\"http:\/\/utculiacan.edu.mx\/wp-content\/uploads\/2018\/10\/10.EDO-ANALIT-DE-INGRESOS-1.pdf\">Estado Anal\u00edtico del Ingreso (Fuente) <strong>PDF<\/strong><\/a><\/p>\n<p><a href=\"http:\/\/utculiacan.edu.mx\/wp-content\/uploads\/2018\/10\/Estado-Anal\u00edtico-del-Ingreso-Fuente-6.xlsx\">Estado Anal\u00edtico del Ingreso (Fuente) <strong>EXCEL<\/strong><\/a><\/p>\n<p><a href=\"http:\/\/utculiacan.edu.mx\/wp-content\/uploads\/2018\/10\/10.EDO-ANALIT-DE-INGRESOS.pdf\">Estado Anal\u00edtico del Ingreso (Concepto) <strong>PDF<\/strong><\/a><\/p>\n<p><a href=\"http:\/\/utculiacan.edu.mx\/wp-content\/uploads\/2018\/10\/Estado-Anal\u00edtico-del-Ingreso-Concepto-6.xlsx\">Estado Anal\u00edtico del Ingreso (Concepto) <strong>EXCEL<\/strong><\/a><\/p>\n<p><a href=\"http:\/\/utculiacan.edu.mx\/wp-content\/uploads\/2018\/10\/12.EDO-ANALIT-DEL-PPTO-DE-EGRESOS-CLASIF-ADMVA.pdf\">Estado Anal\u00edtico del Ejercicio del Presupuesto de Egresos (Administrativa) <strong>PDF<\/strong><\/a><\/p>\n<p><a href=\"http:\/\/utculiacan.edu.mx\/wp-content\/uploads\/2018\/10\/Estado-Anal\u00edtico-del-Ejercicio-del-Presupuesto-de-Egresos-Administrativa-6.xlsx\">Estado Anal\u00edtico del Ejercicio del Presupuesto de Egresos (Administrativa) <strong>EXCEL<\/strong><\/a><\/p>\n<p><a href=\"http:\/\/utculiacan.edu.mx\/wp-content\/uploads\/2018\/10\/13.EDO-ANALIT-DEL-PPTO-DE-EGRESOS-CLASIF-ECONOMICA.pdf\">Estado Anal\u00edtico del Ejercicio del Presupuesto de Egresos (Econ\u00f3mica) <strong>PDF<\/strong><\/a><\/p>\n<p><a href=\"http:\/\/utculiacan.edu.mx\/wp-content\/uploads\/2018\/10\/Estado-Anal\u00edtico-del-Ejercicio-del-Presupuesto-de-Egresos-Econ\u00f3mica-6.xlsx\">Estado Anal\u00edtico del Ejercicio del Presupuesto de Egresos (Econ\u00f3mica) <strong>EXCEL<\/strong><\/a><\/p>\n<p><a href=\"http:\/\/utculiacan.edu.mx\/wp-content\/uploads\/2018\/10\/14.EDO-ANALIT-DEL-PPTO-DE-EGRESOS-CLASIF-POR-OBJETO-DE-GASTO.pdf\">Estado Anal\u00edtico del Ejercicio del Presupuesto de Egresos (Objeto) <strong>PDF<\/strong><\/a><\/p>\n<p><a href=\"http:\/\/utculiacan.edu.mx\/wp-content\/uploads\/2018\/10\/Estado-Anal\u00edtico-del-Ejercicio-del-Presupuesto-de-Egresos-Objeto-6.xlsx\">Estado Anal\u00edtico del Ejercicio del Presupuesto de Egresos (Objeto) <strong>EXCEL<\/strong><\/a><\/p>\n<p><a href=\"http:\/\/utculiacan.edu.mx\/wp-content\/uploads\/2018\/10\/15.EDO-ANALIT-DEL-PPTO-DE-EGRESOS-CLASIF-FUNCIONAL.pdf\">Estado Anal\u00edtico del Ejercicio del Presupuesto de Egresos (Funcional) <strong>PDF<\/strong><\/a><\/p>\n<p><a href=\"http:\/\/utculiacan.edu.mx\/wp-content\/uploads\/2018\/10\/Estado-Anal\u00edtico-del-Ejercicio-del-Presupuesto-de-Egresos-Funcional-6.xlsx\">Estado Anal\u00edtico del Ejercicio del Presupuesto de Egresos (Funcional) <strong>EXCEL<\/strong><\/a><\/p>\n<p><a href=\"http:\/\/utculiacan.edu.mx\/wp-content\/uploads\/2018\/10\/16.ENDEUDAMIENTO-NETO-5.pdf\">Endeudamiento Neto <strong>PDF<\/strong><\/a><\/p>\n<p><a href=\"http:\/\/utculiacan.edu.mx\/wp-content\/uploads\/2018\/10\/Endeudamiento-Neto-1-2.xlsx\">Endeudamiento Neto <strong>EXCEL<\/strong><\/a><\/p>\n<p><a href=\"http:\/\/utculiacan.edu.mx\/wp-content\/uploads\/2018\/10\/17.INTERESES-DE-LA-DEUDA-5.pdf\">Intereses de la Deuda <strong>PDF<\/strong><\/a><\/p>\n<p><a href=\"http:\/\/utculiacan.edu.mx\/wp-content\/uploads\/2018\/10\/Intereses-de-la-Deuda-6.xlsx\">Intereses de la Deuda <strong>EXCEL<\/strong><\/a><\/p>\n<p><a href=\"http:\/\/utculiacan.edu.mx\/wp-content\/uploads\/2018\/11\/FLUJO-DE-FONDOS.pdf\">Flujo de Fondos <strong>PDF<\/strong><\/a><\/p>\n<p><a href=\"http:\/\/utculiacan.edu.mx\/wp-content\/uploads\/2018\/10\/Flujo-de-Fondos-6.xlsx\">Flujo de Fondos <strong>EXCEL<\/strong><\/a><\/p>\n<h3>Informaci\u00f3n Program\u00e1tica<\/h3>\n<p><a href=\"http:\/\/utculiacan.edu.mx\/wp-content\/uploads\/2018\/10\/19.GASTO-POR-CATEGORIA-PROGRAMATICA-4.pdf\">Gasto por Categor\u00eda Program\u00e1tica <strong>PDF<\/strong><\/a><\/p>\n<p><a href=\"http:\/\/utculiacan.edu.mx\/wp-content\/uploads\/2018\/10\/Gasto-por-Categor\u00eda-Program\u00e1tica-6.xlsx\">Gasto por Categor\u00eda Program\u00e1tica <strong>EXCEL<\/strong><\/a><\/p>\n<p><a href=\"http:\/\/utculiacan.edu.mx\/wp-content\/uploads\/2018\/10\/20.PROGRAMAS-Y-PROYECTOS-DE-INVERSI\u00d3N-5.pdf\">Programas y Proyectos de Inversi\u00f3n <strong>PDF<\/strong><\/a><\/p>\n<p><a href=\"http:\/\/utculiacan.edu.mx\/wp-content\/uploads\/2018\/10\/Programas-y-Proyectos-de-Inversi\u00f3n-6.xlsx\">Programas y Proyectos de Inversi\u00f3n <strong>EXCEL<\/strong><\/a><\/p>\n<p><a href=\"http:\/\/utculiacan.edu.mx\/wp-content\/uploads\/2018\/10\/21.INDICADORES-DE-RESULTADOS.pdf\">Indicadores de Resultados <strong>PDF<\/strong><\/a><\/p>\n<p><a href=\"http:\/\/utculiacan.edu.mx\/wp-content\/uploads\/2018\/10\/Indicadores-de-Resultados-6.xlsx\">Indicadores de Resultados <strong>EXCEL<\/strong><\/a><\/p>\n<h3>Inventarios<\/h3>\n<p><a href=\"http:\/\/utculiacan.edu.mx\/wp-content\/uploads\/2018\/10\/RELACI\u00d3N-DE-BIENES-MUEBLES-2DO_SEM_2017-vd.pdf\">Relaci\u00f3n de Bienes Muebles <strong>PDF<\/strong><\/a><\/p>\n<p><a href=\"http:\/\/utculiacan.edu.mx\/wp-content\/uploads\/2018\/10\/RELACI\u00d3N-DE-BIENES-INMUEBLES-2DO_SEM_2017.pdf\">Relaci\u00f3n de Bienes Inmuebles <strong>PDF<\/strong><\/a><\/p>\n<h3>Informaci\u00f3n Disciplina Financiera<\/h3>\n<p><a href=\"http:\/\/utculiacan.edu.mx\/wp-content\/uploads\/2018\/10\/F1.EDO-DE-SIT-FCRA-DET-1.pdf\">Estado de Situaci\u00f3n financiera <strong>PDF<\/strong><\/a><\/p>\n<p><a href=\"http:\/\/utculiacan.edu.mx\/wp-content\/uploads\/2018\/10\/Estado-de-Situaci\u00f3n-financiera-6.xlsx\">Estado de Situaci\u00f3n financiera <strong>EXCEL<\/strong><\/a><\/p>\n<p><a href=\"http:\/\/utculiacan.edu.mx\/wp-content\/uploads\/2018\/10\/F2.INF-ANALIT-DE-LA-DEUDA-PUBLICA-Y-OTROS-PASIVOS-1.pdf\">Informe Anal\u00edtico de la Deuda P\u00fablica y otros Pasivos <strong>PDF<\/strong><\/a><\/p>\n<p><a href=\"http:\/\/utculiacan.edu.mx\/wp-content\/uploads\/2018\/10\/Informe-Anal\u00edtico-de-la-Deuda-P\u00fablica-y-otros-Pasivos-6.xlsx\">Informe Anal\u00edtico de la Deuda P\u00fablica y otros Pasivos <strong>EXCEL<\/strong><\/a><\/p>\n<p><a href=\"http:\/\/utculiacan.edu.mx\/wp-content\/uploads\/2018\/10\/F3.INF-ANALIT-DE-OBLIGACIONES-DIFERENTES-DE-FINANCIAMIENTOS.pdf\">Informe Anal\u00edtico de Obligaciones Diferentes de Financiamientos <strong>PDF<\/strong><\/a><\/p>\n<p><a href=\"http:\/\/utculiacan.edu.mx\/wp-content\/uploads\/2018\/10\/Informe-Anal\u00edtico-de-Obligaciones-Diferentes-de-Financiamientos-6.xlsx\">Informe Anal\u00edtico de Obligaciones Diferentes de Financiamientos <strong>EXCEL<\/strong><\/a><\/p>\n<p><a href=\"http:\/\/utculiacan.edu.mx\/wp-content\/uploads\/2018\/10\/F4.BALANCE-PRESUPUESTARIO-3.pdf\">Balance Presupuestario <strong>PDF<\/strong><\/a><\/p>\n<p><a href=\"http:\/\/utculiacan.edu.mx\/wp-content\/uploads\/2018\/10\/Balance-Presupuestario-6.xlsx\">Balance Presupuestario <strong>EXCEL<\/strong><\/a><\/p>\n<p><a href=\"http:\/\/utculiacan.edu.mx\/wp-content\/uploads\/2018\/10\/F5.EDO-ANALIT-DE-INGRESOS-DET.pdf\">Estado Anal\u00edtico de Ingresos <strong>PDF<\/strong><\/a><\/p>\n<p><a href=\"http:\/\/utculiacan.edu.mx\/wp-content\/uploads\/2018\/10\/Estado-Anal\u00edtico-de-Ingresos-6.xlsx\">Estado Anal\u00edtico de Ingresos <strong>EXCEL<\/strong><\/a><\/p>\n<p><a href=\"http:\/\/utculiacan.edu.mx\/wp-content\/uploads\/2018\/10\/F6a.EDO-ANALIT-DEL-PPTO-DE-EGRESOS-DET-CLASIF-POR-OBJETO-DEL-GASTO.pdf\">Estado Anal\u00edtico del Presupuesto de Egresos (Objeto) <strong>PDF<\/strong><\/a><\/p>\n<p><a href=\"http:\/\/utculiacan.edu.mx\/wp-content\/uploads\/2018\/10\/Estado-Anal\u00edtico-del-Presupuesto-de-Egresos-Objeto-6.xlsx\">Estado Anal\u00edtico del Presupuesto de Egresos (Objeto) <strong>EXCEL<\/strong><\/a><\/p>\n<p><a href=\"http:\/\/utculiacan.edu.mx\/wp-content\/uploads\/2018\/10\/F6b.EDO-ANALIT-DEL-PPTO-DE-EGRESOS-DET-CLASIF-ADMVA-1.pdf\">Estado Anal\u00edtico del Presupuesto de Egresos (Administrativa) <strong>PDF<\/strong><\/a><\/p>\n<p><a href=\"http:\/\/utculiacan.edu.mx\/wp-content\/uploads\/2018\/10\/Estado-Anal\u00edtico-del-Presupuesto-de-Egresos-Administrativa-6.xlsx\">Estado Anal\u00edtico del Presupuesto de Egresos (Administrativa) <strong>EXCEL<\/strong><\/a><\/p>\n<p><a href=\"http:\/\/utculiacan.edu.mx\/wp-content\/uploads\/2018\/10\/F6c.EDO-ANALIT-DEL-PPTO-DE-EGRESOS-DET-CLASIF-FUNCIONAL-1.pdf\">Estado Anal\u00edtico del Presupuesto de Egresos (Funcional) <strong>PDF<\/strong><\/a><\/p>\n<p><a href=\"http:\/\/utculiacan.edu.mx\/wp-content\/uploads\/2018\/10\/Estado-Anal\u00edtico-del-Presupuesto-de-Egresos-Funcional-6.xlsx\">Estado Anal\u00edtico del Presupuesto de Egresos (Funcional) <strong>EXCEL<\/strong><\/a><\/p>\n<p><a href=\"http:\/\/utculiacan.edu.mx\/wp-content\/uploads\/2018\/10\/F6d.EDO-ANALIT-DEL-PPTO-DE-EGRESOS-DET-CLASIF-DE-SERVICIOS-PERSONALES.pdf\">Estado Anal\u00edtico del Presupuesto de Egresos (Categor\u00eda) <strong>PDF<\/strong><\/a><\/p>\n<p><a href=\"http:\/\/utculiacan.edu.mx\/wp-content\/uploads\/2018\/10\/Estado-Anal\u00edtico-del-Presupuesto-de-Egresos-Categor\u00eda-6.xlsx\">Estado Anal\u00edtico del Presupuesto de Egresos (Categor\u00eda) <strong>EXCEL<\/strong><\/a><\/p>\n<h3>Ejercicio Presupuestario<\/h3>\n<p><a href=\"http:\/\/utculiacan.edu.mx\/wp-content\/uploads\/2018\/10\/AYUDAS-Y-SUBSIDIOS-4TO_TRIM_2017.pdf\">Ayudas y Subsidios <strong>PDF<\/strong><\/a><\/p>\n<p>Programas con Recursos Federales\u00a0<strong>NO APLICA<\/strong><\/p>\n<p>Cuentas Bancarias Productivas Federales<\/p>\n<p>Aportaci\u00f3n Federal para Educaci\u00f3n\u00a0 <strong>NO APLICA<\/strong><\/p>\n<p>Aportaci\u00f3n Federal para Salud <strong>NO APLICA<\/strong><\/p>\n<p>Aportaci\u00f3n Fortalecimiento Municipios\u00a0<strong>N<\/strong><strong>O APLICA<\/strong><\/p>\n<p>Aportaci\u00f3n Federal para Seguridad P\u00fablica\u00a0<strong>NO<\/strong><strong> APL<\/strong><strong>ICA<\/strong><\/p>\n<p>Obligaciones con Fondos Federales <strong>NO APLICA<\/strong><\/p>\n<p>Ejercicio y Destino de Gasto Federalizado<\/p>\n<p>Evaluaci\u00f3n de Recursos Federales\u00a0<strong>NO<\/strong><strong> AP<\/strong><strong>LICA<\/strong><\/p>","protected":false},"excerpt":{"rendered":"<p>Informaci\u00f3n Contable Estado de Actividades PDF Estado de Actividades EXCEL Estado de Situaci\u00f3n Financiera PDF Estado de Situaci\u00f3n Financiera EXCEL Estado de Variaci\u00f3n en la Hacienda P\u00fablica PDF Estado de Variaci\u00f3n en la Hacienda P\u00fablica EXCEL Estado de Cambios en la Situaci\u00f3n Financiera PDF Estado de Cambios en la Situaci\u00f3n Financiera EXCEL Estado de Flujos [&hellip;]<\/p>\n","protected":false},"author":29,"featured_media":0,"parent":0,"menu_order":0,"comment_status":"closed","ping_status":"closed","template":"","meta":{"_et_pb_use_builder":"","_et_pb_old_content":"","_et_gb_content_width":"","_monsterinsights_skip_tracking":false,"_monsterinsights_sitenote_active":false,"_monsterinsights_sitenote_note":"","_monsterinsights_sitenote_category":0,"_uf_show_specific_survey":0,"_uf_disable_surveys":false,"footnotes":""},"class_list":["post-272","page","type-page","status-publish","hentry"],"aioseo_notices":[],"_links":{"self":[{"href":"https:\/\/utculiacan.edu.mx\/en\/wp-json\/wp\/v2\/pages\/272","targetHints":{"allow":["GET"]}}],"collection":[{"href":"https:\/\/utculiacan.edu.mx\/en\/wp-json\/wp\/v2\/pages"}],"about":[{"href":"https:\/\/utculiacan.edu.mx\/en\/wp-json\/wp\/v2\/types\/page"}],"author":[{"embeddable":true,"href":"https:\/\/utculiacan.edu.mx\/en\/wp-json\/wp\/v2\/users\/29"}],"replies":[{"embeddable":true,"href":"https:\/\/utculiacan.edu.mx\/en\/wp-json\/wp\/v2\/comments?post=272"}],"version-history":[{"count":15,"href":"https:\/\/utculiacan.edu.mx\/en\/wp-json\/wp\/v2\/pages\/272\/revisions"}],"predecessor-version":[{"id":1582,"href":"https:\/\/utculiacan.edu.mx\/en\/wp-json\/wp\/v2\/pages\/272\/revisions\/1582"}],"wp:attachment":[{"href":"https:\/\/utculiacan.edu.mx\/en\/wp-json\/wp\/v2\/media?parent=272"}],"curies":[{"name":"wp","href":"https:\/\/api.w.org\/{rel}","templated":true}]}}