{"id":303,"date":"2018-10-17T15:41:05","date_gmt":"2018-10-17T21:41:05","guid":{"rendered":"http:\/\/utculiacan.edu.mx\/?page_id=303"},"modified":"2018-11-01T16:04:00","modified_gmt":"2018-11-01T22:04:00","slug":"2015-anual","status":"publish","type":"page","link":"https:\/\/utculiacan.edu.mx\/en\/2015-anual\/","title":{"rendered":"2015 Anual"},"content":{"rendered":"<h3>Iniciativas y Proyectos<\/h3>\n<p><a href=\"http:\/\/utculiacan.edu.mx\/wp-content\/uploads\/2018\/10\/Iniciativa-de-Ley-de-Ingresos-2.pdf\">Iniciativa de Ley de Ingresos <strong>PDF<\/strong><\/a><\/p>\n<p>Informaci\u00f3n Adicional a la Iniciativa de Ingresos<\/p>\n<p><a href=\"http:\/\/utculiacan.edu.mx\/wp-content\/uploads\/2018\/10\/Proyecto-de-Presupuesto-de-Egresos-2.pdf\">Proyecto de Presupuesto de Egresos <strong>PDF<\/strong><\/a><\/p>\n<p>Informaci\u00f3n Adicional del Proyecto de Presupuesto de egresos<\/p>\n<h3>LI y PE<\/h3>\n<p><a href=\"http:\/\/utculiacan.edu.mx\/wp-content\/uploads\/2018\/10\/Ley-de-Ingresos-2.pdf\">Ley de Ingresos <strong>PDF<\/strong><\/a><\/p>\n<p><a href=\"http:\/\/utculiacan.edu.mx\/wp-content\/uploads\/2018\/10\/Presupuesto-de-egresos-2.pdf\">Presupuesto de egresos <strong>PDF<\/strong><\/a><\/p>\n<p><a href=\"http:\/\/utculiacan.edu.mx\/wp-content\/uploads\/2018\/11\/Dict\u00e1menes-Acuerdo-y-Actas-del-Ingreso-1.pdf\">Dict\u00e1menes Acuerdo y Actas <strong>PDF<\/strong><\/a><\/p>\n<p><a href=\"http:\/\/utculiacan.edu.mx\/wp-content\/uploads\/2018\/10\/Calendario-de-Ingresos-2.pdf\">Calendario de Ingresos <strong>PDF<\/strong><\/a><\/p>\n<p><a href=\"http:\/\/utculiacan.edu.mx\/wp-content\/uploads\/2018\/10\/Calendario-de-Egresos-2.pdf\">Calendario de Egresos <strong>PDF<\/strong><\/a><\/p>\n<p><a href=\"http:\/\/utculiacan.edu.mx\/wp-content\/uploads\/2018\/10\/Presupuesto-Ciudadano-2.pdf\">Presupuesto Ciudadano <strong>PDF<\/strong><\/a><\/p>","protected":false},"excerpt":{"rendered":"<p>Iniciativas y Proyectos Iniciativa de Ley de Ingresos PDF Informaci\u00f3n Adicional a la Iniciativa de Ingresos Proyecto de Presupuesto de Egresos PDF Informaci\u00f3n Adicional del Proyecto de Presupuesto de egresos LI y PE Ley de Ingresos PDF Presupuesto de egresos PDF Dict\u00e1menes Acuerdo y Actas PDF Calendario de Ingresos PDF Calendario de Egresos PDF Presupuesto [&hellip;]<\/p>\n","protected":false},"author":29,"featured_media":0,"parent":0,"menu_order":0,"comment_status":"closed","ping_status":"closed","template":"","meta":{"_et_pb_use_builder":"","_et_pb_old_content":"","_et_gb_content_width":"","_monsterinsights_skip_tracking":false,"_monsterinsights_sitenote_active":false,"_monsterinsights_sitenote_note":"","_monsterinsights_sitenote_category":0,"_uf_show_specific_survey":0,"_uf_disable_surveys":false,"footnotes":""},"class_list":["post-303","page","type-page","status-publish","hentry"],"aioseo_notices":[],"_links":{"self":[{"href":"https:\/\/utculiacan.edu.mx\/en\/wp-json\/wp\/v2\/pages\/303","targetHints":{"allow":["GET"]}}],"collection":[{"href":"https:\/\/utculiacan.edu.mx\/en\/wp-json\/wp\/v2\/pages"}],"about":[{"href":"https:\/\/utculiacan.edu.mx\/en\/wp-json\/wp\/v2\/types\/page"}],"author":[{"embeddable":true,"href":"https:\/\/utculiacan.edu.mx\/en\/wp-json\/wp\/v2\/users\/29"}],"replies":[{"embeddable":true,"href":"https:\/\/utculiacan.edu.mx\/en\/wp-json\/wp\/v2\/comments?post=303"}],"version-history":[{"count":4,"href":"https:\/\/utculiacan.edu.mx\/en\/wp-json\/wp\/v2\/pages\/303\/revisions"}],"predecessor-version":[{"id":1573,"href":"https:\/\/utculiacan.edu.mx\/en\/wp-json\/wp\/v2\/pages\/303\/revisions\/1573"}],"wp:attachment":[{"href":"https:\/\/utculiacan.edu.mx\/en\/wp-json\/wp\/v2\/media?parent=303"}],"curies":[{"name":"wp","href":"https:\/\/api.w.org\/{rel}","templated":true}]}}