{"id":306,"date":"2018-10-17T15:42:50","date_gmt":"2018-10-17T21:42:50","guid":{"rendered":"http:\/\/utculiacan.edu.mx\/?page_id=306"},"modified":"2018-11-01T16:09:37","modified_gmt":"2018-11-01T22:09:37","slug":"2016-anual","status":"publish","type":"page","link":"https:\/\/utculiacan.edu.mx\/en\/2016-anual\/","title":{"rendered":"2016 Anual"},"content":{"rendered":"<h3>Iniciativas y Proyectos<\/h3>\n<p><a href=\"http:\/\/utculiacan.edu.mx\/wp-content\/uploads\/2018\/10\/Iniciativa-de-Ley-de-Ingresos-3.pdf\">Iniciativa de Ley de Ingresos <strong>PDF<\/strong><\/a><\/p>\n<p><a href=\"http:\/\/utculiacan.edu.mx\/wp-content\/uploads\/2018\/10\/Informaci\u00f3n-Adicional-a-la-Iniciativa-de-Ingresos.pdf\">Informaci\u00f3n Adicional a la Iniciativa de Ingresos <strong>PDF<\/strong><\/a><\/p>\n<p><a href=\"http:\/\/utculiacan.edu.mx\/wp-content\/uploads\/2018\/10\/Proyecto-de-Presupuesto-de-Egresos-3.pdf\">Proyecto de Presupuesto de Egresos <strong>PDF<\/strong><\/a><\/p>\n<p><a href=\"http:\/\/utculiacan.edu.mx\/wp-content\/uploads\/2018\/10\/Informaci\u00f3n-Adicional-del-Proyecto-de-Presupuesto-de-egresos.pdf\">Informaci\u00f3n Adicional del Proyecto de Presupuesto de egresos <strong>PDF<\/strong><\/a><\/p>\n<h3>LI y PE<\/h3>\n<p><a href=\"http:\/\/utculiacan.edu.mx\/wp-content\/uploads\/2018\/10\/Ley-de-Ingresos-3.pdf\">Ley de Ingresos <strong>PDF<\/strong><\/a><\/p>\n<p><a href=\"http:\/\/utculiacan.edu.mx\/wp-content\/uploads\/2018\/10\/Presupuesto-de-egresos-3.pdf\">Presupuesto de egresos <strong>PDF<\/strong><\/a><\/p>\n<p><a href=\"http:\/\/utculiacan.edu.mx\/wp-content\/uploads\/2018\/11\/Dict\u00e1menes-Acuerdo-y-Actas-del-Ingreso.pdf\">Dict\u00e1menes Acuerdo y Actas del Ingreso <strong>PDF<\/strong><\/a><\/p>\n<p><a href=\"http:\/\/utculiacan.edu.mx\/wp-content\/uploads\/2018\/11\/Dict\u00e1menes-Acuerdo-y-Actas-del-Ingreso.pdf\">Dict\u00e1menes Acuerdo y Actas del Egreso <strong>PDF<\/strong><\/a><\/p>\n<p><a href=\"http:\/\/utculiacan.edu.mx\/wp-content\/uploads\/2018\/10\/Calendario-de-Ingresos-3.pdf\">Calendario de Ingresos <strong>PDF<\/strong><\/a><\/p>\n<p><a href=\"http:\/\/utculiacan.edu.mx\/wp-content\/uploads\/2018\/10\/Calendario-de-Egresos-3.pdf\">Calendario de Egresos <strong>PDF<\/strong><\/a><\/p>\n<p><a href=\"http:\/\/utculiacan.edu.mx\/wp-content\/uploads\/2018\/10\/Presupuesto-Ciudadano-3.pdf\">Presupuesto Ciudadano <strong>PDF<\/strong><\/a><\/p>\n<p>&nbsp;<\/p>","protected":false},"excerpt":{"rendered":"<p>Iniciativas y Proyectos Iniciativa de Ley de Ingresos PDF Informaci\u00f3n Adicional a la Iniciativa de Ingresos PDF Proyecto de Presupuesto de Egresos PDF Informaci\u00f3n Adicional del Proyecto de Presupuesto de egresos PDF LI y PE Ley de Ingresos PDF Presupuesto de egresos PDF Dict\u00e1menes Acuerdo y Actas del Ingreso PDF Dict\u00e1menes Acuerdo y Actas del [&hellip;]<\/p>\n","protected":false},"author":29,"featured_media":0,"parent":0,"menu_order":0,"comment_status":"closed","ping_status":"closed","template":"","meta":{"_et_pb_use_builder":"","_et_pb_old_content":"","_et_gb_content_width":"","_monsterinsights_skip_tracking":false,"_monsterinsights_sitenote_active":false,"_monsterinsights_sitenote_note":"","_monsterinsights_sitenote_category":0,"_uf_show_specific_survey":0,"_uf_disable_surveys":false,"footnotes":""},"class_list":["post-306","page","type-page","status-publish","hentry"],"aioseo_notices":[],"_links":{"self":[{"href":"https:\/\/utculiacan.edu.mx\/en\/wp-json\/wp\/v2\/pages\/306","targetHints":{"allow":["GET"]}}],"collection":[{"href":"https:\/\/utculiacan.edu.mx\/en\/wp-json\/wp\/v2\/pages"}],"about":[{"href":"https:\/\/utculiacan.edu.mx\/en\/wp-json\/wp\/v2\/types\/page"}],"author":[{"embeddable":true,"href":"https:\/\/utculiacan.edu.mx\/en\/wp-json\/wp\/v2\/users\/29"}],"replies":[{"embeddable":true,"href":"https:\/\/utculiacan.edu.mx\/en\/wp-json\/wp\/v2\/comments?post=306"}],"version-history":[{"count":6,"href":"https:\/\/utculiacan.edu.mx\/en\/wp-json\/wp\/v2\/pages\/306\/revisions"}],"predecessor-version":[{"id":1578,"href":"https:\/\/utculiacan.edu.mx\/en\/wp-json\/wp\/v2\/pages\/306\/revisions\/1578"}],"wp:attachment":[{"href":"https:\/\/utculiacan.edu.mx\/en\/wp-json\/wp\/v2\/media?parent=306"}],"curies":[{"name":"wp","href":"https:\/\/api.w.org\/{rel}","templated":true}]}}