{"id":309,"date":"2018-10-17T15:44:29","date_gmt":"2018-10-17T21:44:29","guid":{"rendered":"http:\/\/utculiacan.edu.mx\/?page_id=309"},"modified":"2018-11-01T16:42:03","modified_gmt":"2018-11-01T22:42:03","slug":"2017-anual","status":"publish","type":"page","link":"https:\/\/utculiacan.edu.mx\/en\/2017-anual\/","title":{"rendered":"2017 Anual"},"content":{"rendered":"<h3>Iniciativas y Proyectos<\/h3>\n<p><a href=\"http:\/\/utculiacan.edu.mx\/wp-content\/uploads\/2018\/10\/Iniciativa-de-Ingresos.pdf\">Iniciativa de Ingresos <strong>PDF<\/strong><\/a><\/p>\n<p><a href=\"http:\/\/utculiacan.edu.mx\/wp-content\/uploads\/2018\/10\/Informaci\u00f3n-Adicional-a-la-Iniciativa-de-Ingresos-1.pdf\">Informaci\u00f3n Adicional a la Iniciativa de Ingresos <strong>PDF<\/strong><\/a><\/p>\n<p><a href=\"http:\/\/utculiacan.edu.mx\/wp-content\/uploads\/2018\/10\/Proyecto-de-Presupuesto-de-Egresos-4.pdf\">Proyecto de Presupuesto de Egresos <strong>PDF<\/strong><\/a><\/p>\n<p><a href=\"http:\/\/utculiacan.edu.mx\/wp-content\/uploads\/2018\/10\/Informaci\u00f3n-Adicional-al-Proyecto-de-Presupuesto-de-Egresos.pdf\">Informaci\u00f3n Adicional al Proyecto de Presupuesto de Egresos <strong>PDF<\/strong><\/a><\/p>\n<h3>LI y PE<\/h3>\n<p><a href=\"http:\/\/utculiacan.edu.mx\/wp-content\/uploads\/2018\/10\/Ley-de-Ingresos-4.pdf\">Ley de Ingresos <strong>PDF<\/strong><\/a><\/p>\n<p><a href=\"http:\/\/utculiacan.edu.mx\/wp-content\/uploads\/2018\/10\/Presupuesto-de-Egresos.pdf\">Presupuesto de Egresos <strong>PDF<\/strong><\/a><\/p>\n<p><a href=\"http:\/\/utculiacan.edu.mx\/wp-content\/uploads\/2018\/11\/2017-INICIATIVA-DE-INGRESOS-Y-PRESUPUESTO-DE-EGRESOS-v3.pdf\">Dict\u00e1menes Acuerdo y Actas del Ingreso <strong>PDF<\/strong><\/a><\/p>\n<p><a href=\"http:\/\/utculiacan.edu.mx\/wp-content\/uploads\/2018\/11\/2017-INICIATIVA-DE-INGRESOS-Y-PRESUPUESTO-DE-EGRESOS-v3.pdf\">Dict\u00e1menes Acuerdo y Actas del Egreso <strong>PDF<\/strong><\/a><\/p>\n<p><a href=\"http:\/\/utculiacan.edu.mx\/wp-content\/uploads\/2018\/10\/Calendario-de-Ingresos-4.pdf\">Calendario de Ingresos <strong>PDF<\/strong><\/a><\/p>\n<p><a href=\"http:\/\/utculiacan.edu.mx\/wp-content\/uploads\/2018\/10\/Calendario-de-Egresos-4.pdf\">Calendario de Egresos <strong>PDF<\/strong><\/a><\/p>\n<p><a href=\"http:\/\/utculiacan.edu.mx\/wp-content\/uploads\/2018\/10\/Presupuesto-Ciudadano-4.pdf\">Presupuesto Ciudadano <strong>PDF<\/strong><\/a><\/p>\n<h3>Presupuesto Basado en Resultados ( PBR )<\/h3>\n<p>&nbsp;<\/p>\n<h3>Informaci\u00f3n Disciplina Financiera<\/h3>","protected":false},"excerpt":{"rendered":"<p>Iniciativas y Proyectos Iniciativa de Ingresos PDF Informaci\u00f3n Adicional a la Iniciativa de Ingresos PDF Proyecto de Presupuesto de Egresos PDF Informaci\u00f3n Adicional al Proyecto de Presupuesto de Egresos PDF LI y PE Ley de Ingresos PDF Presupuesto de Egresos PDF Dict\u00e1menes Acuerdo y Actas del Ingreso PDF Dict\u00e1menes Acuerdo y Actas del Egreso PDF [&hellip;]<\/p>\n","protected":false},"author":29,"featured_media":0,"parent":0,"menu_order":0,"comment_status":"closed","ping_status":"closed","template":"","meta":{"_et_pb_use_builder":"","_et_pb_old_content":"","_et_gb_content_width":"","_monsterinsights_skip_tracking":false,"_monsterinsights_sitenote_active":false,"_monsterinsights_sitenote_note":"","_monsterinsights_sitenote_category":0,"_uf_show_specific_survey":0,"_uf_disable_surveys":false,"footnotes":""},"class_list":["post-309","page","type-page","status-publish","hentry"],"aioseo_notices":[],"_links":{"self":[{"href":"https:\/\/utculiacan.edu.mx\/en\/wp-json\/wp\/v2\/pages\/309","targetHints":{"allow":["GET"]}}],"collection":[{"href":"https:\/\/utculiacan.edu.mx\/en\/wp-json\/wp\/v2\/pages"}],"about":[{"href":"https:\/\/utculiacan.edu.mx\/en\/wp-json\/wp\/v2\/types\/page"}],"author":[{"embeddable":true,"href":"https:\/\/utculiacan.edu.mx\/en\/wp-json\/wp\/v2\/users\/29"}],"replies":[{"embeddable":true,"href":"https:\/\/utculiacan.edu.mx\/en\/wp-json\/wp\/v2\/comments?post=309"}],"version-history":[{"count":4,"href":"https:\/\/utculiacan.edu.mx\/en\/wp-json\/wp\/v2\/pages\/309\/revisions"}],"predecessor-version":[{"id":1580,"href":"https:\/\/utculiacan.edu.mx\/en\/wp-json\/wp\/v2\/pages\/309\/revisions\/1580"}],"wp:attachment":[{"href":"https:\/\/utculiacan.edu.mx\/en\/wp-json\/wp\/v2\/media?parent=309"}],"curies":[{"name":"wp","href":"https:\/\/api.w.org\/{rel}","templated":true}]}}