{"id":323,"date":"2018-10-17T15:58:01","date_gmt":"2018-10-17T21:58:01","guid":{"rendered":"http:\/\/utculiacan.edu.mx\/?page_id=323"},"modified":"2018-10-17T16:16:20","modified_gmt":"2018-10-17T22:16:20","slug":"2016-cuenta-publica","status":"publish","type":"page","link":"https:\/\/utculiacan.edu.mx\/en\/2016-cuenta-publica\/","title":{"rendered":"2016 Cuenta P\u00fablica"},"content":{"rendered":"<h3>Consolidaci\u00f3n<\/h3>\n<p><a href=\"http:\/\/saf.transparenciasinaloa.gob.mx\/tomo-vii-organismos-paraestatales-2016\/\">Consultar<\/a><\/p>\n<h3>GU\u00cdA de Cumplimiento<\/h3>\n<p>Gu\u00eda<\/p>\n<p>&nbsp;<\/p>","protected":false},"excerpt":{"rendered":"<p>Consolidaci\u00f3n Consultar GU\u00cdA de Cumplimiento Gu\u00eda &nbsp;<\/p>","protected":false},"author":29,"featured_media":0,"parent":0,"menu_order":0,"comment_status":"closed","ping_status":"closed","template":"","meta":{"_et_pb_use_builder":"","_et_pb_old_content":"","_et_gb_content_width":"","_monsterinsights_skip_tracking":false,"_monsterinsights_sitenote_active":false,"_monsterinsights_sitenote_note":"","_monsterinsights_sitenote_category":0,"_uf_show_specific_survey":0,"_uf_disable_surveys":false,"footnotes":""},"class_list":["post-323","page","type-page","status-publish","hentry"],"aioseo_notices":[],"_links":{"self":[{"href":"https:\/\/utculiacan.edu.mx\/en\/wp-json\/wp\/v2\/pages\/323","targetHints":{"allow":["GET"]}}],"collection":[{"href":"https:\/\/utculiacan.edu.mx\/en\/wp-json\/wp\/v2\/pages"}],"about":[{"href":"https:\/\/utculiacan.edu.mx\/en\/wp-json\/wp\/v2\/types\/page"}],"author":[{"embeddable":true,"href":"https:\/\/utculiacan.edu.mx\/en\/wp-json\/wp\/v2\/users\/29"}],"replies":[{"embeddable":true,"href":"https:\/\/utculiacan.edu.mx\/en\/wp-json\/wp\/v2\/comments?post=323"}],"version-history":[{"count":4,"href":"https:\/\/utculiacan.edu.mx\/en\/wp-json\/wp\/v2\/pages\/323\/revisions"}],"predecessor-version":[{"id":338,"href":"https:\/\/utculiacan.edu.mx\/en\/wp-json\/wp\/v2\/pages\/323\/revisions\/338"}],"wp:attachment":[{"href":"https:\/\/utculiacan.edu.mx\/en\/wp-json\/wp\/v2\/media?parent=323"}],"curies":[{"name":"wp","href":"https:\/\/api.w.org\/{rel}","templated":true}]}}