{"id":3705,"date":"2019-08-01T16:33:56","date_gmt":"2019-08-01T22:33:56","guid":{"rendered":"http:\/\/utculiacan.edu.mx\/?page_id=3705"},"modified":"2019-08-07T15:38:58","modified_gmt":"2019-08-07T21:38:58","slug":"2019-2do-trimestre","status":"publish","type":"page","link":"https:\/\/utculiacan.edu.mx\/en\/2019-2do-trimestre\/","title":{"rendered":"2019 2do Trimestre"},"content":{"rendered":"<h3>Informaci\u00f3n Contable<\/h3>\n<p><a href=\"http:\/\/utculiacan.edu.mx\/wp-content\/uploads\/2019\/08\/1.ESTADO-DE-ACTIVIDADES.pdf\">Estado de Actividades <strong>PDF<\/strong><\/a><\/p>\n<p><a href=\"http:\/\/utculiacan.edu.mx\/wp-content\/uploads\/2019\/08\/Estado-de-Actividad-a-Junio.xlsx\">Estado de Actividades <strong>EXCEL<\/strong><\/a><\/p>\n<p><a href=\"http:\/\/utculiacan.edu.mx\/wp-content\/uploads\/2019\/08\/2.ESTADO-DE-SITUACI\u00d3N-FINANCIERA.pdf\">Estado de Situaci\u00f3n Financiera <strong>PDF<\/strong><\/a><\/p>\n<p><a href=\"http:\/\/utculiacan.edu.mx\/wp-content\/uploads\/2019\/08\/Estado-de-Situacion-Financiera.xlsx\">Estado de Situaci\u00f3n Financiera <strong>EXCEL<\/strong><\/a><\/p>\n<p><a href=\"http:\/\/utculiacan.edu.mx\/wp-content\/uploads\/2019\/08\/3.ESTADO-DE-VARIACI\u00d3N-EN-LA-HACIENDA-PUBLICA.pdf\">Estado de Variaci\u00f3n en la Hacienda P\u00fablica <strong>PDF<\/strong><\/a><\/p>\n<p><a href=\"http:\/\/utculiacan.edu.mx\/wp-content\/uploads\/2019\/08\/Estado-de-Variacion-en-la-Hacienda-P\u00f9blica.xlsx\">Estado de Variaci\u00f3n en la Hacienda P\u00fablica <strong>EXCEL<\/strong><\/a><\/p>\n<p><a href=\"http:\/\/utculiacan.edu.mx\/wp-content\/uploads\/2019\/08\/4.ESTADO-DE-CAMBIOS-EN-LA-SITUACI\u00d3N-FINANCIERA.pdf\">Estado de Cambios en la Situaci\u00f3n Financiera <strong>PDF<\/strong><\/a><\/p>\n<p><a href=\"http:\/\/utculiacan.edu.mx\/wp-content\/uploads\/2019\/08\/Estado-de-Cambios-en-la-Situacion-Financiera.xlsx\">Estado de Cambios en la Situaci\u00f3n Financiera <strong>EXCEL<\/strong><\/a><\/p>\n<p><a href=\"http:\/\/utculiacan.edu.mx\/wp-content\/uploads\/2019\/08\/5.ESTADO-DE-FLUJOS-DE-EFECTIVO.pdf\">Estado de Flujos de Efectivo <strong>PDF<\/strong><\/a><\/p>\n<p><a href=\"http:\/\/utculiacan.edu.mx\/wp-content\/uploads\/2019\/08\/Estado-de-Flujo-de-Efectivo.xlsx\">Estado de Flujos de Efectivo <strong>EXCEL<\/strong><\/a><\/p>\n<p><a href=\"http:\/\/utculiacan.edu.mx\/wp-content\/uploads\/2019\/08\/8.ESTADO-ANALITICO-DEL-ACTIVO.pdf\">Estado Anal\u00edtico del Activo <strong>PDF<\/strong><\/a><\/p>\n<p><a href=\"http:\/\/utculiacan.edu.mx\/wp-content\/uploads\/2019\/08\/Estado-Analitico-de-Activo.xlsx\">Estado Anal\u00edtico del Activo <strong>EXCEL<\/strong><\/a><\/p>\n<p><a href=\"http:\/\/utculiacan.edu.mx\/wp-content\/uploads\/2019\/08\/9.ESTADO-ANALITICO-DE-LA-DEUDA-Y-OTROS-PASIVOS.pdf\">Estado Anal\u00edtico de la Deuda y Otros Pasivos <strong>PDF<\/strong><\/a><\/p>\n<p><a href=\"http:\/\/utculiacan.edu.mx\/wp-content\/uploads\/2019\/08\/Estado-Analitico-de-la-Deuda-y-otros-Pasivos.xlsx\">Estado Anal\u00edtico de la Deuda y Otros Pasivos <strong>EXCEL<\/strong><\/a><\/p>\n<p><a href=\"http:\/\/utculiacan.edu.mx\/wp-content\/uploads\/2019\/08\/7.INFORMES-SOBRE-PASIVOS-CONTINGENTES.pdf\">Informe sobre Pasivos Contingentes <strong>PDF<\/strong><\/a><\/p>\n<p><a href=\"http:\/\/utculiacan.edu.mx\/wp-content\/uploads\/2019\/08\/Informes-sobre-Pasivos-Contingentes.xlsx\">Informe sobre Pasivos Contingentes <strong>EXCEL<\/strong><\/a><\/p>\n<p><a href=\"http:\/\/utculiacan.edu.mx\/wp-content\/uploads\/2019\/08\/NOTAS-A-LOS-ESTADOS-FINANCIEROS.pdf\">Notas a los Estados Financieros <strong>PDF<\/strong><\/a><a href=\"http:\/\/utculiacan.edu.mx\/wp-content\/uploads\/2019\/08\/6.NOTAS-A-LOS-ESTADOS-FINANCIEROS.pdf\">\u00a0<\/a><\/p>\n<p><a href=\"http:\/\/utculiacan.edu.mx\/wp-content\/uploads\/2019\/08\/Notas-en-los-Estados-Financieris.xlsx\">Notas a los Estados Financieros <strong>EXCEL<\/strong><\/a><\/p>\n<h3>Informaci\u00f3n Presupuestal<\/h3>\n<p><a href=\"http:\/\/utculiacan.edu.mx\/wp-content\/uploads\/2019\/08\/10.ESTADO-ANALITICO-DE-INGRESOS.pdf\">Estado Anal\u00edtico del Ingreso\u00a0 <strong>PDF<\/strong><\/a><\/p>\n<p><a href=\"http:\/\/utculiacan.edu.mx\/wp-content\/uploads\/2019\/08\/Estado-Analitico-de-Ingresos.xlsx\">Estado Anal\u00edtico del Ingreso\u00a0 <strong>EXCEL<\/strong><\/a><\/p>\n<p><a href=\"http:\/\/utculiacan.edu.mx\/wp-content\/uploads\/2019\/08\/11.ESTADO-ANALITICO-DE-INGRESOS-POR-RUBRO-TIPO-CLASE-CONCEPTO.pdf\">Estado Anal\u00edtico del Ingreso por Rubro <strong>PDF<\/strong><\/a><\/p>\n<p><a href=\"http:\/\/utculiacan.edu.mx\/wp-content\/uploads\/2019\/08\/Estado-Analitico-de-Ingresos-por-Rubro-Tipo-Clase-Concepto.xlsx\">Estado Anal\u00edtico del Ingreso por Rubro <strong>EXCEL<\/strong><\/a><\/p>\n<p><a href=\"http:\/\/utculiacan.edu.mx\/wp-content\/uploads\/2019\/08\/12.ESTADO-ANALITICO-DEL-EJERCICIO-DEL-PPTO-DE-EGRESOS-CLASIF-ADMVA.pdf\">Estado Anal\u00edtico del Ejercicio del Presupuesto de Egresos (Administrativa) <strong>PDF<\/strong><\/a><\/p>\n<p><a href=\"http:\/\/utculiacan.edu.mx\/wp-content\/uploads\/2019\/08\/Estado-Analitico-del-Ejercicio-del-Presupuesto-de-Egreso.xlsx\">Estado Anal\u00edtico del Ejercicio del Presupuesto de Egresos (Administrativa) <strong>EXCEL<\/strong><\/a><\/p>\n<p><a href=\"http:\/\/utculiacan.edu.mx\/wp-content\/uploads\/2019\/08\/13.ESTADO-ANALITICO-DEL-EJERCICIO-DEL-PPTO-DE-EGRESOS-CLASIF-ECONOMICA.pdf\">Estado Anal\u00edtico del Ejercicio del Presupuesto de Egresos (Econ\u00f3mica) <strong>PDF<\/strong><\/a><\/p>\n<p><a href=\"http:\/\/utculiacan.edu.mx\/wp-content\/uploads\/2019\/08\/Estado-Analitico-del-Ejercicio-del-Presupesto-por-tipo-de-Gasto.xlsx\">Estado Anal\u00edtico del Ejercicio del Presupuesto de Egresos (Econ\u00f3mica) <strong>EXCEL<\/strong><\/a><\/p>\n<p><a href=\"http:\/\/utculiacan.edu.mx\/wp-content\/uploads\/2019\/08\/14.ESTADO-ANALITICO-DEL-EJERCICIO-DEL-PPTO-DE-EGRESOS-COG.pdf\">Estado Anal\u00edtico del Ejercicio del Presupuesto de Egresos (Objeto) <strong>PDF<\/strong><\/a><\/p>\n<p><a href=\"http:\/\/utculiacan.edu.mx\/wp-content\/uploads\/2019\/08\/Estado-Analitico-de-Egreso-Capitulo-Concepto-1.xlsx\">Estado Anal\u00edtico del Ejercicio del Presupuesto de Egresos (Objeto) <strong>EXCEL<\/strong><\/a><\/p>\n<p><a href=\"http:\/\/utculiacan.edu.mx\/wp-content\/uploads\/2019\/08\/15.ESTADO-ANALITICO-DEL-EJERCICIO-DEL-PPTO-DE-EGRESOS-CLASIF-FUNCIONAL.pdf\">Estado Anal\u00edtico del Ejercicio del Presupuesto de Egresos (Funcional) <strong>PDF<\/strong><\/a><\/p>\n<p><a href=\"http:\/\/utculiacan.edu.mx\/wp-content\/uploads\/2019\/08\/Estado-Analitico-de-Egreso-Funcional-por-Finalidad-y-Funcion.xlsx\">Estado Anal\u00edtico del Ejercicio del Presupuesto de Egresos (Funcional) <strong>EXCEL<\/strong><\/a><\/p>\n<p><a href=\"http:\/\/utculiacan.edu.mx\/wp-content\/uploads\/2019\/08\/16.ENDEUDAMIENTO-NETO.pdf\">Endeudamiento Neto <strong>PDF<\/strong><\/a><\/p>\n<p><a href=\"http:\/\/utculiacan.edu.mx\/wp-content\/uploads\/2019\/08\/Endeudamiento-Neto.xlsx\">Endeudamiento Neto <strong>EXCEL<\/strong><\/a><\/p>\n<p><a href=\"http:\/\/utculiacan.edu.mx\/wp-content\/uploads\/2019\/08\/17.INTERESES-DE-LA-DEUDA.pdf\">Intereses de la Deuda <strong>PDF<\/strong><\/a><\/p>\n<p><a href=\"http:\/\/utculiacan.edu.mx\/wp-content\/uploads\/2019\/08\/Intereses-de-la-Deuda.xlsx\">Intereses de la Deuda <strong>EXCEL<\/strong><\/a><\/p>\n<p><a href=\"http:\/\/utculiacan.edu.mx\/wp-content\/uploads\/2019\/08\/18.FLUJOS-DE-FONDOS.pdf\">Flujo de Fondos <strong>PDF<\/strong><\/a><\/p>\n<p><a href=\"http:\/\/utculiacan.edu.mx\/wp-content\/uploads\/2019\/08\/Flujo-de-Fondos.xlsx\">Flujo de Fondos <strong>EXCEL<\/strong><\/a><\/p>\n<h3>Informaci\u00f3n Program\u00e1tica<\/h3>\n<p><a href=\"http:\/\/utculiacan.edu.mx\/wp-content\/uploads\/2019\/08\/19.GASTO-POR-CATEGORIA-PROGRAMATICA.pdf\">Gasto por Categor\u00eda Program\u00e1tica <strong>PDF<\/strong><\/a><\/p>\n<p><a href=\"http:\/\/utculiacan.edu.mx\/wp-content\/uploads\/2019\/08\/Gasto-por-Categoria-Progamatica.xlsx\">Gasto por Categor\u00eda Program\u00e1tica <strong>EXCEL<\/strong><\/a><\/p>\n<p><a href=\"http:\/\/utculiacan.edu.mx\/wp-content\/uploads\/2019\/08\/20.PROGRAMAS-Y-PROYECTOS-DE-INVERSI\u00d3N.pdf\">Programas y Proyectos de Inversi\u00f3n <strong>PDF<\/strong><\/a><\/p>\n<p><a href=\"http:\/\/utculiacan.edu.mx\/wp-content\/uploads\/2019\/08\/Programas-y-proyectos-de-Inversion.xlsx\">Programas y Proyectos de Inversi\u00f3n <strong>EXCEL<\/strong><\/a><\/p>\n<p><a href=\"http:\/\/utculiacan.edu.mx\/wp-content\/uploads\/2019\/08\/21.INDICADORES-DE-RESULTADOS.pdf\">Indicadores de Resultados <strong>PDF<\/strong><\/a><\/p>\n<p><a href=\"http:\/\/utculiacan.edu.mx\/wp-content\/uploads\/2019\/08\/Indicadores-de-Resultados-por-Programa-Presupuestario.xlsx\">Indicadores de Resultados <strong>EXCEL<\/strong><\/a><\/p>\n<h3>Inventarios<\/h3>\n<p><a href=\"http:\/\/utculiacan.edu.mx\/wp-content\/uploads\/2019\/08\/RELACI\u00d3N-DE-BIENES-INMUEBLES.pdf\">Relaci\u00f3n de Bienes muebles <strong>PDF<\/strong><\/a><\/p>\n<p><a href=\"http:\/\/utculiacan.edu.mx\/wp-content\/uploads\/2019\/08\/RELACI\u00d3N-DE-BIENES-MUEBLES-c.pdf\">Relaci\u00f3n de Bienes muebles <strong>PDF<\/strong><\/a><\/p>\n<p><a href=\"http:\/\/utculiacan.edu.mx\/wp-content\/uploads\/2019\/08\/RELACI\u00d3N-DE-BIENES-MUEBLES.xls\">Relaci\u00f3n de Bienes muebles <strong>EXCEL<\/strong><\/a><\/p>\n<h3>Informaci\u00f3n Disciplina Financiera<\/h3>\n<p><a href=\"http:\/\/utculiacan.edu.mx\/wp-content\/uploads\/2019\/08\/Estado-de-Situacion-Financiera.pdf\">Estado de Situaci\u00f3n financiera Detallado <strong>PDF<\/strong><\/a><\/p>\n<p><a href=\"http:\/\/utculiacan.edu.mx\/wp-content\/uploads\/2019\/08\/Estado-de-Situacion-Financiera-excel.xlsx\">Estado de Situaci\u00f3n financiera Detallado <strong>EXCEL<\/strong><\/a><\/p>\n<p><a href=\"http:\/\/utculiacan.edu.mx\/wp-content\/uploads\/2019\/08\/Informe-Analitico-de-la-Deuda-P\u00f9blica.pdf\">Informe Anal\u00edtico de la Deuda P\u00fablica y otros Pasivos <strong>PDF<\/strong><\/a><\/p>\n<p><a href=\"http:\/\/utculiacan.edu.mx\/wp-content\/uploads\/2019\/08\/Informe-Analitico-de-la-Deuda-P\u00f9blica-excel.xlsx\">Informe Anal\u00edtico de la Deuda P\u00fablica y otros Pasivos <strong>EXCEL<\/strong><\/a><\/p>\n<p><a href=\"http:\/\/utculiacan.edu.mx\/wp-content\/uploads\/2019\/08\/Informe-Analitico-de-Obligaciones-Diferentes-de-Financiamiento.pdf\">Informe Anal\u00edtico de Obligaciones Diferentes de Financiamientos <strong>PDF<\/strong><\/a><\/p>\n<p><a href=\"http:\/\/utculiacan.edu.mx\/wp-content\/uploads\/2019\/08\/Informe-Analitico-de-Obligaciones-Diferentes-de-Financiamiento-excel.xlsx\">Informe Anal\u00edtico de Obligaciones Diferentes de Financiamientos <strong>EXCEL<\/strong><\/a><\/p>\n<p><a href=\"http:\/\/utculiacan.edu.mx\/wp-content\/uploads\/2019\/08\/Balance-Presupuestal.pdf\">Balance Presupuestario <strong>PDF<\/strong><\/a><\/p>\n<p><a href=\"http:\/\/utculiacan.edu.mx\/wp-content\/uploads\/2019\/08\/Balance-Presupuestal-Excel.xlsx\">Balance Presupuestario <strong>EXCEL<\/strong><\/a><\/p>\n<p><a href=\"http:\/\/utculiacan.edu.mx\/wp-content\/uploads\/2019\/08\/Estado-Analitico-de-Ingresos-Detallado-PDF.pdf\">Estado Anal\u00edtico de Ingresos Detallado <strong>PDF<\/strong><\/a><\/p>\n<p><a href=\"http:\/\/utculiacan.edu.mx\/wp-content\/uploads\/2019\/08\/Estado-Analitico-de-Ingresos-Detallado.xlsx\">Estado Anal\u00edtico de Ingresos Detallado <strong>EXCEL<\/strong><\/a><\/p>\n<p><a href=\"http:\/\/utculiacan.edu.mx\/wp-content\/uploads\/2019\/08\/Estado-Analitico-del-Ejercicio-del-Presupuesto-de-Egreso-Detallado.pdf\">Estado Anal\u00edtico del Ejercicio del Presupuesto de Egreso Detallado (Objeto) <strong>PDF<\/strong><\/a><\/p>\n<p><a href=\"http:\/\/utculiacan.edu.mx\/wp-content\/uploads\/2019\/08\/Estado-Analitico-del-Ejercicio-del-Presupuesto-de-Egreso-Detallado-exel.xlsx\">Estado Anal\u00edtico del Ejercicio del Presupuesto de Egreso Detallado (Objeto) <strong>EXCEL<\/strong><\/a><\/p>\n<p><a href=\"http:\/\/utculiacan.edu.mx\/wp-content\/uploads\/2019\/08\/Estado-Analitico-del-Ejercicio-del-Presupuesto-de-Egreso-Detallado-F6B.pdf\">Estado Anal\u00edtico del Ejercicio del Presupuesto de Egreso Detallado (Administrativa) <strong>PDF<\/strong><\/a><\/p>\n<p><a href=\"http:\/\/utculiacan.edu.mx\/wp-content\/uploads\/2019\/08\/Estado-Anal\u00edtico-del-Ejercicio-del-Presupuesto-de-Egreso-Detallado-Administrativa-EXCEL.xlsx\">Estado Anal\u00edtico del Ejercicio del Presupuesto de Egreso Detallado (Administrativa) <strong>EXCEL<\/strong><\/a><\/p>\n<p><a href=\"http:\/\/utculiacan.edu.mx\/wp-content\/uploads\/2019\/08\/Estado-Analitico-del-Ejercicio-del-Presupuesto-de-Egreso-Detallado-F6C.pdf\">Estado Anal\u00edtico del Ejercicio del Presupuesto de Egreso Detallado (Funcional) <strong>PDF<\/strong><\/a><\/p>\n<p><a href=\"http:\/\/utculiacan.edu.mx\/wp-content\/uploads\/2019\/08\/Estado-Anal\u00edtico-del-Ejercicio-del-Presupuesto-de-Egreso-Detallado-Funcional-EXCEL.xlsx\">Estado Anal\u00edtico del Ejercicio del Presupuesto de Egreso Detallado (Funcional) <strong>EXCEL<\/strong><\/a><\/p>\n<p><a href=\"http:\/\/utculiacan.edu.mx\/wp-content\/uploads\/2019\/08\/Estado-Analitico-del-Ejercicio-del-Presupuesto-de-Egreso-Detallado-F6D.pdf\">Estado Anal\u00edtico del Ejercicio del Presupuesto de Egreso Detallado (Categor\u00eda) <strong>PDF<\/strong><\/a><\/p>\n<p><a href=\"http:\/\/utculiacan.edu.mx\/wp-content\/uploads\/2019\/08\/Estado-Anal\u00edtico-del-Ejercicio-del-Presupuesto-de-Egreso-Detallado-Categoria-EXCEL.xlsx\">Estado Anal\u00edtico del Ejercicio del Presupuesto de Egreso Detallado (Categor\u00eda) <strong>EXCEL<\/strong><\/a><\/p>\n<h3>Ejercicio Presupuestario<\/h3>\n<p><a href=\"http:\/\/utculiacan.edu.mx\/wp-content\/uploads\/2019\/08\/MONTOS-PAGADOS-POR-AYUDAS-Y-SUBSIDIOS.pdf\">Ayudas y Subsidios <strong>PDF<\/strong><\/a><\/p>\n<p><a href=\"http:\/\/utculiacan.edu.mx\/wp-content\/uploads\/2019\/08\/MONTOS-PAGADOS-POR-AYUDAS-Y-SUBSIDIOS.xls\">Ayudas y Subsidios <strong>EXCEL<\/strong><\/a><\/p>","protected":false},"excerpt":{"rendered":"<p>Informaci\u00f3n Contable Estado de Actividades PDF Estado de Actividades EXCEL Estado de Situaci\u00f3n Financiera PDF Estado de Situaci\u00f3n Financiera EXCEL Estado de Variaci\u00f3n en la Hacienda P\u00fablica PDF Estado de Variaci\u00f3n en la Hacienda P\u00fablica EXCEL Estado de Cambios en la Situaci\u00f3n Financiera PDF Estado de Cambios en la Situaci\u00f3n Financiera EXCEL Estado de Flujos [&hellip;]<\/p>\n","protected":false},"author":29,"featured_media":0,"parent":0,"menu_order":0,"comment_status":"closed","ping_status":"closed","template":"","meta":{"_et_pb_use_builder":"","_et_pb_old_content":"","_et_gb_content_width":"","_monsterinsights_skip_tracking":false,"_monsterinsights_sitenote_active":false,"_monsterinsights_sitenote_note":"","_monsterinsights_sitenote_category":0,"_uf_show_specific_survey":0,"_uf_disable_surveys":false,"footnotes":""},"class_list":["post-3705","page","type-page","status-publish","hentry"],"aioseo_notices":[],"_links":{"self":[{"href":"https:\/\/utculiacan.edu.mx\/en\/wp-json\/wp\/v2\/pages\/3705","targetHints":{"allow":["GET"]}}],"collection":[{"href":"https:\/\/utculiacan.edu.mx\/en\/wp-json\/wp\/v2\/pages"}],"about":[{"href":"https:\/\/utculiacan.edu.mx\/en\/wp-json\/wp\/v2\/types\/page"}],"author":[{"embeddable":true,"href":"https:\/\/utculiacan.edu.mx\/en\/wp-json\/wp\/v2\/users\/29"}],"replies":[{"embeddable":true,"href":"https:\/\/utculiacan.edu.mx\/en\/wp-json\/wp\/v2\/comments?post=3705"}],"version-history":[{"count":14,"href":"https:\/\/utculiacan.edu.mx\/en\/wp-json\/wp\/v2\/pages\/3705\/revisions"}],"predecessor-version":[{"id":4075,"href":"https:\/\/utculiacan.edu.mx\/en\/wp-json\/wp\/v2\/pages\/3705\/revisions\/4075"}],"wp:attachment":[{"href":"https:\/\/utculiacan.edu.mx\/en\/wp-json\/wp\/v2\/media?parent=3705"}],"curies":[{"name":"wp","href":"https:\/\/api.w.org\/{rel}","templated":true}]}}