{"id":4076,"date":"2019-08-08T13:49:03","date_gmt":"2019-08-08T19:49:03","guid":{"rendered":"http:\/\/utculiacan.edu.mx\/?page_id=4076"},"modified":"2019-08-08T13:49:44","modified_gmt":"2019-08-08T19:49:44","slug":"2018-cuenta-publica","status":"publish","type":"page","link":"https:\/\/utculiacan.edu.mx\/en\/2018-cuenta-publica\/","title":{"rendered":"2018 Cuenta P\u00fablica"},"content":{"rendered":"<h1 class=\"entry-title main_title\">Consolidaci\u00f3n<\/h1>\n<div class=\"entry-content\">\n<p><a href=\"http:\/\/saf.transparenciasinaloa.gob.mx\/tomo-vii-organos-paraestatales-2018\/\">Consultar<\/a><\/p>\n<h3>GU\u00cdA de Cumplimiento<\/h3>\n<p><a href=\"http:\/\/utculiacan.edu.mx\/wp-content\/uploads\/2019\/08\/GUIA-DE-CUMPLIMIENTO-DE-LA-LDF_2018.pdf\">Gu\u00eda<\/a><\/p>\n<\/div>","protected":false},"excerpt":{"rendered":"<p>Consolidaci\u00f3n Consultar GU\u00cdA de Cumplimiento Gu\u00eda<\/p>","protected":false},"author":29,"featured_media":0,"parent":0,"menu_order":0,"comment_status":"closed","ping_status":"closed","template":"","meta":{"_et_pb_use_builder":"","_et_pb_old_content":"","_et_gb_content_width":"","_monsterinsights_skip_tracking":false,"_monsterinsights_sitenote_active":false,"_monsterinsights_sitenote_note":"","_monsterinsights_sitenote_category":0,"_uf_show_specific_survey":0,"_uf_disable_surveys":false,"footnotes":""},"class_list":["post-4076","page","type-page","status-publish","hentry"],"aioseo_notices":[],"_links":{"self":[{"href":"https:\/\/utculiacan.edu.mx\/en\/wp-json\/wp\/v2\/pages\/4076","targetHints":{"allow":["GET"]}}],"collection":[{"href":"https:\/\/utculiacan.edu.mx\/en\/wp-json\/wp\/v2\/pages"}],"about":[{"href":"https:\/\/utculiacan.edu.mx\/en\/wp-json\/wp\/v2\/types\/page"}],"author":[{"embeddable":true,"href":"https:\/\/utculiacan.edu.mx\/en\/wp-json\/wp\/v2\/users\/29"}],"replies":[{"embeddable":true,"href":"https:\/\/utculiacan.edu.mx\/en\/wp-json\/wp\/v2\/comments?post=4076"}],"version-history":[{"count":3,"href":"https:\/\/utculiacan.edu.mx\/en\/wp-json\/wp\/v2\/pages\/4076\/revisions"}],"predecessor-version":[{"id":4080,"href":"https:\/\/utculiacan.edu.mx\/en\/wp-json\/wp\/v2\/pages\/4076\/revisions\/4080"}],"wp:attachment":[{"href":"https:\/\/utculiacan.edu.mx\/en\/wp-json\/wp\/v2\/media?parent=4076"}],"curies":[{"name":"wp","href":"https:\/\/api.w.org\/{rel}","templated":true}]}}