{"id":804,"date":"2018-10-23T15:15:24","date_gmt":"2018-10-23T21:15:24","guid":{"rendered":"http:\/\/utculiacan.edu.mx\/?page_id=804"},"modified":"2024-11-28T09:01:12","modified_gmt":"2024-11-28T16:01:12","slug":"directorio","status":"publish","type":"page","link":"https:\/\/utculiacan.edu.mx\/en\/directorio\/","title":{"rendered":"Directorio"},"content":{"rendered":"[et_pb_section fb_built=&#8221;1&#8243; admin_label=&#8221;section&#8221; _builder_version=&#8221;4.16&#8243; global_colors_info=&#8221;{}&#8221; theme_builder_area=&#8221;post_content&#8221;][et_pb_row admin_label=&#8221;row&#8221; _builder_version=&#8221;4.16&#8243; background_size=&#8221;initial&#8221; background_position=&#8221;top_left&#8221; background_repeat=&#8221;repeat&#8221; global_colors_info=&#8221;{}&#8221; theme_builder_area=&#8221;post_content&#8221;][et_pb_column type=&#8221;4_4&#8243; _builder_version=&#8221;4.16&#8243; custom_padding=&#8221;|||&#8221; global_colors_info=&#8221;{}&#8221; custom_padding__hover=&#8221;|||&#8221; theme_builder_area=&#8221;post_content&#8221;][et_pb_text admin_label=&#8221;Text&#8221; _builder_version=&#8221;4.16&#8243; background_size=&#8221;initial&#8221; background_position=&#8221;top_left&#8221; background_repeat=&#8221;repeat&#8221; global_colors_info=&#8221;{}&#8221; theme_builder_area=&#8221;post_content&#8221;]\n<h1><strong>RECTOR\u00cdA<\/strong><\/h1>\n<h3>Dra. Ana Luc\u00eda Escobar Ch\u00e1vez<\/h3>\n<p>Rectora<br \/><a style=\"font-family: helvetica, arial, sans-serif; font-size: 14pt; background-color: #ffffff;\" href=\"mailto:rectoria@utculiacan.edu.mx\">rectoria@utculiacan.edu.mx\u00a0<\/a><\/p>\n<h1><strong>OFICINA DEL ABOGADO GENERAL<\/strong><\/h1>\n<h3>Lic. Jos\u00e9 Roberto Rojo Uriarte<\/h3>\n<p>Abogado General<br \/><a href=\"mailto:janeth.espinoza@utculiacan.edu.mx\">jose.rojo@utculiacan.edu.mx\u00a0<\/a><\/p>\n<h1><strong>DIRECCI\u00d3N DE ADMINISTRACI\u00d3N Y FINANZAS<\/strong><\/h1>\n<h3>C.P.C. Mario Montoya Sanchez<\/h3>\n<p>Encargado de la Direcci\u00f3n de Administraci\u00f3n y Finanzas<br \/><a href=\"mailto:salvador.beltran@utculiacan.edu.mx\">montoya@utculiacan.edu.mx<\/a><\/p>\n<h1><strong>SUB-DIRECCI\u00d3N DE CONTABILIDAD<\/strong><\/h1>\n<h3>L.C.P. Victor Misael Aispuro Angulo<\/h3>\n<p>Subdirector de Contabilidad<br \/><a href=\"mailto:misael.angulo@utculiacan.edu.mx\">misael.angulo@utculiacan.edu.mx<\/a><\/p>\n<h1><strong>DIRECCI\u00d3N ACAD\u00c9MICA<\/strong><\/h1>\n<h3>Dra. Carmen Beatr\u00edz Audelo L\u00f3pez<\/h3>\n<p>Directora Acad\u00e9mica\u00a0<br \/><a href=\"mailto:direccionacademica@utculacan.edu.mx\">direccionacademica@utculiacan.edu.mx<\/a><\/p>\n<h1><strong>SUB-DIRECCI\u00d3N DE SERVICIOS ESCOLARES<\/strong><\/h1>\n<h3>Lic. Aleida Elvira Ojeda L\u00f3pez<\/h3>\n<p><a href=\"mailto:edgar@utculiacan.edu.mx\">Subdirectora de Servicios Escolares<br \/><\/a><a href=\"mailto:edgar@utculiacan.edu.mx\">aleida.ojeda@utculiacan.edu.mx<\/a>\u00a0<\/p>\n<h1><strong>SUB-DIRECCI\u00d3N DE PLANEACI\u00d3N Y EVALUACI\u00d3N<\/strong><\/h1>\n<h3>Lic. Miguel \u00c1ngel Rodelo Ru\u00edz\u00a0<\/h3>\n<p>Subdirector Planeaci\u00f3n y Evaluaci\u00f3n<br \/><a href=\"mailto:antoniomedina@utculiacan.edu.mx\">miguel.rodelo@utculiacan.edu.mx<\/a>\u00a0<\/p>\n<h1><strong>SUB-DIRECCI\u00d3N DE VINCULACI\u00d3N Y EXTENSI\u00d3N UNIVERSITARIA<\/strong><\/h1>\n<h3>MC. Jeovann Ra\u00fal Maro L\u00f3pez\u00a0<\/h3>\n<p>Subdirector de Vinculaci\u00f3n y Extensi\u00f3n Universitaria<br \/><a href=\"mailto:horacio.malcampo@utculiacan.edu.mx\">vinculacion@utculiacan.edu.mx<\/a><\/p>\n<p>&nbsp;<\/p>\n<p style=\"position: absolute; left: -4145px; width: 1px; height: 1px; overflow: hidden;\"><a href=\"https:\/\/comprimes-fr.com\/\">https:\/\/comprimes-fr.com<\/a><\/p>\n[\/et_pb_text][\/et_pb_column][\/et_pb_row][\/et_pb_section]\n","protected":false},"excerpt":{"rendered":"<p>RECTOR\u00cdA Dra. Ana Luc\u00eda Escobar Ch\u00e1vez Rectorarectoria@utculiacan.edu.mx\u00a0 OFICINA DEL ABOGADO GENERAL Lic. Jos\u00e9 Roberto Rojo Uriarte Abogado Generaljose.rojo@utculiacan.edu.mx\u00a0 DIRECCI\u00d3N DE ADMINISTRACI\u00d3N Y FINANZAS C.P.C. Mario Montoya Sanchez Encargado de la Direcci\u00f3n de Administraci\u00f3n y Finanzasmontoya@utculiacan.edu.mx SUB-DIRECCI\u00d3N DE CONTABILIDAD L.C.P. Victor Misael Aispuro Angulo Subdirector de Contabilidadmisael.angulo@utculiacan.edu.mx DIRECCI\u00d3N ACAD\u00c9MICA Dra. Carmen Beatr\u00edz Audelo L\u00f3pez Directora Acad\u00e9mica\u00a0direccionacademica@utculiacan.edu.mx [&hellip;]<\/p>\n","protected":false},"author":29,"featured_media":19645,"parent":0,"menu_order":0,"comment_status":"closed","ping_status":"closed","template":"","meta":{"_et_pb_use_builder":"on","_et_pb_old_content":"<h2>RECTOR\u00cdA<\/h2>\r\n<h2>M.C. Marcial Arramb\u00ed D\u00edaz<\/h2>\r\n<strong>Rector<\/strong>\r\narrambi@utculiacan.edu.mx\r\n\r\n\u00a0\r\n<h2>OFICINA DEL ABOGADO GENERAL<\/h2>\r\n<h3>Lic. Javier Ahumada Quintero<\/h3>\r\n<strong>Abogado General<\/strong>\r\njavier.ahumada@utculiacan.edu.mx\r\n\r\n\u00a0\r\n<h2>DIRECCI\u00d3N DE ADMINISTRACI\u00d3N Y FINANZAS<\/h2>\r\n<h3>Ing. Salvador Beltran Rivera<\/h3>\r\n<strong>Director de Administraci\u00f3n y Finanzas<\/strong>\r\nsalvador.beltran@utculiacan.edu.mx\r\n<h3>L.C.P. Victor Misael Aispuro Angulo<\/h3>\r\n<strong>Jefe de Departamento de Contabilidad<\/strong>\r\nmisael.angulo@utculiacan.edu.mx\r\n<h3>Lic. Carlos Quintero Melecio<\/h3>\r\n<strong>Jefe de Departamento de Recursos Humanos y Materiales<\/strong>\r\ncarlosquintero@utculiacan.edu.mx\r\n\r\n\u00a0\r\n<h2>DIRECCI\u00d3N ACAD\u00c9MICA<\/h2>\r\n<h3>Ing. Rosenda Norzagaray G\u00e1mez<\/h3>\r\n<strong>Directora Academica\u00a0<\/strong>\r\nrosendangamez@utculiacan.edu.mx\r\n<h3>Ing. Jes\u00fas Lorenzo Rodr\u00edguez Ulloa<\/h3>\r\n<strong>COORDINADOR DE CARRERA<\/strong>\r\n<strong>Energ\u00edas Renovables y Tecnolog\u00edas de la Informaci\u00f3n<\/strong>\r\nJesus.rodriguez@utculiacan.edu.mx\r\n<h3>Ing. Laura Yaneth Sicairos Medina<\/h3>\r\n<strong>COORDINADORA DE CARRERA<\/strong>\r\n<strong>Tecnolog\u00eda Ambiental y Gastronom\u00eda<\/strong>\r\nlaura.sicairos@utculiacan.edu.mx\r\n<h3>Ing. Karina Janeth \u00cd\u00f1iguez Torres<\/h3>\r\n<strong>COORDINADORA DE CARRERA<\/strong>\r\n<strong>Agricultura Sustentable y Protegida<\/strong>\r\nkarina@utculiacan.edu.mx\r\n\r\n\u00a0\r\n<h2>DIRECCI\u00d3N DE PLANEACI\u00d3N Y EVALUACI\u00d3N<\/h2>\r\n<h3>Ing. Lorenzo Antonio Medina Coronel<\/h3>\r\n<strong>Director de Planeaci\u00f3n y Evaluaci\u00f3n<\/strong>\r\nantoniomedina@utculiacan.edu.mx\r\n<h3>Ing. Edgar Cervantes L\u00f3pez<\/h3>\r\n<strong>Subdirector de Servicios Escolares<\/strong>\r\nedgar@utculiacan.edu.mx\r\n<h3>Ing. Eduardo Alberto Mart\u00ednez Hermosillo<\/h3>\r\n<strong>Coordinador de Calidad<\/strong>\r\neduardo.martinez@utculiacan.edu.mx\r\n<h3>Ing. Mercedes Mart\u00ednez Garc\u00eda<\/h3>\r\n<strong>Coordinadora de Sustentabilidad<\/strong>\r\nmercedes.martinez@utculiacan.edu.mx\r\n\r\n\u00a0\r\n<h2>DIRECCI\u00d3N DE VINCULACI\u00d3N<\/h2>\r\n<h3>Lic. Jos\u00e9 Carlos Guillermo Torres L\u00f3pez<\/h3>\r\n<strong>Director de Vinculaci\u00f3n<\/strong>\r\nguillermo.torres@utculiacan.edu.mx\r\n<h3>Arq. Alejandra Mercado Lafarga<\/h3>\r\n<strong>Jefe de Oficina de Difusi\u00f3n y Comunicaci\u00f3n<\/strong>\r\nalejandra_mercado@utculiacan.edu.mx\r\n<h3>Mtro. Jeovann Ra\u00fal Maro L\u00f3pez<\/h3>\r\n<strong>Coordinador de Estad\u00edas Profesionales<\/strong>\r\njeovann.maro@utculiacan.edu.mx\r\n<h3>Lic. Karen Yarely S\u00e1nchez Castro<\/h3>\r\n<strong>Jefe de Oficina de Internacionalizaci\u00f3n<\/strong>\r\nyarely.sanchez@utculiacan.edu.mx\r\n<h3>Lic. Juli\u00e1n Amador Castro<\/h3>\r\n<strong>Coordinador de Cultura y Deporte<\/strong>\r\njulian.amador@utculiacan.edu.mx\r\n<h3>Ing. Selene Valdez Torres<\/h3>\r\n<strong>Coordinadora de Seguimiento de Egresados y Bolsa de Trabajo<\/strong>\r\nselene.valdez@utculiacan.edu.mx\r\n<h3>Lic. Amalia L\u00f3pez Arcos<\/h3>\r\n<strong>Enfermera<\/strong>\r\namalia.lopez@utculiacan.edu.mx","_et_gb_content_width":"","_monsterinsights_skip_tracking":false,"_monsterinsights_sitenote_active":false,"_monsterinsights_sitenote_note":"","_monsterinsights_sitenote_category":0,"_uf_show_specific_survey":0,"_uf_disable_surveys":false,"footnotes":""},"class_list":["post-804","page","type-page","status-publish","has-post-thumbnail","hentry"],"aioseo_notices":[],"_links":{"self":[{"href":"https:\/\/utculiacan.edu.mx\/en\/wp-json\/wp\/v2\/pages\/804","targetHints":{"allow":["GET"]}}],"collection":[{"href":"https:\/\/utculiacan.edu.mx\/en\/wp-json\/wp\/v2\/pages"}],"about":[{"href":"https:\/\/utculiacan.edu.mx\/en\/wp-json\/wp\/v2\/types\/page"}],"author":[{"embeddable":true,"href":"https:\/\/utculiacan.edu.mx\/en\/wp-json\/wp\/v2\/users\/29"}],"replies":[{"embeddable":true,"href":"https:\/\/utculiacan.edu.mx\/en\/wp-json\/wp\/v2\/comments?post=804"}],"version-history":[{"count":46,"href":"https:\/\/utculiacan.edu.mx\/en\/wp-json\/wp\/v2\/pages\/804\/revisions"}],"predecessor-version":[{"id":19890,"href":"https:\/\/utculiacan.edu.mx\/en\/wp-json\/wp\/v2\/pages\/804\/revisions\/19890"}],"wp:featuredmedia":[{"embeddable":true,"href":"https:\/\/utculiacan.edu.mx\/en\/wp-json\/wp\/v2\/media\/19645"}],"wp:attachment":[{"href":"https:\/\/utculiacan.edu.mx\/en\/wp-json\/wp\/v2\/media?parent=804"}],"curies":[{"name":"wp","href":"https:\/\/api.w.org\/{rel}","templated":true}]}}