{"id":814,"date":"2018-10-23T16:30:49","date_gmt":"2018-10-23T22:30:49","guid":{"rendered":"http:\/\/utculiacan.edu.mx\/?page_id=814"},"modified":"2023-05-29T12:04:05","modified_gmt":"2023-05-29T18:04:05","slug":"telefono-y-correo","status":"publish","type":"page","link":"https:\/\/utculiacan.edu.mx\/en\/telefono-y-correo\/","title":{"rendered":"Tel\u00e9fono y Correo"},"content":{"rendered":"[et_pb_section fb_built=&#8221;1&#8243; admin_label=&#8221;section&#8221; _builder_version=&#8221;4.16&#8243; global_colors_info=&#8221;{}&#8221; theme_builder_area=&#8221;post_content&#8221;][et_pb_row admin_label=&#8221;row&#8221; _builder_version=&#8221;4.16&#8243; background_size=&#8221;initial&#8221; background_position=&#8221;top_left&#8221; background_repeat=&#8221;repeat&#8221; global_colors_info=&#8221;{}&#8221; theme_builder_area=&#8221;post_content&#8221;][et_pb_column type=&#8221;4_4&#8243; _builder_version=&#8221;4.16&#8243; custom_padding=&#8221;|||&#8221; global_colors_info=&#8221;{}&#8221; custom_padding__hover=&#8221;|||&#8221; theme_builder_area=&#8221;post_content&#8221;][et_pb_text admin_label=&#8221;Text&#8221; _builder_version=&#8221;4.16&#8243; background_size=&#8221;initial&#8221; background_position=&#8221;top_left&#8221; background_repeat=&#8221;repeat&#8221; global_colors_info=&#8221;{}&#8221; theme_builder_area=&#8221;post_content&#8221;]\n<h2>Rectora\u00a0<\/h2>\n<p>rectoria@utculiacan.edu.mx<\/p>\n<p>6672192680<\/p>\n<h2><strong>Abogado General<\/strong><\/h2>\n<p>roberto.rojo@utculiacan.edu.mx<\/p>\n<p>6672192680<\/p>\n<h2><strong>Director de Administraci\u00f3n y Finanzas<\/strong><\/h2>\n<p>misael.rubio@utculiacan.edu.mx<\/p>\n<p>6672192680<\/p>\n<h2><strong>Jefe de Departamento de Contabilidad<\/strong><\/h2>\n<p>misael.angulo@utculiacan.edu.mx<\/p>\n<p>6672192680<\/p>\n<h2><strong>Jefe de Departamento de Recuros Humanos y Materiales<\/strong><\/h2>\n<p>carlosquintero@utculiacan.edu.mx<\/p>\n<p>6672192680<\/p>\n<h2>Directora Acad\u00e9mica\u00a0<\/h2>\n<p>direccionacademica@utculiacan.edu.mx<\/p>\n<p>6672192680<\/p>\n<h2><strong>Subdirector de Servicios Escolares<\/strong><\/h2>\n<p>aleida.ojeda@utculiacan.edu.mx<\/p>\n<p>6672192680<\/p>\n<h2><strong>Subdirector de Planeaci\u00f3n y Evaluaci\u00f3n<\/strong><\/h2>\n<p>miguel.rodelo@utculiacan.edu.mx<\/p>\n<p>6672192680<\/p>\n<h2><strong>Subdirector de Vinculaci\u00f3n<\/strong><\/h2>\n<p>vinculaci\u00f3n@utculiacan.edu.mx<\/p>\n<p>6672192680<\/p>\n[\/et_pb_text][\/et_pb_column][\/et_pb_row][\/et_pb_section]\n","protected":false},"excerpt":{"rendered":"<p>Rectora\u00a0 rectoria@utculiacan.edu.mx 6672192680 Abogado General roberto.rojo@utculiacan.edu.mx 6672192680 Director de Administraci\u00f3n y Finanzas misael.rubio@utculiacan.edu.mx 6672192680 Jefe de Departamento de Contabilidad misael.angulo@utculiacan.edu.mx 6672192680 Jefe de Departamento de Recuros Humanos y Materiales carlosquintero@utculiacan.edu.mx 6672192680 Directora Acad\u00e9mica\u00a0 direccionacademica@utculiacan.edu.mx 6672192680 Subdirector de Servicios Escolares aleida.ojeda@utculiacan.edu.mx 6672192680 Subdirector de Planeaci\u00f3n y Evaluaci\u00f3n miguel.rodelo@utculiacan.edu.mx 6672192680 Subdirector de Vinculaci\u00f3n vinculaci\u00f3n@utculiacan.edu.mx 6672192680<\/p>","protected":false},"author":29,"featured_media":11827,"parent":0,"menu_order":0,"comment_status":"closed","ping_status":"closed","template":"","meta":{"_et_pb_use_builder":"on","_et_pb_old_content":"<h2>Rector<\/h2>\r\narrambi@utculiacan.edu.mx\r\n\r\n667 104 1599\r\n<h2><strong>Abogado General<\/strong><\/h2>\r\njavier.ahumada@utculiacan.edu.mx\r\n\r\n667 104 1599\r\n<h2><strong>Director de Administraci\u00f3n y Finanzas<\/strong><\/h2>\r\nsalvador.beltran@utculiacan.edu.mx\r\n\r\n667 104 1599\r\n<h2><strong>Jefe de Departamento de Contabilidad<\/strong><\/h2>\r\nmisael.angulo@utculiacan.edu.mx\r\n\r\n667 104 1599\r\n<h2><strong>Jefe de Departamento de Recuros Humanos y Materiales<\/strong><\/h2>\r\ncarlosquintero@utculiacan.edu.mx\r\n\r\n667 104 1599\r\n<h2><strong>Directora Academica\u00a0<\/strong><\/h2>\r\nrosendangamez@utculiacan.edu.mx\r\n\r\n667 104 1599\r\n<h2><strong>Subdirector de Servicios Escolares<\/strong><\/h2>\r\nedgar@utculiacan.edu.mx\r\n\r\n667 104 1599\r\n<h2><strong>Director de Planeaci\u00f3n y Evaluaci\u00f3n<\/strong><\/h2>\r\nantoniomedina@utculiacan.edu.mx\r\n\r\n667 104 1599\r\n<h2><strong>Directora de Vinculaci\u00f3n<\/strong><\/h2>\r\nguillermo.torres@utculiacan.edu.mx\r\n\r\n667 104 1599","_et_gb_content_width":"","_monsterinsights_skip_tracking":false,"_monsterinsights_sitenote_active":false,"_monsterinsights_sitenote_note":"","_monsterinsights_sitenote_category":0,"_uf_show_specific_survey":0,"_uf_disable_surveys":false,"footnotes":""},"class_list":["post-814","page","type-page","status-publish","has-post-thumbnail","hentry"],"aioseo_notices":[],"_links":{"self":[{"href":"https:\/\/utculiacan.edu.mx\/en\/wp-json\/wp\/v2\/pages\/814","targetHints":{"allow":["GET"]}}],"collection":[{"href":"https:\/\/utculiacan.edu.mx\/en\/wp-json\/wp\/v2\/pages"}],"about":[{"href":"https:\/\/utculiacan.edu.mx\/en\/wp-json\/wp\/v2\/types\/page"}],"author":[{"embeddable":true,"href":"https:\/\/utculiacan.edu.mx\/en\/wp-json\/wp\/v2\/users\/29"}],"replies":[{"embeddable":true,"href":"https:\/\/utculiacan.edu.mx\/en\/wp-json\/wp\/v2\/comments?post=814"}],"version-history":[{"count":14,"href":"https:\/\/utculiacan.edu.mx\/en\/wp-json\/wp\/v2\/pages\/814\/revisions"}],"predecessor-version":[{"id":16961,"href":"https:\/\/utculiacan.edu.mx\/en\/wp-json\/wp\/v2\/pages\/814\/revisions\/16961"}],"wp:featuredmedia":[{"embeddable":true,"href":"https:\/\/utculiacan.edu.mx\/en\/wp-json\/wp\/v2\/media\/11827"}],"wp:attachment":[{"href":"https:\/\/utculiacan.edu.mx\/en\/wp-json\/wp\/v2\/media?parent=814"}],"curies":[{"name":"wp","href":"https:\/\/api.w.org\/{rel}","templated":true}]}}